{"id":1392,"date":"2018-12-19T11:44:46","date_gmt":"2018-12-19T16:44:46","guid":{"rendered":"https:\/\/nitalabelingequipment.com\/1051manuals\/"},"modified":"2025-05-22T12:33:09","modified_gmt":"2025-05-22T16:33:09","slug":"manuals","status":"publish","type":"page","link":"https:\/\/nitalabelingequipment.com\/fr\/manuals\/","title":{"rendered":"Nita User Manuals"},"content":{"rendered":"[vc_row fullwidth=\u00a0\u00bbtrue\u00a0\u00bb][vc_column][mk_padding_divider size=\u00a0\u00bb60&Prime;][\/vc_column][\/vc_row][vc_row][vc_column][vc_column_text css=\u00a0\u00bb.vc_custom_1545238264135{margin-bottom: 0px !important;}\u00a0\u00bb]<img loading=\"lazy\" class=\"size-medium wp-image-410 aligncenter\" src=\"https:\/\/nitalabelingequipment.com\/wp-content\/uploads\/2018\/10\/nitacare-300x170.png\" alt=\"\" width=\"300\" height=\"170\" srcset=\"https:\/\/nitalabelingequipment.com\/wp-content\/uploads\/2018\/10\/nitacare-300x170.png 300w, https:\/\/nitalabelingequipment.com\/wp-content\/uploads\/2018\/10\/nitacare-768x436.png 768w, https:\/\/nitalabelingequipment.com\/wp-content\/uploads\/2018\/10\/nitacare.png 953w\" sizes=\"(max-width: 300px) 100vw, 300px\" \/><\/p>\n<h1 style=\"text-align: center;\"><\/h1>\n[\/vc_column_text][vc_column_text css=\u00a0\u00bb.vc_custom_1747931261720{margin-bottom: 0px !important;}\u00a0\u00bb]\n<h2>Manuels d&rsquo;utilisateur:<\/h2>\n<p>S\u00e9rie XP &#8211; <a style=\"color: #f26522;\" href=\"https:\/\/nitalabelingequipment.com\/wp-content\/uploads\/2025\/05\/nita-5.0-manuel-doperation-serie-xp-v.2.1a-juillet-2023.pdf\" download=\"\">T\u00e9l\u00e9charger<\/a> &#8211; <a style=\"color: #f26522;\" href=\"https:\/\/nitalabelingequipment.com\/wp-content\/uploads\/2025\/05\/nita-5.0-manuel-doperation-serie-xp-v.2.1a-juillet-2023.pdf\" target=\"_blank\" rel=\"noopener\">Consulter<\/a><br \/>\nS\u00e9rie Joust &#8211; <a style=\"color: #f26522;\" href=\"https:\/\/nitalabelingequipment.com\/wp-content\/uploads\/2018\/12\/5910014d-joust-ssk-lance-servo-operator-manual-2015.pdf\" download=\"\">T\u00e9l\u00e9charger<\/a> &#8211; <a style=\"color: #f26522;\" href=\"https:\/\/nitalabelingequipment.com\/wp-content\/uploads\/2018\/12\/5910014d-joust-ssk-lance-servo-operator-manual-2015.pdf\" target=\"_blank\" rel=\"noopener\">Consulter<\/a><br \/>\nS\u00e9rie Autonome &#8211; <a style=\"color: #f26522;\" href=\"https:\/\/nitalabelingequipment.com\/wp-content\/uploads\/2018\/12\/ae-mkii-stand-alone-operator-manual-fv.pdf\" download=\"\">T\u00e9l\u00e9charger<\/a> &#8211; <a style=\"color: #f26522;\" href=\"https:\/\/nitalabelingequipment.com\/wp-content\/uploads\/2018\/12\/ae-mkii-stand-alone-operator-manual-fv.pdf\" target=\"_blank\" rel=\"noopener\">Consulter<\/a><br \/>\nS\u00e9rie STA-616 &#8211; <a style=\"color: #f26522;\" href=\"https:\/\/nitalabelingequipment.com\/wp-content\/uploads\/2018\/12\/sta616-operator-manual-june-2013.pdf\" download=\"\">T\u00e9l\u00e9charger<\/a> &#8211; <a style=\"color: #f26522;\" href=\"https:\/\/nitalabelingequipment.com\/wp-content\/uploads\/2018\/12\/sta616-operator-manual-june-2013.pdf\" target=\"_blank\" rel=\"noopener\">Consulter<\/a><\/p>\n<h2>Maintenances:<\/h2>\n<p>Nettoyage de la t\u00eate d&rsquo;\u00e9tiquetage &#8211; <a style=\"color: #f26522;\" href=\"https:\/\/nitalabelingequipment.com\/wp-content\/uploads\/2018\/12\/5900069-labeling-head-cleaning.pdf\" download=\"\">T\u00e9l\u00e9charger<\/a> &#8211; <a style=\"color: #f26522;\" href=\"https:\/\/nitalabelingequipment.com\/wp-content\/uploads\/2018\/12\/5900069-labeling-head-cleaning.pdf\" target=\"_blank\" rel=\"noopener\">Consulter<\/a>[\/vc_column_text][mk_padding_divider][\/vc_column][\/vc_row]\n","protected":false},"excerpt":{"rendered":"<p>[vc_row fullwidth=\u00a0\u00bbtrue\u00a0\u00bb][vc_column][mk_padding_divider size=\u00a0\u00bb60&Prime;][\/vc_column][\/vc_row][vc_row][vc_column][vc_column_text css=\u00a0\u00bb.vc_custom_1545238264135{margin-bottom: 0px !important;}\u00a0\u00bb] [\/vc_column_text][vc_column_text css=\u00a0\u00bb.vc_custom_1747931261720{margin-bottom: 0px !important;}\u00a0\u00bb] Manuels d&rsquo;utilisateur: S\u00e9rie XP &#8211; T\u00e9l\u00e9charger &#8211; Consulter S\u00e9rie Joust &#8211; T\u00e9l\u00e9charger &#8211; Consulter S\u00e9rie Autonome &#8211; T\u00e9l\u00e9charger &#8211; Consulter S\u00e9rie STA-616 &#8211; T\u00e9l\u00e9charger &#8211; Consulter Maintenances: Nettoyage de la t\u00eate d&rsquo;\u00e9tiquetage &#8211; T\u00e9l\u00e9charger &#8211; Consulter[\/vc_column_text][mk_padding_divider][\/vc_column][\/vc_row]<\/p>\n","protected":false},"author":5,"featured_media":0,"parent":0,"menu_order":0,"comment_status":"closed","ping_status":"closed","template":"","meta":[],"yoast_head":"<!-- This site is optimized with the Yoast SEO plugin v16.7 - https:\/\/yoast.com\/wordpress\/plugins\/seo\/ -->\n<title>NitaCare Technical Support<\/title>\n<meta name=\"description\" content=\"Our NitaCare program ensures that when the (you know what) goes down Nita is there to get you back to production as quickly as possible!\" \/>\n<meta name=\"robots\" content=\"index, follow, max-snippet:-1, max-image-preview:large, max-video-preview:-1\" \/>\n<link rel=\"canonical\" href=\"https:\/\/nitalabelingequipment.com\/fr\/manuals\/\" \/>\n<meta property=\"og:locale\" content=\"fr_FR\" \/>\n<meta property=\"og:type\" content=\"article\" \/>\n<meta property=\"og:title\" content=\"NitaCare Technical Support\" \/>\n<meta property=\"og:description\" content=\"Our NitaCare program ensures that when the (you know what) goes down Nita is there to get you back to production as quickly as possible!\" \/>\n<meta property=\"og:url\" content=\"https:\/\/nitalabelingequipment.com\/fr\/manuals\/\" \/>\n<meta property=\"og:site_name\" content=\"Nita SENTIENT Labeling Systems\" \/>\n<meta property=\"article:publisher\" content=\"https:\/\/www.facebook.com\/NitaLabeling\/\" \/>\n<meta property=\"article:modified_time\" content=\"2025-05-22T16:33:09+00:00\" \/>\n<meta property=\"og:image\" content=\"https:\/\/nitalabelingequipment.com\/wp-content\/uploads\/2018\/10\/nitacare-300x170.png\" \/>\n<meta name=\"twitter:card\" content=\"summary_large_image\" \/>\n<meta name=\"twitter:site\" content=\"@Nita_labeling\" \/>\n<meta name=\"twitter:label1\" content=\"Dur\u00e9e de lecture est.\" \/>\n\t<meta name=\"twitter:data1\" content=\"1 minute\" \/>\n<script type=\"application\/ld+json\" class=\"yoast-schema-graph\">{\"@context\":\"https:\/\/schema.org\",\"@graph\":[{\"@type\":\"Organization\",\"@id\":\"https:\/\/nitalabelingequipment.com\/#organization\",\"name\":\"Nita Sentient Labeling Systems\",\"url\":\"https:\/\/nitalabelingequipment.com\/\",\"sameAs\":[\"https:\/\/www.facebook.com\/NitaLabeling\/\",\"https:\/\/www.linkedin.com\/company\/nita-labeling-equipment\/\",\"https:\/\/www.youtube.com\/user\/nitacn\",\"https:\/\/twitter.com\/Nita_labeling\"],\"logo\":{\"@type\":\"ImageObject\",\"@id\":\"https:\/\/nitalabelingequipment.com\/#logo\",\"inLanguage\":\"fr-FR\",\"url\":\"https:\/\/nitalabelingequipment.com\/wp-content\/uploads\/2018\/07\/logo.jpg\",\"contentUrl\":\"https:\/\/nitalabelingequipment.com\/wp-content\/uploads\/2018\/07\/logo.jpg\",\"width\":236,\"height\":127,\"caption\":\"Nita Sentient Labeling Systems\"},\"image\":{\"@id\":\"https:\/\/nitalabelingequipment.com\/#logo\"}},{\"@type\":\"WebSite\",\"@id\":\"https:\/\/nitalabelingequipment.com\/#website\",\"url\":\"https:\/\/nitalabelingequipment.com\/\",\"name\":\"Nita SENTIENT Labeling Systems\",\"description\":\"Sentient Labeling System, Automatic Labeling Equipment\",\"publisher\":{\"@id\":\"https:\/\/nitalabelingequipment.com\/#organization\"},\"potentialAction\":[{\"@type\":\"SearchAction\",\"target\":{\"@type\":\"EntryPoint\",\"urlTemplate\":\"https:\/\/nitalabelingequipment.com\/?s={search_term_string}\"},\"query-input\":\"required name=search_term_string\"}],\"inLanguage\":\"fr-FR\"},{\"@type\":\"ImageObject\",\"@id\":\"https:\/\/nitalabelingequipment.com\/fr\/manuals\/#primaryimage\",\"inLanguage\":\"fr-FR\",\"url\":\"https:\/\/nitalabelingequipment.com\/wp-content\/uploads\/2018\/10\/nitacare.png\",\"contentUrl\":\"https:\/\/nitalabelingequipment.com\/wp-content\/uploads\/2018\/10\/nitacare.png\",\"width\":953,\"height\":541},{\"@type\":\"WebPage\",\"@id\":\"https:\/\/nitalabelingequipment.com\/fr\/manuals\/#webpage\",\"url\":\"https:\/\/nitalabelingequipment.com\/fr\/manuals\/\",\"name\":\"NitaCare Technical Support\",\"isPartOf\":{\"@id\":\"https:\/\/nitalabelingequipment.com\/#website\"},\"primaryImageOfPage\":{\"@id\":\"https:\/\/nitalabelingequipment.com\/fr\/manuals\/#primaryimage\"},\"datePublished\":\"2018-12-19T16:44:46+00:00\",\"dateModified\":\"2025-05-22T16:33:09+00:00\",\"description\":\"Our NitaCare program ensures that when the (you know what) goes down Nita is there to get you back to production as quickly as possible!\",\"breadcrumb\":{\"@id\":\"https:\/\/nitalabelingequipment.com\/fr\/manuals\/#breadcrumb\"},\"inLanguage\":\"fr-FR\",\"potentialAction\":[{\"@type\":\"ReadAction\",\"target\":[\"https:\/\/nitalabelingequipment.com\/fr\/manuals\/\"]}]},{\"@type\":\"BreadcrumbList\",\"@id\":\"https:\/\/nitalabelingequipment.com\/fr\/manuals\/#breadcrumb\",\"itemListElement\":[{\"@type\":\"ListItem\",\"position\":1,\"name\":\"Home\",\"item\":\"https:\/\/nitalabelingequipment.com\/fr\/\"},{\"@type\":\"ListItem\",\"position\":2,\"name\":\"Nita User Manuals\"}]}]}<\/script>\n<!-- \/ Yoast SEO plugin. -->","yoast_head_json":{"title":"NitaCare Technical Support","description":"Our NitaCare program ensures that when the (you know what) goes down Nita is there to get you back to production as quickly as possible!","robots":{"index":"index","follow":"follow","max-snippet":"max-snippet:-1","max-image-preview":"max-image-preview:large","max-video-preview":"max-video-preview:-1"},"canonical":"https:\/\/nitalabelingequipment.com\/fr\/manuals\/","og_locale":"fr_FR","og_type":"article","og_title":"NitaCare Technical Support","og_description":"Our NitaCare program ensures that when the (you know what) goes down Nita is there to get you back to production as quickly as possible!","og_url":"https:\/\/nitalabelingequipment.com\/fr\/manuals\/","og_site_name":"Nita SENTIENT Labeling Systems","article_publisher":"https:\/\/www.facebook.com\/NitaLabeling\/","article_modified_time":"2025-05-22T16:33:09+00:00","og_image":[{"url":"https:\/\/nitalabelingequipment.com\/wp-content\/uploads\/2018\/10\/nitacare-300x170.png"}],"twitter_card":"summary_large_image","twitter_site":"@Nita_labeling","twitter_misc":{"Dur\u00e9e de lecture est.":"1 minute"},"schema":{"@context":"https:\/\/schema.org","@graph":[{"@type":"Organization","@id":"https:\/\/nitalabelingequipment.com\/#organization","name":"Nita Sentient Labeling Systems","url":"https:\/\/nitalabelingequipment.com\/","sameAs":["https:\/\/www.facebook.com\/NitaLabeling\/","https:\/\/www.linkedin.com\/company\/nita-labeling-equipment\/","https:\/\/www.youtube.com\/user\/nitacn","https:\/\/twitter.com\/Nita_labeling"],"logo":{"@type":"ImageObject","@id":"https:\/\/nitalabelingequipment.com\/#logo","inLanguage":"fr-FR","url":"https:\/\/nitalabelingequipment.com\/wp-content\/uploads\/2018\/07\/logo.jpg","contentUrl":"https:\/\/nitalabelingequipment.com\/wp-content\/uploads\/2018\/07\/logo.jpg","width":236,"height":127,"caption":"Nita Sentient Labeling Systems"},"image":{"@id":"https:\/\/nitalabelingequipment.com\/#logo"}},{"@type":"WebSite","@id":"https:\/\/nitalabelingequipment.com\/#website","url":"https:\/\/nitalabelingequipment.com\/","name":"Nita SENTIENT Labeling Systems","description":"Sentient Labeling System, Automatic Labeling Equipment","publisher":{"@id":"https:\/\/nitalabelingequipment.com\/#organization"},"potentialAction":[{"@type":"SearchAction","target":{"@type":"EntryPoint","urlTemplate":"https:\/\/nitalabelingequipment.com\/?s={search_term_string}"},"query-input":"required name=search_term_string"}],"inLanguage":"fr-FR"},{"@type":"ImageObject","@id":"https:\/\/nitalabelingequipment.com\/fr\/manuals\/#primaryimage","inLanguage":"fr-FR","url":"https:\/\/nitalabelingequipment.com\/wp-content\/uploads\/2018\/10\/nitacare.png","contentUrl":"https:\/\/nitalabelingequipment.com\/wp-content\/uploads\/2018\/10\/nitacare.png","width":953,"height":541},{"@type":"WebPage","@id":"https:\/\/nitalabelingequipment.com\/fr\/manuals\/#webpage","url":"https:\/\/nitalabelingequipment.com\/fr\/manuals\/","name":"NitaCare Technical Support","isPartOf":{"@id":"https:\/\/nitalabelingequipment.com\/#website"},"primaryImageOfPage":{"@id":"https:\/\/nitalabelingequipment.com\/fr\/manuals\/#primaryimage"},"datePublished":"2018-12-19T16:44:46+00:00","dateModified":"2025-05-22T16:33:09+00:00","description":"Our NitaCare program ensures that when the (you know what) goes down Nita is there to get you back to production as quickly as possible!","breadcrumb":{"@id":"https:\/\/nitalabelingequipment.com\/fr\/manuals\/#breadcrumb"},"inLanguage":"fr-FR","potentialAction":[{"@type":"ReadAction","target":["https:\/\/nitalabelingequipment.com\/fr\/manuals\/"]}]},{"@type":"BreadcrumbList","@id":"https:\/\/nitalabelingequipment.com\/fr\/manuals\/#breadcrumb","itemListElement":[{"@type":"ListItem","position":1,"name":"Home","item":"https:\/\/nitalabelingequipment.com\/fr\/"},{"@type":"ListItem","position":2,"name":"Nita User Manuals"}]}]}},"_links":{"self":[{"href":"https:\/\/nitalabelingequipment.com\/fr\/wp-json\/wp\/v2\/pages\/1392"}],"collection":[{"href":"https:\/\/nitalabelingequipment.com\/fr\/wp-json\/wp\/v2\/pages"}],"about":[{"href":"https:\/\/nitalabelingequipment.com\/fr\/wp-json\/wp\/v2\/types\/page"}],"author":[{"embeddable":true,"href":"https:\/\/nitalabelingequipment.com\/fr\/wp-json\/wp\/v2\/users\/5"}],"replies":[{"embeddable":true,"href":"https:\/\/nitalabelingequipment.com\/fr\/wp-json\/wp\/v2\/comments?post=1392"}],"version-history":[{"count":5,"href":"https:\/\/nitalabelingequipment.com\/fr\/wp-json\/wp\/v2\/pages\/1392\/revisions"}],"predecessor-version":[{"id":2893,"href":"https:\/\/nitalabelingequipment.com\/fr\/wp-json\/wp\/v2\/pages\/1392\/revisions\/2893"}],"wp:attachment":[{"href":"https:\/\/nitalabelingequipment.com\/fr\/wp-json\/wp\/v2\/media?parent=1392"}],"curies":[{"name":"wp","href":"https:\/\/api.w.org\/{rel}","templated":true}]}}