{"id":1396,"date":"2018-10-30T13:19:33","date_gmt":"2018-10-30T17:19:33","guid":{"rendered":"https:\/\/nitalabelingequipment.com\/wizard\/"},"modified":"2021-02-19T17:46:47","modified_gmt":"2021-02-19T22:46:47","slug":"assistant","status":"publish","type":"page","link":"https:\/\/nitalabelingequipment.com\/fr\/assistant\/","title":{"rendered":"Assistant"},"content":{"rendered":"[vc_row fullwidth=\u00a0\u00bbtrue\u00a0\u00bb][vc_column][mk_padding_divider size=\u00a0\u00bb60&Prime;][\/vc_column][\/vc_row][vc_row][vc_column][vc_column_text css=\u00a0\u00bb.vc_custom_1589567068667{margin-bottom: 0px !important;}\u00a0\u00bb]\n<h1 style=\"text-align: center;\">Assistant Nita, \u00e9tape 1:<br \/>\nDe quel type de solution avez-vous besoin?<\/h1>\n[\/vc_column_text][mk_padding_divider][\/vc_column][\/vc_row][vc_row][vc_column width=\u00a0\u00bb1\/2&Prime;][vc_single_image image=\u00a0\u00bb760&Prime; img_size=\u00a0\u00bbfull\u00a0\u00bb onclick=\u00a0\u00bbcustom_link\u00a0\u00bb css=\u00a0\u00bb.vc_custom_1540930329125{margin-bottom: 0px !important;padding-bottom: 0px !important;}\u00a0\u00bb link=\u00a0\u00bbhttps:\/\/nitalabelingequipment.com\/wizard\/bottles\u00a0\u00bb el_class=\u00a0\u00bbwizard-thumbnail\u00a0\u00bb][vc_column_text css=\u00a0\u00bb.vc_custom_1589567226277{margin-bottom: 0px !important;}\u00a0\u00bb]\n<h3 style=\"text-align: center;\">BOUTEILLES, POTS, CANNETTES, BO\u00ceTES<\/h3>\n<p style=\"text-align: center;\">Bouteilles, pots, cruches, seaux, canettes, bo\u00eetes, flacons &#8211;<br \/>\nla majorit\u00e9 des contenants verticaux.<\/p>\n<p style=\"text-align: center;\"><a class=\"orangebutton\" href=\"https:\/\/nitalabelingequipment.com\/fr\/assistant\/bouteilles\/\" rel=\"noopener\">Suivant \u00bb<\/a><\/p>\n[\/vc_column_text][\/vc_column][vc_column width=\u00a0\u00bb1\/2&Prime;][vc_single_image image=\u00a0\u00bb761&Prime; img_size=\u00a0\u00bbfull\u00a0\u00bb onclick=\u00a0\u00bbcustom_link\u00a0\u00bb css=\u00a0\u00bb.vc_custom_1540930348784{margin-bottom: 0px !important;padding-bottom: 0px !important;}\u00a0\u00bb link=\u00a0\u00bbhttps:\/\/nitalabelingequipment.com\/wizard\/clamshells\u00a0\u00bb el_class=\u00a0\u00bbwizard-thumbnail\u00a0\u00bb][vc_column_text css=\u00a0\u00bb.vc_custom_1589567274694{margin-bottom: 0px !important;}\u00a0\u00bb]\n<h3 style=\"text-align: center;\">BARQUETTES, SACS, OBJETS PLATS<\/h3>\n<p style=\"text-align: center;\">Barquettes pour aliments, emballages plats, sacs &#8211;<br \/>\nla majorit\u00e9 des r\u00e9cipients de forme trapue ou plate.<\/p>\n<p style=\"text-align: center;\"><a class=\"orangebutton\" href=\"https:\/\/nitalabelingequipment.com\/fr\/assistant\/barquettes\/\" rel=\"noopener\">Suivant \u00bb<\/a><\/p>\n[\/vc_column_text][\/vc_column][\/vc_row][vc_row][vc_column width=\u00a0\u00bb1\/2&Prime;][vc_single_image image=\u00a0\u00bb762&Prime; img_size=\u00a0\u00bbfull\u00a0\u00bb onclick=\u00a0\u00bbcustom_link\u00a0\u00bb css=\u00a0\u00bb.vc_custom_1540930367790{margin-bottom: 0px !important;padding-bottom: 0px !important;}\u00a0\u00bb link=\u00a0\u00bbhttps:\/\/nitalabelingequipment.com\/machines\/standalone\/print-and-apply-stand-alone-labeler-sta-616\/\u00a0\u00bb el_class=\u00a0\u00bbwizard-thumbnail\u00a0\u00bb][vc_column_text css=\u00a0\u00bb.vc_custom_1589912290623{margin-bottom: 0px !important;}\u00a0\u00bb]\n<h3 style=\"text-align: center;\">IMPRIMER ET \u00c9TIQUETER<\/h3>\n<p style=\"text-align: center;\">Machines pour impression et \u00e9tiquetage.<\/p>\n<p style=\"text-align: center;\"><a class=\"orangebutton\" href=\"https:\/\/nitalabelingequipment.com\/fr\/machines\/serie-autonome\/sta-616-pour-impression-et-etiquetage\/\" rel=\"noopener\">Suivant \u00bb<\/a><\/p>\n[\/vc_column_text][\/vc_column][vc_column width=\u00a0\u00bb1\/2&Prime;][vc_single_image image=\u00a0\u00bb763&Prime; img_size=\u00a0\u00bbfull\u00a0\u00bb onclick=\u00a0\u00bbcustom_link\u00a0\u00bb css=\u00a0\u00bb.vc_custom_1540930388711{margin-bottom: 0px !important;padding-bottom: 0px !important;}\u00a0\u00bb link=\u00a0\u00bbhttps:\/\/nitalabelingequipment.com\/wizard\/orientation\u00a0\u00bb el_class=\u00a0\u00bbwizard-thumbnail\u00a0\u00bb][vc_column_text css=\u00a0\u00bb.vc_custom_1589567340754{margin-bottom: 0px !important;}\u00a0\u00bb]\n<h3 style=\"text-align: center;\">ORIENTATION ET VISION<\/h3>\n<p style=\"text-align: center;\">Syst\u00e8mes autonomes d&rsquo;orientation pour le bon positionnement des \u00e9tiquettes sur les contenants.<\/p>\n<p style=\"text-align: center;\"><a class=\"orangebutton\" href=\"https:\/\/nitalabelingequipment.com\/fr\/assistant\/orientation\/\" rel=\"noopener\">Suivant \u00bb<\/a><\/p>\n[\/vc_column_text][\/vc_column][\/vc_row][vc_row][vc_column][mk_padding_divider][\/vc_column][\/vc_row]\n","protected":false},"excerpt":{"rendered":"<p>[vc_row fullwidth=\u00a0\u00bbtrue\u00a0\u00bb][vc_column][mk_padding_divider size=\u00a0\u00bb60&Prime;][\/vc_column][\/vc_row][vc_row][vc_column][vc_column_text css=\u00a0\u00bb.vc_custom_1589567068667{margin-bottom: 0px !important;}\u00a0\u00bb] Assistant Nita, \u00e9tape 1: De quel type de solution avez-vous besoin? [\/vc_column_text][mk_padding_divider][\/vc_column][\/vc_row][vc_row][vc_column width=\u00a0\u00bb1\/2&Prime;][vc_single_image image=\u00a0\u00bb760&Prime; img_size=\u00a0\u00bbfull\u00a0\u00bb onclick=\u00a0\u00bbcustom_link\u00a0\u00bb css=\u00a0\u00bb.vc_custom_1540930329125{margin-bottom: 0px !important;padding-bottom: 0px !important;}\u00a0\u00bb link=\u00a0\u00bbhttps:\/\/nitalabelingequipment.com\/wizard\/bottles\u00a0\u00bb el_class=\u00a0\u00bbwizard-thumbnail\u00a0\u00bb][vc_column_text css=\u00a0\u00bb.vc_custom_1589567226277{margin-bottom: 0px !important;}\u00a0\u00bb] BOUTEILLES, POTS, CANNETTES, BO\u00ceTES Bouteilles, pots, cruches, seaux, canettes, bo\u00eetes, flacons &#8211; la majorit\u00e9 des contenants verticaux. Suivant \u00bb [\/vc_column_text][\/vc_column][vc_column width=\u00a0\u00bb1\/2&Prime;][vc_single_image image=\u00a0\u00bb761&Prime; img_size=\u00a0\u00bbfull\u00a0\u00bb [&hellip;]<\/p>\n","protected":false},"author":5,"featured_media":0,"parent":0,"menu_order":0,"comment_status":"closed","ping_status":"closed","template":"","meta":[],"yoast_head":"<!-- This site is optimized with the Yoast SEO plugin v16.7 - https:\/\/yoast.com\/wordpress\/plugins\/seo\/ -->\n<title>Assistant Nita<\/title>\n<meta name=\"description\" content=\"What type of solution needed?\" \/>\n<meta name=\"robots\" content=\"index, follow, max-snippet:-1, max-image-preview:large, max-video-preview:-1\" \/>\n<link rel=\"canonical\" href=\"https:\/\/nitalabelingequipment.com\/fr\/assistant\/\" \/>\n<meta property=\"og:locale\" content=\"fr_FR\" \/>\n<meta property=\"og:type\" content=\"article\" \/>\n<meta property=\"og:title\" content=\"Assistant Nita\" \/>\n<meta property=\"og:description\" content=\"What type of solution needed?\" \/>\n<meta property=\"og:url\" content=\"https:\/\/nitalabelingequipment.com\/fr\/assistant\/\" \/>\n<meta property=\"og:site_name\" content=\"Nita SENTIENT Labeling Systems\" \/>\n<meta property=\"article:publisher\" content=\"https:\/\/www.facebook.com\/NitaLabeling\/\" \/>\n<meta property=\"article:modified_time\" content=\"2021-02-19T22:46:47+00:00\" \/>\n<meta property=\"og:image\" content=\"https:\/\/nitalabelingequipment.com\/wp-content\/uploads\/2018\/10\/nita-screenshot.jpg\" \/>\n\t<meta property=\"og:image:width\" content=\"1615\" \/>\n\t<meta property=\"og:image:height\" content=\"1615\" \/>\n<meta name=\"twitter:card\" content=\"summary_large_image\" \/>\n<meta name=\"twitter:site\" content=\"@Nita_labeling\" \/>\n<meta name=\"twitter:label1\" content=\"Dur\u00e9e de lecture est.\" \/>\n\t<meta name=\"twitter:data1\" content=\"2 minutes\" \/>\n<script type=\"application\/ld+json\" class=\"yoast-schema-graph\">{\"@context\":\"https:\/\/schema.org\",\"@graph\":[{\"@type\":\"Organization\",\"@id\":\"https:\/\/nitalabelingequipment.com\/#organization\",\"name\":\"Nita Sentient Labeling Systems\",\"url\":\"https:\/\/nitalabelingequipment.com\/\",\"sameAs\":[\"https:\/\/www.facebook.com\/NitaLabeling\/\",\"https:\/\/www.linkedin.com\/company\/nita-labeling-equipment\/\",\"https:\/\/www.youtube.com\/user\/nitacn\",\"https:\/\/twitter.com\/Nita_labeling\"],\"logo\":{\"@type\":\"ImageObject\",\"@id\":\"https:\/\/nitalabelingequipment.com\/#logo\",\"inLanguage\":\"fr-FR\",\"url\":\"https:\/\/nitalabelingequipment.com\/wp-content\/uploads\/2018\/07\/logo.jpg\",\"contentUrl\":\"https:\/\/nitalabelingequipment.com\/wp-content\/uploads\/2018\/07\/logo.jpg\",\"width\":236,\"height\":127,\"caption\":\"Nita Sentient Labeling Systems\"},\"image\":{\"@id\":\"https:\/\/nitalabelingequipment.com\/#logo\"}},{\"@type\":\"WebSite\",\"@id\":\"https:\/\/nitalabelingequipment.com\/#website\",\"url\":\"https:\/\/nitalabelingequipment.com\/\",\"name\":\"Nita SENTIENT Labeling Systems\",\"description\":\"Sentient Labeling System, Automatic Labeling Equipment\",\"publisher\":{\"@id\":\"https:\/\/nitalabelingequipment.com\/#organization\"},\"potentialAction\":[{\"@type\":\"SearchAction\",\"target\":{\"@type\":\"EntryPoint\",\"urlTemplate\":\"https:\/\/nitalabelingequipment.com\/?s={search_term_string}\"},\"query-input\":\"required name=search_term_string\"}],\"inLanguage\":\"fr-FR\"},{\"@type\":\"WebPage\",\"@id\":\"https:\/\/nitalabelingequipment.com\/fr\/assistant\/#webpage\",\"url\":\"https:\/\/nitalabelingequipment.com\/fr\/assistant\/\",\"name\":\"Assistant Nita\",\"isPartOf\":{\"@id\":\"https:\/\/nitalabelingequipment.com\/#website\"},\"datePublished\":\"2018-10-30T17:19:33+00:00\",\"dateModified\":\"2021-02-19T22:46:47+00:00\",\"description\":\"What type of solution needed?\",\"breadcrumb\":{\"@id\":\"https:\/\/nitalabelingequipment.com\/fr\/assistant\/#breadcrumb\"},\"inLanguage\":\"fr-FR\",\"potentialAction\":[{\"@type\":\"ReadAction\",\"target\":[\"https:\/\/nitalabelingequipment.com\/fr\/assistant\/\"]}]},{\"@type\":\"BreadcrumbList\",\"@id\":\"https:\/\/nitalabelingequipment.com\/fr\/assistant\/#breadcrumb\",\"itemListElement\":[{\"@type\":\"ListItem\",\"position\":1,\"name\":\"Home\",\"item\":\"https:\/\/nitalabelingequipment.com\/fr\/\"},{\"@type\":\"ListItem\",\"position\":2,\"name\":\"Assistant\"}]}]}<\/script>\n<!-- \/ Yoast SEO plugin. -->","yoast_head_json":{"title":"Assistant Nita","description":"What type of solution needed?","robots":{"index":"index","follow":"follow","max-snippet":"max-snippet:-1","max-image-preview":"max-image-preview:large","max-video-preview":"max-video-preview:-1"},"canonical":"https:\/\/nitalabelingequipment.com\/fr\/assistant\/","og_locale":"fr_FR","og_type":"article","og_title":"Assistant Nita","og_description":"What type of solution needed?","og_url":"https:\/\/nitalabelingequipment.com\/fr\/assistant\/","og_site_name":"Nita SENTIENT Labeling Systems","article_publisher":"https:\/\/www.facebook.com\/NitaLabeling\/","article_modified_time":"2021-02-19T22:46:47+00:00","og_image":[{"width":1615,"height":1615,"url":"https:\/\/nitalabelingequipment.com\/wp-content\/uploads\/2018\/10\/nita-screenshot.jpg","path":"\/home\/nitalabe\/public_html\/wp-content\/uploads\/2018\/10\/nita-screenshot.jpg","size":"full","id":653,"alt":"","pixels":2608225,"type":"image\/jpeg"}],"twitter_card":"summary_large_image","twitter_site":"@Nita_labeling","twitter_misc":{"Dur\u00e9e de lecture est.":"2 minutes"},"schema":{"@context":"https:\/\/schema.org","@graph":[{"@type":"Organization","@id":"https:\/\/nitalabelingequipment.com\/#organization","name":"Nita Sentient Labeling Systems","url":"https:\/\/nitalabelingequipment.com\/","sameAs":["https:\/\/www.facebook.com\/NitaLabeling\/","https:\/\/www.linkedin.com\/company\/nita-labeling-equipment\/","https:\/\/www.youtube.com\/user\/nitacn","https:\/\/twitter.com\/Nita_labeling"],"logo":{"@type":"ImageObject","@id":"https:\/\/nitalabelingequipment.com\/#logo","inLanguage":"fr-FR","url":"https:\/\/nitalabelingequipment.com\/wp-content\/uploads\/2018\/07\/logo.jpg","contentUrl":"https:\/\/nitalabelingequipment.com\/wp-content\/uploads\/2018\/07\/logo.jpg","width":236,"height":127,"caption":"Nita Sentient Labeling Systems"},"image":{"@id":"https:\/\/nitalabelingequipment.com\/#logo"}},{"@type":"WebSite","@id":"https:\/\/nitalabelingequipment.com\/#website","url":"https:\/\/nitalabelingequipment.com\/","name":"Nita SENTIENT Labeling Systems","description":"Sentient Labeling System, Automatic Labeling Equipment","publisher":{"@id":"https:\/\/nitalabelingequipment.com\/#organization"},"potentialAction":[{"@type":"SearchAction","target":{"@type":"EntryPoint","urlTemplate":"https:\/\/nitalabelingequipment.com\/?s={search_term_string}"},"query-input":"required name=search_term_string"}],"inLanguage":"fr-FR"},{"@type":"WebPage","@id":"https:\/\/nitalabelingequipment.com\/fr\/assistant\/#webpage","url":"https:\/\/nitalabelingequipment.com\/fr\/assistant\/","name":"Assistant Nita","isPartOf":{"@id":"https:\/\/nitalabelingequipment.com\/#website"},"datePublished":"2018-10-30T17:19:33+00:00","dateModified":"2021-02-19T22:46:47+00:00","description":"What type of solution needed?","breadcrumb":{"@id":"https:\/\/nitalabelingequipment.com\/fr\/assistant\/#breadcrumb"},"inLanguage":"fr-FR","potentialAction":[{"@type":"ReadAction","target":["https:\/\/nitalabelingequipment.com\/fr\/assistant\/"]}]},{"@type":"BreadcrumbList","@id":"https:\/\/nitalabelingequipment.com\/fr\/assistant\/#breadcrumb","itemListElement":[{"@type":"ListItem","position":1,"name":"Home","item":"https:\/\/nitalabelingequipment.com\/fr\/"},{"@type":"ListItem","position":2,"name":"Assistant"}]}]}},"_links":{"self":[{"href":"https:\/\/nitalabelingequipment.com\/fr\/wp-json\/wp\/v2\/pages\/1396"}],"collection":[{"href":"https:\/\/nitalabelingequipment.com\/fr\/wp-json\/wp\/v2\/pages"}],"about":[{"href":"https:\/\/nitalabelingequipment.com\/fr\/wp-json\/wp\/v2\/types\/page"}],"author":[{"embeddable":true,"href":"https:\/\/nitalabelingequipment.com\/fr\/wp-json\/wp\/v2\/users\/5"}],"replies":[{"embeddable":true,"href":"https:\/\/nitalabelingequipment.com\/fr\/wp-json\/wp\/v2\/comments?post=1396"}],"version-history":[{"count":6,"href":"https:\/\/nitalabelingequipment.com\/fr\/wp-json\/wp\/v2\/pages\/1396\/revisions"}],"predecessor-version":[{"id":2040,"href":"https:\/\/nitalabelingequipment.com\/fr\/wp-json\/wp\/v2\/pages\/1396\/revisions\/2040"}],"wp:attachment":[{"href":"https:\/\/nitalabelingequipment.com\/fr\/wp-json\/wp\/v2\/media?parent=1396"}],"curies":[{"name":"wp","href":"https:\/\/api.w.org\/{rel}","templated":true}]}}