{"id":1397,"date":"2018-10-08T09:44:06","date_gmt":"2018-10-08T13:44:06","guid":{"rendered":"https:\/\/nitalabelingequipment.com\/zero-down-time\/"},"modified":"2021-02-19T17:30:36","modified_gmt":"2021-02-19T22:30:36","slug":"sans-temps-darret","status":"publish","type":"page","link":"https:\/\/nitalabelingequipment.com\/fr\/aboutnitalabelingmachines\/sans-temps-darret\/","title":{"rendered":"Sans temps d&rsquo;arr\u00eat"},"content":{"rendered":"[vc_row fullwidth=\u00a0\u00bbtrue\u00a0\u00bb][vc_column][mk_padding_divider size=\u00a0\u00bb60&Prime;][\/vc_column][\/vc_row][vc_row][vc_column width=\u00a0\u00bb1\/2&Prime;][mk_padding_divider][vc_column_text css=\u00a0\u00bb.vc_custom_1586538191097{margin-bottom: 0px !important;}\u00a0\u00bb]\n<h1><span style=\"color: #f26522;\">SANS TEMPS D&rsquo;ARR\u00caT<\/span> SIGNIFIE:<\/h1>\n<h2><strong>Syst\u00e8me d&rsquo;\u00e9tiquetage en continu g\u00e9r\u00e9 par logiciel.<\/strong><\/h2>\n<p>T\u00eates d\u2019\u00e9tiquetage r\u00e9tractables <span style=\"color: #f26522;\"><strong>redondantes<\/strong><\/span>.<br \/>\nBasculement automatique des bobines d\u2019\u00e9tiquettes vides.<\/p>\n<p>Ne. Plus. Arr\u00eater!<br \/>\nProduire. <span style=\"color: #f26522;\"><strong>Produire<\/strong><\/span>. Sans. Fin![\/vc_column_text][\/vc_column][vc_column width=\u00a0\u00bb1\/2&Prime;][vc_video link=\u00a0\u00bbhttps:\/\/www.youtube.com\/watch?v=KYUrY-mYu_c\u00a0\u00bb custom_thumbnail=\u00a0\u00bbtrue\u00a0\u00bb thumbnail_image=\u00a0\u00bb423&Prime;][vc_column_text css=\u00a0\u00bb.vc_custom_1586538212899{margin-bottom: 0px !important;padding-top: 20px !important;}\u00a0\u00bb]\u00c9tiquetage avant, arri\u00e8re et multi-panneaux de<br \/>\ncontenants d&rsquo;huile, en mode sans temps d&rsquo;arr\u00eat[\/vc_column_text][\/vc_column][\/vc_row][vc_row][vc_column][vc_column_text css=\u00a0\u00bb.vc_custom_1586538254440{margin-bottom: 0px !important;}\u00a0\u00bb]\n<p style=\"text-align: center;\"><img loading=\"lazy\" class=\"size-full wp-image-512 alignnone\" src=\"https:\/\/nitalabelingequipment.com\/wp-content\/uploads\/2018\/10\/zero-down-time.jpg\" alt=\"\" width=\"1290\" height=\"573\" srcset=\"https:\/\/nitalabelingequipment.com\/wp-content\/uploads\/2018\/10\/zero-down-time.jpg 1290w, https:\/\/nitalabelingequipment.com\/wp-content\/uploads\/2018\/10\/zero-down-time-300x133.jpg 300w, https:\/\/nitalabelingequipment.com\/wp-content\/uploads\/2018\/10\/zero-down-time-768x341.jpg 768w, https:\/\/nitalabelingequipment.com\/wp-content\/uploads\/2018\/10\/zero-down-time-1024x455.jpg 1024w\" sizes=\"(max-width: 1290px) 100vw, 1290px\" \/><br \/>\nAppelez-nous d\u00e8s aujourd\u2019hui pour en savoir plus \u00e0 ce sujet ou sur toute autre fonctionnalit\u00e9 r\u00e9volutionnaire du syst\u00e8me d&rsquo;\u00e9tiquetage intelligent Nita.<br \/>\n<strong>1-855-668-NITA (6482)<\/strong> ou, si vous pr\u00e9f\u00e9rez, par courriel \u00e0 <a href=\"mailto:sales@nita.ca\">sales@nita.ca<\/a>.<\/p>\n[\/vc_column_text][vc_column_text css=\u00a0\u00bb.vc_custom_1586538462981{margin-bottom: 0px !important;}\u00a0\u00bb]\n<p style=\"text-align: center;\">Pour regarder plus de vid\u00e9os sur le mode sans temps d\u2019arr\u00eat, <a href=\"https:\/\/nitalabelingequipment.com\/fr\/nita-in-action\/zero-down-time-videos\/\">cliquez ici<\/a>.<\/p>\n[\/vc_column_text][\/vc_column][\/vc_row][vc_row][vc_column][mk_padding_divider][\/vc_column][\/vc_row]\n","protected":false},"excerpt":{"rendered":"<p>[vc_row fullwidth=\u00a0\u00bbtrue\u00a0\u00bb][vc_column][mk_padding_divider size=\u00a0\u00bb60&Prime;][\/vc_column][\/vc_row][vc_row][vc_column width=\u00a0\u00bb1\/2&Prime;][mk_padding_divider][vc_column_text css=\u00a0\u00bb.vc_custom_1586538191097{margin-bottom: 0px !important;}\u00a0\u00bb] SANS TEMPS D&rsquo;ARR\u00caT SIGNIFIE: Syst\u00e8me d&rsquo;\u00e9tiquetage en continu g\u00e9r\u00e9 par logiciel. T\u00eates d\u2019\u00e9tiquetage r\u00e9tractables redondantes. Basculement automatique des bobines d\u2019\u00e9tiquettes vides. Ne. Plus. Arr\u00eater! Produire. Produire. Sans. Fin![\/vc_column_text][\/vc_column][vc_column width=\u00a0\u00bb1\/2&Prime;][vc_video link=\u00a0\u00bbhttps:\/\/www.youtube.com\/watch?v=KYUrY-mYu_c\u00a0\u00bb custom_thumbnail=\u00a0\u00bbtrue\u00a0\u00bb thumbnail_image=\u00a0\u00bb423&Prime;][vc_column_text css=\u00a0\u00bb.vc_custom_1586538212899{margin-bottom: 0px !important;padding-top: 20px !important;}\u00a0\u00bb]\u00c9tiquetage avant, arri\u00e8re et multi-panneaux de contenants d&rsquo;huile, en mode sans temps [&hellip;]<\/p>\n","protected":false},"author":5,"featured_media":0,"parent":1476,"menu_order":0,"comment_status":"closed","ping_status":"closed","template":"","meta":[],"yoast_head":"<!-- This site is optimized with the Yoast SEO plugin v16.7 - https:\/\/yoast.com\/wordpress\/plugins\/seo\/ -->\n<title>Nita Labeling Machines: Zero Downtime Non-Stop Labeling System<\/title>\n<meta name=\"description\" content=\"ZERO DOWN TIME LABELING MACHINES AND SYSTEMS: Software Managed Non-Stop Labeling System. Redundant Retractable Labeling Heads.\" \/>\n<meta name=\"robots\" content=\"index, follow, max-snippet:-1, max-image-preview:large, max-video-preview:-1\" \/>\n<link rel=\"canonical\" href=\"https:\/\/nitalabelingequipment.com\/fr\/aboutnitalabelingmachines\/sans-temps-darret\/\" \/>\n<meta property=\"og:locale\" content=\"fr_FR\" \/>\n<meta property=\"og:type\" content=\"article\" \/>\n<meta property=\"og:title\" content=\"Nita Labeling Machines: Zero Downtime Non-Stop Labeling System\" \/>\n<meta property=\"og:description\" content=\"ZERO DOWN TIME LABELING MACHINES AND SYSTEMS: Software Managed Non-Stop Labeling System. Redundant Retractable Labeling Heads.\" \/>\n<meta property=\"og:url\" content=\"https:\/\/nitalabelingequipment.com\/fr\/aboutnitalabelingmachines\/sans-temps-darret\/\" \/>\n<meta property=\"og:site_name\" content=\"Nita SENTIENT Labeling Systems\" \/>\n<meta property=\"article:publisher\" content=\"https:\/\/www.facebook.com\/NitaLabeling\/\" \/>\n<meta property=\"article:modified_time\" content=\"2021-02-19T22:30:36+00:00\" \/>\n<meta property=\"og:image\" content=\"https:\/\/nitalabelingequipment.com\/wp-content\/uploads\/2018\/10\/zero-down-time.jpg\" \/>\n<meta name=\"twitter:card\" content=\"summary_large_image\" \/>\n<meta name=\"twitter:site\" content=\"@Nita_labeling\" \/>\n<meta name=\"twitter:label1\" content=\"Dur\u00e9e de lecture est.\" \/>\n\t<meta name=\"twitter:data1\" content=\"1 minute\" \/>\n<script type=\"application\/ld+json\" class=\"yoast-schema-graph\">{\"@context\":\"https:\/\/schema.org\",\"@graph\":[{\"@type\":\"Organization\",\"@id\":\"https:\/\/nitalabelingequipment.com\/#organization\",\"name\":\"Nita Sentient Labeling Systems\",\"url\":\"https:\/\/nitalabelingequipment.com\/\",\"sameAs\":[\"https:\/\/www.facebook.com\/NitaLabeling\/\",\"https:\/\/www.linkedin.com\/company\/nita-labeling-equipment\/\",\"https:\/\/www.youtube.com\/user\/nitacn\",\"https:\/\/twitter.com\/Nita_labeling\"],\"logo\":{\"@type\":\"ImageObject\",\"@id\":\"https:\/\/nitalabelingequipment.com\/#logo\",\"inLanguage\":\"fr-FR\",\"url\":\"https:\/\/nitalabelingequipment.com\/wp-content\/uploads\/2018\/07\/logo.jpg\",\"contentUrl\":\"https:\/\/nitalabelingequipment.com\/wp-content\/uploads\/2018\/07\/logo.jpg\",\"width\":236,\"height\":127,\"caption\":\"Nita Sentient Labeling Systems\"},\"image\":{\"@id\":\"https:\/\/nitalabelingequipment.com\/#logo\"}},{\"@type\":\"WebSite\",\"@id\":\"https:\/\/nitalabelingequipment.com\/#website\",\"url\":\"https:\/\/nitalabelingequipment.com\/\",\"name\":\"Nita SENTIENT Labeling Systems\",\"description\":\"Sentient Labeling System, Automatic Labeling Equipment\",\"publisher\":{\"@id\":\"https:\/\/nitalabelingequipment.com\/#organization\"},\"potentialAction\":[{\"@type\":\"SearchAction\",\"target\":{\"@type\":\"EntryPoint\",\"urlTemplate\":\"https:\/\/nitalabelingequipment.com\/?s={search_term_string}\"},\"query-input\":\"required name=search_term_string\"}],\"inLanguage\":\"fr-FR\"},{\"@type\":\"ImageObject\",\"@id\":\"https:\/\/nitalabelingequipment.com\/fr\/aboutnitalabelingmachines\/sans-temps-darret\/#primaryimage\",\"inLanguage\":\"fr-FR\",\"url\":\"https:\/\/nitalabelingequipment.com\/wp-content\/uploads\/2018\/10\/zero-down-time.jpg\",\"contentUrl\":\"https:\/\/nitalabelingequipment.com\/wp-content\/uploads\/2018\/10\/zero-down-time.jpg\",\"width\":1290,\"height\":573},{\"@type\":\"WebPage\",\"@id\":\"https:\/\/nitalabelingequipment.com\/fr\/aboutnitalabelingmachines\/sans-temps-darret\/#webpage\",\"url\":\"https:\/\/nitalabelingequipment.com\/fr\/aboutnitalabelingmachines\/sans-temps-darret\/\",\"name\":\"Nita Labeling Machines: Zero Downtime Non-Stop Labeling System\",\"isPartOf\":{\"@id\":\"https:\/\/nitalabelingequipment.com\/#website\"},\"primaryImageOfPage\":{\"@id\":\"https:\/\/nitalabelingequipment.com\/fr\/aboutnitalabelingmachines\/sans-temps-darret\/#primaryimage\"},\"datePublished\":\"2018-10-08T13:44:06+00:00\",\"dateModified\":\"2021-02-19T22:30:36+00:00\",\"description\":\"ZERO DOWN TIME LABELING MACHINES AND SYSTEMS: Software Managed Non-Stop Labeling System. Redundant Retractable Labeling Heads.\",\"breadcrumb\":{\"@id\":\"https:\/\/nitalabelingequipment.com\/fr\/aboutnitalabelingmachines\/sans-temps-darret\/#breadcrumb\"},\"inLanguage\":\"fr-FR\",\"potentialAction\":[{\"@type\":\"ReadAction\",\"target\":[\"https:\/\/nitalabelingequipment.com\/fr\/aboutnitalabelingmachines\/sans-temps-darret\/\"]}]},{\"@type\":\"BreadcrumbList\",\"@id\":\"https:\/\/nitalabelingequipment.com\/fr\/aboutnitalabelingmachines\/sans-temps-darret\/#breadcrumb\",\"itemListElement\":[{\"@type\":\"ListItem\",\"position\":1,\"name\":\"Home\",\"item\":\"https:\/\/nitalabelingequipment.com\/fr\/\"},{\"@type\":\"ListItem\",\"position\":2,\"name\":\"About\",\"item\":\"https:\/\/nitalabelingequipment.com\/fr\/aboutnitalabelingmachines\/\"},{\"@type\":\"ListItem\",\"position\":3,\"name\":\"Sans temps d&#8217;arr\\u00eat\"}]}]}<\/script>\n<!-- \/ Yoast SEO plugin. -->","yoast_head_json":{"title":"Nita Labeling Machines: Zero Downtime Non-Stop Labeling System","description":"ZERO DOWN TIME LABELING MACHINES AND SYSTEMS: Software Managed Non-Stop Labeling System. Redundant Retractable Labeling Heads.","robots":{"index":"index","follow":"follow","max-snippet":"max-snippet:-1","max-image-preview":"max-image-preview:large","max-video-preview":"max-video-preview:-1"},"canonical":"https:\/\/nitalabelingequipment.com\/fr\/aboutnitalabelingmachines\/sans-temps-darret\/","og_locale":"fr_FR","og_type":"article","og_title":"Nita Labeling Machines: Zero Downtime Non-Stop Labeling System","og_description":"ZERO DOWN TIME LABELING MACHINES AND SYSTEMS: Software Managed Non-Stop Labeling System. Redundant Retractable Labeling Heads.","og_url":"https:\/\/nitalabelingequipment.com\/fr\/aboutnitalabelingmachines\/sans-temps-darret\/","og_site_name":"Nita SENTIENT Labeling Systems","article_publisher":"https:\/\/www.facebook.com\/NitaLabeling\/","article_modified_time":"2021-02-19T22:30:36+00:00","og_image":[{"url":"https:\/\/nitalabelingequipment.com\/wp-content\/uploads\/2018\/10\/zero-down-time.jpg"}],"twitter_card":"summary_large_image","twitter_site":"@Nita_labeling","twitter_misc":{"Dur\u00e9e de lecture est.":"1 minute"},"schema":{"@context":"https:\/\/schema.org","@graph":[{"@type":"Organization","@id":"https:\/\/nitalabelingequipment.com\/#organization","name":"Nita Sentient Labeling Systems","url":"https:\/\/nitalabelingequipment.com\/","sameAs":["https:\/\/www.facebook.com\/NitaLabeling\/","https:\/\/www.linkedin.com\/company\/nita-labeling-equipment\/","https:\/\/www.youtube.com\/user\/nitacn","https:\/\/twitter.com\/Nita_labeling"],"logo":{"@type":"ImageObject","@id":"https:\/\/nitalabelingequipment.com\/#logo","inLanguage":"fr-FR","url":"https:\/\/nitalabelingequipment.com\/wp-content\/uploads\/2018\/07\/logo.jpg","contentUrl":"https:\/\/nitalabelingequipment.com\/wp-content\/uploads\/2018\/07\/logo.jpg","width":236,"height":127,"caption":"Nita Sentient Labeling Systems"},"image":{"@id":"https:\/\/nitalabelingequipment.com\/#logo"}},{"@type":"WebSite","@id":"https:\/\/nitalabelingequipment.com\/#website","url":"https:\/\/nitalabelingequipment.com\/","name":"Nita SENTIENT Labeling Systems","description":"Sentient Labeling System, Automatic Labeling Equipment","publisher":{"@id":"https:\/\/nitalabelingequipment.com\/#organization"},"potentialAction":[{"@type":"SearchAction","target":{"@type":"EntryPoint","urlTemplate":"https:\/\/nitalabelingequipment.com\/?s={search_term_string}"},"query-input":"required name=search_term_string"}],"inLanguage":"fr-FR"},{"@type":"ImageObject","@id":"https:\/\/nitalabelingequipment.com\/fr\/aboutnitalabelingmachines\/sans-temps-darret\/#primaryimage","inLanguage":"fr-FR","url":"https:\/\/nitalabelingequipment.com\/wp-content\/uploads\/2018\/10\/zero-down-time.jpg","contentUrl":"https:\/\/nitalabelingequipment.com\/wp-content\/uploads\/2018\/10\/zero-down-time.jpg","width":1290,"height":573},{"@type":"WebPage","@id":"https:\/\/nitalabelingequipment.com\/fr\/aboutnitalabelingmachines\/sans-temps-darret\/#webpage","url":"https:\/\/nitalabelingequipment.com\/fr\/aboutnitalabelingmachines\/sans-temps-darret\/","name":"Nita Labeling Machines: Zero Downtime Non-Stop Labeling System","isPartOf":{"@id":"https:\/\/nitalabelingequipment.com\/#website"},"primaryImageOfPage":{"@id":"https:\/\/nitalabelingequipment.com\/fr\/aboutnitalabelingmachines\/sans-temps-darret\/#primaryimage"},"datePublished":"2018-10-08T13:44:06+00:00","dateModified":"2021-02-19T22:30:36+00:00","description":"ZERO DOWN TIME LABELING MACHINES AND SYSTEMS: Software Managed Non-Stop Labeling System. Redundant Retractable Labeling Heads.","breadcrumb":{"@id":"https:\/\/nitalabelingequipment.com\/fr\/aboutnitalabelingmachines\/sans-temps-darret\/#breadcrumb"},"inLanguage":"fr-FR","potentialAction":[{"@type":"ReadAction","target":["https:\/\/nitalabelingequipment.com\/fr\/aboutnitalabelingmachines\/sans-temps-darret\/"]}]},{"@type":"BreadcrumbList","@id":"https:\/\/nitalabelingequipment.com\/fr\/aboutnitalabelingmachines\/sans-temps-darret\/#breadcrumb","itemListElement":[{"@type":"ListItem","position":1,"name":"Home","item":"https:\/\/nitalabelingequipment.com\/fr\/"},{"@type":"ListItem","position":2,"name":"About","item":"https:\/\/nitalabelingequipment.com\/fr\/aboutnitalabelingmachines\/"},{"@type":"ListItem","position":3,"name":"Sans temps d&#8217;arr\u00eat"}]}]}},"_links":{"self":[{"href":"https:\/\/nitalabelingequipment.com\/fr\/wp-json\/wp\/v2\/pages\/1397"}],"collection":[{"href":"https:\/\/nitalabelingequipment.com\/fr\/wp-json\/wp\/v2\/pages"}],"about":[{"href":"https:\/\/nitalabelingequipment.com\/fr\/wp-json\/wp\/v2\/types\/page"}],"author":[{"embeddable":true,"href":"https:\/\/nitalabelingequipment.com\/fr\/wp-json\/wp\/v2\/users\/5"}],"replies":[{"embeddable":true,"href":"https:\/\/nitalabelingequipment.com\/fr\/wp-json\/wp\/v2\/comments?post=1397"}],"version-history":[{"count":5,"href":"https:\/\/nitalabelingequipment.com\/fr\/wp-json\/wp\/v2\/pages\/1397\/revisions"}],"predecessor-version":[{"id":2008,"href":"https:\/\/nitalabelingequipment.com\/fr\/wp-json\/wp\/v2\/pages\/1397\/revisions\/2008"}],"up":[{"embeddable":true,"href":"https:\/\/nitalabelingequipment.com\/fr\/wp-json\/wp\/v2\/pages\/1476"}],"wp:attachment":[{"href":"https:\/\/nitalabelingequipment.com\/fr\/wp-json\/wp\/v2\/media?parent=1397"}],"curies":[{"name":"wp","href":"https:\/\/api.w.org\/{rel}","templated":true}]}}