{"id":1404,"date":"2018-10-08T09:15:42","date_gmt":"2018-10-08T13:15:42","guid":{"rendered":"https:\/\/nitalabelingequipment.com\/labeling-machine-testimonial\/"},"modified":"2021-02-19T17:29:49","modified_gmt":"2021-02-19T22:29:49","slug":"temoignages-machine","status":"publish","type":"page","link":"https:\/\/nitalabelingequipment.com\/fr\/aboutnitalabelingmachines\/temoignages-machine\/","title":{"rendered":"T\u00e9moignages"},"content":{"rendered":"[vc_row fullwidth=\u00a0\u00bbtrue\u00a0\u00bb][vc_column][mk_padding_divider size=\u00a0\u00bb60&Prime;][\/vc_column][\/vc_row][vc_row id=\u00a0\u00bbwelcome\u00a0\u00bb][vc_column][vc_column_text css=\u00a0\u00bb.vc_custom_1589903888570{margin-bottom: 0px !important;}\u00a0\u00bb]\n<h1><span style=\"color: #f26522;\">NI\u00b7TA<span style=\"color: #000000;\">\u00b7<\/span><\/span>moi\u00b7gnage<\/h1>\n<blockquote><p>\/ nitamwa\u0272a\u0292\/<\/p>\n<p><strong>nom<\/strong><br \/>\nnom:\u00a0<em>nitamoignage<\/em>; pluriel:\u00a0<em>nitamoignages<\/em><\/p>\n<p>1. une d\u00e9claration officielle attestant et approuvant le caract\u00e8re in\u00e9gal\u00e9 de Nita et son engagement en faveur de l&rsquo;excellence.<br \/>\n<strong>D\u2019accord\u2026 nous savons que ce n&rsquo;est pas un vrai mot, mais \u00e7a devrait l&rsquo;\u00eatre!!!<\/strong><\/p><\/blockquote>\n<p>Les propri\u00e9taires de syst\u00e8mes Nita croient que nos \u00e9tiqueteuses sont les meilleurs \u00e9quipements de leurs cha\u00eenes de production. Vous comprenez? Pas seulement les meilleures machines d\u2019\u00e9tiquetage, mais les meilleures machines en g\u00e9n\u00e9ral! Mais ce qui nous rend le plus fiers, c&rsquo;est ce qu&rsquo;ils pensent de nous en tant que personnes et de la fa\u00e7on dont nous soutenons nos produits. Nous n&rsquo;avons pas de clients m\u00e9contents. C\u2019EST pourquoi nous dormons tr\u00e8s bien la nuit. ET nous avons le sentiment d&rsquo;aider nos clients \u00e0 dormir \u00e9galement.<\/p>\n<p><strong>Ce qu&rsquo;ils ont \u00e0 dire :<\/strong>[\/vc_column_text][\/vc_column][\/vc_row][vc_row id=\u00a0\u00bbproactive\u00a0\u00bb][vc_column][vc_column_text css=\u00a0\u00bb.vc_custom_1589903901221{margin-bottom: 0px !important;}\u00a0\u00bb]\u00a0\u00bbNous avons r\u00e9cemment re\u00e7u notre deuxi\u00e8me syst\u00e8me d&rsquo;\u00e9tiquetage Nita. Cette fois, nous avons achet\u00e9 une machine d&rsquo;\u00e9tiquetage de la s\u00e9rie Joust, avec 4 t\u00eates, \u00e9tiquetage dessus et dessous, avec mode sans temps d&rsquo;arr\u00eat, pour un projet d&rsquo;automatisation \u00e0 grande vitesse qui exigeait un niveau sup\u00e9rieur de vitesse et de pr\u00e9cision. La machine fonctionne au-del\u00e0 de nos attentes et a connu un tel succ\u00e8s qu&rsquo;elle est maintenant utilis\u00e9e pour toutes les applications d&rsquo;\u00e9tiquetage sur notre ligne automatis\u00e9e. La mise en service a \u00e9t\u00e9 simple et facile, et les op\u00e9rateurs l&rsquo;adorent. En 25 ans d&rsquo;exp\u00e9rience dans le secteur de la boulangerie, Nita est sup\u00e9rieure, et de loin, \u00e0 toutes les autres \u00e9tiqueteuses\u00a0\u00bb.<\/p>\n<p><strong>&#8211; Dwayne Parker, directeur des op\u00e9rations, Apple Valley Foods<\/strong>[\/vc_column_text][mk_divider style=\u00a0\u00bbthin_solid\u00a0\u00bb divider_width=\u00a0\u00bbone_half\u00a0\u00bb][mk_padding_divider][\/vc_column][\/vc_row][vc_row id=\u00a0\u00bbscheduled\u00a0\u00bb][vc_column][vc_column_text css=\u00a0\u00bb.vc_custom_1589903926709{margin-bottom: 0px !important;}\u00a0\u00bb]\u00a0\u00bbGive and Go Prepared Foods utilise les syst\u00e8mes d&rsquo;\u00e9tiquetage intelligents de Nita sur toutes ses nouvelles lignes de production, en raison de leur flexibilit\u00e9, de leur fiabilit\u00e9 et de leur simplicit\u00e9 d&rsquo;utilisation. Lorsque nous avons eu besoin de solutions personnalis\u00e9es, Nita s&rsquo;est montr\u00e9e tr\u00e8s r\u00e9ceptive et attentive \u00e0 nos exigences. \u00c0 l\u2019avenir, nous continuerons de sp\u00e9cifier l\u2019\u00e9quipement d\u2019\u00e9tiquetage Nita comme \u00e9tant notre standard\u00a0\u00bb.<\/p>\n<p><strong>&#8211; Jerry Dover, P.Eng., directeur de l&rsquo;ing\u00e9nierie, Give &amp; Go Prepared Foods Corp<\/strong>[\/vc_column_text][mk_divider style=\u00a0\u00bbthin_solid\u00a0\u00bb divider_width=\u00a0\u00bbone_half\u00a0\u00bb][mk_padding_divider][\/vc_column][\/vc_row][vc_row id=\u00a0\u00bboee\u00a0\u00bb][vc_column][vc_column_text css=\u00a0\u00bb.vc_custom_1589903938661{margin-bottom: 0px !important;}\u00a0\u00bb]\u00a0\u00bbJ&rsquo;ai choisi la machine d&rsquo;\u00e9tiquetage Nita parce qu\u2019elle est faite d\u2019acier inoxydable et d\u2019aluminium, plus que toute autre machine sur le march\u00e9. Cette machine a travaill\u00e9 sans rel\u00e2che pour nous, avec une grande pr\u00e9cision. L&rsquo;\u00e9cran tactile rend l&rsquo;utilisation rapide et facile\u00a0\u00bb.<\/p>\n<p><strong>&#8211; Michael Heath, Pr\u00e9sident, BoraBora Fruit Juices<\/strong>[\/vc_column_text][mk_divider style=\u00a0\u00bbthin_solid\u00a0\u00bb divider_width=\u00a0\u00bbone_half\u00a0\u00bb][mk_padding_divider][\/vc_column][\/vc_row][vc_row id=\u00a0\u00bbinscreen\u00a0\u00bb][vc_column][vc_column_text css=\u00a0\u00bb.vc_custom_1586538908864{margin-bottom: 0px !important;}\u00a0\u00bb]\u00a0\u00bbLa machine d\u2019\u00e9tiquetage Nita est facile \u00e0 changer, fiable et efficace. Nita a toujours \u00e9t\u00e9 attentive en mati\u00e8re de soutien technique et service apr\u00e8s-vente\u00a0\u00bb.<\/p>\n<p><strong>&#8211; Sam Low, directeur de l&rsquo;ing\u00e9nierie, Van Diest Supply Company<\/strong>[\/vc_column_text][mk_divider style=\u00a0\u00bbthin_solid\u00a0\u00bb divider_width=\u00a0\u00bbone_half\u00a0\u00bb][mk_padding_divider][\/vc_column][\/vc_row][vc_row][vc_column][mk_padding_divider][\/vc_column][\/vc_row]\n","protected":false},"excerpt":{"rendered":"<p>[vc_row fullwidth=\u00a0\u00bbtrue\u00a0\u00bb][vc_column][mk_padding_divider size=\u00a0\u00bb60&Prime;][\/vc_column][\/vc_row][vc_row id=\u00a0\u00bbwelcome\u00a0\u00bb][vc_column][vc_column_text css=\u00a0\u00bb.vc_custom_1589903888570{margin-bottom: 0px !important;}\u00a0\u00bb] NI\u00b7TA\u00b7moi\u00b7gnage \/ nitamwa\u0272a\u0292\/ nom nom:\u00a0nitamoignage; pluriel:\u00a0nitamoignages 1. une d\u00e9claration officielle attestant et approuvant le caract\u00e8re in\u00e9gal\u00e9 de Nita et son engagement en faveur de l&rsquo;excellence. D\u2019accord\u2026 nous savons que ce n&rsquo;est pas un vrai mot, mais \u00e7a devrait l&rsquo;\u00eatre!!! Les propri\u00e9taires de syst\u00e8mes Nita croient que nos \u00e9tiqueteuses [&hellip;]<\/p>\n","protected":false},"author":5,"featured_media":0,"parent":1476,"menu_order":0,"comment_status":"closed","ping_status":"closed","template":"","meta":[],"yoast_head":"<!-- This site is optimized with the Yoast SEO plugin v16.7 - https:\/\/yoast.com\/wordpress\/plugins\/seo\/ -->\n<title>Labeling Machine System | Nita Company Testimonials<\/title>\n<meta name=\"description\" content=\"Labeling machine system testimonials: People who run Nita systems tell us our labelers are the best pieces of equipment on their entire production lines.\" \/>\n<meta name=\"robots\" content=\"index, follow, max-snippet:-1, max-image-preview:large, max-video-preview:-1\" \/>\n<link rel=\"canonical\" href=\"https:\/\/nitalabelingequipment.com\/fr\/aboutnitalabelingmachines\/temoignages-machine\/\" \/>\n<meta property=\"og:locale\" content=\"fr_FR\" \/>\n<meta property=\"og:type\" content=\"article\" \/>\n<meta property=\"og:title\" content=\"Labeling Machine System | Nita Company Testimonials\" \/>\n<meta property=\"og:description\" content=\"Labeling machine system testimonials: People who run Nita systems tell us our labelers are the best pieces of equipment on their entire production lines.\" \/>\n<meta property=\"og:url\" content=\"https:\/\/nitalabelingequipment.com\/fr\/aboutnitalabelingmachines\/temoignages-machine\/\" \/>\n<meta property=\"og:site_name\" content=\"Nita SENTIENT Labeling Systems\" \/>\n<meta property=\"article:publisher\" content=\"https:\/\/www.facebook.com\/NitaLabeling\/\" \/>\n<meta property=\"article:modified_time\" content=\"2021-02-19T22:29:49+00:00\" \/>\n<meta property=\"og:image\" content=\"https:\/\/nitalabelingequipment.com\/wp-content\/uploads\/2018\/10\/nita-screenshot.jpg\" \/>\n\t<meta property=\"og:image:width\" content=\"1615\" \/>\n\t<meta property=\"og:image:height\" content=\"1615\" \/>\n<meta name=\"twitter:card\" content=\"summary_large_image\" \/>\n<meta name=\"twitter:site\" content=\"@Nita_labeling\" \/>\n<meta name=\"twitter:label1\" content=\"Dur\u00e9e de lecture est.\" \/>\n\t<meta name=\"twitter:data1\" content=\"3 minutes\" \/>\n<script type=\"application\/ld+json\" class=\"yoast-schema-graph\">{\"@context\":\"https:\/\/schema.org\",\"@graph\":[{\"@type\":\"Organization\",\"@id\":\"https:\/\/nitalabelingequipment.com\/#organization\",\"name\":\"Nita Sentient Labeling Systems\",\"url\":\"https:\/\/nitalabelingequipment.com\/\",\"sameAs\":[\"https:\/\/www.facebook.com\/NitaLabeling\/\",\"https:\/\/www.linkedin.com\/company\/nita-labeling-equipment\/\",\"https:\/\/www.youtube.com\/user\/nitacn\",\"https:\/\/twitter.com\/Nita_labeling\"],\"logo\":{\"@type\":\"ImageObject\",\"@id\":\"https:\/\/nitalabelingequipment.com\/#logo\",\"inLanguage\":\"fr-FR\",\"url\":\"https:\/\/nitalabelingequipment.com\/wp-content\/uploads\/2018\/07\/logo.jpg\",\"contentUrl\":\"https:\/\/nitalabelingequipment.com\/wp-content\/uploads\/2018\/07\/logo.jpg\",\"width\":236,\"height\":127,\"caption\":\"Nita Sentient Labeling Systems\"},\"image\":{\"@id\":\"https:\/\/nitalabelingequipment.com\/#logo\"}},{\"@type\":\"WebSite\",\"@id\":\"https:\/\/nitalabelingequipment.com\/#website\",\"url\":\"https:\/\/nitalabelingequipment.com\/\",\"name\":\"Nita SENTIENT Labeling Systems\",\"description\":\"Sentient Labeling System, Automatic Labeling Equipment\",\"publisher\":{\"@id\":\"https:\/\/nitalabelingequipment.com\/#organization\"},\"potentialAction\":[{\"@type\":\"SearchAction\",\"target\":{\"@type\":\"EntryPoint\",\"urlTemplate\":\"https:\/\/nitalabelingequipment.com\/?s={search_term_string}\"},\"query-input\":\"required name=search_term_string\"}],\"inLanguage\":\"fr-FR\"},{\"@type\":\"WebPage\",\"@id\":\"https:\/\/nitalabelingequipment.com\/fr\/aboutnitalabelingmachines\/temoignages-machine\/#webpage\",\"url\":\"https:\/\/nitalabelingequipment.com\/fr\/aboutnitalabelingmachines\/temoignages-machine\/\",\"name\":\"Labeling Machine System | Nita Company Testimonials\",\"isPartOf\":{\"@id\":\"https:\/\/nitalabelingequipment.com\/#website\"},\"datePublished\":\"2018-10-08T13:15:42+00:00\",\"dateModified\":\"2021-02-19T22:29:49+00:00\",\"description\":\"Labeling machine system testimonials: People who run Nita systems tell us our labelers are the best pieces of equipment on their entire production lines.\",\"breadcrumb\":{\"@id\":\"https:\/\/nitalabelingequipment.com\/fr\/aboutnitalabelingmachines\/temoignages-machine\/#breadcrumb\"},\"inLanguage\":\"fr-FR\",\"potentialAction\":[{\"@type\":\"ReadAction\",\"target\":[\"https:\/\/nitalabelingequipment.com\/fr\/aboutnitalabelingmachines\/temoignages-machine\/\"]}]},{\"@type\":\"BreadcrumbList\",\"@id\":\"https:\/\/nitalabelingequipment.com\/fr\/aboutnitalabelingmachines\/temoignages-machine\/#breadcrumb\",\"itemListElement\":[{\"@type\":\"ListItem\",\"position\":1,\"name\":\"Home\",\"item\":\"https:\/\/nitalabelingequipment.com\/fr\/\"},{\"@type\":\"ListItem\",\"position\":2,\"name\":\"About\",\"item\":\"https:\/\/nitalabelingequipment.com\/fr\/aboutnitalabelingmachines\/\"},{\"@type\":\"ListItem\",\"position\":3,\"name\":\"T\\u00e9moignages\"}]}]}<\/script>\n<!-- \/ Yoast SEO plugin. -->","yoast_head_json":{"title":"Labeling Machine System | Nita Company Testimonials","description":"Labeling machine system testimonials: People who run Nita systems tell us our labelers are the best pieces of equipment on their entire production lines.","robots":{"index":"index","follow":"follow","max-snippet":"max-snippet:-1","max-image-preview":"max-image-preview:large","max-video-preview":"max-video-preview:-1"},"canonical":"https:\/\/nitalabelingequipment.com\/fr\/aboutnitalabelingmachines\/temoignages-machine\/","og_locale":"fr_FR","og_type":"article","og_title":"Labeling Machine System | Nita Company Testimonials","og_description":"Labeling machine system testimonials: People who run Nita systems tell us our labelers are the best pieces of equipment on their entire production lines.","og_url":"https:\/\/nitalabelingequipment.com\/fr\/aboutnitalabelingmachines\/temoignages-machine\/","og_site_name":"Nita SENTIENT Labeling Systems","article_publisher":"https:\/\/www.facebook.com\/NitaLabeling\/","article_modified_time":"2021-02-19T22:29:49+00:00","og_image":[{"width":1615,"height":1615,"url":"https:\/\/nitalabelingequipment.com\/wp-content\/uploads\/2018\/10\/nita-screenshot.jpg","path":"\/home\/nitalabe\/public_html\/wp-content\/uploads\/2018\/10\/nita-screenshot.jpg","size":"full","id":653,"alt":"","pixels":2608225,"type":"image\/jpeg"}],"twitter_card":"summary_large_image","twitter_site":"@Nita_labeling","twitter_misc":{"Dur\u00e9e de lecture est.":"3 minutes"},"schema":{"@context":"https:\/\/schema.org","@graph":[{"@type":"Organization","@id":"https:\/\/nitalabelingequipment.com\/#organization","name":"Nita Sentient Labeling Systems","url":"https:\/\/nitalabelingequipment.com\/","sameAs":["https:\/\/www.facebook.com\/NitaLabeling\/","https:\/\/www.linkedin.com\/company\/nita-labeling-equipment\/","https:\/\/www.youtube.com\/user\/nitacn","https:\/\/twitter.com\/Nita_labeling"],"logo":{"@type":"ImageObject","@id":"https:\/\/nitalabelingequipment.com\/#logo","inLanguage":"fr-FR","url":"https:\/\/nitalabelingequipment.com\/wp-content\/uploads\/2018\/07\/logo.jpg","contentUrl":"https:\/\/nitalabelingequipment.com\/wp-content\/uploads\/2018\/07\/logo.jpg","width":236,"height":127,"caption":"Nita Sentient Labeling Systems"},"image":{"@id":"https:\/\/nitalabelingequipment.com\/#logo"}},{"@type":"WebSite","@id":"https:\/\/nitalabelingequipment.com\/#website","url":"https:\/\/nitalabelingequipment.com\/","name":"Nita SENTIENT Labeling Systems","description":"Sentient Labeling System, Automatic Labeling Equipment","publisher":{"@id":"https:\/\/nitalabelingequipment.com\/#organization"},"potentialAction":[{"@type":"SearchAction","target":{"@type":"EntryPoint","urlTemplate":"https:\/\/nitalabelingequipment.com\/?s={search_term_string}"},"query-input":"required name=search_term_string"}],"inLanguage":"fr-FR"},{"@type":"WebPage","@id":"https:\/\/nitalabelingequipment.com\/fr\/aboutnitalabelingmachines\/temoignages-machine\/#webpage","url":"https:\/\/nitalabelingequipment.com\/fr\/aboutnitalabelingmachines\/temoignages-machine\/","name":"Labeling Machine System | Nita Company Testimonials","isPartOf":{"@id":"https:\/\/nitalabelingequipment.com\/#website"},"datePublished":"2018-10-08T13:15:42+00:00","dateModified":"2021-02-19T22:29:49+00:00","description":"Labeling machine system testimonials: People who run Nita systems tell us our labelers are the best pieces of equipment on their entire production lines.","breadcrumb":{"@id":"https:\/\/nitalabelingequipment.com\/fr\/aboutnitalabelingmachines\/temoignages-machine\/#breadcrumb"},"inLanguage":"fr-FR","potentialAction":[{"@type":"ReadAction","target":["https:\/\/nitalabelingequipment.com\/fr\/aboutnitalabelingmachines\/temoignages-machine\/"]}]},{"@type":"BreadcrumbList","@id":"https:\/\/nitalabelingequipment.com\/fr\/aboutnitalabelingmachines\/temoignages-machine\/#breadcrumb","itemListElement":[{"@type":"ListItem","position":1,"name":"Home","item":"https:\/\/nitalabelingequipment.com\/fr\/"},{"@type":"ListItem","position":2,"name":"About","item":"https:\/\/nitalabelingequipment.com\/fr\/aboutnitalabelingmachines\/"},{"@type":"ListItem","position":3,"name":"T\u00e9moignages"}]}]}},"_links":{"self":[{"href":"https:\/\/nitalabelingequipment.com\/fr\/wp-json\/wp\/v2\/pages\/1404"}],"collection":[{"href":"https:\/\/nitalabelingequipment.com\/fr\/wp-json\/wp\/v2\/pages"}],"about":[{"href":"https:\/\/nitalabelingequipment.com\/fr\/wp-json\/wp\/v2\/types\/page"}],"author":[{"embeddable":true,"href":"https:\/\/nitalabelingequipment.com\/fr\/wp-json\/wp\/v2\/users\/5"}],"replies":[{"embeddable":true,"href":"https:\/\/nitalabelingequipment.com\/fr\/wp-json\/wp\/v2\/comments?post=1404"}],"version-history":[{"count":6,"href":"https:\/\/nitalabelingequipment.com\/fr\/wp-json\/wp\/v2\/pages\/1404\/revisions"}],"predecessor-version":[{"id":1577,"href":"https:\/\/nitalabelingequipment.com\/fr\/wp-json\/wp\/v2\/pages\/1404\/revisions\/1577"}],"up":[{"embeddable":true,"href":"https:\/\/nitalabelingequipment.com\/fr\/wp-json\/wp\/v2\/pages\/1476"}],"wp:attachment":[{"href":"https:\/\/nitalabelingequipment.com\/fr\/wp-json\/wp\/v2\/media?parent=1404"}],"curies":[{"name":"wp","href":"https:\/\/api.w.org\/{rel}","templated":true}]}}