{"id":1405,"date":"2018-10-07T17:45:07","date_gmt":"2018-10-07T21:45:07","guid":{"rendered":"https:\/\/nitalabelingequipment.com\/nita-4-labeling-system\/"},"modified":"2023-10-10T13:22:24","modified_gmt":"2023-10-10T17:22:24","slug":"nita-4-labeling-system","status":"publish","type":"page","link":"https:\/\/nitalabelingequipment.com\/fr\/aboutnitalabelingmachines\/nita-4-labeling-system\/","title":{"rendered":"\u00c9quipements d&rsquo;\u00e9tiquetage Nita"},"content":{"rendered":"[vc_row fullwidth=\u00a0\u00bbtrue\u00a0\u00bb][vc_column][mk_padding_divider size=\u00a0\u00bb60&Prime;][\/vc_column][\/vc_row][vc_row id=\u00a0\u00bbwelcome\u00a0\u00bb][vc_column][vc_column_text css=\u00a0\u00bb.vc_custom_1696958471157{margin-bottom: 0px !important;}\u00a0\u00bb]\n<h1>BIENVENUE DANS LE MONDE DE <span style=\"color: #f37426;\">NITA<\/span><\/h1>\n<p>Nous trouvons des solutions \u00e0 VOS probl\u00e8mes d\u2019\u00e9tiquetage quotidiens.<br \/>\nNous le faisons avec ing\u00e9niosit\u00e9.<br \/>\nAvec les meilleures <span style=\"color: #f26522;\"><strong>technologies<\/strong> <\/span>qui soient.<br \/>\nUtilisant une connectivit\u00e9 des plus faciles et des plus avanc\u00e9es.<br \/>\nEntre vous et nous.<br \/>\nEntre vous et votre machine.<\/p>\n<p>L\u2019ignorance n\u2019est pas un bienfait sur une cha\u00eene de production.<br \/>\nLe <span style=\"color: #f26522;\"><strong>savoir<\/strong> <\/span>est synonyme de pouvoir.<\/p>\n<p>Le bonheur (et le taux de <span style=\"color: #f26522;\"><strong>disponibilit\u00e9<\/strong><\/span>) c\u2019est Nita.[\/vc_column_text][mk_divider style=\u00a0\u00bbthin_solid\u00a0\u00bb divider_width=\u00a0\u00bbone_half\u00a0\u00bb][mk_padding_divider][\/vc_column][\/vc_row][vc_row id=\u00a0\u00bbproactive\u00a0\u00bb][vc_column][vc_column_text css=\u00a0\u00bb.vc_custom_1696958482388{margin-bottom: 0px !important;}\u00a0\u00bb]\n<h1>SYST\u00c8ME D\u2019<span style=\"color: #f26522;\">AUTODIAGNOSTIC<\/span> PROACTIF<\/h1>\n<p>Imaginez que votre syst\u00e8me d\u2019\u00e9tiquetage puisse vous avertir quand les pi\u00e8ces doivent \u00eatre chang\u00e9es avant d\u2019\u00eatre us\u00e9es. Ou que la charge \u00e9lectrique de vos moteurs cause des probl\u00e8mes d\u2019usure.<\/p>\n<p>C\u2019est exactement ce que fait le syst\u00e8me d\u2019autodiagnostic proactif de Nita!<\/p>\n<p><span style=\"color: #f26522;\"><strong>La surveillance CYCLIQUE<\/strong><\/span> de l\u2019usure des pi\u00e8ces signifie que vous \u00eates avertis des probl\u00e8mes de performance potentiels AVANT qu\u2019ils ne se produisent.<\/p>\n<p><span style=\"color: #f26522;\"><strong>La surveillance EN TEMPS R\u00c9EL<\/strong><\/span> de tous les servomoteurs vous permet de savoir quand la tension des courroies ou le couple des rouleaux d\u2019entra\u00eenement sont dans des conditions optimales de production!<\/p>\n<h3>C\u2019est comme avoir un consultant Nita int\u00e9gr\u00e9 dans votre machine. Que demander de plus?<\/h3>\n<div class=\"calltoaction\">\n<p style=\"text-align: center;\">Appelez-nous d\u00e8s aujourd\u2019hui pour en savoir plus \u00e0 ce sujet ou sur toute autre fonctionnalit\u00e9 r\u00e9volutionnaire du syst\u00e8me d&rsquo;\u00e9tiquetage intelligent Nita.<\/p>\n<p style=\"text-align: center;\"><strong>1-855-668-NITA (6482)<\/strong> ou, si vous pr\u00e9f\u00e9rez, par courriel \u00e0 <a href=\"mailto:msales@nita.ca\">sales@nita.ca<\/a>.<\/p>\n<\/div>\n[\/vc_column_text][mk_divider style=\u00a0\u00bbthin_solid\u00a0\u00bb divider_width=\u00a0\u00bbone_half\u00a0\u00bb][mk_padding_divider][\/vc_column][\/vc_row][vc_row id=\u00a0\u00bbscheduled\u00a0\u00bb][vc_column][vc_column_text css=\u00a0\u00bb.vc_custom_1696958518384{margin-bottom: 0px !important;}\u00a0\u00bb]\n<h1>CALENDRIER DE <span style=\"color: #f26522;\">MAINTENANCE PR\u00c9VENTIVE<\/span><\/h1>\n<p>Ne pas avoir de plan d\u2019entretien appropri\u00e9 peut entra\u00eener de la n\u00e9gligence ou de l&rsquo;usure pr\u00e9matur\u00e9e sur votre machine Nita. Le calendrier de maintenance pr\u00e9ventive de Nita vous aide \u00e0 pr\u00e9venir les probl\u00e8mes \u00e9vitables.<\/p>\n<p>Un tableau de bord intuitif int\u00e9gr\u00e9 \u00e0 votre \u00e9cran vous recommande des t\u00e2ches d\u2019entretien quotidiennes, hebdomadaires et mensuelles. Chaque t\u00e2che est illustr\u00e9e par des vid\u00e9os d\u00e9taill\u00e9s en haute r\u00e9solution. Cochez simplement la case pour confirmer que le travail a \u00e9t\u00e9 fait.<\/p>\n<p>Pas d\u2019excuses. Simplement des r\u00e9sultats.<\/p>\n<p>Mieux vaut pr\u00e9venir que gu\u00e9rir. Ou dans ce cas-ci\u2026 mieux vaut pr\u00e9venir et profiter d\u2019une am\u00e9lioration importante de la disponibilit\u00e9 et de la productivit\u00e9 de votre machine. Faites-nous confiance.<\/p>\n<h3>Une Nita en <span style=\"color: #f26522;\">sant\u00e9<\/span> est une Nita <span style=\"color: #f26522;\">productive<span style=\"color: #000000;\">.<\/span><\/span><\/h3>\n<div class=\"calltoaction\">\n<p style=\"text-align: center;\">Appelez-nous d\u00e8s aujourd\u2019hui pour en savoir plus \u00e0 ce sujet ou sur toute autre fonctionnalit\u00e9 r\u00e9volutionnaire du syst\u00e8me d&rsquo;\u00e9tiquetage intelligent Nita.<\/p>\n<p style=\"text-align: center;\"><strong>1-855-668-NITA (6482)<\/strong> ou, si vous pr\u00e9f\u00e9rez, par courriel \u00e0 <a href=\"mailto:msales@nita.ca\">sales@nita.ca<\/a>.<\/p>\n<\/div>\n[\/vc_column_text][mk_divider style=\u00a0\u00bbthin_solid\u00a0\u00bb divider_width=\u00a0\u00bbone_half\u00a0\u00bb][mk_padding_divider][\/vc_column][\/vc_row][vc_row id=\u00a0\u00bbinscreen\u00a0\u00bb][vc_column][vc_column_text css=\u00a0\u00bb.vc_custom_1696958501234{margin-bottom: 0px !important;}\u00a0\u00bb]\n<h1><span style=\"color: #f26522;\">COMMANDE DE PI\u00c8CES<\/span> \u00c0 L\u2019\u00c9CRAN<\/h1>\n<p>Vous avez besoin d\u2019une pi\u00e8ce de rechange. Vous pouvez la commander directement \u00e0 l&rsquo;\u00e9cran de votre machine. Pensez-y un moment. Est-ce que \u00e7a pourrait \u00eatre plus <span style=\"color: #f26522;\"><strong>simple<\/strong><\/span>?<\/p>\n<p>Les dessins 3D de chaque machine sont int\u00e9gr\u00e9s \u00e0 chaque syst\u00e8me Nita!<\/p>\n<p>Un menu de navigation interactif ultra-intuitif vous permet d\u2019acc\u00e9der facilement \u00e0 votre pi\u00e8ce.<\/p>\n<p>Et de la <span style=\"color: #f26522;\"><strong>commander<\/strong><\/span>!<\/p>\n<p>Directement \u00e0 l\u2019\u00e9cran. Eh oui.<\/p>\n<h3><strong>Le <span style=\"color: #f26522;\">docteur<\/span> Nita est l\u00e0. \u00c7a ne fera pas mal. C\u2019est promis.<\/strong><\/h3>\n<div class=\"calltoaction\">\n<p style=\"text-align: center;\">Appelez-nous d\u00e8s aujourd\u2019hui pour en savoir plus \u00e0 ce sujet ou sur toute autre fonctionnalit\u00e9 r\u00e9volutionnaire du syst\u00e8me d&rsquo;\u00e9tiquetage intelligent Nita.<\/p>\n<p style=\"text-align: center;\"><strong>1-855-668-NITA (6482)<\/strong> ou, si vous pr\u00e9f\u00e9rez, par courriel \u00e0 <a href=\"mailto:msales@nita.ca\">sales@nita.ca<\/a>.<\/p>\n<\/div>\n[\/vc_column_text][mk_divider style=\u00a0\u00bbthin_solid\u00a0\u00bb divider_width=\u00a0\u00bbone_half\u00a0\u00bb][mk_padding_divider][\/vc_column][\/vc_row][vc_row id=\u00a0\u00bboee\u00a0\u00bb][vc_column][vc_column_text css=\u00a0\u00bb.vc_custom_1637101023992{margin-bottom: 0px !important;}\u00a0\u00bb]\n<h1><span style=\"color: #f26522;\">T.R.G.<\/span>, S.C.A.D.A., L.O.L. ET AUTRES ACRONYMES D\u2019IMPORTANCE<\/h1>\n<p>Les machines avanc\u00e9es d\u2019aujourd\u2019hui ont beaucoup \u00e0 dire. La question est cependant de savoir si quelqu\u2019un \u00e9coute. Eh bien\u2026 nous \u00e9coutons!<\/p>\n<p>Chaque machine Nita utilise un puissant logiciel <span style=\"color: #f26522;\"><strong>S.C.A.D.A.<\/strong><\/span> permettant la consultation en temps r\u00e9el de donn\u00e9es de performance telles que le taux de rendement global de la machine (T.R.G.), le taux de <span style=\"color: #f26522;\"><strong>disponibilit\u00e9<\/strong><\/span>, les temps d\u2019arr\u00eat, le nombre de contenants et d\u2019\u00e9tiquettes utilis\u00e9s. Le tout dans des tableaux de bord de l&rsquo;HMI!<\/p>\n<p>Toute cette <span style=\"color: #f26522;\"><strong>magie<\/strong> <\/span>analytique incroyable se calcule dans un PC HMI \u00e9l\u00e9gant bas\u00e9 sur le syst\u00e8me d\u2019exploitation Windows 10 IoT. Puissant.<\/p>\n<h3><strong>Parce qu\u2019il vaut mieux CONNA\u00ceTRE son <span style=\"color: #f37426;\">niveau<\/span> de performance que de se questionner.<\/strong><\/h3>\n<div class=\"calltoaction\">\n<p style=\"text-align: center;\">Appelez-nous d\u00e8s aujourd\u2019hui pour en savoir plus \u00e0 ce sujet ou sur toute autre fonctionnalit\u00e9 r\u00e9volutionnaire du syst\u00e8me d&rsquo;\u00e9tiquetage intelligent Nita.<\/p>\n<p style=\"text-align: center;\"><strong>1-855-668-NITA (6482)<\/strong> ou, si vous pr\u00e9f\u00e9rez, par courriel \u00e0 <a href=\"mailto:msales@nita.ca\">sales@nita.ca<\/a>.<\/p>\n<\/div>\n[\/vc_column_text][mk_divider style=\u00a0\u00bbthin_solid\u00a0\u00bb divider_width=\u00a0\u00bbone_half\u00a0\u00bb][mk_padding_divider][\/vc_column][\/vc_row][vc_row id=\u00a0\u00bbchanging\u00a0\u00bb][vc_column][vc_column_text css=\u00a0\u00bb.vc_custom_1586535943702{margin-bottom: 0px !important;}\u00a0\u00bb]\n<h1>CAR LE MONDE ET LES TEMPS <span style=\"color: #f26522;\">CHANGENT<\/span><\/h1>\n<p>Aujourd\u2019hui, plusieurs syst\u00e8mes d\u2019\u00e9tiquetage ont des cadrans sophistiqu\u00e9s. Et des r\u00e8gles. Et des soi-disant recettes.<\/p>\n<p>Beaucoup pr\u00e9tendent avoir un syst\u00e8me de changement \u00ab\u00a0comme Nita\u00a0\u00bb. Nous sommes heureux d\u2019entendre qu\u2019ils le pensent.<\/p>\n<p>Mais, on ne transforme pas une machine simplement en lui ajoutant des cadrans et des chiffres. Le <span style=\"color: #f26522;\"><strong>syst\u00e8me de changement <\/strong><\/span>de Nita ne ressemble \u00e0 aucun autre.<\/p>\n<p>T\u00e9l\u00e9chargez les r\u00e9glages d\u2019un produit \u00e0 l\u2019aide de photo. Consultez des <span style=\"color: #f26522;\"><strong>vid\u00e9os<\/strong> <\/span>et des images 3D pour localiser les points de r\u00e9glage. R\u00e9pliquez les configurations de contenants en quelques minutes en utilisant les valeurs stock\u00e9es (couleurs et lettres) dans le PC HMI.<\/p>\n<p>Il n\u2019existe qu\u2019un <span style=\"color: #f26522;\"><strong>SEUL<\/strong> <\/span>syst\u00e8me de recettes \u201c<span style=\"color: #f26522;\"><strong>LE PLUS SIMPLE AU MONDE<\/strong><\/span>\u201d.<\/p>\n<h3><strong>Nita. Des changements incroyablement <span style=\"color: #f26522;\">rapides<\/span>!<\/strong><\/h3>\n<div class=\"calltoaction\">\n<p style=\"text-align: center;\">Appelez-nous d\u00e8s aujourd\u2019hui pour en savoir plus \u00e0 ce sujet ou sur toute autre fonctionnalit\u00e9 r\u00e9volutionnaire du syst\u00e8me d&rsquo;\u00e9tiquetage intelligent Nita.<\/p>\n<p style=\"text-align: center;\"><strong>1-855-668-NITA (6482)<\/strong> ou, si vous pr\u00e9f\u00e9rez, par courriel \u00e0 <a href=\"mailto:msales@nita.ca\">sales@nita.ca<\/a>.<\/p>\n<\/div>\n[\/vc_column_text][mk_padding_divider][\/vc_column][\/vc_row][vc_row][vc_column][mk_padding_divider][\/vc_column][\/vc_row]\n","protected":false},"excerpt":{"rendered":"<p>[vc_row fullwidth=\u00a0\u00bbtrue\u00a0\u00bb][vc_column][mk_padding_divider size=\u00a0\u00bb60&Prime;][\/vc_column][\/vc_row][vc_row id=\u00a0\u00bbwelcome\u00a0\u00bb][vc_column][vc_column_text css=\u00a0\u00bb.vc_custom_1696958471157{margin-bottom: 0px !important;}\u00a0\u00bb] BIENVENUE DANS LE MONDE DE NITA Nous trouvons des solutions \u00e0 VOS probl\u00e8mes d\u2019\u00e9tiquetage quotidiens. Nous le faisons avec ing\u00e9niosit\u00e9. Avec les meilleures technologies qui soient. Utilisant une connectivit\u00e9 des plus faciles et des plus avanc\u00e9es. Entre vous et nous. Entre vous et votre machine. L\u2019ignorance n\u2019est pas [&hellip;]<\/p>\n","protected":false},"author":5,"featured_media":0,"parent":1476,"menu_order":0,"comment_status":"closed","ping_status":"closed","template":"","meta":[],"yoast_head":"<!-- This site is optimized with the Yoast SEO plugin v16.7 - https:\/\/yoast.com\/wordpress\/plugins\/seo\/ -->\n<title>Labeling Systems | Nita 4.0 Advanced Automatic Labeling Machines<\/title>\n<meta name=\"description\" content=\"NITA 4.0, the world&#039;s most advanced automatic labeling system, with built-in pro-active self diagnostic system and online parts odering.\" \/>\n<meta name=\"robots\" content=\"index, follow, max-snippet:-1, max-image-preview:large, max-video-preview:-1\" \/>\n<link rel=\"canonical\" href=\"https:\/\/nitalabelingequipment.com\/fr\/aboutnitalabelingmachines\/nita-4-labeling-system\/\" \/>\n<meta property=\"og:locale\" content=\"fr_FR\" \/>\n<meta property=\"og:type\" content=\"article\" \/>\n<meta property=\"og:title\" content=\"Labeling Systems | Nita 4.0 Advanced Automatic Labeling Machines\" \/>\n<meta property=\"og:description\" content=\"NITA 4.0, the world&#039;s most advanced automatic labeling system, with built-in pro-active self diagnostic system and online parts odering.\" \/>\n<meta property=\"og:url\" content=\"https:\/\/nitalabelingequipment.com\/fr\/aboutnitalabelingmachines\/nita-4-labeling-system\/\" \/>\n<meta property=\"og:site_name\" content=\"Nita SENTIENT Labeling Systems\" \/>\n<meta property=\"article:publisher\" content=\"https:\/\/www.facebook.com\/NitaLabeling\/\" \/>\n<meta property=\"article:modified_time\" content=\"2023-10-10T17:22:24+00:00\" \/>\n<meta property=\"og:image\" content=\"https:\/\/nitalabelingequipment.com\/wp-content\/uploads\/2018\/10\/nita-screenshot.jpg\" \/>\n\t<meta property=\"og:image:width\" content=\"1615\" \/>\n\t<meta property=\"og:image:height\" content=\"1615\" \/>\n<meta name=\"twitter:card\" content=\"summary_large_image\" \/>\n<meta name=\"twitter:site\" content=\"@Nita_labeling\" \/>\n<meta name=\"twitter:label1\" content=\"Dur\u00e9e de lecture est.\" \/>\n\t<meta name=\"twitter:data1\" content=\"4 minutes\" \/>\n<script type=\"application\/ld+json\" class=\"yoast-schema-graph\">{\"@context\":\"https:\/\/schema.org\",\"@graph\":[{\"@type\":\"Organization\",\"@id\":\"https:\/\/nitalabelingequipment.com\/#organization\",\"name\":\"Nita Sentient Labeling Systems\",\"url\":\"https:\/\/nitalabelingequipment.com\/\",\"sameAs\":[\"https:\/\/www.facebook.com\/NitaLabeling\/\",\"https:\/\/www.linkedin.com\/company\/nita-labeling-equipment\/\",\"https:\/\/www.youtube.com\/user\/nitacn\",\"https:\/\/twitter.com\/Nita_labeling\"],\"logo\":{\"@type\":\"ImageObject\",\"@id\":\"https:\/\/nitalabelingequipment.com\/#logo\",\"inLanguage\":\"fr-FR\",\"url\":\"https:\/\/nitalabelingequipment.com\/wp-content\/uploads\/2018\/07\/logo.jpg\",\"contentUrl\":\"https:\/\/nitalabelingequipment.com\/wp-content\/uploads\/2018\/07\/logo.jpg\",\"width\":236,\"height\":127,\"caption\":\"Nita Sentient Labeling Systems\"},\"image\":{\"@id\":\"https:\/\/nitalabelingequipment.com\/#logo\"}},{\"@type\":\"WebSite\",\"@id\":\"https:\/\/nitalabelingequipment.com\/#website\",\"url\":\"https:\/\/nitalabelingequipment.com\/\",\"name\":\"Nita SENTIENT Labeling Systems\",\"description\":\"Sentient Labeling System, Automatic Labeling Equipment\",\"publisher\":{\"@id\":\"https:\/\/nitalabelingequipment.com\/#organization\"},\"potentialAction\":[{\"@type\":\"SearchAction\",\"target\":{\"@type\":\"EntryPoint\",\"urlTemplate\":\"https:\/\/nitalabelingequipment.com\/?s={search_term_string}\"},\"query-input\":\"required name=search_term_string\"}],\"inLanguage\":\"fr-FR\"},{\"@type\":\"WebPage\",\"@id\":\"https:\/\/nitalabelingequipment.com\/fr\/aboutnitalabelingmachines\/nita-4-labeling-system\/#webpage\",\"url\":\"https:\/\/nitalabelingequipment.com\/fr\/aboutnitalabelingmachines\/nita-4-labeling-system\/\",\"name\":\"Labeling Systems | Nita 4.0 Advanced Automatic Labeling Machines\",\"isPartOf\":{\"@id\":\"https:\/\/nitalabelingequipment.com\/#website\"},\"datePublished\":\"2018-10-07T21:45:07+00:00\",\"dateModified\":\"2023-10-10T17:22:24+00:00\",\"description\":\"NITA 4.0, the world's most advanced automatic labeling system, with built-in pro-active self diagnostic system and online parts odering.\",\"breadcrumb\":{\"@id\":\"https:\/\/nitalabelingequipment.com\/fr\/aboutnitalabelingmachines\/nita-4-labeling-system\/#breadcrumb\"},\"inLanguage\":\"fr-FR\",\"potentialAction\":[{\"@type\":\"ReadAction\",\"target\":[\"https:\/\/nitalabelingequipment.com\/fr\/aboutnitalabelingmachines\/nita-4-labeling-system\/\"]}]},{\"@type\":\"BreadcrumbList\",\"@id\":\"https:\/\/nitalabelingequipment.com\/fr\/aboutnitalabelingmachines\/nita-4-labeling-system\/#breadcrumb\",\"itemListElement\":[{\"@type\":\"ListItem\",\"position\":1,\"name\":\"Home\",\"item\":\"https:\/\/nitalabelingequipment.com\/fr\/\"},{\"@type\":\"ListItem\",\"position\":2,\"name\":\"About\",\"item\":\"https:\/\/nitalabelingequipment.com\/fr\/aboutnitalabelingmachines\/\"},{\"@type\":\"ListItem\",\"position\":3,\"name\":\"\\u00c9quipements d&#8217;\\u00e9tiquetage Nita\"}]}]}<\/script>\n<!-- \/ Yoast SEO plugin. -->","yoast_head_json":{"title":"Labeling Systems | Nita 4.0 Advanced Automatic Labeling Machines","description":"NITA 4.0, the world's most advanced automatic labeling system, with built-in pro-active self diagnostic system and online parts odering.","robots":{"index":"index","follow":"follow","max-snippet":"max-snippet:-1","max-image-preview":"max-image-preview:large","max-video-preview":"max-video-preview:-1"},"canonical":"https:\/\/nitalabelingequipment.com\/fr\/aboutnitalabelingmachines\/nita-4-labeling-system\/","og_locale":"fr_FR","og_type":"article","og_title":"Labeling Systems | Nita 4.0 Advanced Automatic Labeling Machines","og_description":"NITA 4.0, the world's most advanced automatic labeling system, with built-in pro-active self diagnostic system and online parts odering.","og_url":"https:\/\/nitalabelingequipment.com\/fr\/aboutnitalabelingmachines\/nita-4-labeling-system\/","og_site_name":"Nita SENTIENT Labeling Systems","article_publisher":"https:\/\/www.facebook.com\/NitaLabeling\/","article_modified_time":"2023-10-10T17:22:24+00:00","og_image":[{"width":1615,"height":1615,"url":"https:\/\/nitalabelingequipment.com\/wp-content\/uploads\/2018\/10\/nita-screenshot.jpg","path":"\/home\/nitalabe\/public_html\/wp-content\/uploads\/2018\/10\/nita-screenshot.jpg","size":"full","id":653,"alt":"","pixels":2608225,"type":"image\/jpeg"}],"twitter_card":"summary_large_image","twitter_site":"@Nita_labeling","twitter_misc":{"Dur\u00e9e de lecture est.":"4 minutes"},"schema":{"@context":"https:\/\/schema.org","@graph":[{"@type":"Organization","@id":"https:\/\/nitalabelingequipment.com\/#organization","name":"Nita Sentient Labeling Systems","url":"https:\/\/nitalabelingequipment.com\/","sameAs":["https:\/\/www.facebook.com\/NitaLabeling\/","https:\/\/www.linkedin.com\/company\/nita-labeling-equipment\/","https:\/\/www.youtube.com\/user\/nitacn","https:\/\/twitter.com\/Nita_labeling"],"logo":{"@type":"ImageObject","@id":"https:\/\/nitalabelingequipment.com\/#logo","inLanguage":"fr-FR","url":"https:\/\/nitalabelingequipment.com\/wp-content\/uploads\/2018\/07\/logo.jpg","contentUrl":"https:\/\/nitalabelingequipment.com\/wp-content\/uploads\/2018\/07\/logo.jpg","width":236,"height":127,"caption":"Nita Sentient Labeling Systems"},"image":{"@id":"https:\/\/nitalabelingequipment.com\/#logo"}},{"@type":"WebSite","@id":"https:\/\/nitalabelingequipment.com\/#website","url":"https:\/\/nitalabelingequipment.com\/","name":"Nita SENTIENT Labeling Systems","description":"Sentient Labeling System, Automatic Labeling Equipment","publisher":{"@id":"https:\/\/nitalabelingequipment.com\/#organization"},"potentialAction":[{"@type":"SearchAction","target":{"@type":"EntryPoint","urlTemplate":"https:\/\/nitalabelingequipment.com\/?s={search_term_string}"},"query-input":"required name=search_term_string"}],"inLanguage":"fr-FR"},{"@type":"WebPage","@id":"https:\/\/nitalabelingequipment.com\/fr\/aboutnitalabelingmachines\/nita-4-labeling-system\/#webpage","url":"https:\/\/nitalabelingequipment.com\/fr\/aboutnitalabelingmachines\/nita-4-labeling-system\/","name":"Labeling Systems | Nita 4.0 Advanced Automatic Labeling Machines","isPartOf":{"@id":"https:\/\/nitalabelingequipment.com\/#website"},"datePublished":"2018-10-07T21:45:07+00:00","dateModified":"2023-10-10T17:22:24+00:00","description":"NITA 4.0, the world's most advanced automatic labeling system, with built-in pro-active self diagnostic system and online parts odering.","breadcrumb":{"@id":"https:\/\/nitalabelingequipment.com\/fr\/aboutnitalabelingmachines\/nita-4-labeling-system\/#breadcrumb"},"inLanguage":"fr-FR","potentialAction":[{"@type":"ReadAction","target":["https:\/\/nitalabelingequipment.com\/fr\/aboutnitalabelingmachines\/nita-4-labeling-system\/"]}]},{"@type":"BreadcrumbList","@id":"https:\/\/nitalabelingequipment.com\/fr\/aboutnitalabelingmachines\/nita-4-labeling-system\/#breadcrumb","itemListElement":[{"@type":"ListItem","position":1,"name":"Home","item":"https:\/\/nitalabelingequipment.com\/fr\/"},{"@type":"ListItem","position":2,"name":"About","item":"https:\/\/nitalabelingequipment.com\/fr\/aboutnitalabelingmachines\/"},{"@type":"ListItem","position":3,"name":"\u00c9quipements d&#8217;\u00e9tiquetage Nita"}]}]}},"_links":{"self":[{"href":"https:\/\/nitalabelingequipment.com\/fr\/wp-json\/wp\/v2\/pages\/1405"}],"collection":[{"href":"https:\/\/nitalabelingequipment.com\/fr\/wp-json\/wp\/v2\/pages"}],"about":[{"href":"https:\/\/nitalabelingequipment.com\/fr\/wp-json\/wp\/v2\/types\/page"}],"author":[{"embeddable":true,"href":"https:\/\/nitalabelingequipment.com\/fr\/wp-json\/wp\/v2\/users\/5"}],"replies":[{"embeddable":true,"href":"https:\/\/nitalabelingequipment.com\/fr\/wp-json\/wp\/v2\/comments?post=1405"}],"version-history":[{"count":8,"href":"https:\/\/nitalabelingequipment.com\/fr\/wp-json\/wp\/v2\/pages\/1405\/revisions"}],"predecessor-version":[{"id":2541,"href":"https:\/\/nitalabelingequipment.com\/fr\/wp-json\/wp\/v2\/pages\/1405\/revisions\/2541"}],"up":[{"embeddable":true,"href":"https:\/\/nitalabelingequipment.com\/fr\/wp-json\/wp\/v2\/pages\/1476"}],"wp:attachment":[{"href":"https:\/\/nitalabelingequipment.com\/fr\/wp-json\/wp\/v2\/media?parent=1405"}],"curies":[{"name":"wp","href":"https:\/\/api.w.org\/{rel}","templated":true}]}}