{"id":1406,"date":"2018-10-05T15:13:04","date_gmt":"2018-10-05T19:13:04","guid":{"rendered":"https:\/\/nitalabelingequipment.com\/nitacare\/"},"modified":"2025-03-13T17:09:30","modified_gmt":"2025-03-13T21:09:30","slug":"nitacare","status":"publish","type":"page","link":"https:\/\/nitalabelingequipment.com\/fr\/nitacare\/","title":{"rendered":"NitaCare Technical Support"},"content":{"rendered":"[vc_row fullwidth=\u00a0\u00bbtrue\u00a0\u00bb][vc_column][mk_padding_divider size=\u00a0\u00bb60&Prime;][\/vc_column][\/vc_row][vc_row][vc_column][vc_column_text css=\u00a0\u00bb.vc_custom_1586536571441{margin-bottom: 0px !important;}\u00a0\u00bb]<img loading=\"lazy\" class=\"size-medium wp-image-410 aligncenter\" src=\"https:\/\/nitalabelingequipment.com\/wp-content\/uploads\/2018\/10\/nitacare-300x170.png\" alt=\"\" width=\"300\" height=\"170\" srcset=\"https:\/\/nitalabelingequipment.com\/wp-content\/uploads\/2018\/10\/nitacare-300x170.png 300w, https:\/\/nitalabelingequipment.com\/wp-content\/uploads\/2018\/10\/nitacare-768x436.png 768w, https:\/\/nitalabelingequipment.com\/wp-content\/uploads\/2018\/10\/nitacare.png 953w\" sizes=\"(max-width: 300px) 100vw, 300px\" \/><\/p>\n<h1 style=\"text-align: center;\">SOUTIEN. R\u00c9D\u00c9FINI.<\/h1>\n[\/vc_column_text][vc_column_text css=\u00a0\u00bb.vc_custom_1741900167168{margin-bottom: 0px !important;}\u00a0\u00bb]Des choses se produisent. Toujours. Quel que soit l\u2019op\u00e9rateur ou l\u2019\u00e9quipement, justement parce que ce sont des machines.<\/p>\n<p>Notre programme NitaCare garantit que lorsque la &#8230; \u00a0(vous savez quoi!) tombe en panne, Nita est l\u00e0 pour vous permettre de reprendre la production le plus <span style=\"color: #f26522;\"><strong>rapidement<\/strong> <\/span>possible!<\/p>\n<p>Chaque \u00e9cran HMI Nita poss\u00e8de un bouton qui vous connecte \u00e0 un technicien Nita en mode clavardage vid\u00e9o. Ce technicien peut guider l\u2019op\u00e9rateur en cas de probl\u00e8me ou m\u00eame se connecter \u00e0 la machine pour <span style=\"color: #f26522;\"><strong>diagnostiquer<\/strong> <\/span>et r\u00e9soudre un probl\u00e8me de r\u00e9glage sur-le-champ. S\u00e9rieusement.<\/p>\n<h2><span style=\"color: #f26522;\">NitaCare<\/span>. Parce que Nita se soucie de vous. Vraiment!<\/h2>\n[\/vc_column_text][mk_padding_divider][\/vc_column][\/vc_row]\n","protected":false},"excerpt":{"rendered":"<p>[vc_row fullwidth=\u00a0\u00bbtrue\u00a0\u00bb][vc_column][mk_padding_divider size=\u00a0\u00bb60&Prime;][\/vc_column][\/vc_row][vc_row][vc_column][vc_column_text css=\u00a0\u00bb.vc_custom_1586536571441{margin-bottom: 0px !important;}\u00a0\u00bb] SOUTIEN. R\u00c9D\u00c9FINI. [\/vc_column_text][vc_column_text css=\u00a0\u00bb.vc_custom_1741900167168{margin-bottom: 0px !important;}\u00a0\u00bb]Des choses se produisent. Toujours. Quel que soit l\u2019op\u00e9rateur ou l\u2019\u00e9quipement, justement parce que ce sont des machines. Notre programme NitaCare garantit que lorsque la &#8230; \u00a0(vous savez quoi!) tombe en panne, Nita est l\u00e0 pour vous permettre de reprendre la production le plus [&hellip;]<\/p>\n","protected":false},"author":5,"featured_media":0,"parent":0,"menu_order":0,"comment_status":"closed","ping_status":"closed","template":"","meta":[],"yoast_head":"<!-- This site is optimized with the Yoast SEO plugin v16.7 - https:\/\/yoast.com\/wordpress\/plugins\/seo\/ -->\n<title>NitaCare Technical Support | The Best Support In the Labeling Business<\/title>\n<meta name=\"description\" content=\"Our NitaCare support program ensures that when the (you know what) goes down Nita is there to get you back to production as quickly as possible!\" \/>\n<meta name=\"robots\" content=\"index, follow, max-snippet:-1, max-image-preview:large, max-video-preview:-1\" \/>\n<link rel=\"canonical\" href=\"https:\/\/nitalabelingequipment.com\/fr\/nitacare\/\" \/>\n<meta property=\"og:locale\" content=\"fr_FR\" \/>\n<meta property=\"og:type\" content=\"article\" \/>\n<meta property=\"og:title\" content=\"NitaCare Technical Support | The Best Support In the Labeling Business\" \/>\n<meta property=\"og:description\" content=\"Our NitaCare support program ensures that when the (you know what) goes down Nita is there to get you back to production as quickly as possible!\" \/>\n<meta property=\"og:url\" content=\"https:\/\/nitalabelingequipment.com\/fr\/nitacare\/\" \/>\n<meta property=\"og:site_name\" content=\"Nita SENTIENT Labeling Systems\" \/>\n<meta property=\"article:publisher\" content=\"https:\/\/www.facebook.com\/NitaLabeling\/\" \/>\n<meta property=\"article:modified_time\" content=\"2025-03-13T21:09:30+00:00\" \/>\n<meta property=\"og:image\" content=\"https:\/\/nitalabelingequipment.com\/wp-content\/uploads\/2018\/10\/nitacare-300x170.png\" \/>\n<meta name=\"twitter:card\" content=\"summary_large_image\" \/>\n<meta name=\"twitter:site\" content=\"@Nita_labeling\" \/>\n<meta name=\"twitter:label1\" content=\"Dur\u00e9e de lecture est.\" \/>\n\t<meta name=\"twitter:data1\" content=\"1 minute\" \/>\n<script type=\"application\/ld+json\" class=\"yoast-schema-graph\">{\"@context\":\"https:\/\/schema.org\",\"@graph\":[{\"@type\":\"Organization\",\"@id\":\"https:\/\/nitalabelingequipment.com\/#organization\",\"name\":\"Nita Sentient Labeling Systems\",\"url\":\"https:\/\/nitalabelingequipment.com\/\",\"sameAs\":[\"https:\/\/www.facebook.com\/NitaLabeling\/\",\"https:\/\/www.linkedin.com\/company\/nita-labeling-equipment\/\",\"https:\/\/www.youtube.com\/user\/nitacn\",\"https:\/\/twitter.com\/Nita_labeling\"],\"logo\":{\"@type\":\"ImageObject\",\"@id\":\"https:\/\/nitalabelingequipment.com\/#logo\",\"inLanguage\":\"fr-FR\",\"url\":\"https:\/\/nitalabelingequipment.com\/wp-content\/uploads\/2018\/07\/logo.jpg\",\"contentUrl\":\"https:\/\/nitalabelingequipment.com\/wp-content\/uploads\/2018\/07\/logo.jpg\",\"width\":236,\"height\":127,\"caption\":\"Nita Sentient Labeling Systems\"},\"image\":{\"@id\":\"https:\/\/nitalabelingequipment.com\/#logo\"}},{\"@type\":\"WebSite\",\"@id\":\"https:\/\/nitalabelingequipment.com\/#website\",\"url\":\"https:\/\/nitalabelingequipment.com\/\",\"name\":\"Nita SENTIENT Labeling Systems\",\"description\":\"Sentient Labeling System, Automatic Labeling Equipment\",\"publisher\":{\"@id\":\"https:\/\/nitalabelingequipment.com\/#organization\"},\"potentialAction\":[{\"@type\":\"SearchAction\",\"target\":{\"@type\":\"EntryPoint\",\"urlTemplate\":\"https:\/\/nitalabelingequipment.com\/?s={search_term_string}\"},\"query-input\":\"required name=search_term_string\"}],\"inLanguage\":\"fr-FR\"},{\"@type\":\"ImageObject\",\"@id\":\"https:\/\/nitalabelingequipment.com\/fr\/nitacare\/#primaryimage\",\"inLanguage\":\"fr-FR\",\"url\":\"https:\/\/nitalabelingequipment.com\/wp-content\/uploads\/2018\/10\/nitacare.png\",\"contentUrl\":\"https:\/\/nitalabelingequipment.com\/wp-content\/uploads\/2018\/10\/nitacare.png\",\"width\":953,\"height\":541},{\"@type\":\"WebPage\",\"@id\":\"https:\/\/nitalabelingequipment.com\/fr\/nitacare\/#webpage\",\"url\":\"https:\/\/nitalabelingequipment.com\/fr\/nitacare\/\",\"name\":\"NitaCare Technical Support | The Best Support In the Labeling Business\",\"isPartOf\":{\"@id\":\"https:\/\/nitalabelingequipment.com\/#website\"},\"primaryImageOfPage\":{\"@id\":\"https:\/\/nitalabelingequipment.com\/fr\/nitacare\/#primaryimage\"},\"datePublished\":\"2018-10-05T19:13:04+00:00\",\"dateModified\":\"2025-03-13T21:09:30+00:00\",\"description\":\"Our NitaCare support program ensures that when the (you know what) goes down Nita is there to get you back to production as quickly as possible!\",\"breadcrumb\":{\"@id\":\"https:\/\/nitalabelingequipment.com\/fr\/nitacare\/#breadcrumb\"},\"inLanguage\":\"fr-FR\",\"potentialAction\":[{\"@type\":\"ReadAction\",\"target\":[\"https:\/\/nitalabelingequipment.com\/fr\/nitacare\/\"]}]},{\"@type\":\"BreadcrumbList\",\"@id\":\"https:\/\/nitalabelingequipment.com\/fr\/nitacare\/#breadcrumb\",\"itemListElement\":[{\"@type\":\"ListItem\",\"position\":1,\"name\":\"Home\",\"item\":\"https:\/\/nitalabelingequipment.com\/fr\/\"},{\"@type\":\"ListItem\",\"position\":2,\"name\":\"NitaCare Technical Support\"}]}]}<\/script>\n<!-- \/ Yoast SEO plugin. -->","yoast_head_json":{"title":"NitaCare Technical Support | The Best Support In the Labeling Business","description":"Our NitaCare support program ensures that when the (you know what) goes down Nita is there to get you back to production as quickly as possible!","robots":{"index":"index","follow":"follow","max-snippet":"max-snippet:-1","max-image-preview":"max-image-preview:large","max-video-preview":"max-video-preview:-1"},"canonical":"https:\/\/nitalabelingequipment.com\/fr\/nitacare\/","og_locale":"fr_FR","og_type":"article","og_title":"NitaCare Technical Support | The Best Support In the Labeling Business","og_description":"Our NitaCare support program ensures that when the (you know what) goes down Nita is there to get you back to production as quickly as possible!","og_url":"https:\/\/nitalabelingequipment.com\/fr\/nitacare\/","og_site_name":"Nita SENTIENT Labeling Systems","article_publisher":"https:\/\/www.facebook.com\/NitaLabeling\/","article_modified_time":"2025-03-13T21:09:30+00:00","og_image":[{"url":"https:\/\/nitalabelingequipment.com\/wp-content\/uploads\/2018\/10\/nitacare-300x170.png"}],"twitter_card":"summary_large_image","twitter_site":"@Nita_labeling","twitter_misc":{"Dur\u00e9e de lecture est.":"1 minute"},"schema":{"@context":"https:\/\/schema.org","@graph":[{"@type":"Organization","@id":"https:\/\/nitalabelingequipment.com\/#organization","name":"Nita Sentient Labeling Systems","url":"https:\/\/nitalabelingequipment.com\/","sameAs":["https:\/\/www.facebook.com\/NitaLabeling\/","https:\/\/www.linkedin.com\/company\/nita-labeling-equipment\/","https:\/\/www.youtube.com\/user\/nitacn","https:\/\/twitter.com\/Nita_labeling"],"logo":{"@type":"ImageObject","@id":"https:\/\/nitalabelingequipment.com\/#logo","inLanguage":"fr-FR","url":"https:\/\/nitalabelingequipment.com\/wp-content\/uploads\/2018\/07\/logo.jpg","contentUrl":"https:\/\/nitalabelingequipment.com\/wp-content\/uploads\/2018\/07\/logo.jpg","width":236,"height":127,"caption":"Nita Sentient Labeling Systems"},"image":{"@id":"https:\/\/nitalabelingequipment.com\/#logo"}},{"@type":"WebSite","@id":"https:\/\/nitalabelingequipment.com\/#website","url":"https:\/\/nitalabelingequipment.com\/","name":"Nita SENTIENT Labeling Systems","description":"Sentient Labeling System, Automatic Labeling Equipment","publisher":{"@id":"https:\/\/nitalabelingequipment.com\/#organization"},"potentialAction":[{"@type":"SearchAction","target":{"@type":"EntryPoint","urlTemplate":"https:\/\/nitalabelingequipment.com\/?s={search_term_string}"},"query-input":"required name=search_term_string"}],"inLanguage":"fr-FR"},{"@type":"ImageObject","@id":"https:\/\/nitalabelingequipment.com\/fr\/nitacare\/#primaryimage","inLanguage":"fr-FR","url":"https:\/\/nitalabelingequipment.com\/wp-content\/uploads\/2018\/10\/nitacare.png","contentUrl":"https:\/\/nitalabelingequipment.com\/wp-content\/uploads\/2018\/10\/nitacare.png","width":953,"height":541},{"@type":"WebPage","@id":"https:\/\/nitalabelingequipment.com\/fr\/nitacare\/#webpage","url":"https:\/\/nitalabelingequipment.com\/fr\/nitacare\/","name":"NitaCare Technical Support | The Best Support In the Labeling Business","isPartOf":{"@id":"https:\/\/nitalabelingequipment.com\/#website"},"primaryImageOfPage":{"@id":"https:\/\/nitalabelingequipment.com\/fr\/nitacare\/#primaryimage"},"datePublished":"2018-10-05T19:13:04+00:00","dateModified":"2025-03-13T21:09:30+00:00","description":"Our NitaCare support program ensures that when the (you know what) goes down Nita is there to get you back to production as quickly as possible!","breadcrumb":{"@id":"https:\/\/nitalabelingequipment.com\/fr\/nitacare\/#breadcrumb"},"inLanguage":"fr-FR","potentialAction":[{"@type":"ReadAction","target":["https:\/\/nitalabelingequipment.com\/fr\/nitacare\/"]}]},{"@type":"BreadcrumbList","@id":"https:\/\/nitalabelingequipment.com\/fr\/nitacare\/#breadcrumb","itemListElement":[{"@type":"ListItem","position":1,"name":"Home","item":"https:\/\/nitalabelingequipment.com\/fr\/"},{"@type":"ListItem","position":2,"name":"NitaCare Technical Support"}]}]}},"_links":{"self":[{"href":"https:\/\/nitalabelingequipment.com\/fr\/wp-json\/wp\/v2\/pages\/1406"}],"collection":[{"href":"https:\/\/nitalabelingequipment.com\/fr\/wp-json\/wp\/v2\/pages"}],"about":[{"href":"https:\/\/nitalabelingequipment.com\/fr\/wp-json\/wp\/v2\/types\/page"}],"author":[{"embeddable":true,"href":"https:\/\/nitalabelingequipment.com\/fr\/wp-json\/wp\/v2\/users\/5"}],"replies":[{"embeddable":true,"href":"https:\/\/nitalabelingequipment.com\/fr\/wp-json\/wp\/v2\/comments?post=1406"}],"version-history":[{"count":7,"href":"https:\/\/nitalabelingequipment.com\/fr\/wp-json\/wp\/v2\/pages\/1406\/revisions"}],"predecessor-version":[{"id":2849,"href":"https:\/\/nitalabelingequipment.com\/fr\/wp-json\/wp\/v2\/pages\/1406\/revisions\/2849"}],"wp:attachment":[{"href":"https:\/\/nitalabelingequipment.com\/fr\/wp-json\/wp\/v2\/media?parent=1406"}],"curies":[{"name":"wp","href":"https:\/\/api.w.org\/{rel}","templated":true}]}}