{"id":1408,"date":"2018-09-28T12:06:40","date_gmt":"2018-09-28T16:06:40","guid":{"rendered":"https:\/\/nitalabelingequipment.com\/overview-and-instructional-labeling-machine-videos\/"},"modified":"2021-02-19T17:45:25","modified_gmt":"2021-02-19T22:45:25","slug":"videos-de-presentation-et-dinstruction","status":"publish","type":"page","link":"https:\/\/nitalabelingequipment.com\/fr\/nita-in-action\/videos-de-presentation-et-dinstruction\/","title":{"rendered":"Vid\u00e9os de pr\u00e9sentation et d&rsquo;instruction"},"content":{"rendered":"[vc_row fullwidth=\u00a0\u00bbtrue\u00a0\u00bb][vc_column][mk_padding_divider size=\u00a0\u00bb60&Prime;][\/vc_column][\/vc_row][vc_row][vc_column][vc_column_text css=\u00a0\u00bb.vc_custom_1586957714006{margin-bottom: 0px !important;}\u00a0\u00bb]\n<h1>Vid\u00e9os de pr\u00e9sentation et d\u2019instructions<\/h1>\n<p>L&rsquo;engagement de Nita \u00e0 construire de l\u2019\u00e9quipement d&rsquo;\u00e9tiquetage incroyablement convivial diff\u00e9rencie vraiment nos machines de celles de nos comp\u00e9titeurs. Chaque machine Nita est dot\u00e9e d&rsquo;une ergonomie fonctionnelle et d&rsquo;une technologie de pointe. Regardez ces vid\u00e9os de machines d&rsquo;\u00e9tiquetage Nita en pleine action et voyez \u00e0 quel point nos machines sont d&rsquo;une facilit\u00e9 d&rsquo;utilisation impressionnante.[\/vc_column_text][\/vc_column][\/vc_row][vc_row][vc_column width=\u00a0\u00bb1\/3&Prime;][vc_video link=\u00a0\u00bbhttps:\/\/www.youtube.com\/watch?v=L-YtyPFDc-M\u00a0\u00bb custom_thumbnail=\u00a0\u00bbtrue\u00a0\u00bb thumbnail_image=\u00a0\u00bb423&Prime;][vc_column_text css=\u00a0\u00bb.vc_custom_1586957730338{margin-bottom: 0px !important;padding-top: 20px !important;}\u00a0\u00bb]Comment raccorder deux rouleaux d\u2019\u00e9tiquettes?[\/vc_column_text][\/vc_column][vc_column width=\u00a0\u00bb1\/3&Prime;][vc_video link=\u00a0\u00bbhttps:\/\/www.youtube.com\/watch?v=ucd3f02pa_E\u00a0\u00bb custom_thumbnail=\u00a0\u00bbtrue\u00a0\u00bb thumbnail_image=\u00a0\u00bb423&Prime;][vc_column_text css=\u00a0\u00bb.vc_custom_1586957737870{margin-bottom: 0px !important;padding-top: 20px !important;}\u00a0\u00bb]Qu\u2019est-ce que le syst\u00e8me d\u2019alignement Nita?[\/vc_column_text][\/vc_column][vc_column width=\u00a0\u00bb1\/3&Prime;][\/vc_column][\/vc_row][vc_row][vc_column][mk_padding_divider][\/vc_column][\/vc_row]\n","protected":false},"excerpt":{"rendered":"<p>[vc_row fullwidth=\u00a0\u00bbtrue\u00a0\u00bb][vc_column][mk_padding_divider size=\u00a0\u00bb60&Prime;][\/vc_column][\/vc_row][vc_row][vc_column][vc_column_text css=\u00a0\u00bb.vc_custom_1586957714006{margin-bottom: 0px !important;}\u00a0\u00bb] Vid\u00e9os de pr\u00e9sentation et d\u2019instructions L&rsquo;engagement de Nita \u00e0 construire de l\u2019\u00e9quipement d&rsquo;\u00e9tiquetage incroyablement convivial diff\u00e9rencie vraiment nos machines de celles de nos comp\u00e9titeurs. Chaque machine Nita est dot\u00e9e d&rsquo;une ergonomie fonctionnelle et d&rsquo;une technologie de pointe. Regardez ces vid\u00e9os de machines d&rsquo;\u00e9tiquetage Nita en pleine action et voyez [&hellip;]<\/p>\n","protected":false},"author":5,"featured_media":0,"parent":1437,"menu_order":0,"comment_status":"closed","ping_status":"closed","template":"","meta":[],"yoast_head":"<!-- This site is optimized with the Yoast SEO plugin v16.7 - https:\/\/yoast.com\/wordpress\/plugins\/seo\/ -->\n<title>Vid\u00e9os de pr\u00e9sentation et d\u2019instructions<\/title>\n<meta name=\"description\" content=\"L&#039;engagement de Nita \u00e0 construire de l\u2019\u00e9quipement d&#039;\u00e9tiquetage incroyablement convivial diff\u00e9rencie vraiment nos machines de celles de nos comp\u00e9titeurs.\" \/>\n<meta name=\"robots\" content=\"index, follow, max-snippet:-1, max-image-preview:large, max-video-preview:-1\" \/>\n<link rel=\"canonical\" href=\"https:\/\/nitalabelingequipment.com\/fr\/nita-in-action\/videos-de-presentation-et-dinstruction\/\" \/>\n<meta property=\"og:locale\" content=\"fr_FR\" \/>\n<meta property=\"og:type\" content=\"article\" \/>\n<meta property=\"og:title\" content=\"Vid\u00e9os de pr\u00e9sentation et d\u2019instructions\" \/>\n<meta property=\"og:description\" content=\"L&#039;engagement de Nita \u00e0 construire de l\u2019\u00e9quipement d&#039;\u00e9tiquetage incroyablement convivial diff\u00e9rencie vraiment nos machines de celles de nos comp\u00e9titeurs.\" \/>\n<meta property=\"og:url\" content=\"https:\/\/nitalabelingequipment.com\/fr\/nita-in-action\/videos-de-presentation-et-dinstruction\/\" \/>\n<meta property=\"og:site_name\" content=\"Nita SENTIENT Labeling Systems\" \/>\n<meta property=\"article:publisher\" content=\"https:\/\/www.facebook.com\/NitaLabeling\/\" \/>\n<meta property=\"article:modified_time\" content=\"2021-02-19T22:45:25+00:00\" \/>\n<meta property=\"og:image\" content=\"https:\/\/nitalabelingequipment.com\/wp-content\/uploads\/2018\/10\/nita-screenshot.jpg\" \/>\n\t<meta property=\"og:image:width\" content=\"1615\" \/>\n\t<meta property=\"og:image:height\" content=\"1615\" \/>\n<meta name=\"twitter:card\" content=\"summary_large_image\" \/>\n<meta name=\"twitter:site\" content=\"@Nita_labeling\" \/>\n<meta name=\"twitter:label1\" content=\"Dur\u00e9e de lecture est.\" \/>\n\t<meta name=\"twitter:data1\" content=\"1 minute\" \/>\n<script type=\"application\/ld+json\" class=\"yoast-schema-graph\">{\"@context\":\"https:\/\/schema.org\",\"@graph\":[{\"@type\":\"Organization\",\"@id\":\"https:\/\/nitalabelingequipment.com\/#organization\",\"name\":\"Nita Sentient Labeling Systems\",\"url\":\"https:\/\/nitalabelingequipment.com\/\",\"sameAs\":[\"https:\/\/www.facebook.com\/NitaLabeling\/\",\"https:\/\/www.linkedin.com\/company\/nita-labeling-equipment\/\",\"https:\/\/www.youtube.com\/user\/nitacn\",\"https:\/\/twitter.com\/Nita_labeling\"],\"logo\":{\"@type\":\"ImageObject\",\"@id\":\"https:\/\/nitalabelingequipment.com\/#logo\",\"inLanguage\":\"fr-FR\",\"url\":\"https:\/\/nitalabelingequipment.com\/wp-content\/uploads\/2018\/07\/logo.jpg\",\"contentUrl\":\"https:\/\/nitalabelingequipment.com\/wp-content\/uploads\/2018\/07\/logo.jpg\",\"width\":236,\"height\":127,\"caption\":\"Nita Sentient Labeling Systems\"},\"image\":{\"@id\":\"https:\/\/nitalabelingequipment.com\/#logo\"}},{\"@type\":\"WebSite\",\"@id\":\"https:\/\/nitalabelingequipment.com\/#website\",\"url\":\"https:\/\/nitalabelingequipment.com\/\",\"name\":\"Nita SENTIENT Labeling Systems\",\"description\":\"Sentient Labeling System, Automatic Labeling Equipment\",\"publisher\":{\"@id\":\"https:\/\/nitalabelingequipment.com\/#organization\"},\"potentialAction\":[{\"@type\":\"SearchAction\",\"target\":{\"@type\":\"EntryPoint\",\"urlTemplate\":\"https:\/\/nitalabelingequipment.com\/?s={search_term_string}\"},\"query-input\":\"required name=search_term_string\"}],\"inLanguage\":\"fr-FR\"},{\"@type\":\"WebPage\",\"@id\":\"https:\/\/nitalabelingequipment.com\/fr\/nita-in-action\/videos-de-presentation-et-dinstruction\/#webpage\",\"url\":\"https:\/\/nitalabelingequipment.com\/fr\/nita-in-action\/videos-de-presentation-et-dinstruction\/\",\"name\":\"Vid\\u00e9os de pr\\u00e9sentation et d\\u2019instructions\",\"isPartOf\":{\"@id\":\"https:\/\/nitalabelingequipment.com\/#website\"},\"datePublished\":\"2018-09-28T16:06:40+00:00\",\"dateModified\":\"2021-02-19T22:45:25+00:00\",\"description\":\"L'engagement de Nita \\u00e0 construire de l\\u2019\\u00e9quipement d'\\u00e9tiquetage incroyablement convivial diff\\u00e9rencie vraiment nos machines de celles de nos comp\\u00e9titeurs.\",\"breadcrumb\":{\"@id\":\"https:\/\/nitalabelingequipment.com\/fr\/nita-in-action\/videos-de-presentation-et-dinstruction\/#breadcrumb\"},\"inLanguage\":\"fr-FR\",\"potentialAction\":[{\"@type\":\"ReadAction\",\"target\":[\"https:\/\/nitalabelingequipment.com\/fr\/nita-in-action\/videos-de-presentation-et-dinstruction\/\"]}]},{\"@type\":\"BreadcrumbList\",\"@id\":\"https:\/\/nitalabelingequipment.com\/fr\/nita-in-action\/videos-de-presentation-et-dinstruction\/#breadcrumb\",\"itemListElement\":[{\"@type\":\"ListItem\",\"position\":1,\"name\":\"Home\",\"item\":\"https:\/\/nitalabelingequipment.com\/fr\/\"},{\"@type\":\"ListItem\",\"position\":2,\"name\":\"Nita in Action\",\"item\":\"https:\/\/nitalabelingequipment.com\/fr\/nita-in-action\/\"},{\"@type\":\"ListItem\",\"position\":3,\"name\":\"Vid\\u00e9os de pr\\u00e9sentation et d&#8217;instruction\"}]}]}<\/script>\n<!-- \/ Yoast SEO plugin. -->","yoast_head_json":{"title":"Vid\u00e9os de pr\u00e9sentation et d\u2019instructions","description":"L'engagement de Nita \u00e0 construire de l\u2019\u00e9quipement d'\u00e9tiquetage incroyablement convivial diff\u00e9rencie vraiment nos machines de celles de nos comp\u00e9titeurs.","robots":{"index":"index","follow":"follow","max-snippet":"max-snippet:-1","max-image-preview":"max-image-preview:large","max-video-preview":"max-video-preview:-1"},"canonical":"https:\/\/nitalabelingequipment.com\/fr\/nita-in-action\/videos-de-presentation-et-dinstruction\/","og_locale":"fr_FR","og_type":"article","og_title":"Vid\u00e9os de pr\u00e9sentation et d\u2019instructions","og_description":"L'engagement de Nita \u00e0 construire de l\u2019\u00e9quipement d'\u00e9tiquetage incroyablement convivial diff\u00e9rencie vraiment nos machines de celles de nos comp\u00e9titeurs.","og_url":"https:\/\/nitalabelingequipment.com\/fr\/nita-in-action\/videos-de-presentation-et-dinstruction\/","og_site_name":"Nita SENTIENT Labeling Systems","article_publisher":"https:\/\/www.facebook.com\/NitaLabeling\/","article_modified_time":"2021-02-19T22:45:25+00:00","og_image":[{"width":1615,"height":1615,"url":"https:\/\/nitalabelingequipment.com\/wp-content\/uploads\/2018\/10\/nita-screenshot.jpg","path":"\/home\/nitalabe\/public_html\/wp-content\/uploads\/2018\/10\/nita-screenshot.jpg","size":"full","id":653,"alt":"","pixels":2608225,"type":"image\/jpeg"}],"twitter_card":"summary_large_image","twitter_site":"@Nita_labeling","twitter_misc":{"Dur\u00e9e de lecture est.":"1 minute"},"schema":{"@context":"https:\/\/schema.org","@graph":[{"@type":"Organization","@id":"https:\/\/nitalabelingequipment.com\/#organization","name":"Nita Sentient Labeling Systems","url":"https:\/\/nitalabelingequipment.com\/","sameAs":["https:\/\/www.facebook.com\/NitaLabeling\/","https:\/\/www.linkedin.com\/company\/nita-labeling-equipment\/","https:\/\/www.youtube.com\/user\/nitacn","https:\/\/twitter.com\/Nita_labeling"],"logo":{"@type":"ImageObject","@id":"https:\/\/nitalabelingequipment.com\/#logo","inLanguage":"fr-FR","url":"https:\/\/nitalabelingequipment.com\/wp-content\/uploads\/2018\/07\/logo.jpg","contentUrl":"https:\/\/nitalabelingequipment.com\/wp-content\/uploads\/2018\/07\/logo.jpg","width":236,"height":127,"caption":"Nita Sentient Labeling Systems"},"image":{"@id":"https:\/\/nitalabelingequipment.com\/#logo"}},{"@type":"WebSite","@id":"https:\/\/nitalabelingequipment.com\/#website","url":"https:\/\/nitalabelingequipment.com\/","name":"Nita SENTIENT Labeling Systems","description":"Sentient Labeling System, Automatic Labeling Equipment","publisher":{"@id":"https:\/\/nitalabelingequipment.com\/#organization"},"potentialAction":[{"@type":"SearchAction","target":{"@type":"EntryPoint","urlTemplate":"https:\/\/nitalabelingequipment.com\/?s={search_term_string}"},"query-input":"required name=search_term_string"}],"inLanguage":"fr-FR"},{"@type":"WebPage","@id":"https:\/\/nitalabelingequipment.com\/fr\/nita-in-action\/videos-de-presentation-et-dinstruction\/#webpage","url":"https:\/\/nitalabelingequipment.com\/fr\/nita-in-action\/videos-de-presentation-et-dinstruction\/","name":"Vid\u00e9os de pr\u00e9sentation et d\u2019instructions","isPartOf":{"@id":"https:\/\/nitalabelingequipment.com\/#website"},"datePublished":"2018-09-28T16:06:40+00:00","dateModified":"2021-02-19T22:45:25+00:00","description":"L'engagement de Nita \u00e0 construire de l\u2019\u00e9quipement d'\u00e9tiquetage incroyablement convivial diff\u00e9rencie vraiment nos machines de celles de nos comp\u00e9titeurs.","breadcrumb":{"@id":"https:\/\/nitalabelingequipment.com\/fr\/nita-in-action\/videos-de-presentation-et-dinstruction\/#breadcrumb"},"inLanguage":"fr-FR","potentialAction":[{"@type":"ReadAction","target":["https:\/\/nitalabelingequipment.com\/fr\/nita-in-action\/videos-de-presentation-et-dinstruction\/"]}]},{"@type":"BreadcrumbList","@id":"https:\/\/nitalabelingequipment.com\/fr\/nita-in-action\/videos-de-presentation-et-dinstruction\/#breadcrumb","itemListElement":[{"@type":"ListItem","position":1,"name":"Home","item":"https:\/\/nitalabelingequipment.com\/fr\/"},{"@type":"ListItem","position":2,"name":"Nita in Action","item":"https:\/\/nitalabelingequipment.com\/fr\/nita-in-action\/"},{"@type":"ListItem","position":3,"name":"Vid\u00e9os de pr\u00e9sentation et d&#8217;instruction"}]}]}},"_links":{"self":[{"href":"https:\/\/nitalabelingequipment.com\/fr\/wp-json\/wp\/v2\/pages\/1408"}],"collection":[{"href":"https:\/\/nitalabelingequipment.com\/fr\/wp-json\/wp\/v2\/pages"}],"about":[{"href":"https:\/\/nitalabelingequipment.com\/fr\/wp-json\/wp\/v2\/types\/page"}],"author":[{"embeddable":true,"href":"https:\/\/nitalabelingequipment.com\/fr\/wp-json\/wp\/v2\/users\/5"}],"replies":[{"embeddable":true,"href":"https:\/\/nitalabelingequipment.com\/fr\/wp-json\/wp\/v2\/comments?post=1408"}],"version-history":[{"count":4,"href":"https:\/\/nitalabelingequipment.com\/fr\/wp-json\/wp\/v2\/pages\/1408\/revisions"}],"predecessor-version":[{"id":2037,"href":"https:\/\/nitalabelingequipment.com\/fr\/wp-json\/wp\/v2\/pages\/1408\/revisions\/2037"}],"up":[{"embeddable":true,"href":"https:\/\/nitalabelingequipment.com\/fr\/wp-json\/wp\/v2\/pages\/1437"}],"wp:attachment":[{"href":"https:\/\/nitalabelingequipment.com\/fr\/wp-json\/wp\/v2\/media?parent=1408"}],"curies":[{"name":"wp","href":"https:\/\/api.w.org\/{rel}","templated":true}]}}