{"id":1411,"date":"2018-09-28T12:03:19","date_gmt":"2018-09-28T16:03:19","guid":{"rendered":"https:\/\/nitalabelingequipment.com\/labeling-machine-videos-for-stand-alone-labelers\/"},"modified":"2021-02-19T17:45:05","modified_gmt":"2021-02-19T22:45:05","slug":"videos-de-machines-detiquetage-de-la-serie-autonome","status":"publish","type":"page","link":"https:\/\/nitalabelingequipment.com\/fr\/nita-in-action\/videos-de-machines-detiquetage-de-la-serie-autonome\/","title":{"rendered":"Vid\u00e9os de machines d&rsquo;\u00e9tiquetage de la s\u00e9rie Autonome"},"content":{"rendered":"[vc_row fullwidth=\u00a0\u00bbtrue\u00a0\u00bb][vc_column][mk_padding_divider size=\u00a0\u00bb60&Prime;][\/vc_column][\/vc_row][vc_row][vc_column][vc_column_text css=\u00a0\u00bb.vc_custom_1590007970455{margin-bottom: 0px !important;}\u00a0\u00bb]\n<h1>Vid\u00e9os de machines d&rsquo;\u00e9tiquetage de la s\u00e9rie Autonome<\/h1>\n<p>Les machines d&rsquo;\u00e9tiquetage de la s\u00e9rie Autonome sont con\u00e7ues pour permettre une flexibilit\u00e9 totale dans l&rsquo;application d\u2019\u00e9tiquettes pour ce qui est de la position des \u00e9tiquettes, l&rsquo;impression d&rsquo;information variable et l&rsquo;orientation des contenants. Placez-en une sur votre ligne de production et observez comment la t\u00eate servo-contr\u00f4l\u00e9e applique, imprime ou oriente votre \u00e9tiquette de mani\u00e8re constante et pr\u00e9cise \u00e0 chaque fois. De plus, notre machine autonome INFINITA est \u00e9galement pr\u00e9sent\u00e9e ci-dessous. Elle fonctionne sur n&rsquo;importe quel mod\u00e8le d&rsquo;\u00e9tiqueteuse de votre plancher![\/vc_column_text][\/vc_column][\/vc_row][vc_row][vc_column width=\u00a0\u00bb1\/3&Prime;][vc_video link=\u00a0\u00bbhttps:\/\/www.youtube.com\/watch?v=owTNs0MtqAE\u00a0\u00bb custom_thumbnail=\u00a0\u00bbtrue\u00a0\u00bb thumbnail_image=\u00a0\u00bb423&Prime;][vc_column_text css=\u00a0\u00bb.vc_custom_1586956619252{margin-bottom: 0px !important;padding-top: 20px !important;}\u00a0\u00bb]Application d\u2019\u00e9tiquettes par jet d\u2019air sur le couvercle de contenants[\/vc_column_text][\/vc_column][vc_column width=\u00a0\u00bb1\/3&Prime;][vc_video link=\u00a0\u00bbhttps:\/\/www.youtube.com\/watch?v=zXl7jlw2ahw\u00a0\u00bb custom_thumbnail=\u00a0\u00bbtrue\u00a0\u00bb thumbnail_image=\u00a0\u00bb423&Prime;][vc_column_text css=\u00a0\u00bb.vc_custom_1586956626232{margin-bottom: 0px !important;padding-top: 20px !important;}\u00a0\u00bb]Machine INFINITA en mode sans temps d\u2019arr\u00eat[\/vc_column_text][\/vc_column][vc_column width=\u00a0\u00bb1\/3&Prime;][vc_video link=\u00a0\u00bbhttps:\/\/www.youtube.com\/watch?v=7mQQIcDujb8&amp;t=\u00a0\u00bb custom_thumbnail=\u00a0\u00bbtrue\u00a0\u00bb thumbnail_image=\u00a0\u00bb423&Prime;][vc_column_text css=\u00a0\u00bb.vc_custom_1586956634146{margin-bottom: 0px !important;padding-top: 20px !important;}\u00a0\u00bb]Application d\u2019\u00e9tiquettes sur le dessus de bo\u00eetes[\/vc_column_text][\/vc_column][\/vc_row][vc_row][vc_column width=\u00a0\u00bb1\/3&Prime;][vc_video link=\u00a0\u00bbhttps:\/\/www.youtube.com\/watch?v=C7VFhuHrTPw\u00a0\u00bb custom_thumbnail=\u00a0\u00bbtrue\u00a0\u00bb thumbnail_image=\u00a0\u00bb423&Prime;][vc_column_text css=\u00a0\u00bb.vc_custom_1586956640323{margin-bottom: 0px !important;padding-top: 20px !important;}\u00a0\u00bb]Syst\u00e8me d&rsquo;orientation autonome[\/vc_column_text][\/vc_column][vc_column width=\u00a0\u00bb1\/3&Prime;][\/vc_column][vc_column width=\u00a0\u00bb1\/3&Prime;][\/vc_column][\/vc_row][vc_row][vc_column][mk_padding_divider][\/vc_column][\/vc_row]\n","protected":false},"excerpt":{"rendered":"<p>[vc_row fullwidth=\u00a0\u00bbtrue\u00a0\u00bb][vc_column][mk_padding_divider size=\u00a0\u00bb60&Prime;][\/vc_column][\/vc_row][vc_row][vc_column][vc_column_text css=\u00a0\u00bb.vc_custom_1590007970455{margin-bottom: 0px !important;}\u00a0\u00bb] Vid\u00e9os de machines d&rsquo;\u00e9tiquetage de la s\u00e9rie Autonome Les machines d&rsquo;\u00e9tiquetage de la s\u00e9rie Autonome sont con\u00e7ues pour permettre une flexibilit\u00e9 totale dans l&rsquo;application d\u2019\u00e9tiquettes pour ce qui est de la position des \u00e9tiquettes, l&rsquo;impression d&rsquo;information variable et l&rsquo;orientation des contenants. Placez-en une sur votre ligne de production et [&hellip;]<\/p>\n","protected":false},"author":5,"featured_media":0,"parent":1437,"menu_order":0,"comment_status":"closed","ping_status":"closed","template":"","meta":[],"yoast_head":"<!-- This site is optimized with the Yoast SEO plugin v16.7 - https:\/\/yoast.com\/wordpress\/plugins\/seo\/ -->\n<title>Vid\u00e9os de machines d&#039;\u00e9tiquetage de la s\u00e9rie Autonome<\/title>\n<meta name=\"description\" content=\"Les machines d&#039;\u00e9tiquetage de la s\u00e9rie Autonomes Nita sont con\u00e7ues pour permettre une flexibilit\u00e9 totale dans l&#039;application d\u2019\u00e9tiquettes en termes de position des \u00e9tiquettes, d&#039;impression d&#039;information variable et d&#039;orientation des contenants.\" \/>\n<meta name=\"robots\" content=\"index, follow, max-snippet:-1, max-image-preview:large, max-video-preview:-1\" \/>\n<link rel=\"canonical\" href=\"https:\/\/nitalabelingequipment.com\/fr\/nita-in-action\/videos-de-machines-detiquetage-de-la-serie-autonome\/\" \/>\n<meta property=\"og:locale\" content=\"fr_FR\" \/>\n<meta property=\"og:type\" content=\"article\" \/>\n<meta property=\"og:title\" content=\"Vid\u00e9os de machines d&#039;\u00e9tiquetage de la s\u00e9rie Autonome\" \/>\n<meta property=\"og:description\" content=\"Les machines d&#039;\u00e9tiquetage de la s\u00e9rie Autonomes Nita sont con\u00e7ues pour permettre une flexibilit\u00e9 totale dans l&#039;application d\u2019\u00e9tiquettes en termes de position des \u00e9tiquettes, d&#039;impression d&#039;information variable et d&#039;orientation des contenants.\" \/>\n<meta property=\"og:url\" content=\"https:\/\/nitalabelingequipment.com\/fr\/nita-in-action\/videos-de-machines-detiquetage-de-la-serie-autonome\/\" \/>\n<meta property=\"og:site_name\" content=\"Nita SENTIENT Labeling Systems\" \/>\n<meta property=\"article:publisher\" content=\"https:\/\/www.facebook.com\/NitaLabeling\/\" \/>\n<meta property=\"article:modified_time\" content=\"2021-02-19T22:45:05+00:00\" \/>\n<meta property=\"og:image\" content=\"https:\/\/nitalabelingequipment.com\/wp-content\/uploads\/2018\/10\/nita-screenshot.jpg\" \/>\n\t<meta property=\"og:image:width\" content=\"1615\" \/>\n\t<meta property=\"og:image:height\" content=\"1615\" \/>\n<meta name=\"twitter:card\" content=\"summary_large_image\" \/>\n<meta name=\"twitter:site\" content=\"@Nita_labeling\" \/>\n<meta name=\"twitter:label1\" content=\"Dur\u00e9e de lecture est.\" \/>\n\t<meta name=\"twitter:data1\" content=\"2 minutes\" \/>\n<script type=\"application\/ld+json\" class=\"yoast-schema-graph\">{\"@context\":\"https:\/\/schema.org\",\"@graph\":[{\"@type\":\"Organization\",\"@id\":\"https:\/\/nitalabelingequipment.com\/#organization\",\"name\":\"Nita Sentient Labeling Systems\",\"url\":\"https:\/\/nitalabelingequipment.com\/\",\"sameAs\":[\"https:\/\/www.facebook.com\/NitaLabeling\/\",\"https:\/\/www.linkedin.com\/company\/nita-labeling-equipment\/\",\"https:\/\/www.youtube.com\/user\/nitacn\",\"https:\/\/twitter.com\/Nita_labeling\"],\"logo\":{\"@type\":\"ImageObject\",\"@id\":\"https:\/\/nitalabelingequipment.com\/#logo\",\"inLanguage\":\"fr-FR\",\"url\":\"https:\/\/nitalabelingequipment.com\/wp-content\/uploads\/2018\/07\/logo.jpg\",\"contentUrl\":\"https:\/\/nitalabelingequipment.com\/wp-content\/uploads\/2018\/07\/logo.jpg\",\"width\":236,\"height\":127,\"caption\":\"Nita Sentient Labeling Systems\"},\"image\":{\"@id\":\"https:\/\/nitalabelingequipment.com\/#logo\"}},{\"@type\":\"WebSite\",\"@id\":\"https:\/\/nitalabelingequipment.com\/#website\",\"url\":\"https:\/\/nitalabelingequipment.com\/\",\"name\":\"Nita SENTIENT Labeling Systems\",\"description\":\"Sentient Labeling System, Automatic Labeling Equipment\",\"publisher\":{\"@id\":\"https:\/\/nitalabelingequipment.com\/#organization\"},\"potentialAction\":[{\"@type\":\"SearchAction\",\"target\":{\"@type\":\"EntryPoint\",\"urlTemplate\":\"https:\/\/nitalabelingequipment.com\/?s={search_term_string}\"},\"query-input\":\"required name=search_term_string\"}],\"inLanguage\":\"fr-FR\"},{\"@type\":\"WebPage\",\"@id\":\"https:\/\/nitalabelingequipment.com\/fr\/nita-in-action\/videos-de-machines-detiquetage-de-la-serie-autonome\/#webpage\",\"url\":\"https:\/\/nitalabelingequipment.com\/fr\/nita-in-action\/videos-de-machines-detiquetage-de-la-serie-autonome\/\",\"name\":\"Vid\\u00e9os de machines d'\\u00e9tiquetage de la s\\u00e9rie Autonome\",\"isPartOf\":{\"@id\":\"https:\/\/nitalabelingequipment.com\/#website\"},\"datePublished\":\"2018-09-28T16:03:19+00:00\",\"dateModified\":\"2021-02-19T22:45:05+00:00\",\"description\":\"Les machines d'\\u00e9tiquetage de la s\\u00e9rie Autonomes Nita sont con\\u00e7ues pour permettre une flexibilit\\u00e9 totale dans l'application d\\u2019\\u00e9tiquettes en termes de position des \\u00e9tiquettes, d'impression d'information variable et d'orientation des contenants.\",\"breadcrumb\":{\"@id\":\"https:\/\/nitalabelingequipment.com\/fr\/nita-in-action\/videos-de-machines-detiquetage-de-la-serie-autonome\/#breadcrumb\"},\"inLanguage\":\"fr-FR\",\"potentialAction\":[{\"@type\":\"ReadAction\",\"target\":[\"https:\/\/nitalabelingequipment.com\/fr\/nita-in-action\/videos-de-machines-detiquetage-de-la-serie-autonome\/\"]}]},{\"@type\":\"BreadcrumbList\",\"@id\":\"https:\/\/nitalabelingequipment.com\/fr\/nita-in-action\/videos-de-machines-detiquetage-de-la-serie-autonome\/#breadcrumb\",\"itemListElement\":[{\"@type\":\"ListItem\",\"position\":1,\"name\":\"Home\",\"item\":\"https:\/\/nitalabelingequipment.com\/fr\/\"},{\"@type\":\"ListItem\",\"position\":2,\"name\":\"Nita in Action\",\"item\":\"https:\/\/nitalabelingequipment.com\/fr\/nita-in-action\/\"},{\"@type\":\"ListItem\",\"position\":3,\"name\":\"Vid\\u00e9os de machines d&#8217;\\u00e9tiquetage de la s\\u00e9rie Autonome\"}]}]}<\/script>\n<!-- \/ Yoast SEO plugin. -->","yoast_head_json":{"title":"Vid\u00e9os de machines d'\u00e9tiquetage de la s\u00e9rie Autonome","description":"Les machines d'\u00e9tiquetage de la s\u00e9rie Autonomes Nita sont con\u00e7ues pour permettre une flexibilit\u00e9 totale dans l'application d\u2019\u00e9tiquettes en termes de position des \u00e9tiquettes, d'impression d'information variable et d'orientation des contenants.","robots":{"index":"index","follow":"follow","max-snippet":"max-snippet:-1","max-image-preview":"max-image-preview:large","max-video-preview":"max-video-preview:-1"},"canonical":"https:\/\/nitalabelingequipment.com\/fr\/nita-in-action\/videos-de-machines-detiquetage-de-la-serie-autonome\/","og_locale":"fr_FR","og_type":"article","og_title":"Vid\u00e9os de machines d'\u00e9tiquetage de la s\u00e9rie Autonome","og_description":"Les machines d'\u00e9tiquetage de la s\u00e9rie Autonomes Nita sont con\u00e7ues pour permettre une flexibilit\u00e9 totale dans l'application d\u2019\u00e9tiquettes en termes de position des \u00e9tiquettes, d'impression d'information variable et d'orientation des contenants.","og_url":"https:\/\/nitalabelingequipment.com\/fr\/nita-in-action\/videos-de-machines-detiquetage-de-la-serie-autonome\/","og_site_name":"Nita SENTIENT Labeling Systems","article_publisher":"https:\/\/www.facebook.com\/NitaLabeling\/","article_modified_time":"2021-02-19T22:45:05+00:00","og_image":[{"width":1615,"height":1615,"url":"https:\/\/nitalabelingequipment.com\/wp-content\/uploads\/2018\/10\/nita-screenshot.jpg","path":"\/home\/nitalabe\/public_html\/wp-content\/uploads\/2018\/10\/nita-screenshot.jpg","size":"full","id":653,"alt":"","pixels":2608225,"type":"image\/jpeg"}],"twitter_card":"summary_large_image","twitter_site":"@Nita_labeling","twitter_misc":{"Dur\u00e9e de lecture est.":"2 minutes"},"schema":{"@context":"https:\/\/schema.org","@graph":[{"@type":"Organization","@id":"https:\/\/nitalabelingequipment.com\/#organization","name":"Nita Sentient Labeling Systems","url":"https:\/\/nitalabelingequipment.com\/","sameAs":["https:\/\/www.facebook.com\/NitaLabeling\/","https:\/\/www.linkedin.com\/company\/nita-labeling-equipment\/","https:\/\/www.youtube.com\/user\/nitacn","https:\/\/twitter.com\/Nita_labeling"],"logo":{"@type":"ImageObject","@id":"https:\/\/nitalabelingequipment.com\/#logo","inLanguage":"fr-FR","url":"https:\/\/nitalabelingequipment.com\/wp-content\/uploads\/2018\/07\/logo.jpg","contentUrl":"https:\/\/nitalabelingequipment.com\/wp-content\/uploads\/2018\/07\/logo.jpg","width":236,"height":127,"caption":"Nita Sentient Labeling Systems"},"image":{"@id":"https:\/\/nitalabelingequipment.com\/#logo"}},{"@type":"WebSite","@id":"https:\/\/nitalabelingequipment.com\/#website","url":"https:\/\/nitalabelingequipment.com\/","name":"Nita SENTIENT Labeling Systems","description":"Sentient Labeling System, Automatic Labeling Equipment","publisher":{"@id":"https:\/\/nitalabelingequipment.com\/#organization"},"potentialAction":[{"@type":"SearchAction","target":{"@type":"EntryPoint","urlTemplate":"https:\/\/nitalabelingequipment.com\/?s={search_term_string}"},"query-input":"required name=search_term_string"}],"inLanguage":"fr-FR"},{"@type":"WebPage","@id":"https:\/\/nitalabelingequipment.com\/fr\/nita-in-action\/videos-de-machines-detiquetage-de-la-serie-autonome\/#webpage","url":"https:\/\/nitalabelingequipment.com\/fr\/nita-in-action\/videos-de-machines-detiquetage-de-la-serie-autonome\/","name":"Vid\u00e9os de machines d'\u00e9tiquetage de la s\u00e9rie Autonome","isPartOf":{"@id":"https:\/\/nitalabelingequipment.com\/#website"},"datePublished":"2018-09-28T16:03:19+00:00","dateModified":"2021-02-19T22:45:05+00:00","description":"Les machines d'\u00e9tiquetage de la s\u00e9rie Autonomes Nita sont con\u00e7ues pour permettre une flexibilit\u00e9 totale dans l'application d\u2019\u00e9tiquettes en termes de position des \u00e9tiquettes, d'impression d'information variable et d'orientation des contenants.","breadcrumb":{"@id":"https:\/\/nitalabelingequipment.com\/fr\/nita-in-action\/videos-de-machines-detiquetage-de-la-serie-autonome\/#breadcrumb"},"inLanguage":"fr-FR","potentialAction":[{"@type":"ReadAction","target":["https:\/\/nitalabelingequipment.com\/fr\/nita-in-action\/videos-de-machines-detiquetage-de-la-serie-autonome\/"]}]},{"@type":"BreadcrumbList","@id":"https:\/\/nitalabelingequipment.com\/fr\/nita-in-action\/videos-de-machines-detiquetage-de-la-serie-autonome\/#breadcrumb","itemListElement":[{"@type":"ListItem","position":1,"name":"Home","item":"https:\/\/nitalabelingequipment.com\/fr\/"},{"@type":"ListItem","position":2,"name":"Nita in Action","item":"https:\/\/nitalabelingequipment.com\/fr\/nita-in-action\/"},{"@type":"ListItem","position":3,"name":"Vid\u00e9os de machines d&#8217;\u00e9tiquetage de la s\u00e9rie Autonome"}]}]}},"_links":{"self":[{"href":"https:\/\/nitalabelingequipment.com\/fr\/wp-json\/wp\/v2\/pages\/1411"}],"collection":[{"href":"https:\/\/nitalabelingequipment.com\/fr\/wp-json\/wp\/v2\/pages"}],"about":[{"href":"https:\/\/nitalabelingequipment.com\/fr\/wp-json\/wp\/v2\/types\/page"}],"author":[{"embeddable":true,"href":"https:\/\/nitalabelingequipment.com\/fr\/wp-json\/wp\/v2\/users\/5"}],"replies":[{"embeddable":true,"href":"https:\/\/nitalabelingequipment.com\/fr\/wp-json\/wp\/v2\/comments?post=1411"}],"version-history":[{"count":5,"href":"https:\/\/nitalabelingequipment.com\/fr\/wp-json\/wp\/v2\/pages\/1411\/revisions"}],"predecessor-version":[{"id":2036,"href":"https:\/\/nitalabelingequipment.com\/fr\/wp-json\/wp\/v2\/pages\/1411\/revisions\/2036"}],"up":[{"embeddable":true,"href":"https:\/\/nitalabelingequipment.com\/fr\/wp-json\/wp\/v2\/pages\/1437"}],"wp:attachment":[{"href":"https:\/\/nitalabelingequipment.com\/fr\/wp-json\/wp\/v2\/media?parent=1411"}],"curies":[{"name":"wp","href":"https:\/\/api.w.org\/{rel}","templated":true}]}}