{"id":1438,"date":"2018-09-25T12:16:45","date_gmt":"2018-09-25T16:16:45","guid":{"rendered":"https:\/\/nitalabelingequipment.com\/locate-us\/"},"modified":"2021-02-19T17:31:44","modified_gmt":"2021-02-19T22:31:44","slug":"localisation","status":"publish","type":"page","link":"https:\/\/nitalabelingequipment.com\/fr\/contactez-nous\/localisation\/","title":{"rendered":"Localisation"},"content":{"rendered":"[vc_row fullwidth=\u00a0\u00bbtrue\u00a0\u00bb][vc_column][mk_padding_divider size=\u00a0\u00bb60&Prime;][\/vc_column][\/vc_row][vc_row][vc_column][vc_column_text css=\u00a0\u00bb.vc_custom_1586539024177{margin-bottom: 0px !important;padding-bottom: 20px !important;}\u00a0\u00bb]\n<h1>Localisation et itin\u00e9raire<\/h1>\n<p>Notre si\u00e8ge social est situ\u00e9 pr\u00e8s de la belle ville de Montr\u00e9al, au Qu\u00e9bec (Canada). Nous avons des bureaux de ventes et de soutien ainsi que des agents en Am\u00e9rique du Nord et du Sud. Appelez-nous d\u00e8s aujourd&rsquo;hui et nous ferons le n\u00e9cessaire pour qu&rsquo;un repr\u00e9sentant local vous contacte imm\u00e9diatement.[\/vc_column_text][\/vc_column][\/vc_row][vc_row][vc_column width=\u00a0\u00bb1\/3&Prime;][vc_column_text css=\u00a0\u00bb.vc_custom_1586539081727{margin-bottom: 0px !important;padding-bottom: 20px !important;}\u00a0\u00bb]1051, rue du Viger<br \/>\nTerrebonne, Qu\u00e9bec<br \/>\nCanada J6W 6B6<\/p>\n<p><strong>Besoin d&rsquo;aide pour un achat?<\/strong><br \/>\n<strong>(devis le jour m\u00eame)<\/strong><br \/>\n1.855.668.<span style=\"color: #f37426;\">NITA<\/span>(6482)<br \/>\nSales@nita.ca<\/p>\n<p><strong>Besoin de soutien technique? <\/strong><br \/>\n1.877.961.4008 poste 243[\/vc_column_text][\/vc_column][vc_column width=\u00a0\u00bb2\/3&Prime;][vc_gmaps link=\u00a0\u00bb#E-8_JTNDaWZyYW1lJTIwc3JjJTNEJTIyaHR0cHMlM0ElMkYlMkZ3d3cuZ29vZ2xlLmNvbSUyRm1hcHMlMkZlbWJlZCUzRnBiJTNEJTIxMW0xOCUyMTFtMTIlMjExbTMlMjExZDI3ODUuODg3ODc5ODQ5NjE1MyUyMTJkLTczLjYyMzQ4Njk4NDA2MTg0JTIxM2Q0NS43MTMyODYwNzkxMDQ2NTUlMjEybTMlMjExZjAlMjEyZjAlMjEzZjAlMjEzbTIlMjExaTEwMjQlMjEyaTc2OCUyMTRmMTMuMSUyMTNtMyUyMTFtMiUyMTFzMHg0Y2M4ZGU3NDEzMjIyYjg1JTI1M0EweDQ5YjQxMDI4NjBhMDk0MTclMjEyczEwNTElMkJSdWUlMkJMZSUyQlZpZ2VyJTI1MkMlMkJUZXJyZWJvbm5lJTI1MkMlMkJRQyUyQko2VyUyQjZCNiUyMTVlMCUyMTNtMiUyMTFzZW4lMjEyc2NhJTIxNHYxNTM3ODkyMDk3NDAxJTIyJTIwd2lkdGglM0QlMjI2MDAlMjIlMjBoZWlnaHQlM0QlMjI0NTAlMjIlMjBmcmFtZWJvcmRlciUzRCUyMjAlMjIlMjBzdHlsZSUzRCUyMmJvcmRlciUzQTAlMjIlMjBhbGxvd2Z1bGxzY3JlZW4lM0UlM0MlMkZpZnJhbWUlM0U=\u00a0\u00bb][\/vc_column][\/vc_row][vc_row][vc_column][mk_padding_divider][\/vc_column][\/vc_row]\n","protected":false},"excerpt":{"rendered":"<p>[vc_row fullwidth=\u00a0\u00bbtrue\u00a0\u00bb][vc_column][mk_padding_divider size=\u00a0\u00bb60&Prime;][\/vc_column][\/vc_row][vc_row][vc_column][vc_column_text css=\u00a0\u00bb.vc_custom_1586539024177{margin-bottom: 0px !important;padding-bottom: 20px !important;}\u00a0\u00bb] Localisation et itin\u00e9raire Notre si\u00e8ge social est situ\u00e9 pr\u00e8s de la belle ville de Montr\u00e9al, au Qu\u00e9bec (Canada). Nous avons des bureaux de ventes et de soutien ainsi que des agents en Am\u00e9rique du Nord et du Sud. Appelez-nous d\u00e8s aujourd&rsquo;hui et nous ferons le n\u00e9cessaire pour [&hellip;]<\/p>\n","protected":false},"author":5,"featured_media":0,"parent":1439,"menu_order":0,"comment_status":"closed","ping_status":"closed","template":"","meta":[],"yoast_head":"<!-- This site is optimized with the Yoast SEO plugin v16.7 - https:\/\/yoast.com\/wordpress\/plugins\/seo\/ -->\n<title>Location &amp; Directions<\/title>\n<meta name=\"description\" content=\"Our head office is located near beautiful Montreal, in Quebec Canada. We also have support and sales offices and agents throughout North and South America.\" \/>\n<meta name=\"robots\" content=\"index, follow, max-snippet:-1, max-image-preview:large, max-video-preview:-1\" \/>\n<link rel=\"canonical\" href=\"https:\/\/nitalabelingequipment.com\/fr\/contactez-nous\/localisation\/\" \/>\n<meta property=\"og:locale\" content=\"fr_FR\" \/>\n<meta property=\"og:type\" content=\"article\" \/>\n<meta property=\"og:title\" content=\"Location &amp; Directions\" \/>\n<meta property=\"og:description\" content=\"Our head office is located near beautiful Montreal, in Quebec Canada. We also have support and sales offices and agents throughout North and South America.\" \/>\n<meta property=\"og:url\" content=\"https:\/\/nitalabelingequipment.com\/fr\/contactez-nous\/localisation\/\" \/>\n<meta property=\"og:site_name\" content=\"Nita SENTIENT Labeling Systems\" \/>\n<meta property=\"article:publisher\" content=\"https:\/\/www.facebook.com\/NitaLabeling\/\" \/>\n<meta property=\"article:modified_time\" content=\"2021-02-19T22:31:44+00:00\" \/>\n<meta property=\"og:image\" content=\"https:\/\/nitalabelingequipment.com\/wp-content\/uploads\/2018\/10\/nita-screenshot.jpg\" \/>\n\t<meta property=\"og:image:width\" content=\"1615\" \/>\n\t<meta property=\"og:image:height\" content=\"1615\" \/>\n<meta name=\"twitter:card\" content=\"summary_large_image\" \/>\n<meta name=\"twitter:site\" content=\"@Nita_labeling\" \/>\n<meta name=\"twitter:label1\" content=\"Dur\u00e9e de lecture est.\" \/>\n\t<meta name=\"twitter:data1\" content=\"1 minute\" \/>\n<script type=\"application\/ld+json\" class=\"yoast-schema-graph\">{\"@context\":\"https:\/\/schema.org\",\"@graph\":[{\"@type\":\"Organization\",\"@id\":\"https:\/\/nitalabelingequipment.com\/#organization\",\"name\":\"Nita Sentient Labeling Systems\",\"url\":\"https:\/\/nitalabelingequipment.com\/\",\"sameAs\":[\"https:\/\/www.facebook.com\/NitaLabeling\/\",\"https:\/\/www.linkedin.com\/company\/nita-labeling-equipment\/\",\"https:\/\/www.youtube.com\/user\/nitacn\",\"https:\/\/twitter.com\/Nita_labeling\"],\"logo\":{\"@type\":\"ImageObject\",\"@id\":\"https:\/\/nitalabelingequipment.com\/#logo\",\"inLanguage\":\"fr-FR\",\"url\":\"https:\/\/nitalabelingequipment.com\/wp-content\/uploads\/2018\/07\/logo.jpg\",\"contentUrl\":\"https:\/\/nitalabelingequipment.com\/wp-content\/uploads\/2018\/07\/logo.jpg\",\"width\":236,\"height\":127,\"caption\":\"Nita Sentient Labeling Systems\"},\"image\":{\"@id\":\"https:\/\/nitalabelingequipment.com\/#logo\"}},{\"@type\":\"WebSite\",\"@id\":\"https:\/\/nitalabelingequipment.com\/#website\",\"url\":\"https:\/\/nitalabelingequipment.com\/\",\"name\":\"Nita SENTIENT Labeling Systems\",\"description\":\"Sentient Labeling System, Automatic Labeling Equipment\",\"publisher\":{\"@id\":\"https:\/\/nitalabelingequipment.com\/#organization\"},\"potentialAction\":[{\"@type\":\"SearchAction\",\"target\":{\"@type\":\"EntryPoint\",\"urlTemplate\":\"https:\/\/nitalabelingequipment.com\/?s={search_term_string}\"},\"query-input\":\"required name=search_term_string\"}],\"inLanguage\":\"fr-FR\"},{\"@type\":\"WebPage\",\"@id\":\"https:\/\/nitalabelingequipment.com\/fr\/contactez-nous\/localisation\/#webpage\",\"url\":\"https:\/\/nitalabelingequipment.com\/fr\/contactez-nous\/localisation\/\",\"name\":\"Location & Directions\",\"isPartOf\":{\"@id\":\"https:\/\/nitalabelingequipment.com\/#website\"},\"datePublished\":\"2018-09-25T16:16:45+00:00\",\"dateModified\":\"2021-02-19T22:31:44+00:00\",\"description\":\"Our head office is located near beautiful Montreal, in Quebec Canada. We also have support and sales offices and agents throughout North and South America.\",\"breadcrumb\":{\"@id\":\"https:\/\/nitalabelingequipment.com\/fr\/contactez-nous\/localisation\/#breadcrumb\"},\"inLanguage\":\"fr-FR\",\"potentialAction\":[{\"@type\":\"ReadAction\",\"target\":[\"https:\/\/nitalabelingequipment.com\/fr\/contactez-nous\/localisation\/\"]}]},{\"@type\":\"BreadcrumbList\",\"@id\":\"https:\/\/nitalabelingequipment.com\/fr\/contactez-nous\/localisation\/#breadcrumb\",\"itemListElement\":[{\"@type\":\"ListItem\",\"position\":1,\"name\":\"Home\",\"item\":\"https:\/\/nitalabelingequipment.com\/fr\/\"},{\"@type\":\"ListItem\",\"position\":2,\"name\":\"Contact\",\"item\":\"https:\/\/nitalabelingequipment.com\/fr\/contactez-nous\/\"},{\"@type\":\"ListItem\",\"position\":3,\"name\":\"Localisation\"}]}]}<\/script>\n<!-- \/ Yoast SEO plugin. -->","yoast_head_json":{"title":"Location & Directions","description":"Our head office is located near beautiful Montreal, in Quebec Canada. We also have support and sales offices and agents throughout North and South America.","robots":{"index":"index","follow":"follow","max-snippet":"max-snippet:-1","max-image-preview":"max-image-preview:large","max-video-preview":"max-video-preview:-1"},"canonical":"https:\/\/nitalabelingequipment.com\/fr\/contactez-nous\/localisation\/","og_locale":"fr_FR","og_type":"article","og_title":"Location & Directions","og_description":"Our head office is located near beautiful Montreal, in Quebec Canada. We also have support and sales offices and agents throughout North and South America.","og_url":"https:\/\/nitalabelingequipment.com\/fr\/contactez-nous\/localisation\/","og_site_name":"Nita SENTIENT Labeling Systems","article_publisher":"https:\/\/www.facebook.com\/NitaLabeling\/","article_modified_time":"2021-02-19T22:31:44+00:00","og_image":[{"width":1615,"height":1615,"url":"https:\/\/nitalabelingequipment.com\/wp-content\/uploads\/2018\/10\/nita-screenshot.jpg","path":"\/home\/nitalabe\/public_html\/wp-content\/uploads\/2018\/10\/nita-screenshot.jpg","size":"full","id":653,"alt":"","pixels":2608225,"type":"image\/jpeg"}],"twitter_card":"summary_large_image","twitter_site":"@Nita_labeling","twitter_misc":{"Dur\u00e9e de lecture est.":"1 minute"},"schema":{"@context":"https:\/\/schema.org","@graph":[{"@type":"Organization","@id":"https:\/\/nitalabelingequipment.com\/#organization","name":"Nita Sentient Labeling Systems","url":"https:\/\/nitalabelingequipment.com\/","sameAs":["https:\/\/www.facebook.com\/NitaLabeling\/","https:\/\/www.linkedin.com\/company\/nita-labeling-equipment\/","https:\/\/www.youtube.com\/user\/nitacn","https:\/\/twitter.com\/Nita_labeling"],"logo":{"@type":"ImageObject","@id":"https:\/\/nitalabelingequipment.com\/#logo","inLanguage":"fr-FR","url":"https:\/\/nitalabelingequipment.com\/wp-content\/uploads\/2018\/07\/logo.jpg","contentUrl":"https:\/\/nitalabelingequipment.com\/wp-content\/uploads\/2018\/07\/logo.jpg","width":236,"height":127,"caption":"Nita Sentient Labeling Systems"},"image":{"@id":"https:\/\/nitalabelingequipment.com\/#logo"}},{"@type":"WebSite","@id":"https:\/\/nitalabelingequipment.com\/#website","url":"https:\/\/nitalabelingequipment.com\/","name":"Nita SENTIENT Labeling Systems","description":"Sentient Labeling System, Automatic Labeling Equipment","publisher":{"@id":"https:\/\/nitalabelingequipment.com\/#organization"},"potentialAction":[{"@type":"SearchAction","target":{"@type":"EntryPoint","urlTemplate":"https:\/\/nitalabelingequipment.com\/?s={search_term_string}"},"query-input":"required name=search_term_string"}],"inLanguage":"fr-FR"},{"@type":"WebPage","@id":"https:\/\/nitalabelingequipment.com\/fr\/contactez-nous\/localisation\/#webpage","url":"https:\/\/nitalabelingequipment.com\/fr\/contactez-nous\/localisation\/","name":"Location & Directions","isPartOf":{"@id":"https:\/\/nitalabelingequipment.com\/#website"},"datePublished":"2018-09-25T16:16:45+00:00","dateModified":"2021-02-19T22:31:44+00:00","description":"Our head office is located near beautiful Montreal, in Quebec Canada. We also have support and sales offices and agents throughout North and South America.","breadcrumb":{"@id":"https:\/\/nitalabelingequipment.com\/fr\/contactez-nous\/localisation\/#breadcrumb"},"inLanguage":"fr-FR","potentialAction":[{"@type":"ReadAction","target":["https:\/\/nitalabelingequipment.com\/fr\/contactez-nous\/localisation\/"]}]},{"@type":"BreadcrumbList","@id":"https:\/\/nitalabelingequipment.com\/fr\/contactez-nous\/localisation\/#breadcrumb","itemListElement":[{"@type":"ListItem","position":1,"name":"Home","item":"https:\/\/nitalabelingequipment.com\/fr\/"},{"@type":"ListItem","position":2,"name":"Contact","item":"https:\/\/nitalabelingequipment.com\/fr\/contactez-nous\/"},{"@type":"ListItem","position":3,"name":"Localisation"}]}]}},"_links":{"self":[{"href":"https:\/\/nitalabelingequipment.com\/fr\/wp-json\/wp\/v2\/pages\/1438"}],"collection":[{"href":"https:\/\/nitalabelingequipment.com\/fr\/wp-json\/wp\/v2\/pages"}],"about":[{"href":"https:\/\/nitalabelingequipment.com\/fr\/wp-json\/wp\/v2\/types\/page"}],"author":[{"embeddable":true,"href":"https:\/\/nitalabelingequipment.com\/fr\/wp-json\/wp\/v2\/users\/5"}],"replies":[{"embeddable":true,"href":"https:\/\/nitalabelingequipment.com\/fr\/wp-json\/wp\/v2\/comments?post=1438"}],"version-history":[{"count":4,"href":"https:\/\/nitalabelingequipment.com\/fr\/wp-json\/wp\/v2\/pages\/1438\/revisions"}],"predecessor-version":[{"id":2010,"href":"https:\/\/nitalabelingequipment.com\/fr\/wp-json\/wp\/v2\/pages\/1438\/revisions\/2010"}],"up":[{"embeddable":true,"href":"https:\/\/nitalabelingequipment.com\/fr\/wp-json\/wp\/v2\/pages\/1439"}],"wp:attachment":[{"href":"https:\/\/nitalabelingequipment.com\/fr\/wp-json\/wp\/v2\/media?parent=1438"}],"curies":[{"name":"wp","href":"https:\/\/api.w.org\/{rel}","templated":true}]}}