{"id":1439,"date":"2018-09-25T12:00:12","date_gmt":"2018-09-25T16:00:12","guid":{"rendered":"https:\/\/nitalabelingequipment.com\/contact\/"},"modified":"2025-05-23T13:05:53","modified_gmt":"2025-05-23T17:05:53","slug":"contactez-nous","status":"publish","type":"page","link":"https:\/\/nitalabelingequipment.com\/fr\/contactez-nous\/","title":{"rendered":"Contact"},"content":{"rendered":"[vc_row fullwidth=\u00a0\u00bbtrue\u00a0\u00bb][vc_column][mk_padding_divider size=\u00a0\u00bb60&Prime;][\/vc_column][\/vc_row][vc_row][vc_column][vc_column_text css=\u00a0\u00bb.vc_custom_1586445737184{margin-bottom: 0px !important;padding-bottom: 20px !important;}\u00a0\u00bb]\n<h1>Contactez-nous<\/h1>\n[\/vc_column_text][\/vc_column][\/vc_row][vc_row][vc_column width=\u00a0\u00bb1\/3&Prime;][vc_column_text css=\u00a0\u00bb.vc_custom_1748019773322{margin-bottom: 0px !important;}\u00a0\u00bb]<strong>Pi\u00e8ces et soutien technique<\/strong><br \/>\n1.877.961.4008 poste 243<br \/>\n<a href=\"mailto:parts@nitalabelingsystems.zohodesk.com\">partsorder@nita.ca<\/a> <strong><br \/>\n<\/strong>[\/vc_column_text][\/vc_column][vc_column width=\u00a0\u00bb1\/3&Prime;][vc_column_text css=\u00a0\u00bb.vc_custom_1748019806110{margin-bottom: 0px !important;}\u00a0\u00bb]<strong>Ventes (devis le jour m\u00eame!)<\/strong><br \/>\n<span data-teams=\"true\">514-984-8741<\/span><br \/>\n<a href=\"mailto:sales@nita.ca\">sales@nita.ca<\/a> <strong><br \/>\n<\/strong>[\/vc_column_text][\/vc_column][vc_column width=\u00a0\u00bb1\/3&Prime;][vc_column_text css=\u00a0\u00bb.vc_custom_1586445783265{margin-bottom: 0px !important;}\u00a0\u00bb]<strong>Bureau et administration<br \/>\n<\/strong>T. 450.961.4000<br \/>\nF. 450.961.4240<strong><br \/>\n<\/strong>[\/vc_column_text][\/vc_column][\/vc_row][vc_row][vc_column][mk_padding_divider size=\u00a0\u00bb30&Prime;][vc_column_text css=\u00a0\u00bb.vc_custom_1586445822189{margin-bottom: 0px !important;}\u00a0\u00bb]\n<h2>Coordonn\u00e9es de l&rsquo;\u00e9quipe de gestion<\/h2>\n<p><em>Ne devriez-vous pas pouvoir appeler absolument N&rsquo;IMPORTE QUI dans une entreprise sur laquelle vous comptez?<\/em> C&rsquo;est ce que nous pensons aussi. C&rsquo;est pourquoi nous avons indiqu\u00e9 ci-dessous les coordonn\u00e9es de notre \u00e9quipe de direction. Appelez-les![\/vc_column_text][\/vc_column][\/vc_row][vc_row][vc_column width=\u00a0\u00bb1\/2&Prime;][vc_column_text css=\u00a0\u00bb.vc_custom_1748019831043{margin-bottom: 0px !important;}\u00a0\u00bb]<strong>Charles Magnan, B.Eng.,\u00a0M.Sc.<br \/>\n<\/strong>Pr\u00e9sident &amp; CEO<br \/>\nT\u00e9l : 450.961.4000 | poste 228<br \/>\n<a href=\"mailto:cmagnan@nita.ca\">cmagnan@nita.ca<\/a><\/p>\n<p><strong>Luc Harvey<br \/>\n<\/strong>Chef de l\u2019ing\u00e9nierie<br \/>\nT\u00e9l : 450.961.4000 | poste 222<br \/>\n<a href=\"mailto:lharvey@nita.ca\">lharvey@nita.ca<\/a><\/p>\n<p>Comptabilit\u00e9 et administration<br \/>\nT\u00e9l : 450.961.4000\u00a0 |\u00a0 poste 236[\/vc_column_text][\/vc_column][vc_column width=\u00a0\u00bb1\/2&Prime;][vc_column_text css=\u00a0\u00bb.vc_custom_1748019925857{margin-bottom: 0px !important;}\u00a0\u00bb]<strong>Yosra Grichi, M.Sc., Ph.D<br \/>\n<\/strong>Directrice executive des op\u00e9rations<br \/>\nT\u00e9l.: 450.961.4000\u00a0 |\u00a0 Ext 248<br \/>\n<a href=\"mailto:ygrichi@nita.ca\">ygrichi@nita.ca<\/a><\/p>\n<p><strong>Ken Hubscher<br \/>\n<\/strong>Chef du d\u00e9veloppement des affaires et comptes strat\u00e9giques<br \/>\nT\u00e9l : 450.961.4000\u00a0 |\u00a0 poste 233<br \/>\n<a href=\"mailto:kenh@nita.ca\">kenh@nita.ca<\/a>[\/vc_column_text][\/vc_column][\/vc_row][vc_row][vc_column][vc_column_text css=\u00a0\u00bb.vc_custom_1586445995171{margin-bottom: 0px !important;}\u00a0\u00bb]Contactez-nous, nous sommes heureux de vous aider!<\/p>\n<p><span style=\"font-family: Caveat; font-size: 28px;\">&#8211; L&rsquo;\u00e9quipe <span style=\"color: #f48124;\">Nita<\/span><\/span>[\/vc_column_text][\/vc_column][\/vc_row][vc_row][vc_column][mk_padding_divider][\/vc_column][\/vc_row]\n","protected":false},"excerpt":{"rendered":"<p>[vc_row fullwidth=\u00a0\u00bbtrue\u00a0\u00bb][vc_column][mk_padding_divider size=\u00a0\u00bb60&Prime;][\/vc_column][\/vc_row][vc_row][vc_column][vc_column_text css=\u00a0\u00bb.vc_custom_1586445737184{margin-bottom: 0px !important;padding-bottom: 20px !important;}\u00a0\u00bb] Contactez-nous [\/vc_column_text][\/vc_column][\/vc_row][vc_row][vc_column width=\u00a0\u00bb1\/3&Prime;][vc_column_text css=\u00a0\u00bb.vc_custom_1748019773322{margin-bottom: 0px !important;}\u00a0\u00bb]Pi\u00e8ces et soutien technique 1.877.961.4008 poste 243 partsorder@nita.ca [\/vc_column_text][\/vc_column][vc_column width=\u00a0\u00bb1\/3&Prime;][vc_column_text css=\u00a0\u00bb.vc_custom_1748019806110{margin-bottom: 0px !important;}\u00a0\u00bb]Ventes (devis le jour m\u00eame!) 514-984-8741 sales@nita.ca [\/vc_column_text][\/vc_column][vc_column width=\u00a0\u00bb1\/3&Prime;][vc_column_text css=\u00a0\u00bb.vc_custom_1586445783265{margin-bottom: 0px !important;}\u00a0\u00bb]Bureau et administration T. 450.961.4000 F. 450.961.4240 [\/vc_column_text][\/vc_column][\/vc_row][vc_row][vc_column][mk_padding_divider size=\u00a0\u00bb30&Prime;][vc_column_text css=\u00a0\u00bb.vc_custom_1586445822189{margin-bottom: 0px !important;}\u00a0\u00bb] Coordonn\u00e9es de l&rsquo;\u00e9quipe de gestion Ne devriez-vous [&hellip;]<\/p>\n","protected":false},"author":5,"featured_media":0,"parent":0,"menu_order":0,"comment_status":"closed","ping_status":"closed","template":"","meta":[],"yoast_head":"<!-- This site is optimized with the Yoast SEO plugin v16.7 - https:\/\/yoast.com\/wordpress\/plugins\/seo\/ -->\n<title>Contact Nita | Labeling Machines and Systems Company<\/title>\n<meta name=\"description\" content=\"Contact Nita Labeling Machines and Systems Company. Phone, address, and other contact information for Nita advanced labeling machines and systems.\" \/>\n<meta name=\"robots\" content=\"index, follow, max-snippet:-1, max-image-preview:large, max-video-preview:-1\" \/>\n<link rel=\"canonical\" href=\"https:\/\/nitalabelingequipment.com\/fr\/contactez-nous\/\" \/>\n<meta property=\"og:locale\" content=\"fr_FR\" \/>\n<meta property=\"og:type\" content=\"article\" \/>\n<meta property=\"og:title\" content=\"Contact Nita | Labeling Machines and Systems Company\" \/>\n<meta property=\"og:description\" content=\"Contact Nita Labeling Machines and Systems Company. Phone, address, and other contact information for Nita advanced labeling machines and systems.\" \/>\n<meta property=\"og:url\" content=\"https:\/\/nitalabelingequipment.com\/fr\/contactez-nous\/\" \/>\n<meta property=\"og:site_name\" content=\"Nita SENTIENT Labeling Systems\" \/>\n<meta property=\"article:publisher\" content=\"https:\/\/www.facebook.com\/NitaLabeling\/\" \/>\n<meta property=\"article:modified_time\" content=\"2025-05-23T17:05:53+00:00\" \/>\n<meta property=\"og:image\" content=\"https:\/\/nitalabelingequipment.com\/wp-content\/uploads\/2018\/10\/nita-screenshot.jpg\" \/>\n\t<meta property=\"og:image:width\" content=\"1615\" \/>\n\t<meta property=\"og:image:height\" content=\"1615\" \/>\n<meta name=\"twitter:card\" content=\"summary_large_image\" \/>\n<meta name=\"twitter:site\" content=\"@Nita_labeling\" \/>\n<meta name=\"twitter:label1\" content=\"Dur\u00e9e de lecture est.\" \/>\n\t<meta name=\"twitter:data1\" content=\"1 minute\" \/>\n<script type=\"application\/ld+json\" class=\"yoast-schema-graph\">{\"@context\":\"https:\/\/schema.org\",\"@graph\":[{\"@type\":\"Organization\",\"@id\":\"https:\/\/nitalabelingequipment.com\/#organization\",\"name\":\"Nita Sentient Labeling Systems\",\"url\":\"https:\/\/nitalabelingequipment.com\/\",\"sameAs\":[\"https:\/\/www.facebook.com\/NitaLabeling\/\",\"https:\/\/www.linkedin.com\/company\/nita-labeling-equipment\/\",\"https:\/\/www.youtube.com\/user\/nitacn\",\"https:\/\/twitter.com\/Nita_labeling\"],\"logo\":{\"@type\":\"ImageObject\",\"@id\":\"https:\/\/nitalabelingequipment.com\/#logo\",\"inLanguage\":\"fr-FR\",\"url\":\"https:\/\/nitalabelingequipment.com\/wp-content\/uploads\/2018\/07\/logo.jpg\",\"contentUrl\":\"https:\/\/nitalabelingequipment.com\/wp-content\/uploads\/2018\/07\/logo.jpg\",\"width\":236,\"height\":127,\"caption\":\"Nita Sentient Labeling Systems\"},\"image\":{\"@id\":\"https:\/\/nitalabelingequipment.com\/#logo\"}},{\"@type\":\"WebSite\",\"@id\":\"https:\/\/nitalabelingequipment.com\/#website\",\"url\":\"https:\/\/nitalabelingequipment.com\/\",\"name\":\"Nita SENTIENT Labeling Systems\",\"description\":\"Sentient Labeling System, Automatic Labeling Equipment\",\"publisher\":{\"@id\":\"https:\/\/nitalabelingequipment.com\/#organization\"},\"potentialAction\":[{\"@type\":\"SearchAction\",\"target\":{\"@type\":\"EntryPoint\",\"urlTemplate\":\"https:\/\/nitalabelingequipment.com\/?s={search_term_string}\"},\"query-input\":\"required name=search_term_string\"}],\"inLanguage\":\"fr-FR\"},{\"@type\":\"WebPage\",\"@id\":\"https:\/\/nitalabelingequipment.com\/fr\/contactez-nous\/#webpage\",\"url\":\"https:\/\/nitalabelingequipment.com\/fr\/contactez-nous\/\",\"name\":\"Contact Nita | Labeling Machines and Systems Company\",\"isPartOf\":{\"@id\":\"https:\/\/nitalabelingequipment.com\/#website\"},\"datePublished\":\"2018-09-25T16:00:12+00:00\",\"dateModified\":\"2025-05-23T17:05:53+00:00\",\"description\":\"Contact Nita Labeling Machines and Systems Company. Phone, address, and other contact information for Nita advanced labeling machines and systems.\",\"breadcrumb\":{\"@id\":\"https:\/\/nitalabelingequipment.com\/fr\/contactez-nous\/#breadcrumb\"},\"inLanguage\":\"fr-FR\",\"potentialAction\":[{\"@type\":\"ReadAction\",\"target\":[\"https:\/\/nitalabelingequipment.com\/fr\/contactez-nous\/\"]}]},{\"@type\":\"BreadcrumbList\",\"@id\":\"https:\/\/nitalabelingequipment.com\/fr\/contactez-nous\/#breadcrumb\",\"itemListElement\":[{\"@type\":\"ListItem\",\"position\":1,\"name\":\"Home\",\"item\":\"https:\/\/nitalabelingequipment.com\/fr\/\"},{\"@type\":\"ListItem\",\"position\":2,\"name\":\"Contact\"}]}]}<\/script>\n<!-- \/ Yoast SEO plugin. -->","yoast_head_json":{"title":"Contact Nita | Labeling Machines and Systems Company","description":"Contact Nita Labeling Machines and Systems Company. Phone, address, and other contact information for Nita advanced labeling machines and systems.","robots":{"index":"index","follow":"follow","max-snippet":"max-snippet:-1","max-image-preview":"max-image-preview:large","max-video-preview":"max-video-preview:-1"},"canonical":"https:\/\/nitalabelingequipment.com\/fr\/contactez-nous\/","og_locale":"fr_FR","og_type":"article","og_title":"Contact Nita | Labeling Machines and Systems Company","og_description":"Contact Nita Labeling Machines and Systems Company. Phone, address, and other contact information for Nita advanced labeling machines and systems.","og_url":"https:\/\/nitalabelingequipment.com\/fr\/contactez-nous\/","og_site_name":"Nita SENTIENT Labeling Systems","article_publisher":"https:\/\/www.facebook.com\/NitaLabeling\/","article_modified_time":"2025-05-23T17:05:53+00:00","og_image":[{"width":1615,"height":1615,"url":"https:\/\/nitalabelingequipment.com\/wp-content\/uploads\/2018\/10\/nita-screenshot.jpg","path":"\/home\/nitalabe\/public_html\/wp-content\/uploads\/2018\/10\/nita-screenshot.jpg","size":"full","id":653,"alt":"","pixels":2608225,"type":"image\/jpeg"}],"twitter_card":"summary_large_image","twitter_site":"@Nita_labeling","twitter_misc":{"Dur\u00e9e de lecture est.":"1 minute"},"schema":{"@context":"https:\/\/schema.org","@graph":[{"@type":"Organization","@id":"https:\/\/nitalabelingequipment.com\/#organization","name":"Nita Sentient Labeling Systems","url":"https:\/\/nitalabelingequipment.com\/","sameAs":["https:\/\/www.facebook.com\/NitaLabeling\/","https:\/\/www.linkedin.com\/company\/nita-labeling-equipment\/","https:\/\/www.youtube.com\/user\/nitacn","https:\/\/twitter.com\/Nita_labeling"],"logo":{"@type":"ImageObject","@id":"https:\/\/nitalabelingequipment.com\/#logo","inLanguage":"fr-FR","url":"https:\/\/nitalabelingequipment.com\/wp-content\/uploads\/2018\/07\/logo.jpg","contentUrl":"https:\/\/nitalabelingequipment.com\/wp-content\/uploads\/2018\/07\/logo.jpg","width":236,"height":127,"caption":"Nita Sentient Labeling Systems"},"image":{"@id":"https:\/\/nitalabelingequipment.com\/#logo"}},{"@type":"WebSite","@id":"https:\/\/nitalabelingequipment.com\/#website","url":"https:\/\/nitalabelingequipment.com\/","name":"Nita SENTIENT Labeling Systems","description":"Sentient Labeling System, Automatic Labeling Equipment","publisher":{"@id":"https:\/\/nitalabelingequipment.com\/#organization"},"potentialAction":[{"@type":"SearchAction","target":{"@type":"EntryPoint","urlTemplate":"https:\/\/nitalabelingequipment.com\/?s={search_term_string}"},"query-input":"required name=search_term_string"}],"inLanguage":"fr-FR"},{"@type":"WebPage","@id":"https:\/\/nitalabelingequipment.com\/fr\/contactez-nous\/#webpage","url":"https:\/\/nitalabelingequipment.com\/fr\/contactez-nous\/","name":"Contact Nita | Labeling Machines and Systems Company","isPartOf":{"@id":"https:\/\/nitalabelingequipment.com\/#website"},"datePublished":"2018-09-25T16:00:12+00:00","dateModified":"2025-05-23T17:05:53+00:00","description":"Contact Nita Labeling Machines and Systems Company. Phone, address, and other contact information for Nita advanced labeling machines and systems.","breadcrumb":{"@id":"https:\/\/nitalabelingequipment.com\/fr\/contactez-nous\/#breadcrumb"},"inLanguage":"fr-FR","potentialAction":[{"@type":"ReadAction","target":["https:\/\/nitalabelingequipment.com\/fr\/contactez-nous\/"]}]},{"@type":"BreadcrumbList","@id":"https:\/\/nitalabelingequipment.com\/fr\/contactez-nous\/#breadcrumb","itemListElement":[{"@type":"ListItem","position":1,"name":"Home","item":"https:\/\/nitalabelingequipment.com\/fr\/"},{"@type":"ListItem","position":2,"name":"Contact"}]}]}},"_links":{"self":[{"href":"https:\/\/nitalabelingequipment.com\/fr\/wp-json\/wp\/v2\/pages\/1439"}],"collection":[{"href":"https:\/\/nitalabelingequipment.com\/fr\/wp-json\/wp\/v2\/pages"}],"about":[{"href":"https:\/\/nitalabelingequipment.com\/fr\/wp-json\/wp\/v2\/types\/page"}],"author":[{"embeddable":true,"href":"https:\/\/nitalabelingequipment.com\/fr\/wp-json\/wp\/v2\/users\/5"}],"replies":[{"embeddable":true,"href":"https:\/\/nitalabelingequipment.com\/fr\/wp-json\/wp\/v2\/comments?post=1439"}],"version-history":[{"count":15,"href":"https:\/\/nitalabelingequipment.com\/fr\/wp-json\/wp\/v2\/pages\/1439\/revisions"}],"predecessor-version":[{"id":2911,"href":"https:\/\/nitalabelingequipment.com\/fr\/wp-json\/wp\/v2\/pages\/1439\/revisions\/2911"}],"wp:attachment":[{"href":"https:\/\/nitalabelingequipment.com\/fr\/wp-json\/wp\/v2\/media?parent=1439"}],"curies":[{"name":"wp","href":"https:\/\/api.w.org\/{rel}","templated":true}]}}