{"id":1441,"date":"2018-09-20T15:03:03","date_gmt":"2018-09-20T19:03:03","guid":{"rendered":"https:\/\/nitalabelingequipment.com\/mantra-and-history\/"},"modified":"2025-06-04T12:56:51","modified_gmt":"2025-06-04T16:56:51","slug":"mantra-et-histoire","status":"publish","type":"page","link":"https:\/\/nitalabelingequipment.com\/fr\/aboutnitalabelingmachines\/mantra-et-histoire\/","title":{"rendered":"Mantra et histoire"},"content":{"rendered":"[vc_row fullwidth=\u00a0\u00bbtrue\u00a0\u00bb][vc_column][mk_padding_divider size=\u00a0\u00bb60&Prime;][\/vc_column][\/vc_row][vc_row][vc_column][vc_column_text css=\u00a0\u00bb.vc_custom_1749056134584{margin-bottom: 0px !important;}\u00a0\u00bb]\n<h1>Innovation en mati\u00e8re de machines d&rsquo;\u00e9tiquetage automatique<\/h1>\n<p><strong>Ce que vous attendez d&rsquo;une machine d\u2019\u00e9tiquetage&#8230; et de son fabricant<\/strong><\/p>\n<p>Nous comprenons ce que vous voulez d\u2019une machine d\u2019\u00e9tiquetage. C&rsquo;est assez simple. Elle doit \u00eatre facile \u00e0 utiliser, fiable et simple \u00e0 entretenir. Et du soutien technique doit \u00eatre disponible quand vous en avez besoin.<\/p>\n<p>Et c&rsquo;est exactement ce que Nita vous propose!<\/p>\n<h1>Notre mantra<\/h1>\n<p>Responsabilit\u00e9. Int\u00e9grit\u00e9. Honneur. Humilit\u00e9. R\u00e9sultats. C\u2019est ce qui motive et pousse chaque employ\u00e9 de Nita \u00e0 construire les meilleurs syst\u00e8mes d&rsquo;\u00e9tiquetage. <span style=\"color: #f26522;\"><strong>Votre satisfaction est garantie \u00e0 100%.<\/strong><\/span><\/p>\n<p><strong>Pour la petite histoire: construire la meilleure machine d&rsquo;\u00e9tiquetage automatique de l\u2019industrie<\/strong><\/p>\n<p>L&rsquo;histoire de Nita a commenc\u00e9 en 2002 lorsque M. Normand Lord a achet\u00e9 une entreprise de fabrication de plaques d&rsquo;impression (\u00e9galement appel\u00e9e Nita), qu&rsquo;il a continu\u00e9 \u00e0 d\u00e9velopper. Peu de temps apr\u00e8s, l\u2019occasion s\u2019est pr\u00e9sent\u00e9e pour acheter une petite entreprise de machines d&rsquo;\u00e9tiquetage de M. Luc Harvey (Luc est actuellement chef de l&rsquo;ing\u00e9nierie et l&rsquo;un des propri\u00e9taires de Nita).<\/p>\n<p><strong><img loading=\"lazy\" class=\"alignright wp-image-1513 size-full\" src=\"https:\/\/nitalabelingequipment.com\/wp-content\/uploads\/2020\/04\/about-bubble-fr.jpg\" alt=\"\" width=\"418\" height=\"267\" srcset=\"https:\/\/nitalabelingequipment.com\/wp-content\/uploads\/2020\/04\/about-bubble-fr.jpg 418w, https:\/\/nitalabelingequipment.com\/wp-content\/uploads\/2020\/04\/about-bubble-fr-300x192.jpg 300w\" sizes=\"(max-width: 418px) 100vw, 418px\" \/><\/strong>Ensemble, ils ont identifi\u00e9 de graves lacunes dans les \u00e9tiqueteuses automatiques existantes, qu&rsquo;ils savaient pouvoir corriger. Ils ont entrepris de construire une meilleure machine d&rsquo;\u00e9tiquetage en d\u00e9finissant de nouvelles normes dans l&rsquo;industrie en termes d&rsquo;avancement technologique et de simplicit\u00e9 op\u00e9rationnelle.<\/p>\n<p><strong>Ce n&rsquo;est pas une simple machine d\u2019\u00e9tiquetage, c&rsquo;est une Nita<br \/>\n<\/strong><\/p>\n<p>Aux yeux de Normand et Luc, les machines d\u2019\u00e9tiquetage de l&rsquo;\u00e9poque (et encore aujourd\u2019hui!) avaient plusieurs faiblesses. Elles utilisaient des technologies plut\u00f4t d\u00e9su\u00e8tes qui rendaient les machines inutilement difficiles \u00e0 utiliser et \u00e0 entretenir. Luc et Normand ont compris que pour devenir le meilleur fabricant de machines d\u2019\u00e9tiquetage de l&rsquo;industrie, ils devaient r\u00e9soudre ces probl\u00e8mes et produire un <span style=\"color: #f26522;\"><strong>meilleur syst\u00e8me d&rsquo;\u00e9tiquetage<\/strong><\/span>.<\/p>\n<p>Investissant fortement dans la recherche et le d\u00e9veloppement, Normand et Luc ont d\u00e9velopp\u00e9 ce qui a \u00e9t\u00e9 la base du syst\u00e8me moderne d&rsquo;application d&rsquo;\u00e9tiquettes Nita. Construites uniquement avec des technologies de pointe, tels que des servomoteurs et des contr\u00f4leurs programmables g\u00e9r\u00e9s par un logiciel 100% non propri\u00e9taire, ces nouvelles machines d\u2019\u00e9tiquetage ont \u00e9t\u00e9 con\u00e7ues pour maximiser le temps de production. Synchronisation des vitesses, syst\u00e8mes de changement intuitifs et composantes de rechange faciles \u00e0 obtenir sont autant d&rsquo;\u00e9l\u00e9ments qui rendent l\u2019achat et l&rsquo;utilisation de ces machines si avantageux.<\/p>\n<p><strong>Le nouveau joueur dans le domaine de l\u2019\u00e9tiquetage<\/strong><\/p>\n<p>Nita est la plus r\u00e9cente entreprise de fabrication de machines d\u2019\u00e9tiquetage mais a rapidement \u00e9t\u00e9 reconnue dans le monde entier pour ses machines robustes et faciles \u00e0 utiliser.<\/p>\n<p>Aujourd&rsquo;hui, Nita est l&rsquo;entreprise domestique de machines d&rsquo;\u00e9tiquetage qui conna\u00eet la plus forte croissance en Am\u00e9rique du Nord.<\/p>\n<p><strong>Coup de foudre<\/strong><\/p>\n<p>Pourquoi les gens aiment-ils leurs machines d\u2019\u00e9tiquetage Nita? Parce que nos machines sont con\u00e7ues pour r\u00e9soudre les probl\u00e8mes que les autres manufacturiers ont ignor\u00e9s. Nous sommes les principaux innovateurs de l&rsquo;industrie. Nita a cr\u00e9\u00e9 <span style=\"color: #f37426;\">les premi\u00e8res machines d&rsquo;\u00e9tiquetage domestiques enti\u00e8rement synchronis\u00e9es<\/span>.<\/p>\n<p>Des concurrents chevronn\u00e9s l&rsquo;ont remarqu\u00e9 et ils essaient maintenant de rattraper leur retard. L&rsquo;imitation \u00e9tant la plus sinc\u00e8re des flatteries, nous sommes extr\u00eamement flatt\u00e9s de voir d&rsquo;autres entreprises essayer d\u00e9sesp\u00e9r\u00e9ment de r\u00e9pliquer et m\u00eame de RESSEMBLER \u00e0 une Nita. Nos innovations constantes les inciteront certainement \u00e0 continuer d\u2019essayer longtemps!<\/p>\n<p><strong>Bon (non&#8230;MEILLEUR) soutien technique<\/strong><\/p>\n<p>Pour construire une meilleure machine d\u2019\u00e9tiquetage, vous devez vous y investir totalement.<\/p>\n<p>C&rsquo;est pourquoi <span style=\"color: #f26522;\"><strong>le soutien \u00e0 distance NitaCare <\/strong><\/span>fait partie de notre engagement ind\u00e9fectible \u00e0 offrir le meilleur service client dans le domaine des machines d\u2019\u00e9tiquetage.<\/p>\n<p>Voyez par vous-m\u00eame pourquoi les machines d\u2019\u00e9tiquetage Nita sont les plus faciles \u00e0 utiliser, les plus fiables et les plus polyvalentes au monde.[\/vc_column_text][\/vc_column][\/vc_row][vc_row][vc_column][mk_padding_divider][\/vc_column][\/vc_row]\n","protected":false},"excerpt":{"rendered":"<p>[vc_row fullwidth=\u00a0\u00bbtrue\u00a0\u00bb][vc_column][mk_padding_divider size=\u00a0\u00bb60&Prime;][\/vc_column][\/vc_row][vc_row][vc_column][vc_column_text css=\u00a0\u00bb.vc_custom_1749056134584{margin-bottom: 0px !important;}\u00a0\u00bb] Innovation en mati\u00e8re de machines d&rsquo;\u00e9tiquetage automatique Ce que vous attendez d&rsquo;une machine d\u2019\u00e9tiquetage&#8230; et de son fabricant Nous comprenons ce que vous voulez d\u2019une machine d\u2019\u00e9tiquetage. C&rsquo;est assez simple. Elle doit \u00eatre facile \u00e0 utiliser, fiable et simple \u00e0 entretenir. Et du soutien technique doit \u00eatre disponible quand [&hellip;]<\/p>\n","protected":false},"author":5,"featured_media":0,"parent":1476,"menu_order":0,"comment_status":"closed","ping_status":"closed","template":"","meta":[],"yoast_head":"<!-- This site is optimized with the Yoast SEO plugin v16.7 - https:\/\/yoast.com\/wordpress\/plugins\/seo\/ -->\n<title>Innovation en mati\u00e8re de machines d\u2019\u00e9tiquetage automatique<\/title>\n<meta name=\"description\" content=\"Nous comprenons ce que vous voulez d\u2019une machine d\u2019\u00e9tiquetage. Elle doit \u00eatre facile \u00e0 utiliser, fiable et simple \u00e0 entretenir.\" \/>\n<meta name=\"robots\" content=\"index, follow, max-snippet:-1, max-image-preview:large, max-video-preview:-1\" \/>\n<link rel=\"canonical\" href=\"https:\/\/nitalabelingequipment.com\/fr\/aboutnitalabelingmachines\/mantra-et-histoire\/\" \/>\n<meta property=\"og:locale\" content=\"fr_FR\" \/>\n<meta property=\"og:type\" content=\"article\" \/>\n<meta property=\"og:title\" content=\"Innovation en mati\u00e8re de machines d\u2019\u00e9tiquetage automatique\" \/>\n<meta property=\"og:description\" content=\"Nous comprenons ce que vous voulez d\u2019une machine d\u2019\u00e9tiquetage. Elle doit \u00eatre facile \u00e0 utiliser, fiable et simple \u00e0 entretenir.\" \/>\n<meta property=\"og:url\" content=\"https:\/\/nitalabelingequipment.com\/fr\/aboutnitalabelingmachines\/mantra-et-histoire\/\" \/>\n<meta property=\"og:site_name\" content=\"Nita SENTIENT Labeling Systems\" \/>\n<meta property=\"article:publisher\" content=\"https:\/\/www.facebook.com\/NitaLabeling\/\" \/>\n<meta property=\"article:modified_time\" content=\"2025-06-04T16:56:51+00:00\" \/>\n<meta property=\"og:image\" content=\"https:\/\/nitalabelingequipment.com\/wp-content\/uploads\/2020\/04\/about-bubble-fr.jpg\" \/>\n<meta name=\"twitter:card\" content=\"summary_large_image\" \/>\n<meta name=\"twitter:site\" content=\"@Nita_labeling\" \/>\n<meta name=\"twitter:label1\" content=\"Dur\u00e9e de lecture est.\" \/>\n\t<meta name=\"twitter:data1\" content=\"3 minutes\" \/>\n<script type=\"application\/ld+json\" class=\"yoast-schema-graph\">{\"@context\":\"https:\/\/schema.org\",\"@graph\":[{\"@type\":\"Organization\",\"@id\":\"https:\/\/nitalabelingequipment.com\/#organization\",\"name\":\"Nita Sentient Labeling Systems\",\"url\":\"https:\/\/nitalabelingequipment.com\/\",\"sameAs\":[\"https:\/\/www.facebook.com\/NitaLabeling\/\",\"https:\/\/www.linkedin.com\/company\/nita-labeling-equipment\/\",\"https:\/\/www.youtube.com\/user\/nitacn\",\"https:\/\/twitter.com\/Nita_labeling\"],\"logo\":{\"@type\":\"ImageObject\",\"@id\":\"https:\/\/nitalabelingequipment.com\/#logo\",\"inLanguage\":\"fr-FR\",\"url\":\"https:\/\/nitalabelingequipment.com\/wp-content\/uploads\/2018\/07\/logo.jpg\",\"contentUrl\":\"https:\/\/nitalabelingequipment.com\/wp-content\/uploads\/2018\/07\/logo.jpg\",\"width\":236,\"height\":127,\"caption\":\"Nita Sentient Labeling Systems\"},\"image\":{\"@id\":\"https:\/\/nitalabelingequipment.com\/#logo\"}},{\"@type\":\"WebSite\",\"@id\":\"https:\/\/nitalabelingequipment.com\/#website\",\"url\":\"https:\/\/nitalabelingequipment.com\/\",\"name\":\"Nita SENTIENT Labeling Systems\",\"description\":\"Sentient Labeling System, Automatic Labeling Equipment\",\"publisher\":{\"@id\":\"https:\/\/nitalabelingequipment.com\/#organization\"},\"potentialAction\":[{\"@type\":\"SearchAction\",\"target\":{\"@type\":\"EntryPoint\",\"urlTemplate\":\"https:\/\/nitalabelingequipment.com\/?s={search_term_string}\"},\"query-input\":\"required name=search_term_string\"}],\"inLanguage\":\"fr-FR\"},{\"@type\":\"ImageObject\",\"@id\":\"https:\/\/nitalabelingequipment.com\/fr\/aboutnitalabelingmachines\/mantra-et-histoire\/#primaryimage\",\"inLanguage\":\"fr-FR\",\"url\":\"https:\/\/nitalabelingequipment.com\/wp-content\/uploads\/2020\/04\/about-bubble-fr.jpg\",\"contentUrl\":\"https:\/\/nitalabelingequipment.com\/wp-content\/uploads\/2020\/04\/about-bubble-fr.jpg\",\"width\":418,\"height\":267},{\"@type\":\"WebPage\",\"@id\":\"https:\/\/nitalabelingequipment.com\/fr\/aboutnitalabelingmachines\/mantra-et-histoire\/#webpage\",\"url\":\"https:\/\/nitalabelingequipment.com\/fr\/aboutnitalabelingmachines\/mantra-et-histoire\/\",\"name\":\"Innovation en mati\\u00e8re de machines d\\u2019\\u00e9tiquetage automatique\",\"isPartOf\":{\"@id\":\"https:\/\/nitalabelingequipment.com\/#website\"},\"primaryImageOfPage\":{\"@id\":\"https:\/\/nitalabelingequipment.com\/fr\/aboutnitalabelingmachines\/mantra-et-histoire\/#primaryimage\"},\"datePublished\":\"2018-09-20T19:03:03+00:00\",\"dateModified\":\"2025-06-04T16:56:51+00:00\",\"description\":\"Nous comprenons ce que vous voulez d\\u2019une machine d\\u2019\\u00e9tiquetage. Elle doit \\u00eatre facile \\u00e0 utiliser, fiable et simple \\u00e0 entretenir.\",\"breadcrumb\":{\"@id\":\"https:\/\/nitalabelingequipment.com\/fr\/aboutnitalabelingmachines\/mantra-et-histoire\/#breadcrumb\"},\"inLanguage\":\"fr-FR\",\"potentialAction\":[{\"@type\":\"ReadAction\",\"target\":[\"https:\/\/nitalabelingequipment.com\/fr\/aboutnitalabelingmachines\/mantra-et-histoire\/\"]}]},{\"@type\":\"BreadcrumbList\",\"@id\":\"https:\/\/nitalabelingequipment.com\/fr\/aboutnitalabelingmachines\/mantra-et-histoire\/#breadcrumb\",\"itemListElement\":[{\"@type\":\"ListItem\",\"position\":1,\"name\":\"Home\",\"item\":\"https:\/\/nitalabelingequipment.com\/fr\/\"},{\"@type\":\"ListItem\",\"position\":2,\"name\":\"About\",\"item\":\"https:\/\/nitalabelingequipment.com\/fr\/aboutnitalabelingmachines\/\"},{\"@type\":\"ListItem\",\"position\":3,\"name\":\"Mantra et histoire\"}]}]}<\/script>\n<!-- \/ Yoast SEO plugin. -->","yoast_head_json":{"title":"Innovation en mati\u00e8re de machines d\u2019\u00e9tiquetage automatique","description":"Nous comprenons ce que vous voulez d\u2019une machine d\u2019\u00e9tiquetage. Elle doit \u00eatre facile \u00e0 utiliser, fiable et simple \u00e0 entretenir.","robots":{"index":"index","follow":"follow","max-snippet":"max-snippet:-1","max-image-preview":"max-image-preview:large","max-video-preview":"max-video-preview:-1"},"canonical":"https:\/\/nitalabelingequipment.com\/fr\/aboutnitalabelingmachines\/mantra-et-histoire\/","og_locale":"fr_FR","og_type":"article","og_title":"Innovation en mati\u00e8re de machines d\u2019\u00e9tiquetage automatique","og_description":"Nous comprenons ce que vous voulez d\u2019une machine d\u2019\u00e9tiquetage. Elle doit \u00eatre facile \u00e0 utiliser, fiable et simple \u00e0 entretenir.","og_url":"https:\/\/nitalabelingequipment.com\/fr\/aboutnitalabelingmachines\/mantra-et-histoire\/","og_site_name":"Nita SENTIENT Labeling Systems","article_publisher":"https:\/\/www.facebook.com\/NitaLabeling\/","article_modified_time":"2025-06-04T16:56:51+00:00","og_image":[{"url":"https:\/\/nitalabelingequipment.com\/wp-content\/uploads\/2020\/04\/about-bubble-fr.jpg"}],"twitter_card":"summary_large_image","twitter_site":"@Nita_labeling","twitter_misc":{"Dur\u00e9e de lecture est.":"3 minutes"},"schema":{"@context":"https:\/\/schema.org","@graph":[{"@type":"Organization","@id":"https:\/\/nitalabelingequipment.com\/#organization","name":"Nita Sentient Labeling Systems","url":"https:\/\/nitalabelingequipment.com\/","sameAs":["https:\/\/www.facebook.com\/NitaLabeling\/","https:\/\/www.linkedin.com\/company\/nita-labeling-equipment\/","https:\/\/www.youtube.com\/user\/nitacn","https:\/\/twitter.com\/Nita_labeling"],"logo":{"@type":"ImageObject","@id":"https:\/\/nitalabelingequipment.com\/#logo","inLanguage":"fr-FR","url":"https:\/\/nitalabelingequipment.com\/wp-content\/uploads\/2018\/07\/logo.jpg","contentUrl":"https:\/\/nitalabelingequipment.com\/wp-content\/uploads\/2018\/07\/logo.jpg","width":236,"height":127,"caption":"Nita Sentient Labeling Systems"},"image":{"@id":"https:\/\/nitalabelingequipment.com\/#logo"}},{"@type":"WebSite","@id":"https:\/\/nitalabelingequipment.com\/#website","url":"https:\/\/nitalabelingequipment.com\/","name":"Nita SENTIENT Labeling Systems","description":"Sentient Labeling System, Automatic Labeling Equipment","publisher":{"@id":"https:\/\/nitalabelingequipment.com\/#organization"},"potentialAction":[{"@type":"SearchAction","target":{"@type":"EntryPoint","urlTemplate":"https:\/\/nitalabelingequipment.com\/?s={search_term_string}"},"query-input":"required name=search_term_string"}],"inLanguage":"fr-FR"},{"@type":"ImageObject","@id":"https:\/\/nitalabelingequipment.com\/fr\/aboutnitalabelingmachines\/mantra-et-histoire\/#primaryimage","inLanguage":"fr-FR","url":"https:\/\/nitalabelingequipment.com\/wp-content\/uploads\/2020\/04\/about-bubble-fr.jpg","contentUrl":"https:\/\/nitalabelingequipment.com\/wp-content\/uploads\/2020\/04\/about-bubble-fr.jpg","width":418,"height":267},{"@type":"WebPage","@id":"https:\/\/nitalabelingequipment.com\/fr\/aboutnitalabelingmachines\/mantra-et-histoire\/#webpage","url":"https:\/\/nitalabelingequipment.com\/fr\/aboutnitalabelingmachines\/mantra-et-histoire\/","name":"Innovation en mati\u00e8re de machines d\u2019\u00e9tiquetage automatique","isPartOf":{"@id":"https:\/\/nitalabelingequipment.com\/#website"},"primaryImageOfPage":{"@id":"https:\/\/nitalabelingequipment.com\/fr\/aboutnitalabelingmachines\/mantra-et-histoire\/#primaryimage"},"datePublished":"2018-09-20T19:03:03+00:00","dateModified":"2025-06-04T16:56:51+00:00","description":"Nous comprenons ce que vous voulez d\u2019une machine d\u2019\u00e9tiquetage. Elle doit \u00eatre facile \u00e0 utiliser, fiable et simple \u00e0 entretenir.","breadcrumb":{"@id":"https:\/\/nitalabelingequipment.com\/fr\/aboutnitalabelingmachines\/mantra-et-histoire\/#breadcrumb"},"inLanguage":"fr-FR","potentialAction":[{"@type":"ReadAction","target":["https:\/\/nitalabelingequipment.com\/fr\/aboutnitalabelingmachines\/mantra-et-histoire\/"]}]},{"@type":"BreadcrumbList","@id":"https:\/\/nitalabelingequipment.com\/fr\/aboutnitalabelingmachines\/mantra-et-histoire\/#breadcrumb","itemListElement":[{"@type":"ListItem","position":1,"name":"Home","item":"https:\/\/nitalabelingequipment.com\/fr\/"},{"@type":"ListItem","position":2,"name":"About","item":"https:\/\/nitalabelingequipment.com\/fr\/aboutnitalabelingmachines\/"},{"@type":"ListItem","position":3,"name":"Mantra et histoire"}]}]}},"_links":{"self":[{"href":"https:\/\/nitalabelingequipment.com\/fr\/wp-json\/wp\/v2\/pages\/1441"}],"collection":[{"href":"https:\/\/nitalabelingequipment.com\/fr\/wp-json\/wp\/v2\/pages"}],"about":[{"href":"https:\/\/nitalabelingequipment.com\/fr\/wp-json\/wp\/v2\/types\/page"}],"author":[{"embeddable":true,"href":"https:\/\/nitalabelingequipment.com\/fr\/wp-json\/wp\/v2\/users\/5"}],"replies":[{"embeddable":true,"href":"https:\/\/nitalabelingequipment.com\/fr\/wp-json\/wp\/v2\/comments?post=1441"}],"version-history":[{"count":10,"href":"https:\/\/nitalabelingequipment.com\/fr\/wp-json\/wp\/v2\/pages\/1441\/revisions"}],"predecessor-version":[{"id":2919,"href":"https:\/\/nitalabelingequipment.com\/fr\/wp-json\/wp\/v2\/pages\/1441\/revisions\/2919"}],"up":[{"embeddable":true,"href":"https:\/\/nitalabelingequipment.com\/fr\/wp-json\/wp\/v2\/pages\/1476"}],"wp:attachment":[{"href":"https:\/\/nitalabelingequipment.com\/fr\/wp-json\/wp\/v2\/media?parent=1441"}],"curies":[{"name":"wp","href":"https:\/\/api.w.org\/{rel}","templated":true}]}}