{"id":1442,"date":"2018-09-20T14:49:46","date_gmt":"2018-09-20T18:49:46","guid":{"rendered":"https:\/\/nitalabelingequipment.com\/leadership\/"},"modified":"2023-03-08T10:05:31","modified_gmt":"2023-03-08T15:05:31","slug":"leadership","status":"publish","type":"page","link":"https:\/\/nitalabelingequipment.com\/fr\/aboutnitalabelingmachines\/leadership\/","title":{"rendered":"Leadership"},"content":{"rendered":"[vc_row fullwidth=\u00a0\u00bbtrue\u00a0\u00bb][vc_column][mk_padding_divider size=\u00a0\u00bb60&Prime;][\/vc_column][\/vc_row][vc_row][vc_column][vc_column_text css=\u00a0\u00bb.vc_custom_1586531240452{margin-bottom: 0px !important;}\u00a0\u00bb]\n<h1>Leadership<\/h1>\n<p>Nita a \u00e9t\u00e9 fond\u00e9e par deux innovateurs qui ont vu le besoin de fabriquer de meilleures machines d&rsquo;\u00e9tiquetage.<\/p>\n<p>Apr\u00e8s avoir con\u00e7u de nouvelles machines \u00e0 partir de z\u00e9ro, utilisant une technologie servo (une premi\u00e8re) et des syst\u00e8mes beaucoup plus faciles \u00e0 utiliser, ils ont r\u00e9alis\u00e9 que pour \u00eatre la meilleure entreprise de machines d&rsquo;\u00e9tiquetage au monde, ils avaient non seulement besoin des meilleures machines, mais aussi de recruter <span style=\"color: #f26522;\"><strong>la meilleure \u00e9quipe<\/strong><\/span>.<\/p>\n<p>C&rsquo;est pourquoi vous constaterez que les employ\u00e9s de Nita sont extraordinairement concentr\u00e9s sur la satisfaction de vos besoins. Ils pensent comme des entrepreneurs (chaque employ\u00e9 de Nita participe \u00e0 un plan boni!) et se soucient de votre taux de disponibilit\u00e9, de votre productivit\u00e9, de votre exp\u00e9rience client &#8211; et surtout, de vos r\u00e9sultats.<\/p>\n<h2><span style=\"text-decoration: underline;\"> Votre<\/span> \u00e9quipe Nita<\/h2>\n<p>Derri\u00e8re l&rsquo;entreprise de machines d&rsquo;\u00e9tiquetage la plus innovante au monde se trouve une \u00e9quipe incroyablement d\u00e9vou\u00e9e. Outre notre passion pour les technologies de pointe et les machines d&rsquo;\u00e9tiquetage de qualit\u00e9 sup\u00e9rieure, nous sommes tr\u00e8s fiers de qui nous sommes en tant qu&rsquo;individus. Parce qu&rsquo;en fin de compte, il s&rsquo;agit d&rsquo;\u00eatres humains travaillant ensemble pour fabriquer des machines \u00e9tonnantes. Vous voulez en savoir plus sur nous ? Lisez les courtes descriptions ci-dessous.[\/vc_column_text][\/vc_column][\/vc_row][vc_row disable_element=\u00a0\u00bbyes\u00a0\u00bb][vc_column width=\u00a0\u00bb1\/2&Prime;][vc_column_text css=\u00a0\u00bb.vc_custom_1538965832092{margin-bottom: 0px !important;}\u00a0\u00bb]<strong>Normand Lord<br \/>\nPr\u00e9sident et propri\u00e9taire<br \/>\n<\/strong><\/p>\n<p>Normand a une passion in\u00e9gal\u00e9e pour les machines d\u2019\u00e9tiquetage (et pour les grands vins, mais \u00e7a, c\u2019est un tout autre sujet). Normand connait, et peut faire le travail de chaque employ\u00e9 chez Nita parce qu&rsquo;il aime son entreprise et ses produits. Il est la raison pour laquelle tous les employ\u00e9s ressentent la m\u00eame passion \u2013 tout commence en haut. Pour Normand, la machine d\u2019\u00e9tiquetage que vous achetez est comme l\u2019un de ses enfants, alors vous feriez mieux d\u2019en prendre le plus grand soin, sinon\u2026<\/p>\n<p>T\u00e9l : 450.961.4000 | poste 228<br \/>\n<a href=\"mailto:nlord@nita.ca\">nlord@nita.ca<\/a>[\/vc_column_text][\/vc_column][vc_column width=\u00a0\u00bb1\/2&Prime;][\/vc_column][\/vc_row][vc_row][vc_column width=\u00a0\u00bb1\/2&Prime;][vc_column_text css=\u00a0\u00bb.vc_custom_1538965889469{margin-bottom: 0px !important;}\u00a0\u00bb]<strong>Ken Hubscher<br \/>\nVice-pr\u00e9sident ventes et marketing et propri\u00e9taire<\/strong><\/p>\n<p>Ken est la ressource par excellence pour obtenir de l\u2019information sur les machines Nita. Sa d\u00e9termination pour que ses clients obtiennent la solution absolument parfaite est sans \u00e9gale. Vous avez un probl\u00e8me ou une question? Ken est toujours disponible pour discuter et vous aider. Il vous racontera surement une histoire sur Nita dont lui seul a la recette: suffisamment dramatique mais toujours pertinente. Divertissement et information garantis! Vous avez une question sur les produits Nita? Appelez Ken directement. Faites-le d\u00e8s maintenant.<\/p>\n<p>T\u00e9l : 450.961.4000\u00a0 |\u00a0 poste 233<br \/>\nPortable : 514-984-8741<br \/>\nSans frais : 1-855-668-NITA (6482)<br \/>\n<a href=\"mailto:kenh@nita.ca\">kenh@nita.ca<\/a>[\/vc_column_text][\/vc_column][vc_column width=\u00a0\u00bb1\/2&Prime;][vc_column_text css=\u00a0\u00bb.vc_custom_1538965858676{margin-bottom: 0px !important;}\u00a0\u00bb]<strong>Luc Harvey<br \/>\nChef de l\u2019ing\u00e9nierie et propri\u00e9taire<\/strong><\/p>\n<p>Une ing\u00e9nierie sup\u00e9rieure est ce qui fait de Nita le principal innovateur dans le domaine des machines d\u2019\u00e9tiquetage. Et Luc est le g\u00e9nie derri\u00e8re cette approche. Dot\u00e9 d\u2019un flair incroyable pour int\u00e9grer un maximum d&rsquo;efficacit\u00e9 dans tout ce qu&rsquo;il touche, Luc con\u00e7oit et programme la magie qui fait de votre Nita, la machine d\u2019\u00e9tiquetage la plus simple qui soit!<\/p>\n<p>Tel.: 450.961.4000 | poste 222<br \/>\n<a href=\"mailto:lharvey@nita.ca\">lharvey@nita.ca<\/a>[\/vc_column_text][\/vc_column][\/vc_row][vc_row][vc_column width=\u00a0\u00bb1\/2&Prime;][vc_column_text css=\u00a0\u00bb.vc_custom_1539197077677{margin-bottom: 0px !important;}\u00a0\u00bb]<strong>Kirk Mihelakis<br \/>\nSoutien technique et sp\u00e9cialiste des pi\u00e8ces<\/strong><\/p>\n<p>Si vous avez besoin d&rsquo;une pi\u00e8ce de rechange ou de soutien technique pour votre incroyable machine Nita, Kirk est l\u2019homme de la situation. Certains disent qu&rsquo;il a tout l&rsquo;inventaire des pi\u00e8ces Nita m\u00e9moris\u00e9 par c\u0153ur. C&rsquo;est peut-\u00eatre vrai&#8230; mais ne lui demandez pas ce qu&rsquo;il a mang\u00e9 hier soir. Son cerveau est enti\u00e8rement d\u00e9di\u00e9 au service de nos clients.<\/p>\n<p>T\u00e9l : 450.961.4000\u00a0 |\u00a0 poste 243<br \/>\nPortable : 514.591.2199<br \/>\n<a href=\"mailto:partsorder@nita.ca\">partsorder@nita.ca<\/a> ou <a href=\"mailto:kirkm@nita.ca\">kirkm@nita.ca<\/a>[\/vc_column_text][\/vc_column][vc_column width=\u00a0\u00bb1\/2&Prime;][vc_column_text css=\u00a0\u00bb.vc_custom_1538965965063{margin-bottom: 0px !important;}\u00a0\u00bb]<strong>John McKey<\/strong><strong><br \/>\nDirecteur du service client<\/strong><\/p>\n<p>John est le concierge des services personnalis\u00e9s chez Nita. John est enti\u00e8rement d\u00e9vou\u00e9 \u00e0 tous les petits d\u00e9tails qui font qu\u2019une exp\u00e9rience chez Nita est aussi satisfaisante, agr\u00e9able et plaisante qu&rsquo;humainement possible. Vous ne pouvez pas apprendre aux gens \u00e0 \u00eatre aussi amicaux et sympathiques que John. Tout le monde \u2013 vraiment tout le monde &#8211; aime John. Sans blague. Vous allez l&rsquo;aimer vous aussi.<\/p>\n<p>T\u00e9l : 450.961.4000\u00a0 |\u00a0 poste 230<br \/>\n<a href=\"mailto:johnm@nita.ca\">johnm@nita.ca<\/a>[\/vc_column_text][\/vc_column][\/vc_row][vc_row][vc_column][mk_padding_divider][\/vc_column][\/vc_row]\n","protected":false},"excerpt":{"rendered":"<p>[vc_row fullwidth=\u00a0\u00bbtrue\u00a0\u00bb][vc_column][mk_padding_divider size=\u00a0\u00bb60&Prime;][\/vc_column][\/vc_row][vc_row][vc_column][vc_column_text css=\u00a0\u00bb.vc_custom_1586531240452{margin-bottom: 0px !important;}\u00a0\u00bb] Leadership Nita a \u00e9t\u00e9 fond\u00e9e par deux innovateurs qui ont vu le besoin de fabriquer de meilleures machines d&rsquo;\u00e9tiquetage. Apr\u00e8s avoir con\u00e7u de nouvelles machines \u00e0 partir de z\u00e9ro, utilisant une technologie servo (une premi\u00e8re) et des syst\u00e8mes beaucoup plus faciles \u00e0 utiliser, ils ont r\u00e9alis\u00e9 que pour \u00eatre [&hellip;]<\/p>\n","protected":false},"author":5,"featured_media":0,"parent":1476,"menu_order":0,"comment_status":"closed","ping_status":"closed","template":"","meta":[],"yoast_head":"<!-- This site is optimized with the Yoast SEO plugin v16.7 - https:\/\/yoast.com\/wordpress\/plugins\/seo\/ -->\n<title>Labeling Machine Company | Labeling Manufacturer<\/title>\n<meta name=\"description\" content=\"Labeling Machine Manufactuerer, Nita was founded by two innovators who saw a need to create a better labeling machine company.\" \/>\n<meta name=\"robots\" content=\"index, follow, max-snippet:-1, max-image-preview:large, max-video-preview:-1\" \/>\n<link rel=\"canonical\" href=\"https:\/\/nitalabelingequipment.com\/fr\/aboutnitalabelingmachines\/leadership\/\" \/>\n<meta property=\"og:locale\" content=\"fr_FR\" \/>\n<meta property=\"og:type\" content=\"article\" \/>\n<meta property=\"og:title\" content=\"Labeling Machine Company | Labeling Manufacturer\" \/>\n<meta property=\"og:description\" content=\"Labeling Machine Manufactuerer, Nita was founded by two innovators who saw a need to create a better labeling machine company.\" \/>\n<meta property=\"og:url\" content=\"https:\/\/nitalabelingequipment.com\/fr\/aboutnitalabelingmachines\/leadership\/\" \/>\n<meta property=\"og:site_name\" content=\"Nita SENTIENT Labeling Systems\" \/>\n<meta property=\"article:publisher\" content=\"https:\/\/www.facebook.com\/NitaLabeling\/\" \/>\n<meta property=\"article:modified_time\" content=\"2023-03-08T15:05:31+00:00\" \/>\n<meta property=\"og:image\" content=\"https:\/\/nitalabelingequipment.com\/wp-content\/uploads\/2018\/10\/nita-screenshot.jpg\" \/>\n\t<meta property=\"og:image:width\" content=\"1615\" \/>\n\t<meta property=\"og:image:height\" content=\"1615\" \/>\n<meta name=\"twitter:card\" content=\"summary_large_image\" \/>\n<meta name=\"twitter:site\" content=\"@Nita_labeling\" \/>\n<meta name=\"twitter:label1\" content=\"Dur\u00e9e de lecture est.\" \/>\n\t<meta name=\"twitter:data1\" content=\"3 minutes\" \/>\n<script type=\"application\/ld+json\" class=\"yoast-schema-graph\">{\"@context\":\"https:\/\/schema.org\",\"@graph\":[{\"@type\":\"Organization\",\"@id\":\"https:\/\/nitalabelingequipment.com\/#organization\",\"name\":\"Nita Sentient Labeling Systems\",\"url\":\"https:\/\/nitalabelingequipment.com\/\",\"sameAs\":[\"https:\/\/www.facebook.com\/NitaLabeling\/\",\"https:\/\/www.linkedin.com\/company\/nita-labeling-equipment\/\",\"https:\/\/www.youtube.com\/user\/nitacn\",\"https:\/\/twitter.com\/Nita_labeling\"],\"logo\":{\"@type\":\"ImageObject\",\"@id\":\"https:\/\/nitalabelingequipment.com\/#logo\",\"inLanguage\":\"fr-FR\",\"url\":\"https:\/\/nitalabelingequipment.com\/wp-content\/uploads\/2018\/07\/logo.jpg\",\"contentUrl\":\"https:\/\/nitalabelingequipment.com\/wp-content\/uploads\/2018\/07\/logo.jpg\",\"width\":236,\"height\":127,\"caption\":\"Nita Sentient Labeling Systems\"},\"image\":{\"@id\":\"https:\/\/nitalabelingequipment.com\/#logo\"}},{\"@type\":\"WebSite\",\"@id\":\"https:\/\/nitalabelingequipment.com\/#website\",\"url\":\"https:\/\/nitalabelingequipment.com\/\",\"name\":\"Nita SENTIENT Labeling Systems\",\"description\":\"Sentient Labeling System, Automatic Labeling Equipment\",\"publisher\":{\"@id\":\"https:\/\/nitalabelingequipment.com\/#organization\"},\"potentialAction\":[{\"@type\":\"SearchAction\",\"target\":{\"@type\":\"EntryPoint\",\"urlTemplate\":\"https:\/\/nitalabelingequipment.com\/?s={search_term_string}\"},\"query-input\":\"required name=search_term_string\"}],\"inLanguage\":\"fr-FR\"},{\"@type\":\"WebPage\",\"@id\":\"https:\/\/nitalabelingequipment.com\/fr\/aboutnitalabelingmachines\/leadership\/#webpage\",\"url\":\"https:\/\/nitalabelingequipment.com\/fr\/aboutnitalabelingmachines\/leadership\/\",\"name\":\"Labeling Machine Company | Labeling Manufacturer\",\"isPartOf\":{\"@id\":\"https:\/\/nitalabelingequipment.com\/#website\"},\"datePublished\":\"2018-09-20T18:49:46+00:00\",\"dateModified\":\"2023-03-08T15:05:31+00:00\",\"description\":\"Labeling Machine Manufactuerer, Nita was founded by two innovators who saw a need to create a better labeling machine company.\",\"breadcrumb\":{\"@id\":\"https:\/\/nitalabelingequipment.com\/fr\/aboutnitalabelingmachines\/leadership\/#breadcrumb\"},\"inLanguage\":\"fr-FR\",\"potentialAction\":[{\"@type\":\"ReadAction\",\"target\":[\"https:\/\/nitalabelingequipment.com\/fr\/aboutnitalabelingmachines\/leadership\/\"]}]},{\"@type\":\"BreadcrumbList\",\"@id\":\"https:\/\/nitalabelingequipment.com\/fr\/aboutnitalabelingmachines\/leadership\/#breadcrumb\",\"itemListElement\":[{\"@type\":\"ListItem\",\"position\":1,\"name\":\"Home\",\"item\":\"https:\/\/nitalabelingequipment.com\/fr\/\"},{\"@type\":\"ListItem\",\"position\":2,\"name\":\"About\",\"item\":\"https:\/\/nitalabelingequipment.com\/fr\/aboutnitalabelingmachines\/\"},{\"@type\":\"ListItem\",\"position\":3,\"name\":\"Leadership\"}]}]}<\/script>\n<!-- \/ Yoast SEO plugin. -->","yoast_head_json":{"title":"Labeling Machine Company | Labeling Manufacturer","description":"Labeling Machine Manufactuerer, Nita was founded by two innovators who saw a need to create a better labeling machine company.","robots":{"index":"index","follow":"follow","max-snippet":"max-snippet:-1","max-image-preview":"max-image-preview:large","max-video-preview":"max-video-preview:-1"},"canonical":"https:\/\/nitalabelingequipment.com\/fr\/aboutnitalabelingmachines\/leadership\/","og_locale":"fr_FR","og_type":"article","og_title":"Labeling Machine Company | Labeling Manufacturer","og_description":"Labeling Machine Manufactuerer, Nita was founded by two innovators who saw a need to create a better labeling machine company.","og_url":"https:\/\/nitalabelingequipment.com\/fr\/aboutnitalabelingmachines\/leadership\/","og_site_name":"Nita SENTIENT Labeling Systems","article_publisher":"https:\/\/www.facebook.com\/NitaLabeling\/","article_modified_time":"2023-03-08T15:05:31+00:00","og_image":[{"width":1615,"height":1615,"url":"https:\/\/nitalabelingequipment.com\/wp-content\/uploads\/2018\/10\/nita-screenshot.jpg","path":"\/home\/nitalabe\/public_html\/wp-content\/uploads\/2018\/10\/nita-screenshot.jpg","size":"full","id":653,"alt":"","pixels":2608225,"type":"image\/jpeg"}],"twitter_card":"summary_large_image","twitter_site":"@Nita_labeling","twitter_misc":{"Dur\u00e9e de lecture est.":"3 minutes"},"schema":{"@context":"https:\/\/schema.org","@graph":[{"@type":"Organization","@id":"https:\/\/nitalabelingequipment.com\/#organization","name":"Nita Sentient Labeling Systems","url":"https:\/\/nitalabelingequipment.com\/","sameAs":["https:\/\/www.facebook.com\/NitaLabeling\/","https:\/\/www.linkedin.com\/company\/nita-labeling-equipment\/","https:\/\/www.youtube.com\/user\/nitacn","https:\/\/twitter.com\/Nita_labeling"],"logo":{"@type":"ImageObject","@id":"https:\/\/nitalabelingequipment.com\/#logo","inLanguage":"fr-FR","url":"https:\/\/nitalabelingequipment.com\/wp-content\/uploads\/2018\/07\/logo.jpg","contentUrl":"https:\/\/nitalabelingequipment.com\/wp-content\/uploads\/2018\/07\/logo.jpg","width":236,"height":127,"caption":"Nita Sentient Labeling Systems"},"image":{"@id":"https:\/\/nitalabelingequipment.com\/#logo"}},{"@type":"WebSite","@id":"https:\/\/nitalabelingequipment.com\/#website","url":"https:\/\/nitalabelingequipment.com\/","name":"Nita SENTIENT Labeling Systems","description":"Sentient Labeling System, Automatic Labeling Equipment","publisher":{"@id":"https:\/\/nitalabelingequipment.com\/#organization"},"potentialAction":[{"@type":"SearchAction","target":{"@type":"EntryPoint","urlTemplate":"https:\/\/nitalabelingequipment.com\/?s={search_term_string}"},"query-input":"required name=search_term_string"}],"inLanguage":"fr-FR"},{"@type":"WebPage","@id":"https:\/\/nitalabelingequipment.com\/fr\/aboutnitalabelingmachines\/leadership\/#webpage","url":"https:\/\/nitalabelingequipment.com\/fr\/aboutnitalabelingmachines\/leadership\/","name":"Labeling Machine Company | Labeling Manufacturer","isPartOf":{"@id":"https:\/\/nitalabelingequipment.com\/#website"},"datePublished":"2018-09-20T18:49:46+00:00","dateModified":"2023-03-08T15:05:31+00:00","description":"Labeling Machine Manufactuerer, Nita was founded by two innovators who saw a need to create a better labeling machine company.","breadcrumb":{"@id":"https:\/\/nitalabelingequipment.com\/fr\/aboutnitalabelingmachines\/leadership\/#breadcrumb"},"inLanguage":"fr-FR","potentialAction":[{"@type":"ReadAction","target":["https:\/\/nitalabelingequipment.com\/fr\/aboutnitalabelingmachines\/leadership\/"]}]},{"@type":"BreadcrumbList","@id":"https:\/\/nitalabelingequipment.com\/fr\/aboutnitalabelingmachines\/leadership\/#breadcrumb","itemListElement":[{"@type":"ListItem","position":1,"name":"Home","item":"https:\/\/nitalabelingequipment.com\/fr\/"},{"@type":"ListItem","position":2,"name":"About","item":"https:\/\/nitalabelingequipment.com\/fr\/aboutnitalabelingmachines\/"},{"@type":"ListItem","position":3,"name":"Leadership"}]}]}},"_links":{"self":[{"href":"https:\/\/nitalabelingequipment.com\/fr\/wp-json\/wp\/v2\/pages\/1442"}],"collection":[{"href":"https:\/\/nitalabelingequipment.com\/fr\/wp-json\/wp\/v2\/pages"}],"about":[{"href":"https:\/\/nitalabelingequipment.com\/fr\/wp-json\/wp\/v2\/types\/page"}],"author":[{"embeddable":true,"href":"https:\/\/nitalabelingequipment.com\/fr\/wp-json\/wp\/v2\/users\/5"}],"replies":[{"embeddable":true,"href":"https:\/\/nitalabelingequipment.com\/fr\/wp-json\/wp\/v2\/comments?post=1442"}],"version-history":[{"count":6,"href":"https:\/\/nitalabelingequipment.com\/fr\/wp-json\/wp\/v2\/pages\/1442\/revisions"}],"predecessor-version":[{"id":2459,"href":"https:\/\/nitalabelingequipment.com\/fr\/wp-json\/wp\/v2\/pages\/1442\/revisions\/2459"}],"up":[{"embeddable":true,"href":"https:\/\/nitalabelingequipment.com\/fr\/wp-json\/wp\/v2\/pages\/1476"}],"wp:attachment":[{"href":"https:\/\/nitalabelingequipment.com\/fr\/wp-json\/wp\/v2\/media?parent=1442"}],"curies":[{"name":"wp","href":"https:\/\/api.w.org\/{rel}","templated":true}]}}