{"id":1443,"date":"2018-09-12T13:07:36","date_gmt":"2018-09-12T17:07:36","guid":{"rendered":"https:\/\/nitalabelingequipment.com\/print-and-apply-stand-alone-labeler-sta-616\/"},"modified":"2023-10-10T13:42:50","modified_gmt":"2023-10-10T17:42:50","slug":"sta-616-pour-impression-et-etiquetage","status":"publish","type":"page","link":"https:\/\/nitalabelingequipment.com\/fr\/machines\/serie-autonome\/sta-616-pour-impression-et-etiquetage\/","title":{"rendered":"STA-616 pour impression et \u00e9tiquetage"},"content":{"rendered":"[vc_row fullwidth=\u00a0\u00bbtrue\u00a0\u00bb][vc_column][mk_revslider id=\u00a0\u00bbproducts-sta616&Prime;][mk_padding_divider size=\u00a0\u00bb60&Prime;][\/vc_column][\/vc_row][vc_row][vc_column width=\u00a0\u00bb2\/3&Prime;][vc_tabs style=\u00a0\u00bbsimple\u00a0\u00bb][vc_tab title=\u00a0\u00bbDescription\u00a0\u00bb tab_id=\u00a0\u00bb1532634934-1-41&Prime;][vc_column_text css=\u00a0\u00bb.vc_custom_1588173632545{margin-bottom: 0px !important;}\u00a0\u00bb]\n<h2>Machine d\u2019\u00e9tiquetage STA-616<\/h2>\n<p>Le syst\u00e8me d&rsquo;impression et d&rsquo;\u00e9tiquetage Nita STA-616 est con\u00e7u pour permettre l&rsquo;impression de vos informations variables sur l&rsquo;\u00e9tiquette avant de l&rsquo;appliquer. Utilisant une t\u00eate d&rsquo;\u00e9tiquetage AE-612MKII tr\u00e8s fiable associ\u00e9e \u00e0 un moteur d&rsquo;impression \u00e0 transfert thermique SATO ou ZEBRA, le syst\u00e8me d&rsquo;impression et d&rsquo;\u00e9tiquetage STA-616 applique de mani\u00e8re homog\u00e8ne les \u00e9tiquettes sur le devant, les c\u00f4t\u00e9s et les coins de votre contenant ou bo\u00eete. Gr\u00e2ce \u00e0 une vari\u00e9t\u00e9 d&rsquo;options comprenant des bras pivotants \u00e0 simple et double action et des fixations horizontales et en U, vous aurez une flexibilit\u00e9 totale sur la position de votre \u00e9tiquette autoadh\u00e9sive.<\/p>\n<h2>Type de machine d&rsquo;\u00e9tiquetage et sp\u00e9cifications<\/h2>\n<h3>Machine d&rsquo;\u00e9tiquetage autonome, puissante et polyvalente pour l\u2019application d\u2019\u00e9tiquettes \u00e0 l\u2019avant et multi-panneaux<\/h3>\n<p><span style=\"color: #f37426;\"><strong>Type de machine<\/strong><\/span>: machine autonome pour \u00e9tiquetage \u00e0 l\u2019avant<br \/>\n<span style=\"color: #f37426;\"><strong>Applications<\/strong><\/span>: application d\u2019\u00e9tiquettes \u00e0 l\u2019avant et multi-panneaux<br \/>\n<span style=\"color: #f37426;\"><strong>Types de contenants<\/strong><\/span>: appose des \u00e9tiquettes sur le verre, le plastique, le papier, le carton et la plupart des autres mat\u00e9riaux[\/vc_column_text][\/vc_tab][vc_tab title=\u00a0\u00bbCaract\u00e9ristiques\u00a0\u00bb tab_id=\u00a0\u00bb1532634934-2-83&Prime;][vc_column_text css=\u00a0\u00bb.vc_custom_1678220253520{margin-bottom: 0px !important;}\u00a0\u00bb]Le syst\u00e8me d&rsquo;\u00e9tiquetage autonome Nita est con\u00e7u pour un \u00e9tiquetage et des changements rapides.<\/p>\n<p><strong>Nombreuses caract\u00e9ristiques et avantages de la technologie et de l&rsquo;ing\u00e9nierie de Nita<\/strong>:<\/p>\n<ul>\n<li>Composantes \u00e9lectroniques non propri\u00e9taires<\/li>\n<li>Syst\u00e8me de recettes avec r\u00e9glages de chaque station<\/li>\n<li>Servo moteurs et contr\u00f4leurs programmables<\/li>\n<li>Logiciel de gestion avec d\u00e9pannage \u00e0 distance<\/li>\n<li>\u00c9tiquetage avec une pr\u00e9cision de 1\/32&Prime;<\/li>\n<li>Vitesse d&rsquo;application de 1570&Prime; \u00e0 la minute<\/li>\n<li>Machine en acier inoxydable<\/li>\n<li>Syst\u00e8mes de vision et de v\u00e9rification par cam\u00e9ras pour une orientation pr\u00e9cise<\/li>\n<li>Codage d\u2019information variable en option<\/li>\n<li>Int\u00e9gration d\u2019imprimante, num\u00e9riseur et de station de rejet en option<\/li>\n<li>Rouleaux de 16&Prime; de diam\u00e8tre ext\u00e9rieur avec noyau de 3&Prime;<\/li>\n<li>Largeur d\u2019\u00e9tiquette jusqu\u2019\u00e0 12&Prime; &#8211; standard 6&Prime;<\/li>\n<li>Kit IP65 pour lavage \u00e0 pression<\/li>\n<\/ul>\n[\/vc_column_text][\/vc_tab][\/vc_tabs][\/vc_column][vc_column width=\u00a0\u00bb1\/3&Prime; css=\u00a0\u00bb.vc_custom_1532638306514{padding-left: 40px !important;}\u00a0\u00bb][vc_column_text css=\u00a0\u00bb.vc_custom_1696959757637{margin-bottom: 0px !important;}\u00a0\u00bb]\n<h2 style=\"margin-bottom: 30px;\">Passez \u00e0 la<br \/>\nprochaine \u00e9tape<\/h2>\n<p><a class=\"orangebutton\" style=\"width: 165px;\" href=\"https:\/\/nitalabelingequipment.com\/fr\/obtenir-un-devis\/\">Demandez un devis<\/a><\/p>\n<p><a class=\"orangebutton\" style=\"width: 165px;\" href=\"https:\/\/nitalabelingequipment.com\/fr\/contactez-nous\/\">Contactez-nous<\/a><\/p>\n<p><a class=\"orangebutton\" style=\"width: 165px;\" href=\"https:\/\/nitalabelingequipment.com\/fr\/demande-brochure\/\">Brochure Nita<\/a>[\/vc_column_text][\/vc_column][\/vc_row][vc_row fullwidth=\u00a0\u00bbtrue\u00a0\u00bb fullwidth_content=\u00a0\u00bbfalse\u00a0\u00bb css=\u00a0\u00bb.vc_custom_1532637501826{background-color: #f5f5f5 !important;}\u00a0\u00bb][vc_column][mk_padding_divider][vc_column_text css=\u00a0\u00bb.vc_custom_1588173679526{margin-bottom: 0px !important;padding-bottom: 20px !important;}\u00a0\u00bb]\n<h2 style=\"text-align: center;\">Voyez ce que le syst\u00e8me d&rsquo;impression et d&rsquo;\u00e9tiquetage Nita STA-616 peut faire!<\/h2>\n[\/vc_column_text][vc_row_inner][vc_column_inner width=\u00a0\u00bb1\/3&Prime;][vc_video link=\u00a0\u00bbhttps:\/\/www.youtube.com\/watch?v=Z9GHH3uya7Q&amp;t=\u00a0\u00bb custom_thumbnail=\u00a0\u00bbtrue\u00a0\u00bb thumbnail_image=\u00a0\u00bb423&Prime;][vc_column_text css=\u00a0\u00bb.vc_custom_1590007300761{margin-bottom: 0px !important;padding-top: 15px !important;}\u00a0\u00bb]<strong>Impression et \u00e9tiquetage en coin sur des bo\u00eetes en carton<\/strong><\/p>\n<p>Regardez ce syst\u00e8me d&rsquo;impression et d&rsquo;\u00e9tiquetage avec option en coin \u00e9tiqueter ces bo\u00eetes. L&rsquo;\u00e9cran de contr\u00f4le facile \u00e0 utiliser et \u00e0 luminosit\u00e9 r\u00e9glable vous permet de t\u00e9l\u00e9charger les recettes d&rsquo;impression enregistr\u00e9es. Cette \u00e9tiqueteuse est \u00e9quip\u00e9e d\u2019un syst\u00e8me de commandes PLC Allen Bradley pour des performances sup\u00e9rieures.[\/vc_column_text][\/vc_column_inner][vc_column_inner width=\u00a0\u00bb1\/3&Prime;][vc_video link=\u00a0\u00bbhttps:\/\/www.youtube.com\/watch?v=gFOu72PuCYY\u00a0\u00bb custom_thumbnail=\u00a0\u00bbtrue\u00a0\u00bb thumbnail_image=\u00a0\u00bb423&Prime;][vc_column_text css=\u00a0\u00bb.vc_custom_1590007310662{margin-bottom: 0px !important;padding-top: 15px !important;}\u00a0\u00bb]<strong>Impression et \u00e9tiquetage \u00e0 l\u2019avant et sur le c\u00f4t\u00e9 de bo\u00eetes en carton<\/strong><\/p>\n<p>Attention! Cette \u00e9tiqueteuse imprime et applique deux \u00e9tiquettes sur ces bo\u00eetes en carton, une \u00e0 l\u2019avant et une sur le c\u00f4t\u00e9.[\/vc_column_text][\/vc_column_inner][vc_column_inner width=\u00a0\u00bb1\/3&Prime;][\/vc_column_inner][\/vc_row_inner][mk_padding_divider][vc_column_text css=\u00a0\u00bb.vc_custom_1590007337083{margin-bottom: 0px !important;}\u00a0\u00bb]\n<p style=\"text-align: center; font-size: 24px; font-weight: Bold;\">Ce n&rsquo;est pas le type d\u2019application que vous cherchez?<br \/>\nAutres machines d&rsquo;\u00e9tiquetage de la s\u00e9rie Autonome<\/p>\n<p style=\"text-align: center; font-size: 18px; font-weight: bold;\"><strong><a href=\"https:\/\/nitalabelingequipment.com\/fr\/machines\/serie-autonome\/ae-612mkii-pour-etiquetage-par-balayage\/\">\u00c9tiquetage par balayage<\/a> &#8211; <a href=\"https:\/\/nitalabelingequipment.com\/fr\/machines\/serie-autonome\/ae-612mkii-tb-pour-etiquetage-a-air\/\">\u00c9tiquetage \u00e0 air<\/a> &#8211; <a href=\"https:\/\/nitalabelingequipment.com\/fr\/machines\/serie-autonome\/systeme-dorientation-intelligent\/\">Syst\u00e8me d\u2019orientation intelligent<\/a><\/strong><\/p>\n[\/vc_column_text][\/vc_column][\/vc_row]\n","protected":false},"excerpt":{"rendered":"<p>[vc_row fullwidth=\u00a0\u00bbtrue\u00a0\u00bb][vc_column][mk_revslider id=\u00a0\u00bbproducts-sta616&Prime;][mk_padding_divider size=\u00a0\u00bb60&Prime;][\/vc_column][\/vc_row][vc_row][vc_column width=\u00a0\u00bb2\/3&Prime;][vc_tabs style=\u00a0\u00bbsimple\u00a0\u00bb][vc_tab title=\u00a0\u00bbDescription\u00a0\u00bb tab_id=\u00a0\u00bb1532634934-1-41&Prime;][vc_column_text css=\u00a0\u00bb.vc_custom_1588173632545{margin-bottom: 0px !important;}\u00a0\u00bb] Machine d\u2019\u00e9tiquetage STA-616 Le syst\u00e8me d&rsquo;impression et d&rsquo;\u00e9tiquetage Nita STA-616 est con\u00e7u pour permettre l&rsquo;impression de vos informations variables sur l&rsquo;\u00e9tiquette avant de l&rsquo;appliquer. Utilisant une t\u00eate d&rsquo;\u00e9tiquetage AE-612MKII tr\u00e8s fiable associ\u00e9e \u00e0 un moteur d&rsquo;impression \u00e0 transfert thermique SATO ou ZEBRA, le syst\u00e8me [&hellip;]<\/p>\n","protected":false},"author":5,"featured_media":0,"parent":1446,"menu_order":0,"comment_status":"closed","ping_status":"closed","template":"","meta":[],"yoast_head":"<!-- This site is optimized with the Yoast SEO plugin v16.7 - https:\/\/yoast.com\/wordpress\/plugins\/seo\/ -->\n<title>STA-616 pour impression et \u00e9tiquetage<\/title>\n<meta name=\"description\" content=\"The Nita STA-616 Print and Apply System is designed to allow for your variable information to be printed on the label prior to application.\" \/>\n<meta name=\"robots\" content=\"index, follow, max-snippet:-1, max-image-preview:large, max-video-preview:-1\" \/>\n<link rel=\"canonical\" href=\"https:\/\/nitalabelingequipment.com\/fr\/machines\/serie-autonome\/sta-616-pour-impression-et-etiquetage\/\" \/>\n<meta property=\"og:locale\" content=\"fr_FR\" \/>\n<meta property=\"og:type\" content=\"article\" \/>\n<meta property=\"og:title\" content=\"STA-616 pour impression et \u00e9tiquetage\" \/>\n<meta property=\"og:description\" content=\"The Nita STA-616 Print and Apply System is designed to allow for your variable information to be printed on the label prior to application.\" \/>\n<meta property=\"og:url\" content=\"https:\/\/nitalabelingequipment.com\/fr\/machines\/serie-autonome\/sta-616-pour-impression-et-etiquetage\/\" \/>\n<meta property=\"og:site_name\" content=\"Nita SENTIENT Labeling Systems\" \/>\n<meta property=\"article:publisher\" content=\"https:\/\/www.facebook.com\/NitaLabeling\/\" \/>\n<meta property=\"article:modified_time\" content=\"2023-10-10T17:42:50+00:00\" \/>\n<meta property=\"og:image\" content=\"https:\/\/nitalabelingequipment.com\/wp-content\/uploads\/2018\/10\/nita-screenshot.jpg\" \/>\n\t<meta property=\"og:image:width\" content=\"1615\" \/>\n\t<meta property=\"og:image:height\" content=\"1615\" \/>\n<meta name=\"twitter:card\" content=\"summary_large_image\" \/>\n<meta name=\"twitter:site\" content=\"@Nita_labeling\" \/>\n<meta name=\"twitter:label1\" content=\"Dur\u00e9e de lecture est.\" \/>\n\t<meta name=\"twitter:data1\" content=\"3 minutes\" \/>\n<script type=\"application\/ld+json\" class=\"yoast-schema-graph\">{\"@context\":\"https:\/\/schema.org\",\"@graph\":[{\"@type\":\"Organization\",\"@id\":\"https:\/\/nitalabelingequipment.com\/#organization\",\"name\":\"Nita Sentient Labeling Systems\",\"url\":\"https:\/\/nitalabelingequipment.com\/\",\"sameAs\":[\"https:\/\/www.facebook.com\/NitaLabeling\/\",\"https:\/\/www.linkedin.com\/company\/nita-labeling-equipment\/\",\"https:\/\/www.youtube.com\/user\/nitacn\",\"https:\/\/twitter.com\/Nita_labeling\"],\"logo\":{\"@type\":\"ImageObject\",\"@id\":\"https:\/\/nitalabelingequipment.com\/#logo\",\"inLanguage\":\"fr-FR\",\"url\":\"https:\/\/nitalabelingequipment.com\/wp-content\/uploads\/2018\/07\/logo.jpg\",\"contentUrl\":\"https:\/\/nitalabelingequipment.com\/wp-content\/uploads\/2018\/07\/logo.jpg\",\"width\":236,\"height\":127,\"caption\":\"Nita Sentient Labeling Systems\"},\"image\":{\"@id\":\"https:\/\/nitalabelingequipment.com\/#logo\"}},{\"@type\":\"WebSite\",\"@id\":\"https:\/\/nitalabelingequipment.com\/#website\",\"url\":\"https:\/\/nitalabelingequipment.com\/\",\"name\":\"Nita SENTIENT Labeling Systems\",\"description\":\"Sentient Labeling System, Automatic Labeling Equipment\",\"publisher\":{\"@id\":\"https:\/\/nitalabelingequipment.com\/#organization\"},\"potentialAction\":[{\"@type\":\"SearchAction\",\"target\":{\"@type\":\"EntryPoint\",\"urlTemplate\":\"https:\/\/nitalabelingequipment.com\/?s={search_term_string}\"},\"query-input\":\"required name=search_term_string\"}],\"inLanguage\":\"fr-FR\"},{\"@type\":\"WebPage\",\"@id\":\"https:\/\/nitalabelingequipment.com\/fr\/machines\/serie-autonome\/sta-616-pour-impression-et-etiquetage\/#webpage\",\"url\":\"https:\/\/nitalabelingequipment.com\/fr\/machines\/serie-autonome\/sta-616-pour-impression-et-etiquetage\/\",\"name\":\"STA-616 pour impression et \\u00e9tiquetage\",\"isPartOf\":{\"@id\":\"https:\/\/nitalabelingequipment.com\/#website\"},\"datePublished\":\"2018-09-12T17:07:36+00:00\",\"dateModified\":\"2023-10-10T17:42:50+00:00\",\"description\":\"The Nita STA-616 Print and Apply System is designed to allow for your variable information to be printed on the label prior to application.\",\"breadcrumb\":{\"@id\":\"https:\/\/nitalabelingequipment.com\/fr\/machines\/serie-autonome\/sta-616-pour-impression-et-etiquetage\/#breadcrumb\"},\"inLanguage\":\"fr-FR\",\"potentialAction\":[{\"@type\":\"ReadAction\",\"target\":[\"https:\/\/nitalabelingequipment.com\/fr\/machines\/serie-autonome\/sta-616-pour-impression-et-etiquetage\/\"]}]},{\"@type\":\"BreadcrumbList\",\"@id\":\"https:\/\/nitalabelingequipment.com\/fr\/machines\/serie-autonome\/sta-616-pour-impression-et-etiquetage\/#breadcrumb\",\"itemListElement\":[{\"@type\":\"ListItem\",\"position\":1,\"name\":\"Home\",\"item\":\"https:\/\/nitalabelingequipment.com\/fr\/\"},{\"@type\":\"ListItem\",\"position\":2,\"name\":\"Machines\",\"item\":\"https:\/\/nitalabelingequipment.com\/fr\/machines\/\"},{\"@type\":\"ListItem\",\"position\":3,\"name\":\"S\\u00e9rie Autonome\",\"item\":\"https:\/\/nitalabelingequipment.com\/fr\/machines\/serie-autonome\/\"},{\"@type\":\"ListItem\",\"position\":4,\"name\":\"STA-616 pour impression et \\u00e9tiquetage\"}]}]}<\/script>\n<!-- \/ Yoast SEO plugin. -->","yoast_head_json":{"title":"STA-616 pour impression et \u00e9tiquetage","description":"The Nita STA-616 Print and Apply System is designed to allow for your variable information to be printed on the label prior to application.","robots":{"index":"index","follow":"follow","max-snippet":"max-snippet:-1","max-image-preview":"max-image-preview:large","max-video-preview":"max-video-preview:-1"},"canonical":"https:\/\/nitalabelingequipment.com\/fr\/machines\/serie-autonome\/sta-616-pour-impression-et-etiquetage\/","og_locale":"fr_FR","og_type":"article","og_title":"STA-616 pour impression et \u00e9tiquetage","og_description":"The Nita STA-616 Print and Apply System is designed to allow for your variable information to be printed on the label prior to application.","og_url":"https:\/\/nitalabelingequipment.com\/fr\/machines\/serie-autonome\/sta-616-pour-impression-et-etiquetage\/","og_site_name":"Nita SENTIENT Labeling Systems","article_publisher":"https:\/\/www.facebook.com\/NitaLabeling\/","article_modified_time":"2023-10-10T17:42:50+00:00","og_image":[{"width":1615,"height":1615,"url":"https:\/\/nitalabelingequipment.com\/wp-content\/uploads\/2018\/10\/nita-screenshot.jpg","path":"\/home\/nitalabe\/public_html\/wp-content\/uploads\/2018\/10\/nita-screenshot.jpg","size":"full","id":653,"alt":"","pixels":2608225,"type":"image\/jpeg"}],"twitter_card":"summary_large_image","twitter_site":"@Nita_labeling","twitter_misc":{"Dur\u00e9e de lecture est.":"3 minutes"},"schema":{"@context":"https:\/\/schema.org","@graph":[{"@type":"Organization","@id":"https:\/\/nitalabelingequipment.com\/#organization","name":"Nita Sentient Labeling Systems","url":"https:\/\/nitalabelingequipment.com\/","sameAs":["https:\/\/www.facebook.com\/NitaLabeling\/","https:\/\/www.linkedin.com\/company\/nita-labeling-equipment\/","https:\/\/www.youtube.com\/user\/nitacn","https:\/\/twitter.com\/Nita_labeling"],"logo":{"@type":"ImageObject","@id":"https:\/\/nitalabelingequipment.com\/#logo","inLanguage":"fr-FR","url":"https:\/\/nitalabelingequipment.com\/wp-content\/uploads\/2018\/07\/logo.jpg","contentUrl":"https:\/\/nitalabelingequipment.com\/wp-content\/uploads\/2018\/07\/logo.jpg","width":236,"height":127,"caption":"Nita Sentient Labeling Systems"},"image":{"@id":"https:\/\/nitalabelingequipment.com\/#logo"}},{"@type":"WebSite","@id":"https:\/\/nitalabelingequipment.com\/#website","url":"https:\/\/nitalabelingequipment.com\/","name":"Nita SENTIENT Labeling Systems","description":"Sentient Labeling System, Automatic Labeling Equipment","publisher":{"@id":"https:\/\/nitalabelingequipment.com\/#organization"},"potentialAction":[{"@type":"SearchAction","target":{"@type":"EntryPoint","urlTemplate":"https:\/\/nitalabelingequipment.com\/?s={search_term_string}"},"query-input":"required name=search_term_string"}],"inLanguage":"fr-FR"},{"@type":"WebPage","@id":"https:\/\/nitalabelingequipment.com\/fr\/machines\/serie-autonome\/sta-616-pour-impression-et-etiquetage\/#webpage","url":"https:\/\/nitalabelingequipment.com\/fr\/machines\/serie-autonome\/sta-616-pour-impression-et-etiquetage\/","name":"STA-616 pour impression et \u00e9tiquetage","isPartOf":{"@id":"https:\/\/nitalabelingequipment.com\/#website"},"datePublished":"2018-09-12T17:07:36+00:00","dateModified":"2023-10-10T17:42:50+00:00","description":"The Nita STA-616 Print and Apply System is designed to allow for your variable information to be printed on the label prior to application.","breadcrumb":{"@id":"https:\/\/nitalabelingequipment.com\/fr\/machines\/serie-autonome\/sta-616-pour-impression-et-etiquetage\/#breadcrumb"},"inLanguage":"fr-FR","potentialAction":[{"@type":"ReadAction","target":["https:\/\/nitalabelingequipment.com\/fr\/machines\/serie-autonome\/sta-616-pour-impression-et-etiquetage\/"]}]},{"@type":"BreadcrumbList","@id":"https:\/\/nitalabelingequipment.com\/fr\/machines\/serie-autonome\/sta-616-pour-impression-et-etiquetage\/#breadcrumb","itemListElement":[{"@type":"ListItem","position":1,"name":"Home","item":"https:\/\/nitalabelingequipment.com\/fr\/"},{"@type":"ListItem","position":2,"name":"Machines","item":"https:\/\/nitalabelingequipment.com\/fr\/machines\/"},{"@type":"ListItem","position":3,"name":"S\u00e9rie Autonome","item":"https:\/\/nitalabelingequipment.com\/fr\/machines\/serie-autonome\/"},{"@type":"ListItem","position":4,"name":"STA-616 pour impression et \u00e9tiquetage"}]}]}},"_links":{"self":[{"href":"https:\/\/nitalabelingequipment.com\/fr\/wp-json\/wp\/v2\/pages\/1443"}],"collection":[{"href":"https:\/\/nitalabelingequipment.com\/fr\/wp-json\/wp\/v2\/pages"}],"about":[{"href":"https:\/\/nitalabelingequipment.com\/fr\/wp-json\/wp\/v2\/types\/page"}],"author":[{"embeddable":true,"href":"https:\/\/nitalabelingequipment.com\/fr\/wp-json\/wp\/v2\/users\/5"}],"replies":[{"embeddable":true,"href":"https:\/\/nitalabelingequipment.com\/fr\/wp-json\/wp\/v2\/comments?post=1443"}],"version-history":[{"count":10,"href":"https:\/\/nitalabelingequipment.com\/fr\/wp-json\/wp\/v2\/pages\/1443\/revisions"}],"predecessor-version":[{"id":2548,"href":"https:\/\/nitalabelingequipment.com\/fr\/wp-json\/wp\/v2\/pages\/1443\/revisions\/2548"}],"up":[{"embeddable":true,"href":"https:\/\/nitalabelingequipment.com\/fr\/wp-json\/wp\/v2\/pages\/1446"}],"wp:attachment":[{"href":"https:\/\/nitalabelingequipment.com\/fr\/wp-json\/wp\/v2\/media?parent=1443"}],"curies":[{"name":"wp","href":"https:\/\/api.w.org\/{rel}","templated":true}]}}