{"id":1444,"date":"2018-09-12T13:02:40","date_gmt":"2018-09-12T17:02:40","guid":{"rendered":"https:\/\/nitalabelingequipment.com\/vision-systems\/"},"modified":"2021-02-19T17:38:01","modified_gmt":"2021-02-19T22:38:01","slug":"systeme-vision","status":"publish","type":"page","link":"https:\/\/nitalabelingequipment.com\/fr\/machines\/serie-autonome\/systeme-vision\/","title":{"rendered":"Syst\u00e8me Vision"},"content":{"rendered":"[vc_row fullwidth=\u00a0\u00bbtrue\u00a0\u00bb][vc_column][mk_padding_divider size=\u00a0\u00bb60&Prime;][\/vc_column][\/vc_row][vc_row][vc_column width=\u00a0\u00bb1\/2&Prime;][vc_column_text css=\u00a0\u00bb.vc_custom_1588174999762{margin-bottom: 0px !important;}\u00a0\u00bb]\n<h1>TROUVER CE QUE VOUS CHERCHEZ EXIGE DE LA <span style=\"color: #f37426;\">VISION<\/span>.<\/h1>\n<p>Heureusement, nous sommes <span style=\"color: #f37426;\"><strong>visionnaires<\/strong><\/span>! L\u2019\u00e9quipe Nita est r\u00e9put\u00e9e pour son <span style=\"color: #f37426;\"><strong>expertise<\/strong> <\/span>en programmation et en installation de syst\u00e8mes de vision et de suivi de produits Cognex.<\/p>\n<p>Int\u00e9grez le v\u00f4tre dans un syst\u00e8me d\u2019\u00e9tiquetage intelligent Nita ou en tant que syst\u00e8me de vision autonome.<\/p>\n<p>Con\u00e7u pour ce que nous faisons de mieux: fabriquer des produits <span style=\"color: #f37426;\"><strong>parfaits<\/strong><\/span>!<\/p>\n<ul>\n<li>Syst\u00e8me de suivi de produits<\/li>\n<li>OCR\/OCV<\/li>\n<li>Hauteur et inclinaison d\u2019\u00e9tiquettes<\/li>\n<li>Pr\u00e9sence d\u2019\u00e9tiquettes<\/li>\n<li>M\u00e9canisme de s\u00e9rialisation et de rejet<\/li>\n<\/ul>\n[\/vc_column_text][\/vc_column][vc_column width=\u00a0\u00bb1\/2&Prime;][vc_video link=\u00a0\u00bbhttps:\/\/www.youtube.com\/watch?v=W1qmOrMXcpg\u00a0\u00bb custom_thumbnail=\u00a0\u00bbtrue\u00a0\u00bb thumbnail_image=\u00a0\u00bb423&Prime;][\/vc_column][\/vc_row][vc_row][vc_column][mk_padding_divider][vc_column_text css=\u00a0\u00bb.vc_custom_1588175028179{margin-bottom: 0px !important;}\u00a0\u00bb]\n<p style=\"text-align: center;\"><img loading=\"lazy\" class=\"aligncenter wp-image-552 size-full\" src=\"https:\/\/nitalabelingequipment.com\/wp-content\/uploads\/2018\/10\/cognex-vision-system.jpg\" alt=\"\" width=\"710\" height=\"333\" srcset=\"https:\/\/nitalabelingequipment.com\/wp-content\/uploads\/2018\/10\/cognex-vision-system.jpg 710w, https:\/\/nitalabelingequipment.com\/wp-content\/uploads\/2018\/10\/cognex-vision-system-300x141.jpg 300w\" sizes=\"(max-width: 710px) 100vw, 710px\" \/>Appelez-nous d\u00e8s aujourd\u2019hui pour en savoir plus \u00e0 ce sujet ou sur toute autre fonctionnalit\u00e9 r\u00e9volutionnaire du syst\u00e8me d&rsquo;\u00e9tiquetage intelligent Nita.<br \/>\n<strong>1-855-668-NITA (6482)<\/strong> ou, si vous pr\u00e9f\u00e9rez, par courriel \u00e0\u00a0<a href=\"mailto:sales@nita.ca\">sales@nita.ca<\/a>.<\/p>\n[\/vc_column_text][\/vc_column][\/vc_row][vc_row][vc_column][mk_padding_divider][\/vc_column][\/vc_row]\n","protected":false},"excerpt":{"rendered":"<p>[vc_row fullwidth=\u00a0\u00bbtrue\u00a0\u00bb][vc_column][mk_padding_divider size=\u00a0\u00bb60&Prime;][\/vc_column][\/vc_row][vc_row][vc_column width=\u00a0\u00bb1\/2&Prime;][vc_column_text css=\u00a0\u00bb.vc_custom_1588174999762{margin-bottom: 0px !important;}\u00a0\u00bb] TROUVER CE QUE VOUS CHERCHEZ EXIGE DE LA VISION. Heureusement, nous sommes visionnaires! L\u2019\u00e9quipe Nita est r\u00e9put\u00e9e pour son expertise en programmation et en installation de syst\u00e8mes de vision et de suivi de produits Cognex. Int\u00e9grez le v\u00f4tre dans un syst\u00e8me d\u2019\u00e9tiquetage intelligent Nita ou en tant que [&hellip;]<\/p>\n","protected":false},"author":5,"featured_media":0,"parent":1446,"menu_order":0,"comment_status":"closed","ping_status":"closed","template":"","meta":[],"yoast_head":"<!-- This site is optimized with the Yoast SEO plugin v16.7 - https:\/\/yoast.com\/wordpress\/plugins\/seo\/ -->\n<title>Syst\u00e8me Vision<\/title>\n<meta name=\"description\" content=\"Nita is an expert in programmed and installed Cognex Vision and Product Tracking Systems for perfect label application every time.\" \/>\n<meta name=\"robots\" content=\"index, follow, max-snippet:-1, max-image-preview:large, max-video-preview:-1\" \/>\n<link rel=\"canonical\" href=\"https:\/\/nitalabelingequipment.com\/fr\/machines\/serie-autonome\/systeme-vision\/\" \/>\n<meta property=\"og:locale\" content=\"fr_FR\" \/>\n<meta property=\"og:type\" content=\"article\" \/>\n<meta property=\"og:title\" content=\"Syst\u00e8me Vision\" \/>\n<meta property=\"og:description\" content=\"Nita is an expert in programmed and installed Cognex Vision and Product Tracking Systems for perfect label application every time.\" \/>\n<meta property=\"og:url\" content=\"https:\/\/nitalabelingequipment.com\/fr\/machines\/serie-autonome\/systeme-vision\/\" \/>\n<meta property=\"og:site_name\" content=\"Nita SENTIENT Labeling Systems\" \/>\n<meta property=\"article:publisher\" content=\"https:\/\/www.facebook.com\/NitaLabeling\/\" \/>\n<meta property=\"article:modified_time\" content=\"2021-02-19T22:38:01+00:00\" \/>\n<meta property=\"og:image\" content=\"https:\/\/nitalabelingequipment.com\/wp-content\/uploads\/2018\/10\/cognex-vision-system.jpg\" \/>\n<meta name=\"twitter:card\" content=\"summary_large_image\" \/>\n<meta name=\"twitter:site\" content=\"@Nita_labeling\" \/>\n<meta name=\"twitter:label1\" content=\"Dur\u00e9e de lecture est.\" \/>\n\t<meta name=\"twitter:data1\" content=\"1 minute\" \/>\n<script type=\"application\/ld+json\" class=\"yoast-schema-graph\">{\"@context\":\"https:\/\/schema.org\",\"@graph\":[{\"@type\":\"Organization\",\"@id\":\"https:\/\/nitalabelingequipment.com\/#organization\",\"name\":\"Nita Sentient Labeling Systems\",\"url\":\"https:\/\/nitalabelingequipment.com\/\",\"sameAs\":[\"https:\/\/www.facebook.com\/NitaLabeling\/\",\"https:\/\/www.linkedin.com\/company\/nita-labeling-equipment\/\",\"https:\/\/www.youtube.com\/user\/nitacn\",\"https:\/\/twitter.com\/Nita_labeling\"],\"logo\":{\"@type\":\"ImageObject\",\"@id\":\"https:\/\/nitalabelingequipment.com\/#logo\",\"inLanguage\":\"fr-FR\",\"url\":\"https:\/\/nitalabelingequipment.com\/wp-content\/uploads\/2018\/07\/logo.jpg\",\"contentUrl\":\"https:\/\/nitalabelingequipment.com\/wp-content\/uploads\/2018\/07\/logo.jpg\",\"width\":236,\"height\":127,\"caption\":\"Nita Sentient Labeling Systems\"},\"image\":{\"@id\":\"https:\/\/nitalabelingequipment.com\/#logo\"}},{\"@type\":\"WebSite\",\"@id\":\"https:\/\/nitalabelingequipment.com\/#website\",\"url\":\"https:\/\/nitalabelingequipment.com\/\",\"name\":\"Nita SENTIENT Labeling Systems\",\"description\":\"Sentient Labeling System, Automatic Labeling Equipment\",\"publisher\":{\"@id\":\"https:\/\/nitalabelingequipment.com\/#organization\"},\"potentialAction\":[{\"@type\":\"SearchAction\",\"target\":{\"@type\":\"EntryPoint\",\"urlTemplate\":\"https:\/\/nitalabelingequipment.com\/?s={search_term_string}\"},\"query-input\":\"required name=search_term_string\"}],\"inLanguage\":\"fr-FR\"},{\"@type\":\"ImageObject\",\"@id\":\"https:\/\/nitalabelingequipment.com\/fr\/machines\/serie-autonome\/systeme-vision\/#primaryimage\",\"inLanguage\":\"fr-FR\",\"url\":\"https:\/\/nitalabelingequipment.com\/wp-content\/uploads\/2018\/10\/cognex-vision-system.jpg\",\"contentUrl\":\"https:\/\/nitalabelingequipment.com\/wp-content\/uploads\/2018\/10\/cognex-vision-system.jpg\",\"width\":710,\"height\":333},{\"@type\":\"WebPage\",\"@id\":\"https:\/\/nitalabelingequipment.com\/fr\/machines\/serie-autonome\/systeme-vision\/#webpage\",\"url\":\"https:\/\/nitalabelingequipment.com\/fr\/machines\/serie-autonome\/systeme-vision\/\",\"name\":\"Syst\\u00e8me Vision\",\"isPartOf\":{\"@id\":\"https:\/\/nitalabelingequipment.com\/#website\"},\"primaryImageOfPage\":{\"@id\":\"https:\/\/nitalabelingequipment.com\/fr\/machines\/serie-autonome\/systeme-vision\/#primaryimage\"},\"datePublished\":\"2018-09-12T17:02:40+00:00\",\"dateModified\":\"2021-02-19T22:38:01+00:00\",\"description\":\"Nita is an expert in programmed and installed Cognex Vision and Product Tracking Systems for perfect label application every time.\",\"breadcrumb\":{\"@id\":\"https:\/\/nitalabelingequipment.com\/fr\/machines\/serie-autonome\/systeme-vision\/#breadcrumb\"},\"inLanguage\":\"fr-FR\",\"potentialAction\":[{\"@type\":\"ReadAction\",\"target\":[\"https:\/\/nitalabelingequipment.com\/fr\/machines\/serie-autonome\/systeme-vision\/\"]}]},{\"@type\":\"BreadcrumbList\",\"@id\":\"https:\/\/nitalabelingequipment.com\/fr\/machines\/serie-autonome\/systeme-vision\/#breadcrumb\",\"itemListElement\":[{\"@type\":\"ListItem\",\"position\":1,\"name\":\"Home\",\"item\":\"https:\/\/nitalabelingequipment.com\/fr\/\"},{\"@type\":\"ListItem\",\"position\":2,\"name\":\"Machines\",\"item\":\"https:\/\/nitalabelingequipment.com\/fr\/machines\/\"},{\"@type\":\"ListItem\",\"position\":3,\"name\":\"S\\u00e9rie Autonome\",\"item\":\"https:\/\/nitalabelingequipment.com\/fr\/machines\/serie-autonome\/\"},{\"@type\":\"ListItem\",\"position\":4,\"name\":\"Syst\\u00e8me Vision\"}]}]}<\/script>\n<!-- \/ Yoast SEO plugin. -->","yoast_head_json":{"title":"Syst\u00e8me Vision","description":"Nita is an expert in programmed and installed Cognex Vision and Product Tracking Systems for perfect label application every time.","robots":{"index":"index","follow":"follow","max-snippet":"max-snippet:-1","max-image-preview":"max-image-preview:large","max-video-preview":"max-video-preview:-1"},"canonical":"https:\/\/nitalabelingequipment.com\/fr\/machines\/serie-autonome\/systeme-vision\/","og_locale":"fr_FR","og_type":"article","og_title":"Syst\u00e8me Vision","og_description":"Nita is an expert in programmed and installed Cognex Vision and Product Tracking Systems for perfect label application every time.","og_url":"https:\/\/nitalabelingequipment.com\/fr\/machines\/serie-autonome\/systeme-vision\/","og_site_name":"Nita SENTIENT Labeling Systems","article_publisher":"https:\/\/www.facebook.com\/NitaLabeling\/","article_modified_time":"2021-02-19T22:38:01+00:00","og_image":[{"url":"https:\/\/nitalabelingequipment.com\/wp-content\/uploads\/2018\/10\/cognex-vision-system.jpg"}],"twitter_card":"summary_large_image","twitter_site":"@Nita_labeling","twitter_misc":{"Dur\u00e9e de lecture est.":"1 minute"},"schema":{"@context":"https:\/\/schema.org","@graph":[{"@type":"Organization","@id":"https:\/\/nitalabelingequipment.com\/#organization","name":"Nita Sentient Labeling Systems","url":"https:\/\/nitalabelingequipment.com\/","sameAs":["https:\/\/www.facebook.com\/NitaLabeling\/","https:\/\/www.linkedin.com\/company\/nita-labeling-equipment\/","https:\/\/www.youtube.com\/user\/nitacn","https:\/\/twitter.com\/Nita_labeling"],"logo":{"@type":"ImageObject","@id":"https:\/\/nitalabelingequipment.com\/#logo","inLanguage":"fr-FR","url":"https:\/\/nitalabelingequipment.com\/wp-content\/uploads\/2018\/07\/logo.jpg","contentUrl":"https:\/\/nitalabelingequipment.com\/wp-content\/uploads\/2018\/07\/logo.jpg","width":236,"height":127,"caption":"Nita Sentient Labeling Systems"},"image":{"@id":"https:\/\/nitalabelingequipment.com\/#logo"}},{"@type":"WebSite","@id":"https:\/\/nitalabelingequipment.com\/#website","url":"https:\/\/nitalabelingequipment.com\/","name":"Nita SENTIENT Labeling Systems","description":"Sentient Labeling System, Automatic Labeling Equipment","publisher":{"@id":"https:\/\/nitalabelingequipment.com\/#organization"},"potentialAction":[{"@type":"SearchAction","target":{"@type":"EntryPoint","urlTemplate":"https:\/\/nitalabelingequipment.com\/?s={search_term_string}"},"query-input":"required name=search_term_string"}],"inLanguage":"fr-FR"},{"@type":"ImageObject","@id":"https:\/\/nitalabelingequipment.com\/fr\/machines\/serie-autonome\/systeme-vision\/#primaryimage","inLanguage":"fr-FR","url":"https:\/\/nitalabelingequipment.com\/wp-content\/uploads\/2018\/10\/cognex-vision-system.jpg","contentUrl":"https:\/\/nitalabelingequipment.com\/wp-content\/uploads\/2018\/10\/cognex-vision-system.jpg","width":710,"height":333},{"@type":"WebPage","@id":"https:\/\/nitalabelingequipment.com\/fr\/machines\/serie-autonome\/systeme-vision\/#webpage","url":"https:\/\/nitalabelingequipment.com\/fr\/machines\/serie-autonome\/systeme-vision\/","name":"Syst\u00e8me Vision","isPartOf":{"@id":"https:\/\/nitalabelingequipment.com\/#website"},"primaryImageOfPage":{"@id":"https:\/\/nitalabelingequipment.com\/fr\/machines\/serie-autonome\/systeme-vision\/#primaryimage"},"datePublished":"2018-09-12T17:02:40+00:00","dateModified":"2021-02-19T22:38:01+00:00","description":"Nita is an expert in programmed and installed Cognex Vision and Product Tracking Systems for perfect label application every time.","breadcrumb":{"@id":"https:\/\/nitalabelingequipment.com\/fr\/machines\/serie-autonome\/systeme-vision\/#breadcrumb"},"inLanguage":"fr-FR","potentialAction":[{"@type":"ReadAction","target":["https:\/\/nitalabelingequipment.com\/fr\/machines\/serie-autonome\/systeme-vision\/"]}]},{"@type":"BreadcrumbList","@id":"https:\/\/nitalabelingequipment.com\/fr\/machines\/serie-autonome\/systeme-vision\/#breadcrumb","itemListElement":[{"@type":"ListItem","position":1,"name":"Home","item":"https:\/\/nitalabelingequipment.com\/fr\/"},{"@type":"ListItem","position":2,"name":"Machines","item":"https:\/\/nitalabelingequipment.com\/fr\/machines\/"},{"@type":"ListItem","position":3,"name":"S\u00e9rie Autonome","item":"https:\/\/nitalabelingequipment.com\/fr\/machines\/serie-autonome\/"},{"@type":"ListItem","position":4,"name":"Syst\u00e8me Vision"}]}]}},"_links":{"self":[{"href":"https:\/\/nitalabelingequipment.com\/fr\/wp-json\/wp\/v2\/pages\/1444"}],"collection":[{"href":"https:\/\/nitalabelingequipment.com\/fr\/wp-json\/wp\/v2\/pages"}],"about":[{"href":"https:\/\/nitalabelingequipment.com\/fr\/wp-json\/wp\/v2\/types\/page"}],"author":[{"embeddable":true,"href":"https:\/\/nitalabelingequipment.com\/fr\/wp-json\/wp\/v2\/users\/5"}],"replies":[{"embeddable":true,"href":"https:\/\/nitalabelingequipment.com\/fr\/wp-json\/wp\/v2\/comments?post=1444"}],"version-history":[{"count":4,"href":"https:\/\/nitalabelingequipment.com\/fr\/wp-json\/wp\/v2\/pages\/1444\/revisions"}],"predecessor-version":[{"id":1740,"href":"https:\/\/nitalabelingequipment.com\/fr\/wp-json\/wp\/v2\/pages\/1444\/revisions\/1740"}],"up":[{"embeddable":true,"href":"https:\/\/nitalabelingequipment.com\/fr\/wp-json\/wp\/v2\/pages\/1446"}],"wp:attachment":[{"href":"https:\/\/nitalabelingequipment.com\/fr\/wp-json\/wp\/v2\/media?parent=1444"}],"curies":[{"name":"wp","href":"https:\/\/api.w.org\/{rel}","templated":true}]}}