{"id":1449,"date":"2018-09-04T11:22:47","date_gmt":"2018-09-04T15:22:47","guid":{"rendered":"https:\/\/nitalabelingequipment.com\/standalone\/smart-orientation-systems\/"},"modified":"2025-03-13T17:14:56","modified_gmt":"2025-03-13T21:14:56","slug":"systeme-dorientation-intelligent","status":"publish","type":"page","link":"https:\/\/nitalabelingequipment.com\/fr\/machines\/serie-autonome\/systeme-dorientation-intelligent\/","title":{"rendered":"Syst\u00e8me d\u2019orientation intelligent"},"content":{"rendered":"[vc_row fullwidth=\u00a0\u00bbtrue\u00a0\u00bb][vc_column][mk_revslider id=\u00a0\u00bbproducts-synerg-xp-smart-orientation-system\u00a0\u00bb][mk_padding_divider size=\u00a0\u00bb60&Prime;][\/vc_column][\/vc_row][vc_row][vc_column width=\u00a0\u00bb2\/3&Prime;][vc_tabs style=\u00a0\u00bbsimple\u00a0\u00bb][vc_tab title=\u00a0\u00bbDescription\u00a0\u00bb tab_id=\u00a0\u00bb1532634934-1-41&Prime;][vc_column_text css=\u00a0\u00bb.vc_custom_1741900492891{margin-bottom: 0px !important;}\u00a0\u00bb]\n<h2>Syst\u00e8me d\u2019orientation intelligent<\/h2>\n<p>Les syst\u00e8mes d&rsquo;orientation de la s\u00e9rie XP pour machine d\u2019\u00e9tiquetage Nita sont con\u00e7us pour positionner vos contenants exactement l\u00e0 o\u00f9 vous en avez besoin. Gr\u00e2ce \u00e0 un \u00e9quipement optique ou sensoriel de qualit\u00e9 professionnelle, les diff\u00e9rents modules d&rsquo;orientation disponibles positionneront le contenant selon des points de r\u00e9f\u00e9rence pr\u00e9d\u00e9finis. Avec le syst\u00e8me d&rsquo;orientation, les contenants peuvent \u00eatre orient\u00e9s par l&rsquo;un des m\u00e9canismes suivants:<\/p>\n<ul>\n<li>Capteur num\u00e9rique: reconna\u00eet et oriente en fonction des caract\u00e9ristiques physiques comme les anses.<\/li>\n<li>V\u00e9rificateur Cognex: reconna\u00eet et oriente le contenant en fonction de points de contraste comme la couleur et la topographie du design<\/li>\n<li>Cam\u00e9ra haute r\u00e9solution: prend une photo et fait correspondre l&rsquo;orientation du contenant \u00e0 l&rsquo;image m\u00e9moris\u00e9e.<\/li>\n<\/ul>\n<p>Ce syst\u00e8me est offert en tant qu&rsquo;unit\u00e9 d&rsquo;orientation autonome ou int\u00e9gr\u00e9 dans un puissant syst\u00e8me d&rsquo;\u00e9tiquetage intelligent Nita.<\/p>\n<h2>Type de machine d&rsquo;\u00e9tiquetage et sp\u00e9cifications<\/h2>\n<h3><strong>Syst\u00e8me d\u2019orientation intelligent pour machines d&rsquo;\u00e9tiquetage <\/strong><\/h3>\n<p><span style=\"color: #f37426;\"><strong>Type de machine<\/strong><\/span>: syst\u00e8me d\u2019orientation pour machine d\u2019\u00e9tiquetage<br \/>\n<span style=\"color: #f37426;\"><strong>Applications<\/strong><\/span>: oriente les contenants pour l&rsquo;\u00e9tiquetage<br \/>\n<span style=\"color: #f37426;\"><strong>Types de contenants<\/strong><\/span>: oriente les contenants en verre, en plastique, en papier, en carton et la plupart des contenants faits d\u2019autres mat\u00e9riaux[\/vc_column_text][\/vc_tab][vc_tab title=\u00a0\u00bbCaract\u00e9ristiques\u00a0\u00bb tab_id=\u00a0\u00bb1532634934-2-83&Prime;][vc_column_text css=\u00a0\u00bb.vc_custom_1588174803179{margin-bottom: 0px !important;}\u00a0\u00bb]Les machines d\u2019\u00e9tiquetage Nita sont con\u00e7ues pour un \u00e9tiquetage de pr\u00e9cision et des changements rapides.<\/p>\n<p><strong>Nombreuses caract\u00e9ristiques et avantages de la technologie et de l&rsquo;ing\u00e9nierie de Nita<\/strong>:<\/p>\n<ul>\n<li>Composantes \u00e9lectroniques non propri\u00e9taires<\/li>\n<li>Syst\u00e8me de recettes avec r\u00e9glages de chaque station<\/li>\n<li>Servo moteurs et contr\u00f4leurs programmables<\/li>\n<li>Logiciel de gestion avec d\u00e9pannage \u00e0 distance<\/li>\n<li>\u00c9tiquetage avec une pr\u00e9cision de 1\/32&Prime;<\/li>\n<li>Vitesse d&rsquo;application de 1570&Prime; \u00e0 la minute<\/li>\n<li>Machine en acier inoxydable<\/li>\n<li>Syst\u00e8mes de vision et de v\u00e9rification par cam\u00e9ras pour une orientation pr\u00e9cise<\/li>\n<li>Codage d\u2019information variable en option<\/li>\n<li>Int\u00e9gration d\u2019imprimante, num\u00e9riseur et de station de rejet en option<\/li>\n<li>Rouleaux de 16&Prime; de diam\u00e8tre ext\u00e9rieur &#8211; standard 12&Prime; avec noyau de 3&Prime;<\/li>\n<li>Largeur d\u2019\u00e9tiquette jusqu\u2019\u00e0 12&Prime; &#8211; standard 6&Prime;<\/li>\n<li>Kit IP65 pour lavage \u00e0 pression<\/li>\n<\/ul>\n[\/vc_column_text][\/vc_tab][\/vc_tabs][\/vc_column][vc_column width=\u00a0\u00bb1\/3&Prime; css=\u00a0\u00bb.vc_custom_1532638306514{padding-left: 40px !important;}\u00a0\u00bb][vc_column_text css=\u00a0\u00bb.vc_custom_1696959803019{margin-bottom: 0px !important;}\u00a0\u00bb]\n<h2 style=\"margin-bottom: 30px;\">Passez \u00e0 la<br \/>\nprochaine \u00e9tape<\/h2>\n<p><a class=\"orangebutton\" style=\"width: 165px;\" href=\"https:\/\/nitalabelingequipment.com\/fr\/obtenir-un-devis\/\">Demandez un devis<\/a><\/p>\n<p><a class=\"orangebutton\" style=\"width: 165px;\" href=\"https:\/\/nitalabelingequipment.com\/fr\/contactez-nous\/\">Contactez-nous<\/a><\/p>\n<p><a class=\"orangebutton\" style=\"width: 165px;\" href=\"https:\/\/nitalabelingequipment.com\/fr\/demande-brochure\/\">Brochure Nita<\/a>[\/vc_column_text][\/vc_column][\/vc_row][vc_row fullwidth=\u00a0\u00bbtrue\u00a0\u00bb fullwidth_content=\u00a0\u00bbfalse\u00a0\u00bb css=\u00a0\u00bb.vc_custom_1532637501826{background-color: #f5f5f5 !important;}\u00a0\u00bb][vc_column][mk_padding_divider][vc_column_text css=\u00a0\u00bb.vc_custom_1603991205207{margin-bottom: 0px !important;padding-bottom: 20px !important;}\u00a0\u00bb]\n<h2 style=\"text-align: center;\">Voyez ce que le syst\u00e8me d\u2019orientation XP peut faire!<\/h2>\n[\/vc_column_text][vc_row_inner][vc_column_inner width=\u00a0\u00bb1\/2&Prime;][vc_video link=\u00a0\u00bbhttps:\/\/youtu.be\/nGDKSwwqeEo\u00a0\u00bb custom_thumbnail=\u00a0\u00bbtrue\u00a0\u00bb play_icon_color=\u00a0\u00bb#fe5000&Prime; thumbnail_image=\u00a0\u00bb1131&Prime;][vc_column_text css=\u00a0\u00bb.vc_custom_1590007456787{margin-bottom: 0px !important;padding-top: 15px !important;}\u00a0\u00bb]<strong>Orientation de la position de l\u2019anse de bouteilles d&rsquo;huile rondes<\/strong>[\/vc_column_text][\/vc_column_inner][vc_column_inner width=\u00a0\u00bb1\/2&Prime;][vc_video link=\u00a0\u00bbhttps:\/\/www.youtube.com\/watch?v=C7VFhuHrTPw\u00a0\u00bb custom_thumbnail=\u00a0\u00bbtrue\u00a0\u00bb play_icon_color=\u00a0\u00bb#fe5000&Prime; thumbnail_image=\u00a0\u00bb1132&Prime;][vc_column_text css=\u00a0\u00bb.vc_custom_1590007465870{margin-bottom: 0px !important;padding-top: 15px !important;}\u00a0\u00bb]<strong>Syst\u00e8me d&rsquo;orientation autonome<\/strong><\/p>\n<p>Le syst\u00e8me d&rsquo;orientation autonome pour machine d\u2019\u00e9tiquetage Nita est \u00e9quip\u00e9 d&rsquo;une cam\u00e9ra Cognex de pr\u00e9cision servo-contr\u00f4l\u00e9e et fonctionne \u00e0 100 CPM![\/vc_column_text][\/vc_column_inner][\/vc_row_inner][mk_padding_divider][vc_column_text css=\u00a0\u00bb.vc_custom_1588174857076{margin-bottom: 0px !important;}\u00a0\u00bb]\n<p style=\"text-align: center; font-size: 24px; font-weight: Bold;\">Ce n&rsquo;est pas le type d\u2019application que vous cherchez?<br \/>\nAutres machines d&rsquo;\u00e9tiquetage de la s\u00e9rie Autonome<\/p>\n<p style=\"text-align: center; font-size: 18px; font-weight: bold;\"><strong><a href=\"https:\/\/nitalabelingequipment.com\/fr\/machines\/serie-autonome\/sta-616-pour-impression-et-etiquetage\/\">Impression et \u00e9tiquetage<\/a> &#8211; <a href=\"https:\/\/nitalabelingequipment.com\/fr\/machines\/serie-autonome\/ae-612mkii-pour-etiquetage-par-balayage\/\">\u00c9tiquetage par balayage<\/a> &#8211; <a href=\"https:\/\/nitalabelingequipment.com\/fr\/machines\/serie-autonome\/ae-612mkii-tb-pour-etiquetage-a-air\/\">\u00c9tiquetage \u00e0 air<\/a><\/strong><\/p>\n[\/vc_column_text][\/vc_column][\/vc_row]\n","protected":false},"excerpt":{"rendered":"<p>[vc_row fullwidth=\u00a0\u00bbtrue\u00a0\u00bb][vc_column][mk_revslider id=\u00a0\u00bbproducts-synerg-xp-smart-orientation-system\u00a0\u00bb][mk_padding_divider size=\u00a0\u00bb60&Prime;][\/vc_column][\/vc_row][vc_row][vc_column width=\u00a0\u00bb2\/3&Prime;][vc_tabs style=\u00a0\u00bbsimple\u00a0\u00bb][vc_tab title=\u00a0\u00bbDescription\u00a0\u00bb tab_id=\u00a0\u00bb1532634934-1-41&Prime;][vc_column_text css=\u00a0\u00bb.vc_custom_1741900492891{margin-bottom: 0px !important;}\u00a0\u00bb] Syst\u00e8me d\u2019orientation intelligent Les syst\u00e8mes d&rsquo;orientation de la s\u00e9rie XP pour machine d\u2019\u00e9tiquetage Nita sont con\u00e7us pour positionner vos contenants exactement l\u00e0 o\u00f9 vous en avez besoin. Gr\u00e2ce \u00e0 un \u00e9quipement optique ou sensoriel de qualit\u00e9 professionnelle, les diff\u00e9rents modules d&rsquo;orientation disponibles positionneront le [&hellip;]<\/p>\n","protected":false},"author":5,"featured_media":0,"parent":1446,"menu_order":0,"comment_status":"closed","ping_status":"closed","template":"","meta":[],"yoast_head":"<!-- This site is optimized with the Yoast SEO plugin v16.7 - https:\/\/yoast.com\/wordpress\/plugins\/seo\/ -->\n<title>Syst\u00e8me d\u2019orientation intelligent<\/title>\n<meta name=\"description\" content=\"The SynerG XP series of label orientation systems are designed to position your containers exactly where you need it for perfect labeling every time.\" \/>\n<meta name=\"robots\" content=\"index, follow, max-snippet:-1, max-image-preview:large, max-video-preview:-1\" \/>\n<link rel=\"canonical\" href=\"https:\/\/nitalabelingequipment.com\/fr\/machines\/serie-autonome\/systeme-dorientation-intelligent\/\" \/>\n<meta property=\"og:locale\" content=\"fr_FR\" \/>\n<meta property=\"og:type\" content=\"article\" \/>\n<meta property=\"og:title\" content=\"Syst\u00e8me d\u2019orientation intelligent\" \/>\n<meta property=\"og:description\" content=\"The SynerG XP series of label orientation systems are designed to position your containers exactly where you need it for perfect labeling every time.\" \/>\n<meta property=\"og:url\" content=\"https:\/\/nitalabelingequipment.com\/fr\/machines\/serie-autonome\/systeme-dorientation-intelligent\/\" \/>\n<meta property=\"og:site_name\" content=\"Nita SENTIENT Labeling Systems\" \/>\n<meta property=\"article:publisher\" content=\"https:\/\/www.facebook.com\/NitaLabeling\/\" \/>\n<meta property=\"article:modified_time\" content=\"2025-03-13T21:14:56+00:00\" \/>\n<meta property=\"og:image\" content=\"https:\/\/nitalabelingequipment.com\/wp-content\/uploads\/2018\/10\/nita-screenshot.jpg\" \/>\n\t<meta property=\"og:image:width\" content=\"1615\" \/>\n\t<meta property=\"og:image:height\" content=\"1615\" \/>\n<meta name=\"twitter:card\" content=\"summary_large_image\" \/>\n<meta name=\"twitter:site\" content=\"@Nita_labeling\" \/>\n<meta name=\"twitter:label1\" content=\"Dur\u00e9e de lecture est.\" \/>\n\t<meta name=\"twitter:data1\" content=\"2 minutes\" \/>\n<script type=\"application\/ld+json\" class=\"yoast-schema-graph\">{\"@context\":\"https:\/\/schema.org\",\"@graph\":[{\"@type\":\"Organization\",\"@id\":\"https:\/\/nitalabelingequipment.com\/#organization\",\"name\":\"Nita Sentient Labeling Systems\",\"url\":\"https:\/\/nitalabelingequipment.com\/\",\"sameAs\":[\"https:\/\/www.facebook.com\/NitaLabeling\/\",\"https:\/\/www.linkedin.com\/company\/nita-labeling-equipment\/\",\"https:\/\/www.youtube.com\/user\/nitacn\",\"https:\/\/twitter.com\/Nita_labeling\"],\"logo\":{\"@type\":\"ImageObject\",\"@id\":\"https:\/\/nitalabelingequipment.com\/#logo\",\"inLanguage\":\"fr-FR\",\"url\":\"https:\/\/nitalabelingequipment.com\/wp-content\/uploads\/2018\/07\/logo.jpg\",\"contentUrl\":\"https:\/\/nitalabelingequipment.com\/wp-content\/uploads\/2018\/07\/logo.jpg\",\"width\":236,\"height\":127,\"caption\":\"Nita Sentient Labeling Systems\"},\"image\":{\"@id\":\"https:\/\/nitalabelingequipment.com\/#logo\"}},{\"@type\":\"WebSite\",\"@id\":\"https:\/\/nitalabelingequipment.com\/#website\",\"url\":\"https:\/\/nitalabelingequipment.com\/\",\"name\":\"Nita SENTIENT Labeling Systems\",\"description\":\"Sentient Labeling System, Automatic Labeling Equipment\",\"publisher\":{\"@id\":\"https:\/\/nitalabelingequipment.com\/#organization\"},\"potentialAction\":[{\"@type\":\"SearchAction\",\"target\":{\"@type\":\"EntryPoint\",\"urlTemplate\":\"https:\/\/nitalabelingequipment.com\/?s={search_term_string}\"},\"query-input\":\"required name=search_term_string\"}],\"inLanguage\":\"fr-FR\"},{\"@type\":\"WebPage\",\"@id\":\"https:\/\/nitalabelingequipment.com\/fr\/machines\/serie-autonome\/systeme-dorientation-intelligent\/#webpage\",\"url\":\"https:\/\/nitalabelingequipment.com\/fr\/machines\/serie-autonome\/systeme-dorientation-intelligent\/\",\"name\":\"Syst\\u00e8me d\\u2019orientation intelligent\",\"isPartOf\":{\"@id\":\"https:\/\/nitalabelingequipment.com\/#website\"},\"datePublished\":\"2018-09-04T15:22:47+00:00\",\"dateModified\":\"2025-03-13T21:14:56+00:00\",\"description\":\"The SynerG XP series of label orientation systems are designed to position your containers exactly where you need it for perfect labeling every time.\",\"breadcrumb\":{\"@id\":\"https:\/\/nitalabelingequipment.com\/fr\/machines\/serie-autonome\/systeme-dorientation-intelligent\/#breadcrumb\"},\"inLanguage\":\"fr-FR\",\"potentialAction\":[{\"@type\":\"ReadAction\",\"target\":[\"https:\/\/nitalabelingequipment.com\/fr\/machines\/serie-autonome\/systeme-dorientation-intelligent\/\"]}]},{\"@type\":\"BreadcrumbList\",\"@id\":\"https:\/\/nitalabelingequipment.com\/fr\/machines\/serie-autonome\/systeme-dorientation-intelligent\/#breadcrumb\",\"itemListElement\":[{\"@type\":\"ListItem\",\"position\":1,\"name\":\"Home\",\"item\":\"https:\/\/nitalabelingequipment.com\/fr\/\"},{\"@type\":\"ListItem\",\"position\":2,\"name\":\"Machines\",\"item\":\"https:\/\/nitalabelingequipment.com\/fr\/machines\/\"},{\"@type\":\"ListItem\",\"position\":3,\"name\":\"S\\u00e9rie Autonome\",\"item\":\"https:\/\/nitalabelingequipment.com\/fr\/machines\/serie-autonome\/\"},{\"@type\":\"ListItem\",\"position\":4,\"name\":\"Syst\\u00e8me d\\u2019orientation intelligent\"}]}]}<\/script>\n<!-- \/ Yoast SEO plugin. -->","yoast_head_json":{"title":"Syst\u00e8me d\u2019orientation intelligent","description":"The SynerG XP series of label orientation systems are designed to position your containers exactly where you need it for perfect labeling every time.","robots":{"index":"index","follow":"follow","max-snippet":"max-snippet:-1","max-image-preview":"max-image-preview:large","max-video-preview":"max-video-preview:-1"},"canonical":"https:\/\/nitalabelingequipment.com\/fr\/machines\/serie-autonome\/systeme-dorientation-intelligent\/","og_locale":"fr_FR","og_type":"article","og_title":"Syst\u00e8me d\u2019orientation intelligent","og_description":"The SynerG XP series of label orientation systems are designed to position your containers exactly where you need it for perfect labeling every time.","og_url":"https:\/\/nitalabelingequipment.com\/fr\/machines\/serie-autonome\/systeme-dorientation-intelligent\/","og_site_name":"Nita SENTIENT Labeling Systems","article_publisher":"https:\/\/www.facebook.com\/NitaLabeling\/","article_modified_time":"2025-03-13T21:14:56+00:00","og_image":[{"width":1615,"height":1615,"url":"https:\/\/nitalabelingequipment.com\/wp-content\/uploads\/2018\/10\/nita-screenshot.jpg","path":"\/home\/nitalabe\/public_html\/wp-content\/uploads\/2018\/10\/nita-screenshot.jpg","size":"full","id":653,"alt":"","pixels":2608225,"type":"image\/jpeg"}],"twitter_card":"summary_large_image","twitter_site":"@Nita_labeling","twitter_misc":{"Dur\u00e9e de lecture est.":"2 minutes"},"schema":{"@context":"https:\/\/schema.org","@graph":[{"@type":"Organization","@id":"https:\/\/nitalabelingequipment.com\/#organization","name":"Nita Sentient Labeling Systems","url":"https:\/\/nitalabelingequipment.com\/","sameAs":["https:\/\/www.facebook.com\/NitaLabeling\/","https:\/\/www.linkedin.com\/company\/nita-labeling-equipment\/","https:\/\/www.youtube.com\/user\/nitacn","https:\/\/twitter.com\/Nita_labeling"],"logo":{"@type":"ImageObject","@id":"https:\/\/nitalabelingequipment.com\/#logo","inLanguage":"fr-FR","url":"https:\/\/nitalabelingequipment.com\/wp-content\/uploads\/2018\/07\/logo.jpg","contentUrl":"https:\/\/nitalabelingequipment.com\/wp-content\/uploads\/2018\/07\/logo.jpg","width":236,"height":127,"caption":"Nita Sentient Labeling Systems"},"image":{"@id":"https:\/\/nitalabelingequipment.com\/#logo"}},{"@type":"WebSite","@id":"https:\/\/nitalabelingequipment.com\/#website","url":"https:\/\/nitalabelingequipment.com\/","name":"Nita SENTIENT Labeling Systems","description":"Sentient Labeling System, Automatic Labeling Equipment","publisher":{"@id":"https:\/\/nitalabelingequipment.com\/#organization"},"potentialAction":[{"@type":"SearchAction","target":{"@type":"EntryPoint","urlTemplate":"https:\/\/nitalabelingequipment.com\/?s={search_term_string}"},"query-input":"required name=search_term_string"}],"inLanguage":"fr-FR"},{"@type":"WebPage","@id":"https:\/\/nitalabelingequipment.com\/fr\/machines\/serie-autonome\/systeme-dorientation-intelligent\/#webpage","url":"https:\/\/nitalabelingequipment.com\/fr\/machines\/serie-autonome\/systeme-dorientation-intelligent\/","name":"Syst\u00e8me d\u2019orientation intelligent","isPartOf":{"@id":"https:\/\/nitalabelingequipment.com\/#website"},"datePublished":"2018-09-04T15:22:47+00:00","dateModified":"2025-03-13T21:14:56+00:00","description":"The SynerG XP series of label orientation systems are designed to position your containers exactly where you need it for perfect labeling every time.","breadcrumb":{"@id":"https:\/\/nitalabelingequipment.com\/fr\/machines\/serie-autonome\/systeme-dorientation-intelligent\/#breadcrumb"},"inLanguage":"fr-FR","potentialAction":[{"@type":"ReadAction","target":["https:\/\/nitalabelingequipment.com\/fr\/machines\/serie-autonome\/systeme-dorientation-intelligent\/"]}]},{"@type":"BreadcrumbList","@id":"https:\/\/nitalabelingequipment.com\/fr\/machines\/serie-autonome\/systeme-dorientation-intelligent\/#breadcrumb","itemListElement":[{"@type":"ListItem","position":1,"name":"Home","item":"https:\/\/nitalabelingequipment.com\/fr\/"},{"@type":"ListItem","position":2,"name":"Machines","item":"https:\/\/nitalabelingequipment.com\/fr\/machines\/"},{"@type":"ListItem","position":3,"name":"S\u00e9rie Autonome","item":"https:\/\/nitalabelingequipment.com\/fr\/machines\/serie-autonome\/"},{"@type":"ListItem","position":4,"name":"Syst\u00e8me d\u2019orientation intelligent"}]}]}},"_links":{"self":[{"href":"https:\/\/nitalabelingequipment.com\/fr\/wp-json\/wp\/v2\/pages\/1449"}],"collection":[{"href":"https:\/\/nitalabelingequipment.com\/fr\/wp-json\/wp\/v2\/pages"}],"about":[{"href":"https:\/\/nitalabelingequipment.com\/fr\/wp-json\/wp\/v2\/types\/page"}],"author":[{"embeddable":true,"href":"https:\/\/nitalabelingequipment.com\/fr\/wp-json\/wp\/v2\/users\/5"}],"replies":[{"embeddable":true,"href":"https:\/\/nitalabelingequipment.com\/fr\/wp-json\/wp\/v2\/comments?post=1449"}],"version-history":[{"count":11,"href":"https:\/\/nitalabelingequipment.com\/fr\/wp-json\/wp\/v2\/pages\/1449\/revisions"}],"predecessor-version":[{"id":2852,"href":"https:\/\/nitalabelingequipment.com\/fr\/wp-json\/wp\/v2\/pages\/1449\/revisions\/2852"}],"up":[{"embeddable":true,"href":"https:\/\/nitalabelingequipment.com\/fr\/wp-json\/wp\/v2\/pages\/1446"}],"wp:attachment":[{"href":"https:\/\/nitalabelingequipment.com\/fr\/wp-json\/wp\/v2\/media?parent=1449"}],"curies":[{"name":"wp","href":"https:\/\/api.w.org\/{rel}","templated":true}]}}