{"id":1460,"date":"2018-09-04T08:18:04","date_gmt":"2018-09-04T12:18:04","guid":{"rendered":"https:\/\/nitalabelingequipment.com\/xp\/tapered-sides-labeler-xp200t-ts\/"},"modified":"2023-10-13T13:43:50","modified_gmt":"2023-10-13T17:43:50","slug":"xp200t-ts-pour-contenants-coniques","status":"publish","type":"page","link":"https:\/\/nitalabelingequipment.com\/fr\/machines\/xp\/xp200t-ts-pour-contenants-coniques\/","title":{"rendered":"XP100T-TS pour contenants coniques"},"content":{"rendered":"[vc_row fullwidth=\u00a0\u00bbtrue\u00a0\u00bb][vc_column][mk_revslider id=\u00a0\u00bbproducts-tapered-side\u00a0\u00bb][mk_padding_divider size=\u00a0\u00bb60&Prime;][\/vc_column][\/vc_row][vc_row][vc_column width=\u00a0\u00bb2\/3&Prime;][vc_tabs style=\u00a0\u00bbsimple\u00a0\u00bb][vc_tab title=\u00a0\u00bbDescription\u00a0\u00bb tab_id=\u00a0\u00bb1532634934-1-41&Prime;][vc_column_text css=\u00a0\u00bb.vc_custom_1697218344106{margin-bottom: 0px !important;}\u00a0\u00bb]\n<h2>Machine d\u2019\u00e9tiquetage XP100T-TS<\/h2>\n<p>Nous surnommons la s\u00e9rie XP pour contenants coniques, le \u00ab\u00a0ballet\u00a0\u00bb de l&rsquo;\u00e9tiquetage. L&rsquo;application d\u2019\u00e9tiquettes sur des contenants coniques n\u00e9cessite des \u00e9tapes chirurgicalement pr\u00e9cises et contr\u00f4l\u00e9es, de l&rsquo;entr\u00e9e \u00e0 la sortie de la machine, sans exception. La combinaison d\u2019\u00e9tiquettes en forme de banane, de t\u00eates sp\u00e9cialement inclin\u00e9es, de portes applicatrices et d\u2019une station d\u2019enroulement ajustable aux contours du contenant, nous permettent de faire ce que nous faisons. Entendez-vous la douce musique de cette \u00e9l\u00e9gante production? Vous l\u2019entendrez&#8230; La machine d\u2019\u00e9tiquetage XP pour contenants coniques est con\u00e7ue pour appliquer des \u00e9tiquettes sur une gamme compl\u00e8te de contenants \u00e0 paroi r\u00e9guli\u00e8re et \u00e0 paroi conique, typique des produits de charcuteries, p\u00e2tes, salsa, houmous ainsi que sur tout autre contenant rond conique en plastique ou en verre.<\/p>\n<h2>Type de machine d&rsquo;\u00e9tiquetage et sp\u00e9cifications<\/h2>\n<h3>Machine d&rsquo;\u00e9tiquetage puissante et <span style=\"color: #f37426;\">polyvalente<\/span> pour \u00e9tiquettes avant ou multi-panneaux<\/h3>\n<p><span style=\"color: #f37426;\"><strong>Type de machine<\/strong>:<\/span> machine pour \u00e9tiquetage de contenants coniques<br \/>\n<span style=\"color: #f37426;\"><strong>Applications<\/strong>:<\/span> \u00e9tiquetage de contenants coniques, application d\u2019\u00e9tiquettes \u00e0 l\u2019avant, multi-panneaux et enveloppantes<br \/>\n<span style=\"color: #f37426;\"><strong>Types de contenants<\/strong>:<\/span> appose des \u00e9tiquettes sur les contenants en verre, en plastique, en papier, en carton, en m\u00e9tal et sur la majorit\u00e9 des autres mat\u00e9riaux[\/vc_column_text][\/vc_tab][vc_tab title=\u00a0\u00bbCaract\u00e9ristiques\u00a0\u00bb tab_id=\u00a0\u00bb1532634934-2-83&Prime;][vc_column_text css=\u00a0\u00bb.vc_custom_1678219928267{margin-bottom: 0px !important;}\u00a0\u00bb]B\u00e2tie pour la vitesse, la pr\u00e9cision et l&rsquo;extr\u00eame simplicit\u00e9 d&rsquo;utilisation, la machine d\u2019\u00e9tiquetage XP200T-TS est con\u00e7ue pour maximiser la productivit\u00e9 et le temps de fonctionnement.<\/p>\n<p><strong>Nombreuses caract\u00e9ristiques et avantages de la technologie et de l&rsquo;ing\u00e9nierie de Nita<\/strong>:<\/p>\n<ul>\n<li><strong><span style=\"color: #f37426;\">Servo<\/span> <\/strong>moteurs et contr\u00f4leurs programmables seulement<\/li>\n<li>Composantes \u00e9lectroniques non propri\u00e9taires, disponibles <span style=\"color: #f37426;\"><strong>partout<\/strong><\/span><\/li>\n<li>Logiciel d&rsquo;entreprise Windows IoT sous licence libre<\/li>\n<li>Plate-forme SCADA avec rapport de taux de rendement global en direct<\/li>\n<li>\u00c9cran d&rsquo;ordinateur de 10 pouces<\/li>\n<li>Servo-\u00e9tiquetage avant et arri\u00e8re avec une <span style=\"color: #f37426;\"><strong>pr\u00e9cision<\/strong><\/span> de 1\/32&Prime;.<\/li>\n<li>Robuste ch\u00e2ssis <span style=\"color: #f37426;\"><strong>SumoFrame\u2122<\/strong><\/span> en acier inoxydable 304 et en aluminium anodis\u00e9<\/li>\n<li>Syst\u00e8me de changement logiciel intuitif et <span style=\"color: #f37426;\"><strong>ultra-rapide<\/strong><\/span><\/li>\n<li>R\u00e9glages m\u00e9moris\u00e9s de chaque station<\/li>\n<li>Vitesse d&rsquo;application de 1570&Prime; \u00e0 la minute<\/li>\n<li>Logiciel d&rsquo;<span style=\"color: #f37426;\"><strong>autodiagnostic<\/strong><\/span><\/li>\n<li>Possibilit\u00e9 de connexion \u00e0 l\u2019internet<\/li>\n<li>Commande de <span style=\"color: #f37426;\"><strong>pi\u00e8ces<\/strong> <\/span>\u00e0 l&rsquo;\u00e9cran<\/li>\n<li>Protection anticorrosion en option<\/li>\n<li>Kit complet IP65 pour lavage \u00e0 pression en option<\/li>\n<li>Syst\u00e8mes de <span style=\"color: #f37426;\"><strong>vision<\/strong> <\/span>Cognex pour la v\u00e9rification et le rejet d\u2019\u00e9tiquettes<\/li>\n<li>Syst\u00e8me d&rsquo;<span style=\"color: #f37426;\"><strong>orientation<\/strong><\/span> par cam\u00e9ras et capteurs<\/li>\n<li>Vid\u00e9oth\u00e8que d&rsquo;aide et de d\u00e9pannage compl\u00e8te<\/li>\n<li>Impression et codage d\u2019information variable en option<\/li>\n<li>Calibrage automatique d\u2019\u00e9tiquettes avec capteurs de produits fixes<\/li>\n<li>Rouleaux standards de 16&Prime; de diam\u00e8tre &#8211; rouleaux de 18&Prime; en option<\/li>\n<li>Largeur d\u2019\u00e9tiquette standard de 6&Prime; &#8211; largeur d\u2019\u00e9tiquette de 9&Prime; et 12&Prime; en option<\/li>\n<\/ul>\n<p>Sans oublier le soutien technique sur demande <span style=\"color: #f37426;\"><strong>NitaCare<\/strong> <\/span>\u00e0 l\u2019\u00e9cran ou via l\u2019application mobile. <span style=\"color: #f37426;\"><strong>Gratuit pour toujours<\/strong><\/span>. Avec chaque machine Nita!<\/p>\n<p><a class=\"orangebutton\" style=\"width: 165px;\" href=\"https:\/\/nitalabelingequipment.com\/fr\/nitacare\/\">En savoir plus<\/a>[\/vc_column_text][\/vc_tab][\/vc_tabs][\/vc_column][vc_column width=\u00a0\u00bb1\/3&Prime; css=\u00a0\u00bb.vc_custom_1532638306514{padding-left: 40px !important;}\u00a0\u00bb][vc_column_text css=\u00a0\u00bb.vc_custom_1696964396209{margin-bottom: 0px !important;}\u00a0\u00bb]\n<h2 style=\"margin-bottom: 30px;\">Passez \u00e0 la<br \/>\nprochaine \u00e9tape<\/h2>\n<p><a class=\"orangebutton\" style=\"width: 165px;\" href=\"https:\/\/nitalabelingequipment.com\/fr\/obtenir-un-devis\/\">Demandez un devis<\/a><\/p>\n<p><a class=\"orangebutton\" style=\"width: 165px;\" href=\"https:\/\/nitalabelingequipment.com\/fr\/contactez-nous\/\">Contactez-nous<\/a><\/p>\n<p><a class=\"orangebutton\" style=\"width: 165px;\" href=\"https:\/\/nitalabelingequipment.com\/fr\/demande-brochure\/\">Brochure Nita<\/a>[\/vc_column_text][\/vc_column][\/vc_row][vc_row fullwidth=\u00a0\u00bbtrue\u00a0\u00bb fullwidth_content=\u00a0\u00bbfalse\u00a0\u00bb css=\u00a0\u00bb.vc_custom_1532637501826{background-color: #f5f5f5 !important;}\u00a0\u00bb][vc_column][mk_padding_divider][vc_column_text css=\u00a0\u00bb.vc_custom_1697218353526{margin-bottom: 0px !important;padding-bottom: 20px !important;}\u00a0\u00bb]\n<h2 style=\"text-align: center;\">Voyez ce que la machine d&rsquo;\u00e9tiquetage XP100T-TS peut faire!<\/h2>\n[\/vc_column_text][vc_row_inner][vc_column_inner width=\u00a0\u00bb1\/6&Prime;][\/vc_column_inner][vc_column_inner width=\u00a0\u00bb2\/3&Prime;][vc_video link=\u00a0\u00bbhttps:\/\/vimeo.com\/manage\/videos\/779326051&Prime; custom_thumbnail=\u00a0\u00bbtrue\u00a0\u00bb play_icon_size=\u00a0\u00bb64&Prime; play_icon_color=\u00a0\u00bb#fe5000&Prime; thumbnail_image=\u00a0\u00bb2583&Prime;][vc_column_text css=\u00a0\u00bb.vc_custom_1697218331814{margin-bottom: 0px !important;padding-top: 15px !important;}\u00a0\u00bb]<strong>Application d\u2019\u00e9tiquettes enveloppantes sur des contenants coniques de chocolat en m\u00e9tal<\/strong>[\/vc_column_text][\/vc_column_inner][vc_column_inner width=\u00a0\u00bb1\/6&Prime;][\/vc_column_inner][\/vc_row_inner][mk_padding_divider][vc_row_inner][vc_column_inner width=\u00a0\u00bb1\/3&Prime;][vc_video link=\u00a0\u00bbhttps:\/\/www.youtube.com\/watch?v=cfjVwKkmshw&amp;t\u00a0\u00bb custom_thumbnail=\u00a0\u00bbtrue\u00a0\u00bb play_icon_color=\u00a0\u00bb#fe5000&Prime; thumbnail_image=\u00a0\u00bb1038&Prime;][vc_column_text css=\u00a0\u00bb.vc_custom_1587569932021{margin-bottom: 0px !important;padding-top: 15px !important;}\u00a0\u00bb]<strong>Application d\u2019\u00e9tiquettes \u00e0 l\u2019avant, \u00e0 l\u2019arri\u00e8re et sur le dessus de contenants coniques avec mode sans temps d\u2019arr\u00eat <\/strong>[\/vc_column_text][\/vc_column_inner][vc_column_inner width=\u00a0\u00bb1\/3&Prime;][vc_video link=\u00a0\u00bbhttps:\/\/www.youtube.com\/watch?v=YMq_jxFgrJs&amp;t\u00a0\u00bb custom_thumbnail=\u00a0\u00bbtrue\u00a0\u00bb play_icon_color=\u00a0\u00bb#fe5000&Prime; thumbnail_image=\u00a0\u00bb1032&Prime;][vc_column_text css=\u00a0\u00bb.vc_custom_1587569945489{margin-bottom: 0px !important;padding-top: 15px !important;}\u00a0\u00bb]<strong>Application d\u2019\u00e9tiquettes \u00e0 l\u2019avant et sur le dessus de contenants coniques sur une machine anticorrosion<\/strong><\/p>\n<p>\u00c9tiquetage de contenants coniques sur une machine \u00e9quip\u00e9e de l\u2019option anticorrosion compos\u00e9e d&rsquo;une anodisation \u00e0 membrane \u00e9paisse de qualit\u00e9 militaire, d&rsquo;acier inoxydable 316 et d&rsquo;un rev\u00eatement \u00e9poxy avec une peinture-\u00e9mail r\u00e9sistante.[\/vc_column_text][\/vc_column_inner][vc_column_inner width=\u00a0\u00bb1\/3&Prime;][vc_video link=\u00a0\u00bbhttps:\/\/www.youtube.com\/watch?v=K-TJoGpoKrU&amp;t\u00a0\u00bb custom_thumbnail=\u00a0\u00bbtrue\u00a0\u00bb play_icon_color=\u00a0\u00bb#fe5000&Prime; thumbnail_image=\u00a0\u00bb1373&Prime;][vc_column_text css=\u00a0\u00bb.vc_custom_1619017148995{margin-bottom: 0px !important;padding-top: 15px !important;}\u00a0\u00bb]<strong>Application d\u2019\u00e9tiquettes avant-arri\u00e8re, dessus, sceau de s\u00e9curit\u00e9, enveloppantes et enveloppantes conique sur contenants diff\u00e9rents contenants de miel<\/strong>[\/vc_column_text][\/vc_column_inner][\/vc_row_inner][mk_padding_divider][vc_column_text css=\u00a0\u00bb.vc_custom_1587569794574{margin-bottom: 0px !important;}\u00a0\u00bb]\n<p style=\"text-align: center; font-size: 24px; font-weight: Bold;\">Ce n&rsquo;est pas le type d\u2019application que vous cherchez?<br \/>\nAutres machines d&rsquo;\u00e9tiquetage de la s\u00e9rie XP<\/p>\n<p style=\"text-align: center; font-size: 18px; font-weight: bold;\"><a href=\"https:\/\/nitalabelingequipment.com\/fr\/machines\/xp\/xp100t-pour-etiquetage-avant\/\">Avant<\/a> &#8211; <a href=\"https:\/\/nitalabelingequipment.com\/fr\/machines\/xp\/xp200t-pour-etiquetage-avant-arriere\/\">Avant et arri\u00e8re<\/a> &#8211; <a href=\"https:\/\/nitalabelingequipment.com\/fr\/machines\/xp\/xp200t-p-pour-seaux-et-chaudieres\/\">Seau et chaudi\u00e8re<\/a> &#8211;\u00a0<a href=\"https:\/\/nitalabelingequipment.com\/fr\/machines\/xp\/xp100-wrap-pour-etiquettes-enveloppantes\/\">Enveloppante<\/a> &#8211; <a href=\"https:\/\/nitalabelingequipment.com\/fr\/machines\/xp\/xp100t-m-pour-etiquetage-multi-panneaux\/\">Multi-panneaux<\/a> &#8211; <a href=\"https:\/\/nitalabelingequipment.com\/fr\/machines\/xp\/xp100-prisme-pour-etiquettes-enveloppantes-avec-module-prisme\/\">Enveloppante avec Prisme<\/a><\/p>\n[\/vc_column_text][\/vc_column][\/vc_row]\n","protected":false},"excerpt":{"rendered":"<p>[vc_row fullwidth=\u00a0\u00bbtrue\u00a0\u00bb][vc_column][mk_revslider id=\u00a0\u00bbproducts-tapered-side\u00a0\u00bb][mk_padding_divider size=\u00a0\u00bb60&Prime;][\/vc_column][\/vc_row][vc_row][vc_column width=\u00a0\u00bb2\/3&Prime;][vc_tabs style=\u00a0\u00bbsimple\u00a0\u00bb][vc_tab title=\u00a0\u00bbDescription\u00a0\u00bb tab_id=\u00a0\u00bb1532634934-1-41&Prime;][vc_column_text css=\u00a0\u00bb.vc_custom_1697218344106{margin-bottom: 0px !important;}\u00a0\u00bb] Machine d\u2019\u00e9tiquetage XP100T-TS Nous surnommons la s\u00e9rie XP pour contenants coniques, le \u00ab\u00a0ballet\u00a0\u00bb de l&rsquo;\u00e9tiquetage. L&rsquo;application d\u2019\u00e9tiquettes sur des contenants coniques n\u00e9cessite des \u00e9tapes chirurgicalement pr\u00e9cises et contr\u00f4l\u00e9es, de l&rsquo;entr\u00e9e \u00e0 la sortie de la machine, sans exception. La combinaison d\u2019\u00e9tiquettes en forme de [&hellip;]<\/p>\n","protected":false},"author":5,"featured_media":0,"parent":1448,"menu_order":0,"comment_status":"closed","ping_status":"closed","template":"","meta":[],"yoast_head":"<!-- This site is optimized with the Yoast SEO plugin v16.7 - https:\/\/yoast.com\/wordpress\/plugins\/seo\/ -->\n<title>XP100T-TS pour contenants coniques<\/title>\n<meta name=\"description\" content=\"The XP Series Tapered Side Labeler is designed to apply labels to a full range of regular flat-walled containers along with specialty tapered side containers typical in the deli foods, pastas, salsa, hummus, and any many other industries requiring tapered round plastic or glass containers.\" \/>\n<meta name=\"robots\" content=\"index, follow, max-snippet:-1, max-image-preview:large, max-video-preview:-1\" \/>\n<link rel=\"canonical\" href=\"https:\/\/nitalabelingequipment.com\/fr\/machines\/xp\/xp200t-ts-pour-contenants-coniques\/\" \/>\n<meta property=\"og:locale\" content=\"fr_FR\" \/>\n<meta property=\"og:type\" content=\"article\" \/>\n<meta property=\"og:title\" content=\"XP100T-TS pour contenants coniques\" \/>\n<meta property=\"og:description\" content=\"The XP Series Tapered Side Labeler is designed to apply labels to a full range of regular flat-walled containers along with specialty tapered side containers typical in the deli foods, pastas, salsa, hummus, and any many other industries requiring tapered round plastic or glass containers.\" \/>\n<meta property=\"og:url\" content=\"https:\/\/nitalabelingequipment.com\/fr\/machines\/xp\/xp200t-ts-pour-contenants-coniques\/\" \/>\n<meta property=\"og:site_name\" content=\"Nita SENTIENT Labeling Systems\" \/>\n<meta property=\"article:publisher\" content=\"https:\/\/www.facebook.com\/NitaLabeling\/\" \/>\n<meta property=\"article:modified_time\" content=\"2023-10-13T17:43:50+00:00\" \/>\n<meta property=\"og:image\" content=\"https:\/\/nitalabelingequipment.com\/wp-content\/uploads\/2018\/10\/nita-screenshot.jpg\" \/>\n\t<meta property=\"og:image:width\" content=\"1615\" \/>\n\t<meta property=\"og:image:height\" content=\"1615\" \/>\n<meta name=\"twitter:card\" content=\"summary_large_image\" \/>\n<meta name=\"twitter:site\" content=\"@Nita_labeling\" \/>\n<meta name=\"twitter:label1\" content=\"Dur\u00e9e de lecture est.\" \/>\n\t<meta name=\"twitter:data1\" content=\"3 minutes\" \/>\n<script type=\"application\/ld+json\" class=\"yoast-schema-graph\">{\"@context\":\"https:\/\/schema.org\",\"@graph\":[{\"@type\":\"Organization\",\"@id\":\"https:\/\/nitalabelingequipment.com\/#organization\",\"name\":\"Nita Sentient Labeling Systems\",\"url\":\"https:\/\/nitalabelingequipment.com\/\",\"sameAs\":[\"https:\/\/www.facebook.com\/NitaLabeling\/\",\"https:\/\/www.linkedin.com\/company\/nita-labeling-equipment\/\",\"https:\/\/www.youtube.com\/user\/nitacn\",\"https:\/\/twitter.com\/Nita_labeling\"],\"logo\":{\"@type\":\"ImageObject\",\"@id\":\"https:\/\/nitalabelingequipment.com\/#logo\",\"inLanguage\":\"fr-FR\",\"url\":\"https:\/\/nitalabelingequipment.com\/wp-content\/uploads\/2018\/07\/logo.jpg\",\"contentUrl\":\"https:\/\/nitalabelingequipment.com\/wp-content\/uploads\/2018\/07\/logo.jpg\",\"width\":236,\"height\":127,\"caption\":\"Nita Sentient Labeling Systems\"},\"image\":{\"@id\":\"https:\/\/nitalabelingequipment.com\/#logo\"}},{\"@type\":\"WebSite\",\"@id\":\"https:\/\/nitalabelingequipment.com\/#website\",\"url\":\"https:\/\/nitalabelingequipment.com\/\",\"name\":\"Nita SENTIENT Labeling Systems\",\"description\":\"Sentient Labeling System, Automatic Labeling Equipment\",\"publisher\":{\"@id\":\"https:\/\/nitalabelingequipment.com\/#organization\"},\"potentialAction\":[{\"@type\":\"SearchAction\",\"target\":{\"@type\":\"EntryPoint\",\"urlTemplate\":\"https:\/\/nitalabelingequipment.com\/?s={search_term_string}\"},\"query-input\":\"required name=search_term_string\"}],\"inLanguage\":\"fr-FR\"},{\"@type\":\"WebPage\",\"@id\":\"https:\/\/nitalabelingequipment.com\/fr\/machines\/xp\/xp200t-ts-pour-contenants-coniques\/#webpage\",\"url\":\"https:\/\/nitalabelingequipment.com\/fr\/machines\/xp\/xp200t-ts-pour-contenants-coniques\/\",\"name\":\"XP100T-TS pour contenants coniques\",\"isPartOf\":{\"@id\":\"https:\/\/nitalabelingequipment.com\/#website\"},\"datePublished\":\"2018-09-04T12:18:04+00:00\",\"dateModified\":\"2023-10-13T17:43:50+00:00\",\"description\":\"The XP Series Tapered Side Labeler is designed to apply labels to a full range of regular flat-walled containers along with specialty tapered side containers typical in the deli foods, pastas, salsa, hummus, and any many other industries requiring tapered round plastic or glass containers.\",\"breadcrumb\":{\"@id\":\"https:\/\/nitalabelingequipment.com\/fr\/machines\/xp\/xp200t-ts-pour-contenants-coniques\/#breadcrumb\"},\"inLanguage\":\"fr-FR\",\"potentialAction\":[{\"@type\":\"ReadAction\",\"target\":[\"https:\/\/nitalabelingequipment.com\/fr\/machines\/xp\/xp200t-ts-pour-contenants-coniques\/\"]}]},{\"@type\":\"BreadcrumbList\",\"@id\":\"https:\/\/nitalabelingequipment.com\/fr\/machines\/xp\/xp200t-ts-pour-contenants-coniques\/#breadcrumb\",\"itemListElement\":[{\"@type\":\"ListItem\",\"position\":1,\"name\":\"Home\",\"item\":\"https:\/\/nitalabelingequipment.com\/fr\/\"},{\"@type\":\"ListItem\",\"position\":2,\"name\":\"Machines\",\"item\":\"https:\/\/nitalabelingequipment.com\/fr\/machines\/\"},{\"@type\":\"ListItem\",\"position\":3,\"name\":\"XP\",\"item\":\"https:\/\/nitalabelingequipment.com\/fr\/machines\/xp\/\"},{\"@type\":\"ListItem\",\"position\":4,\"name\":\"XP100T-TS pour contenants coniques\"}]}]}<\/script>\n<!-- \/ Yoast SEO plugin. -->","yoast_head_json":{"title":"XP100T-TS pour contenants coniques","description":"The XP Series Tapered Side Labeler is designed to apply labels to a full range of regular flat-walled containers along with specialty tapered side containers typical in the deli foods, pastas, salsa, hummus, and any many other industries requiring tapered round plastic or glass containers.","robots":{"index":"index","follow":"follow","max-snippet":"max-snippet:-1","max-image-preview":"max-image-preview:large","max-video-preview":"max-video-preview:-1"},"canonical":"https:\/\/nitalabelingequipment.com\/fr\/machines\/xp\/xp200t-ts-pour-contenants-coniques\/","og_locale":"fr_FR","og_type":"article","og_title":"XP100T-TS pour contenants coniques","og_description":"The XP Series Tapered Side Labeler is designed to apply labels to a full range of regular flat-walled containers along with specialty tapered side containers typical in the deli foods, pastas, salsa, hummus, and any many other industries requiring tapered round plastic or glass containers.","og_url":"https:\/\/nitalabelingequipment.com\/fr\/machines\/xp\/xp200t-ts-pour-contenants-coniques\/","og_site_name":"Nita SENTIENT Labeling Systems","article_publisher":"https:\/\/www.facebook.com\/NitaLabeling\/","article_modified_time":"2023-10-13T17:43:50+00:00","og_image":[{"width":1615,"height":1615,"url":"https:\/\/nitalabelingequipment.com\/wp-content\/uploads\/2018\/10\/nita-screenshot.jpg","path":"\/home\/nitalabe\/public_html\/wp-content\/uploads\/2018\/10\/nita-screenshot.jpg","size":"full","id":653,"alt":"","pixels":2608225,"type":"image\/jpeg"}],"twitter_card":"summary_large_image","twitter_site":"@Nita_labeling","twitter_misc":{"Dur\u00e9e de lecture est.":"3 minutes"},"schema":{"@context":"https:\/\/schema.org","@graph":[{"@type":"Organization","@id":"https:\/\/nitalabelingequipment.com\/#organization","name":"Nita Sentient Labeling Systems","url":"https:\/\/nitalabelingequipment.com\/","sameAs":["https:\/\/www.facebook.com\/NitaLabeling\/","https:\/\/www.linkedin.com\/company\/nita-labeling-equipment\/","https:\/\/www.youtube.com\/user\/nitacn","https:\/\/twitter.com\/Nita_labeling"],"logo":{"@type":"ImageObject","@id":"https:\/\/nitalabelingequipment.com\/#logo","inLanguage":"fr-FR","url":"https:\/\/nitalabelingequipment.com\/wp-content\/uploads\/2018\/07\/logo.jpg","contentUrl":"https:\/\/nitalabelingequipment.com\/wp-content\/uploads\/2018\/07\/logo.jpg","width":236,"height":127,"caption":"Nita Sentient Labeling Systems"},"image":{"@id":"https:\/\/nitalabelingequipment.com\/#logo"}},{"@type":"WebSite","@id":"https:\/\/nitalabelingequipment.com\/#website","url":"https:\/\/nitalabelingequipment.com\/","name":"Nita SENTIENT Labeling Systems","description":"Sentient Labeling System, Automatic Labeling Equipment","publisher":{"@id":"https:\/\/nitalabelingequipment.com\/#organization"},"potentialAction":[{"@type":"SearchAction","target":{"@type":"EntryPoint","urlTemplate":"https:\/\/nitalabelingequipment.com\/?s={search_term_string}"},"query-input":"required name=search_term_string"}],"inLanguage":"fr-FR"},{"@type":"WebPage","@id":"https:\/\/nitalabelingequipment.com\/fr\/machines\/xp\/xp200t-ts-pour-contenants-coniques\/#webpage","url":"https:\/\/nitalabelingequipment.com\/fr\/machines\/xp\/xp200t-ts-pour-contenants-coniques\/","name":"XP100T-TS pour contenants coniques","isPartOf":{"@id":"https:\/\/nitalabelingequipment.com\/#website"},"datePublished":"2018-09-04T12:18:04+00:00","dateModified":"2023-10-13T17:43:50+00:00","description":"The XP Series Tapered Side Labeler is designed to apply labels to a full range of regular flat-walled containers along with specialty tapered side containers typical in the deli foods, pastas, salsa, hummus, and any many other industries requiring tapered round plastic or glass containers.","breadcrumb":{"@id":"https:\/\/nitalabelingequipment.com\/fr\/machines\/xp\/xp200t-ts-pour-contenants-coniques\/#breadcrumb"},"inLanguage":"fr-FR","potentialAction":[{"@type":"ReadAction","target":["https:\/\/nitalabelingequipment.com\/fr\/machines\/xp\/xp200t-ts-pour-contenants-coniques\/"]}]},{"@type":"BreadcrumbList","@id":"https:\/\/nitalabelingequipment.com\/fr\/machines\/xp\/xp200t-ts-pour-contenants-coniques\/#breadcrumb","itemListElement":[{"@type":"ListItem","position":1,"name":"Home","item":"https:\/\/nitalabelingequipment.com\/fr\/"},{"@type":"ListItem","position":2,"name":"Machines","item":"https:\/\/nitalabelingequipment.com\/fr\/machines\/"},{"@type":"ListItem","position":3,"name":"XP","item":"https:\/\/nitalabelingequipment.com\/fr\/machines\/xp\/"},{"@type":"ListItem","position":4,"name":"XP100T-TS pour contenants coniques"}]}]}},"_links":{"self":[{"href":"https:\/\/nitalabelingequipment.com\/fr\/wp-json\/wp\/v2\/pages\/1460"}],"collection":[{"href":"https:\/\/nitalabelingequipment.com\/fr\/wp-json\/wp\/v2\/pages"}],"about":[{"href":"https:\/\/nitalabelingequipment.com\/fr\/wp-json\/wp\/v2\/types\/page"}],"author":[{"embeddable":true,"href":"https:\/\/nitalabelingequipment.com\/fr\/wp-json\/wp\/v2\/users\/5"}],"replies":[{"embeddable":true,"href":"https:\/\/nitalabelingequipment.com\/fr\/wp-json\/wp\/v2\/comments?post=1460"}],"version-history":[{"count":14,"href":"https:\/\/nitalabelingequipment.com\/fr\/wp-json\/wp\/v2\/pages\/1460\/revisions"}],"predecessor-version":[{"id":2586,"href":"https:\/\/nitalabelingequipment.com\/fr\/wp-json\/wp\/v2\/pages\/1460\/revisions\/2586"}],"up":[{"embeddable":true,"href":"https:\/\/nitalabelingequipment.com\/fr\/wp-json\/wp\/v2\/pages\/1448"}],"wp:attachment":[{"href":"https:\/\/nitalabelingequipment.com\/fr\/wp-json\/wp\/v2\/media?parent=1460"}],"curies":[{"name":"wp","href":"https:\/\/api.w.org\/{rel}","templated":true}]}}