{"id":1465,"date":"2018-09-04T08:16:26","date_gmt":"2018-09-04T12:16:26","guid":{"rendered":"https:\/\/nitalabelingequipment.com\/xp\/label-machine-labeler-xp200t\/"},"modified":"2023-10-10T15:01:16","modified_gmt":"2023-10-10T19:01:16","slug":"xp200t-pour-etiquetage-avant-arriere","status":"publish","type":"page","link":"https:\/\/nitalabelingequipment.com\/fr\/machines\/xp\/xp200t-pour-etiquetage-avant-arriere\/","title":{"rendered":"XP200T pour \u00e9tiquetage avant-arri\u00e8re"},"content":{"rendered":"[vc_row fullwidth=\u00a0\u00bbtrue\u00a0\u00bb][vc_column][mk_revslider id=\u00a0\u00bbproduct-xp200t\u00a0\u00bb][mk_padding_divider][\/vc_column][\/vc_row][vc_row][vc_column width=\u00a0\u00bb2\/3&Prime;][vc_tabs style=\u00a0\u00bbsimple\u00a0\u00bb][vc_tab title=\u00a0\u00bbDescription\u00a0\u00bb tab_id=\u00a0\u00bb1532634934-1-41&Prime;][vc_column_text css=\u00a0\u00bb.vc_custom_1587474940863{margin-bottom: 0px !important;}\u00a0\u00bb]\n<h2>Machine d\u2019\u00e9tiquetage XP200T<\/h2>\n<p>Deux t\u00eates d&rsquo;\u00e9tiquetage servo \u00e0 grande vitesse contribuent \u00e0 faire de la Nita XP200-T la machine d&rsquo;\u00e9tiquetage avant-arri\u00e8re la plus avanc\u00e9e du secteur. La machine XP200-T applique avec pr\u00e9cision et efficacit\u00e9 des \u00e9tiquettes \u00e0 l\u2019avant et \u00e0 l\u2019arri\u00e8re, des \u00e9tiquettes multi-panneaux et m\u00eame des \u00e9tiquettes enveloppantes sur une large gamme de contenants et de mat\u00e9riaux. Elle permet notamment d&rsquo;\u00e9tiqueter les bouteilles en verre, en plastique, en m\u00e9tal et en papier, les cruches, les bacs et les contenants carr\u00e9s, rectangulaires et ovales<\/p>\n<h2>Type de machine d&rsquo;\u00e9tiquetage et sp\u00e9cifications<\/h2>\n<p><strong>Machine d&rsquo;\u00e9tiquetage puissante et <span style=\"color: #f37426;\">polyvalente<\/span> pour \u00e9tiquettes \u00e0 l\u2019avant et multi-panneaux<\/strong><\/p>\n<p><span style=\"color: #f37426;\"><strong>Type de machine<\/strong>:<\/span> machine d\u2019\u00e9tiquetage avant-arri\u00e8re<br \/>\n<span style=\"color: #f37426;\"><strong>Applications<\/strong>:<\/span> application d\u2019\u00e9tiquettes \u00e0 l\u2019avant, \u00e0 l\u2019arri\u00e8re, multi-panneaux et enveloppantes<br \/>\n<span style=\"color: #f37426;\"><strong>Types de contenants<\/strong>:<\/span> appose des \u00e9tiquettes sur le plastique, le verre, le papier, le carton, le m\u00e9tal et sur la plupart des autres mat\u00e9riaux[\/vc_column_text][\/vc_tab][vc_tab title=\u00a0\u00bbCaract\u00e9ristiques\u00a0\u00bb tab_id=\u00a0\u00bb1532634934-2-83&Prime;][vc_column_text css=\u00a0\u00bb.vc_custom_1678220141506{margin-bottom: 0px !important;}\u00a0\u00bb]B\u00e2tie pour la vitesse, la pr\u00e9cision et l&rsquo;extr\u00eame simplicit\u00e9 d&rsquo;utilisation, la machine d\u2019\u00e9tiquetage XP200T est con\u00e7ue pour maximiser la productivit\u00e9 et le temps de fonctionnement.<\/p>\n<p><strong>Nombreuses caract\u00e9ristiques et avantages de la technologie et de l&rsquo;ing\u00e9nierie de Nita<\/strong>:<\/p>\n<ul>\n<li><strong><span style=\"color: #f37426;\">Servo<\/span> <\/strong>moteurs et contr\u00f4leurs programmables seulement<\/li>\n<li>Composantes \u00e9lectroniques non propri\u00e9taires, disponibles <span style=\"color: #f37426;\"><strong>partout<\/strong><\/span><\/li>\n<li>Logiciel d&rsquo;entreprise Windows IoT sous licence libre<\/li>\n<li>Plate-forme SCADA avec rapport de taux de rendement global en direct<\/li>\n<li>\u00c9cran d&rsquo;ordinateur de 10 pouces<\/li>\n<li>Servo-\u00e9tiquetage avant et arri\u00e8re avec une <span style=\"color: #f37426;\"><strong>pr\u00e9cision<\/strong> <\/span>de 1\/32&Prime;.<\/li>\n<li>Robuste ch\u00e2ssis <strong><span style=\"color: #f37426;\">SumoFrame<\/span>\u2122<\/strong> en acier inoxydable 304 et en aluminium anodis\u00e9<\/li>\n<li>Syst\u00e8me de changement logiciel intuitif et <span style=\"color: #f37426;\"><strong>ultra-rapide<\/strong><\/span><\/li>\n<li>R\u00e9glages m\u00e9moris\u00e9s de chaque station<\/li>\n<li>Vitesse d&rsquo;application de 1570&Prime; \u00e0 la minute<\/li>\n<li>Logiciel d&rsquo;<span style=\"color: #f37426;\"><strong>autodiagnostic<\/strong><\/span><\/li>\n<li>Possibilit\u00e9 de connexion \u00e0 l\u2019internet<\/li>\n<li>Commande de <span style=\"color: #f37426;\"><strong>pi\u00e8ces<\/strong> <\/span>\u00e0 l&rsquo;\u00e9cran<\/li>\n<li>Protection anticorrosion en option<\/li>\n<li>Kit complet IP65 pour lavage \u00e0 pression en option<\/li>\n<li>Syst\u00e8mes de <span style=\"color: #f37426;\"><strong>vision<\/strong> <\/span>Cognex pour la v\u00e9rification et le rejet d\u2019\u00e9tiquettes<\/li>\n<li>Syst\u00e8me d&rsquo;<span style=\"color: #f37426;\"><strong>orientation<\/strong><\/span> par cam\u00e9ras et capteurs<\/li>\n<li>Vid\u00e9oth\u00e8que d&rsquo;aide et de d\u00e9pannage compl\u00e8te<\/li>\n<li>Impression et codage d\u2019information variable en option<\/li>\n<li>Calibrage automatique d\u2019\u00e9tiquettes avec capteurs de produits fixes<\/li>\n<li>Rouleaux standards de 16&Prime; de diam\u00e8tre &#8211; rouleaux de 18&Prime; en option<\/li>\n<li>Largeur d\u2019\u00e9tiquette standard de 6&Prime; &#8211; largeur d\u2019\u00e9tiquette de 9&Prime; et 12&Prime; en option<\/li>\n<\/ul>\n<p>Sans oublier le soutien technique sur demande <span style=\"color: #f37426;\"><strong>NitaCare<\/strong><\/span> \u00e0 l\u2019\u00e9cran ou via l\u2019application mobile. <span style=\"color: #f37426;\"><strong>Gratuit pour toujours<\/strong><\/span>. Avec chaque machine Nita!<\/p>\n<p><a class=\"orangebutton\" style=\"width: 165px;\" href=\"https:\/\/nitalabelingequipment.com\/fr\/nitacare\/\">En savoir plus<\/a>[\/vc_column_text][\/vc_tab][\/vc_tabs][\/vc_column][vc_column width=\u00a0\u00bb1\/3&Prime; css=\u00a0\u00bb.vc_custom_1532638306514{padding-left: 40px !important;}\u00a0\u00bb][vc_column_text css=\u00a0\u00bb.vc_custom_1696964470514{margin-bottom: 0px !important;}\u00a0\u00bb]\n<h2 style=\"margin-bottom: 30px;\">Passez \u00e0 la<br \/>\nprochaine \u00e9tape<\/h2>\n<p><a class=\"orangebutton\" style=\"width: 165px;\" href=\"https:\/\/nitalabelingequipment.com\/fr\/obtenir-un-devis\/\">Demandez un devis<\/a><\/p>\n<p><a class=\"orangebutton\" style=\"width: 165px;\" href=\"https:\/\/nitalabelingequipment.com\/fr\/contactez-nous\/\">Contactez-nous<\/a><\/p>\n<p><a class=\"orangebutton\" style=\"width: 165px;\" href=\"https:\/\/nitalabelingequipment.com\/fr\/demande-brochure\/\">Brochure Nita<\/a>[\/vc_column_text][\/vc_column][\/vc_row][vc_row fullwidth=\u00a0\u00bbtrue\u00a0\u00bb fullwidth_content=\u00a0\u00bbfalse\u00a0\u00bb css=\u00a0\u00bb.vc_custom_1532637501826{background-color: #f5f5f5 !important;}\u00a0\u00bb][vc_column][mk_padding_divider][vc_column_text css=\u00a0\u00bb.vc_custom_1587475081697{margin-bottom: 0px !important;padding-bottom: 20px !important;}\u00a0\u00bb]\n<h2 style=\"text-align: center;\">Voyez ce que la machine d&rsquo;\u00e9tiquetage XP200T peut faire!<\/h2>\n[\/vc_column_text][vc_row_inner][vc_column_inner width=\u00a0\u00bb1\/3&Prime;][vc_video link=\u00a0\u00bbhttps:\/\/youtu.be\/K-TJoGpoKrU\u00a0\u00bb custom_thumbnail=\u00a0\u00bbtrue\u00a0\u00bb play_icon_color=\u00a0\u00bb#fe5000&Prime; thumbnail_image=\u00a0\u00bb1183&Prime;][vc_column_text css=\u00a0\u00bb.vc_custom_1587475097148{margin-bottom: 0px !important;padding-top: 15px !important;}\u00a0\u00bb]<strong>Application de languettes de s\u00e9curit\u00e9 et d\u2019\u00e9tiquettes \u00e0 l\u2019avant, \u00e0 l\u2019arri\u00e8re, sur le dessus ainsi qu\u2019enveloppantes sur une vari\u00e9t\u00e9 des contenants de miel<\/strong>[\/vc_column_text][\/vc_column_inner][vc_column_inner width=\u00a0\u00bb1\/3&Prime;][vc_video link=\u00a0\u00bbhttps:\/\/www.youtube.com\/watch?v=VXhZeJ-YXA4&amp;feature=youtu.be\u00a0\u00bb custom_thumbnail=\u00a0\u00bbtrue\u00a0\u00bb play_icon_color=\u00a0\u00bb#fe5000&Prime; thumbnail_image=\u00a0\u00bb1077&Prime;][vc_column_text css=\u00a0\u00bb.vc_custom_1587475106174{margin-bottom: 0px !important;padding-top: 15px !important;}\u00a0\u00bb]\n<p class=\"title style-scope ytd-video-primary-info-renderer\"><strong>Application d\u2019\u00e9tiquettes \u00e0 l\u2019avant, \u00e0 l\u2019arri\u00e8re ainsi qu\u2019enveloppantes sur des produits cosm\u00e9tiques ronds et carr\u00e9s<\/strong><\/p>\n[\/vc_column_text][\/vc_column_inner][vc_column_inner width=\u00a0\u00bb1\/3&Prime;][vc_video link=\u00a0\u00bbhttps:\/\/www.youtube.com\/watch?v=uUIC7onvwQE&amp;ab\u00a0\u00bb custom_thumbnail=\u00a0\u00bbtrue\u00a0\u00bb play_icon_color=\u00a0\u00bb#fe5000&Prime; thumbnail_image=\u00a0\u00bb1843&Prime;][vc_column_text css=\u00a0\u00bb.vc_custom_1603986617764{margin-bottom: 0px !important;padding-top: 15px !important;}\u00a0\u00bb]<strong>Application d\u2019\u00e9tiquettes avant-arri\u00e8re et enveloppantes sur contenants de sirop d&rsquo;\u00e9rable ronds et ovales<\/strong><\/p>\n[\/vc_column_text][\/vc_column_inner][\/vc_row_inner][mk_padding_divider][vc_row_inner][vc_column_inner width=\u00a0\u00bb1\/3&Prime;][vc_video link=\u00a0\u00bbhttps:\/\/www.youtube.com\/watch?v=WXODMvCwbnE&amp;t&amp;ab\u00a0\u00bb custom_thumbnail=\u00a0\u00bbtrue\u00a0\u00bb play_icon_color=\u00a0\u00bb#fe5000&Prime; thumbnail_image=\u00a0\u00bb1851&Prime;][vc_column_text css=\u00a0\u00bb.vc_custom_1603992710190{margin-bottom: 0px !important;padding-top: 15px !important;}\u00a0\u00bb]<strong>Application d\u2019\u00e9tiquettes avant-arri\u00e8re, enveloppante, et au cou sur une vari\u00e9t\u00e9 des contenants\u00a0<\/strong>[\/vc_column_text][\/vc_column_inner][vc_column_inner width=\u00a0\u00bb1\/3&Prime;][vc_video link=\u00a0\u00bbhttps:\/\/www.youtube.com\/watch?v=sxHTTkBHWkE&amp;t\u00a0\u00bb custom_thumbnail=\u00a0\u00bbtrue\u00a0\u00bb play_icon_color=\u00a0\u00bb#fe5000&Prime; thumbnail_image=\u00a0\u00bb1853&Prime;][vc_column_text css=\u00a0\u00bb.vc_custom_1603993122326{margin-bottom: 0px !important;padding-top: 15px !important;}\u00a0\u00bb]\n<p class=\"title style-scope ytd-video-primary-info-renderer\"><strong>Application d\u2019\u00e9tiquettes avant-arri\u00e8re sur des produits cosm\u00e9tiques carr\u00e9s<\/strong><\/p>\n[\/vc_column_text][\/vc_column_inner][vc_column_inner width=\u00a0\u00bb1\/3&Prime;][vc_video link=\u00a0\u00bbhttps:\/\/www.youtube.com\/watch?v=G_PB8rzPAy8&amp;t\u00a0\u00bb custom_thumbnail=\u00a0\u00bbtrue\u00a0\u00bb play_icon_color=\u00a0\u00bb#fe5000&Prime; thumbnail_image=\u00a0\u00bb1839&Prime;][vc_column_text css=\u00a0\u00bb.vc_custom_1603993242390{margin-bottom: 0px !important;padding-top: 15px !important;}\u00a0\u00bb]<strong>Application multi-panneaux, enveloppantes et avant-arri\u00e8re sur bouteilles d\u2019huile \u00e0 cuisson avec bras de servo fermeture arri\u00e8re<\/strong>[\/vc_column_text][\/vc_column_inner][\/vc_row_inner][mk_padding_divider][vc_column_text css=\u00a0\u00bb.vc_custom_1587474832831{margin-bottom: 0px !important;padding-bottom: 20px !important;}\u00a0\u00bb]\n<p style=\"text-align: center; font-size: 24px; font-weight: Bold;\">Ce n&rsquo;est pas le type d\u2019application que vous cherchez?<br \/>\nAutres machines d&rsquo;\u00e9tiquetage de la s\u00e9rie XP<\/p>\n<p style=\"text-align: center; font-size: 18px; font-weight: bold;\"><a href=\"https:\/\/nitalabelingequipment.com\/fr\/machines\/xp\/xp100t-pour-etiquetage-avant\/\">Avant<\/a> &#8211; <a href=\"https:\/\/nitalabelingequipment.com\/fr\/machines\/xp\/xp200t-p-pour-seaux-et-chaudieres\/\">Seau et chaudi\u00e8re<\/a> &#8211; <a href=\"https:\/\/nitalabelingequipment.com\/fr\/machines\/xp\/xp200t-ts-pour-contenants-coniques\/\">Conique<\/a> &#8211; <a href=\"https:\/\/nitalabelingequipment.com\/fr\/machines\/xp\/xp100-wrap-pour-etiquettes-enveloppantes\/\">Enveloppante<\/a> &#8211; <a href=\"https:\/\/nitalabelingequipment.com\/fr\/machines\/xp\/xp100t-m-pour-etiquetage-multi-panneaux\/\">Multi-panneaux<\/a> &#8211; <a href=\"https:\/\/nitalabelingequipment.com\/fr\/machines\/xp\/xp100-prisme-pour-etiquettes-enveloppantes-avec-module-prisme\/\">Enveloppante avec Prisme<\/a><\/p>\n[\/vc_column_text][\/vc_column][\/vc_row]\n","protected":false},"excerpt":{"rendered":"<p>[vc_row fullwidth=\u00a0\u00bbtrue\u00a0\u00bb][vc_column][mk_revslider id=\u00a0\u00bbproduct-xp200t\u00a0\u00bb][mk_padding_divider][\/vc_column][\/vc_row][vc_row][vc_column width=\u00a0\u00bb2\/3&Prime;][vc_tabs style=\u00a0\u00bbsimple\u00a0\u00bb][vc_tab title=\u00a0\u00bbDescription\u00a0\u00bb tab_id=\u00a0\u00bb1532634934-1-41&Prime;][vc_column_text css=\u00a0\u00bb.vc_custom_1587474940863{margin-bottom: 0px !important;}\u00a0\u00bb] Machine d\u2019\u00e9tiquetage XP200T Deux t\u00eates d&rsquo;\u00e9tiquetage servo \u00e0 grande vitesse contribuent \u00e0 faire de la Nita XP200-T la machine d&rsquo;\u00e9tiquetage avant-arri\u00e8re la plus avanc\u00e9e du secteur. La machine XP200-T applique avec pr\u00e9cision et efficacit\u00e9 des \u00e9tiquettes \u00e0 l\u2019avant et \u00e0 l\u2019arri\u00e8re, des \u00e9tiquettes multi-panneaux et [&hellip;]<\/p>\n","protected":false},"author":5,"featured_media":0,"parent":1448,"menu_order":0,"comment_status":"closed","ping_status":"closed","template":"","meta":[],"yoast_head":"<!-- This site is optimized with the Yoast SEO plugin v16.7 - https:\/\/yoast.com\/wordpress\/plugins\/seo\/ -->\n<title>XP200T pour \u00e9tiquetage avant-arri\u00e8re<\/title>\n<meta name=\"description\" content=\"Label machine for front and back labeling. The Nita XP200-T is the industry\u2019s most technologically advanced labeling system.\" \/>\n<meta name=\"robots\" content=\"index, follow, max-snippet:-1, max-image-preview:large, max-video-preview:-1\" \/>\n<link rel=\"canonical\" href=\"https:\/\/nitalabelingequipment.com\/fr\/machines\/xp\/xp200t-pour-etiquetage-avant-arriere\/\" \/>\n<meta property=\"og:locale\" content=\"fr_FR\" \/>\n<meta property=\"og:type\" content=\"article\" \/>\n<meta property=\"og:title\" content=\"XP200T pour \u00e9tiquetage avant-arri\u00e8re\" \/>\n<meta property=\"og:description\" content=\"Label machine for front and back labeling. The Nita XP200-T is the industry\u2019s most technologically advanced labeling system.\" \/>\n<meta property=\"og:url\" content=\"https:\/\/nitalabelingequipment.com\/fr\/machines\/xp\/xp200t-pour-etiquetage-avant-arriere\/\" \/>\n<meta property=\"og:site_name\" content=\"Nita SENTIENT Labeling Systems\" \/>\n<meta property=\"article:publisher\" content=\"https:\/\/www.facebook.com\/NitaLabeling\/\" \/>\n<meta property=\"article:modified_time\" content=\"2023-10-10T19:01:16+00:00\" \/>\n<meta property=\"og:image\" content=\"https:\/\/nitalabelingequipment.com\/wp-content\/uploads\/2018\/10\/nita-screenshot.jpg\" \/>\n\t<meta property=\"og:image:width\" content=\"1615\" \/>\n\t<meta property=\"og:image:height\" content=\"1615\" \/>\n<meta name=\"twitter:card\" content=\"summary_large_image\" \/>\n<meta name=\"twitter:site\" content=\"@Nita_labeling\" \/>\n<meta name=\"twitter:label1\" content=\"Dur\u00e9e de lecture est.\" \/>\n\t<meta name=\"twitter:data1\" content=\"3 minutes\" \/>\n<script type=\"application\/ld+json\" class=\"yoast-schema-graph\">{\"@context\":\"https:\/\/schema.org\",\"@graph\":[{\"@type\":\"Organization\",\"@id\":\"https:\/\/nitalabelingequipment.com\/#organization\",\"name\":\"Nita Sentient Labeling Systems\",\"url\":\"https:\/\/nitalabelingequipment.com\/\",\"sameAs\":[\"https:\/\/www.facebook.com\/NitaLabeling\/\",\"https:\/\/www.linkedin.com\/company\/nita-labeling-equipment\/\",\"https:\/\/www.youtube.com\/user\/nitacn\",\"https:\/\/twitter.com\/Nita_labeling\"],\"logo\":{\"@type\":\"ImageObject\",\"@id\":\"https:\/\/nitalabelingequipment.com\/#logo\",\"inLanguage\":\"fr-FR\",\"url\":\"https:\/\/nitalabelingequipment.com\/wp-content\/uploads\/2018\/07\/logo.jpg\",\"contentUrl\":\"https:\/\/nitalabelingequipment.com\/wp-content\/uploads\/2018\/07\/logo.jpg\",\"width\":236,\"height\":127,\"caption\":\"Nita Sentient Labeling Systems\"},\"image\":{\"@id\":\"https:\/\/nitalabelingequipment.com\/#logo\"}},{\"@type\":\"WebSite\",\"@id\":\"https:\/\/nitalabelingequipment.com\/#website\",\"url\":\"https:\/\/nitalabelingequipment.com\/\",\"name\":\"Nita SENTIENT Labeling Systems\",\"description\":\"Sentient Labeling System, Automatic Labeling Equipment\",\"publisher\":{\"@id\":\"https:\/\/nitalabelingequipment.com\/#organization\"},\"potentialAction\":[{\"@type\":\"SearchAction\",\"target\":{\"@type\":\"EntryPoint\",\"urlTemplate\":\"https:\/\/nitalabelingequipment.com\/?s={search_term_string}\"},\"query-input\":\"required name=search_term_string\"}],\"inLanguage\":\"fr-FR\"},{\"@type\":\"WebPage\",\"@id\":\"https:\/\/nitalabelingequipment.com\/fr\/machines\/xp\/xp200t-pour-etiquetage-avant-arriere\/#webpage\",\"url\":\"https:\/\/nitalabelingequipment.com\/fr\/machines\/xp\/xp200t-pour-etiquetage-avant-arriere\/\",\"name\":\"XP200T pour \\u00e9tiquetage avant-arri\\u00e8re\",\"isPartOf\":{\"@id\":\"https:\/\/nitalabelingequipment.com\/#website\"},\"datePublished\":\"2018-09-04T12:16:26+00:00\",\"dateModified\":\"2023-10-10T19:01:16+00:00\",\"description\":\"Label machine for front and back labeling. The Nita XP200-T is the industry\\u2019s most technologically advanced labeling system.\",\"breadcrumb\":{\"@id\":\"https:\/\/nitalabelingequipment.com\/fr\/machines\/xp\/xp200t-pour-etiquetage-avant-arriere\/#breadcrumb\"},\"inLanguage\":\"fr-FR\",\"potentialAction\":[{\"@type\":\"ReadAction\",\"target\":[\"https:\/\/nitalabelingequipment.com\/fr\/machines\/xp\/xp200t-pour-etiquetage-avant-arriere\/\"]}]},{\"@type\":\"BreadcrumbList\",\"@id\":\"https:\/\/nitalabelingequipment.com\/fr\/machines\/xp\/xp200t-pour-etiquetage-avant-arriere\/#breadcrumb\",\"itemListElement\":[{\"@type\":\"ListItem\",\"position\":1,\"name\":\"Home\",\"item\":\"https:\/\/nitalabelingequipment.com\/fr\/\"},{\"@type\":\"ListItem\",\"position\":2,\"name\":\"Machines\",\"item\":\"https:\/\/nitalabelingequipment.com\/fr\/machines\/\"},{\"@type\":\"ListItem\",\"position\":3,\"name\":\"XP\",\"item\":\"https:\/\/nitalabelingequipment.com\/fr\/machines\/xp\/\"},{\"@type\":\"ListItem\",\"position\":4,\"name\":\"XP200T pour \\u00e9tiquetage avant-arri\\u00e8re\"}]}]}<\/script>\n<!-- \/ Yoast SEO plugin. -->","yoast_head_json":{"title":"XP200T pour \u00e9tiquetage avant-arri\u00e8re","description":"Label machine for front and back labeling. The Nita XP200-T is the industry\u2019s most technologically advanced labeling system.","robots":{"index":"index","follow":"follow","max-snippet":"max-snippet:-1","max-image-preview":"max-image-preview:large","max-video-preview":"max-video-preview:-1"},"canonical":"https:\/\/nitalabelingequipment.com\/fr\/machines\/xp\/xp200t-pour-etiquetage-avant-arriere\/","og_locale":"fr_FR","og_type":"article","og_title":"XP200T pour \u00e9tiquetage avant-arri\u00e8re","og_description":"Label machine for front and back labeling. The Nita XP200-T is the industry\u2019s most technologically advanced labeling system.","og_url":"https:\/\/nitalabelingequipment.com\/fr\/machines\/xp\/xp200t-pour-etiquetage-avant-arriere\/","og_site_name":"Nita SENTIENT Labeling Systems","article_publisher":"https:\/\/www.facebook.com\/NitaLabeling\/","article_modified_time":"2023-10-10T19:01:16+00:00","og_image":[{"width":1615,"height":1615,"url":"https:\/\/nitalabelingequipment.com\/wp-content\/uploads\/2018\/10\/nita-screenshot.jpg","path":"\/home\/nitalabe\/public_html\/wp-content\/uploads\/2018\/10\/nita-screenshot.jpg","size":"full","id":653,"alt":"","pixels":2608225,"type":"image\/jpeg"}],"twitter_card":"summary_large_image","twitter_site":"@Nita_labeling","twitter_misc":{"Dur\u00e9e de lecture est.":"3 minutes"},"schema":{"@context":"https:\/\/schema.org","@graph":[{"@type":"Organization","@id":"https:\/\/nitalabelingequipment.com\/#organization","name":"Nita Sentient Labeling Systems","url":"https:\/\/nitalabelingequipment.com\/","sameAs":["https:\/\/www.facebook.com\/NitaLabeling\/","https:\/\/www.linkedin.com\/company\/nita-labeling-equipment\/","https:\/\/www.youtube.com\/user\/nitacn","https:\/\/twitter.com\/Nita_labeling"],"logo":{"@type":"ImageObject","@id":"https:\/\/nitalabelingequipment.com\/#logo","inLanguage":"fr-FR","url":"https:\/\/nitalabelingequipment.com\/wp-content\/uploads\/2018\/07\/logo.jpg","contentUrl":"https:\/\/nitalabelingequipment.com\/wp-content\/uploads\/2018\/07\/logo.jpg","width":236,"height":127,"caption":"Nita Sentient Labeling Systems"},"image":{"@id":"https:\/\/nitalabelingequipment.com\/#logo"}},{"@type":"WebSite","@id":"https:\/\/nitalabelingequipment.com\/#website","url":"https:\/\/nitalabelingequipment.com\/","name":"Nita SENTIENT Labeling Systems","description":"Sentient Labeling System, Automatic Labeling Equipment","publisher":{"@id":"https:\/\/nitalabelingequipment.com\/#organization"},"potentialAction":[{"@type":"SearchAction","target":{"@type":"EntryPoint","urlTemplate":"https:\/\/nitalabelingequipment.com\/?s={search_term_string}"},"query-input":"required name=search_term_string"}],"inLanguage":"fr-FR"},{"@type":"WebPage","@id":"https:\/\/nitalabelingequipment.com\/fr\/machines\/xp\/xp200t-pour-etiquetage-avant-arriere\/#webpage","url":"https:\/\/nitalabelingequipment.com\/fr\/machines\/xp\/xp200t-pour-etiquetage-avant-arriere\/","name":"XP200T pour \u00e9tiquetage avant-arri\u00e8re","isPartOf":{"@id":"https:\/\/nitalabelingequipment.com\/#website"},"datePublished":"2018-09-04T12:16:26+00:00","dateModified":"2023-10-10T19:01:16+00:00","description":"Label machine for front and back labeling. The Nita XP200-T is the industry\u2019s most technologically advanced labeling system.","breadcrumb":{"@id":"https:\/\/nitalabelingequipment.com\/fr\/machines\/xp\/xp200t-pour-etiquetage-avant-arriere\/#breadcrumb"},"inLanguage":"fr-FR","potentialAction":[{"@type":"ReadAction","target":["https:\/\/nitalabelingequipment.com\/fr\/machines\/xp\/xp200t-pour-etiquetage-avant-arriere\/"]}]},{"@type":"BreadcrumbList","@id":"https:\/\/nitalabelingequipment.com\/fr\/machines\/xp\/xp200t-pour-etiquetage-avant-arriere\/#breadcrumb","itemListElement":[{"@type":"ListItem","position":1,"name":"Home","item":"https:\/\/nitalabelingequipment.com\/fr\/"},{"@type":"ListItem","position":2,"name":"Machines","item":"https:\/\/nitalabelingequipment.com\/fr\/machines\/"},{"@type":"ListItem","position":3,"name":"XP","item":"https:\/\/nitalabelingequipment.com\/fr\/machines\/xp\/"},{"@type":"ListItem","position":4,"name":"XP200T pour \u00e9tiquetage avant-arri\u00e8re"}]}]}},"_links":{"self":[{"href":"https:\/\/nitalabelingequipment.com\/fr\/wp-json\/wp\/v2\/pages\/1465"}],"collection":[{"href":"https:\/\/nitalabelingequipment.com\/fr\/wp-json\/wp\/v2\/pages"}],"about":[{"href":"https:\/\/nitalabelingequipment.com\/fr\/wp-json\/wp\/v2\/types\/page"}],"author":[{"embeddable":true,"href":"https:\/\/nitalabelingequipment.com\/fr\/wp-json\/wp\/v2\/users\/5"}],"replies":[{"embeddable":true,"href":"https:\/\/nitalabelingequipment.com\/fr\/wp-json\/wp\/v2\/comments?post=1465"}],"version-history":[{"count":9,"href":"https:\/\/nitalabelingequipment.com\/fr\/wp-json\/wp\/v2\/pages\/1465\/revisions"}],"predecessor-version":[{"id":2553,"href":"https:\/\/nitalabelingequipment.com\/fr\/wp-json\/wp\/v2\/pages\/1465\/revisions\/2553"}],"up":[{"embeddable":true,"href":"https:\/\/nitalabelingequipment.com\/fr\/wp-json\/wp\/v2\/pages\/1448"}],"wp:attachment":[{"href":"https:\/\/nitalabelingequipment.com\/fr\/wp-json\/wp\/v2\/media?parent=1465"}],"curies":[{"name":"wp","href":"https:\/\/api.w.org\/{rel}","templated":true}]}}