{"id":1471,"date":"2018-09-04T08:14:46","date_gmt":"2018-09-04T12:14:46","guid":{"rendered":"https:\/\/nitalabelingequipment.com\/joust\/360-banding-labeler-joust-ssk-360\/"},"modified":"2023-10-10T13:38:26","modified_gmt":"2023-10-10T17:38:26","slug":"joust-ssk-360-pour-etiquetage-sur-360","status":"publish","type":"page","link":"https:\/\/nitalabelingequipment.com\/fr\/machines\/joust\/joust-ssk-360-pour-etiquetage-sur-360\/","title":{"rendered":"Joust SSK-360 pour \u00e9tiquetage sur 360&deg;"},"content":{"rendered":"[vc_row fullwidth=\u00a0\u00bbtrue\u00a0\u00bb][vc_column][mk_revslider id=\u00a0\u00bbproduct-joust-360&Prime;][mk_padding_divider size=\u00a0\u00bb60&Prime;][\/vc_column][\/vc_row][vc_row][vc_column width=\u00a0\u00bb2\/3&Prime;][vc_tabs style=\u00a0\u00bbsimple\u00a0\u00bb][vc_tab title=\u00a0\u00bbDescription\u00a0\u00bb tab_id=\u00a0\u00bb1532634934-1-41&Prime;][vc_column_text css=\u00a0\u00bb.vc_custom_1588010925300{margin-bottom: 0px !important;}\u00a0\u00bb]\n<h2>Machine d\u2019\u00e9tiquetage Joust SSK-360<\/h2>\n<p>Le syst\u00e8me Nita SSK-360<strong>*<\/strong> est le syst\u00e8me d&rsquo;application d&rsquo;\u00e9tiquettes le plus avanc\u00e9 technologiquement de l&rsquo;industrie. Cette machine est con\u00e7ue pour appliquer efficacement une \u00e9tiquette-bandeau sur 360 degr\u00e9s sur une grande vari\u00e9t\u00e9 de contenants tels que bo\u00eetes, barquettes et plateaux. Le bras de fermeture arri\u00e8re, contr\u00f4l\u00e9 par un servomoteur synchronis\u00e9, assure une application sur 360 degr\u00e9s compl\u00e8te et pr\u00e9cise, quelle que soit la vitesse d&rsquo;\u00e9tiquetage.<\/p>\n<p><strong><em>* <\/em><\/strong><em>Un produit UNIQUE de la technologie d&rsquo;\u00e9tiquetage avanc\u00e9e de Nita!<\/em><\/p>\n<h2>Type de machine d&rsquo;\u00e9tiquetage et sp\u00e9cifications<\/h2>\n<h3>Machine d&rsquo;\u00e9tiquetage puissante et polyvalente pour l\u2019application d\u2019\u00e9tiquettes-bandeaux sur des barquettes, plateaux, bo\u00eetes et autres formes de contenants<\/h3>\n<p><span style=\"color: #f37426;\"><strong>Type de machine<\/strong><\/span>: machine pour l\u2019application d\u2019\u00e9tiquettes-bandeaux<br \/>\n<span style=\"color: #f37426;\"><strong>Applications<\/strong><\/span>: application d\u2019\u00e9tiquettes sur 360 degr\u00e9s<br \/>\n<span style=\"color: #f37426;\"><strong>Types de contenants<\/strong><\/span>: appose des \u00e9tiquettes sur le plastique, le verre, le papier, le carton, le m\u00e9tal et sur la plupart des autres mat\u00e9riaux[\/vc_column_text][\/vc_tab][vc_tab title=\u00a0\u00bbCaract\u00e9ristiques\u00a0\u00bb tab_id=\u00a0\u00bb1532634934-2-83&Prime;][vc_column_text css=\u00a0\u00bb.vc_custom_1678219679057{margin-bottom: 0px !important;}\u00a0\u00bb]La machine d\u2019\u00e9tiquetage Joust SSK-360 est con\u00e7ue pour \u00eatre puissante, efficace et polyvalente.<\/p>\n<p><strong>Nombreuses caract\u00e9ristiques et avantages de la technologie et de l&rsquo;ing\u00e9nierie de Nita<\/strong>:<\/p>\n<ul>\n<li><strong><span style=\"color: #f37426;\">Servo<\/span> <\/strong>moteurs et contr\u00f4leurs programmables seulement<\/li>\n<li>Composantes \u00e9lectroniques non propri\u00e9taires, disponibles <span style=\"color: #f37426;\"><strong>partout<\/strong><\/span><\/li>\n<li>Logiciel d&rsquo;entreprise Windows IoT sous licence libre<\/li>\n<li>Plate-forme SCADA avec rapport de taux de rendement global en direct<\/li>\n<li>\u00c9cran d&rsquo;ordinateur de 10 pouces<\/li>\n<li>Servo-\u00e9tiquetage avant et arri\u00e8re avec une <span style=\"color: #f37426;\"><strong>pr\u00e9cision<\/strong> <\/span>de 1\/32&Prime;.<\/li>\n<li>Robuste ch\u00e2ssis <span style=\"color: #f37426;\"><strong>SumoFrame\u2122<\/strong><\/span> en acier inoxydable 304 et en aluminium anodis\u00e9<\/li>\n<li>Syst\u00e8me de changement logiciel intuitif et <span style=\"color: #f37426;\"><strong>ultra-rapide<\/strong><\/span><\/li>\n<li>R\u00e9glages m\u00e9moris\u00e9s de chaque station<\/li>\n<li>Vitesse d&rsquo;application de 1570&Prime; \u00e0 la minute<\/li>\n<li>Logiciel d&rsquo;<span style=\"color: #f37426;\"><strong>autodiagnostic<\/strong><\/span><\/li>\n<li>Possibilit\u00e9 de connexion \u00e0 l\u2019internet<\/li>\n<li>Commande de <span style=\"color: #f37426;\"><strong>pi\u00e8ces<\/strong> <\/span>\u00e0 l&rsquo;\u00e9cran<\/li>\n<li>Protection anticorrosion en option<\/li>\n<li>Kit complet IP65 pour lavage \u00e0 pression en option<\/li>\n<li>Syst\u00e8mes de <span style=\"color: #f37426;\"><strong>vision<\/strong> <\/span>Cognex pour la v\u00e9rification et le rejet d\u2019\u00e9tiquettes<\/li>\n<li>Syst\u00e8me d&rsquo;<span style=\"color: #f37426;\"><strong>orientation<\/strong><\/span> par cam\u00e9ras et capteurs<\/li>\n<li>Vid\u00e9oth\u00e8que d&rsquo;aide et de d\u00e9pannage compl\u00e8te<\/li>\n<li>Impression et codage d\u2019information variable en option<\/li>\n<li>Calibrage automatique d\u2019\u00e9tiquettes avec capteurs de produits fixes<\/li>\n<li>Rouleaux standards de 16&Prime; de diam\u00e8tre &#8211; rouleaux de 18&Prime; en option<\/li>\n<li>Largeur d\u2019\u00e9tiquette standard de 6&Prime; &#8211; largeur d\u2019\u00e9tiquette de 9&Prime; et 12&Prime; en option<\/li>\n<\/ul>\n<p>Sans oublier le soutien technique sur demande <span style=\"color: #f37426;\"><strong>NitaCare<\/strong> <\/span>\u00e0 l\u2019\u00e9cran ou via l\u2019application mobile. <span style=\"color: #f37426;\"><strong>Gratuit pour toujours<\/strong><\/span>. Avec chaque machine Nita!<\/p>\n<p><a class=\"orangebutton\" style=\"width: 165px;\" href=\"https:\/\/nitalabelingequipment.com\/fr\/nitacare\/\">En savoir plus<\/a>[\/vc_column_text][\/vc_tab][\/vc_tabs][\/vc_column][vc_column width=\u00a0\u00bb1\/3&Prime; css=\u00a0\u00bb.vc_custom_1532638306514{padding-left: 40px !important;}\u00a0\u00bb][vc_column_text css=\u00a0\u00bb.vc_custom_1696959492873{margin-bottom: 0px !important;}\u00a0\u00bb]\n<h2 style=\"margin-bottom: 30px;\">Passez \u00e0 la<br \/>\nprochaine \u00e9tape<\/h2>\n<p><a class=\"orangebutton\" style=\"width: 165px;\" href=\"https:\/\/nitalabelingequipment.com\/fr\/obtenir-un-devis\/\">Demandez un devis<\/a><\/p>\n<p><a class=\"orangebutton\" style=\"width: 165px;\" href=\"https:\/\/nitalabelingequipment.com\/fr\/contactez-nous\/\">Contactez-nous<\/a><\/p>\n<p><a class=\"orangebutton\" style=\"width: 165px;\" href=\"https:\/\/nitalabelingequipment.com\/fr\/demande-brochure\/\">Brochure Nita<\/a>[\/vc_column_text][\/vc_column][\/vc_row][vc_row][vc_column][mk_padding_divider size=\u00a0\u00bb80&Prime;][\/vc_column][\/vc_row][vc_row fullwidth=\u00a0\u00bbtrue\u00a0\u00bb fullwidth_content=\u00a0\u00bbfalse\u00a0\u00bb css=\u00a0\u00bb.vc_custom_1532637501826{background-color: #f5f5f5 !important;}\u00a0\u00bb][vc_column][mk_padding_divider][vc_column_text css=\u00a0\u00bb.vc_custom_1588010938684{margin-bottom: 0px !important;padding-bottom: 20px !important;}\u00a0\u00bb]\n<h2 style=\"text-align: center;\">Regardez la machine d&rsquo;\u00e9tiquetage Joust SSK-360 en action!<\/h2>\n[\/vc_column_text][vc_row_inner][vc_column_inner width=\u00a0\u00bb1\/3&Prime;][vc_video link=\u00a0\u00bbhttps:\/\/www.youtube.com\/watch?v=l38QfVzVIiM&amp;t\u00a0\u00bb custom_thumbnail=\u00a0\u00bbtrue\u00a0\u00bb play_icon_color=\u00a0\u00bb#fe5000&Prime; thumbnail_image=\u00a0\u00bb1072&Prime;][vc_column_text css=\u00a0\u00bb.vc_custom_1588011018350{margin-bottom: 0px !important;padding-top: 15px !important;}\u00a0\u00bb]<strong>Application d\u2019\u00e9tiquettes de s\u00e9curit\u00e9 sur 360 degr\u00e9s sur des plateaux de sushis<\/strong>[\/vc_column_text][\/vc_column_inner][vc_column_inner width=\u00a0\u00bb1\/3&Prime;][vc_video link=\u00a0\u00bbhttps:\/\/www.youtube.com\/watch?v=egiLR4Yp0zM&amp;t\u00a0\u00bb custom_thumbnail=\u00a0\u00bbtrue\u00a0\u00bb thumbnail_image=\u00a0\u00bb423&Prime;][vc_column_text css=\u00a0\u00bb.vc_custom_1588011027897{margin-bottom: 0px !important;padding-top: 15px !important;}\u00a0\u00bb]<strong>Application d\u2019\u00e9tiquettes de s\u00e9curit\u00e9 sur 360 degr\u00e9s sur des barquettes<\/strong><\/p>\n<p>Gr\u00e2ce \u00e0 un bras de fermeture arri\u00e8re servo-contr\u00f4l\u00e9 et synchronis\u00e9 ainsi qu\u2019\u00e0 des commandes simples et intuitives, apposer des \u00e9tiquettes sur 360 degr\u00e9s (ou en forme de C) sur vos barquettes est un jeu d&rsquo;enfant.[\/vc_column_text][\/vc_column_inner][vc_column_inner width=\u00a0\u00bb1\/3&Prime;][vc_video link=\u00a0\u00bbhttps:\/\/www.youtube.com\/watch?v=kh4wKU30XCc\u00a0\u00bb custom_thumbnail=\u00a0\u00bbtrue\u00a0\u00bb thumbnail_image=\u00a0\u00bb423&Prime;][vc_column_text css=\u00a0\u00bb.vc_custom_1588011037349{margin-bottom: 0px !important;padding-top: 15px !important;}\u00a0\u00bb]<strong>Application d\u2019\u00e9tiquettes-bandeaux sur 360 degr\u00e9s sur des contenants ronds avec syst\u00e8me d\u2019orientation par cam\u00e9ra<\/strong><\/p>\n<p>D\u00e9couvrez cette unique application d\u2019\u00e9tiquette-bandeau sur 360 degr\u00e9s de Nita! La machine d\u2019\u00e9tiquetage int\u00e8gre une cam\u00e9ra Cognex et des courroies d&rsquo;orientation servo qui positionne le contenant avant de l\u2019\u00e9tiqueter.[\/vc_column_text][\/vc_column_inner][\/vc_row_inner][mk_padding_divider][vc_column_text css=\u00a0\u00bb.vc_custom_1589921251954{margin-bottom: 0px !important;}\u00a0\u00bb]\n<p style=\"text-align: center; font-size: 24px; font-weight: Bold;\">Ce n&rsquo;est pas l\u2019application que vous cherchez?<br \/>\nAutres machines d&rsquo;\u00e9tiquetage de la s\u00e9rie Joust<\/p>\n<p style=\"text-align: center; font-size: 18px; font-weight: bold;\"><a href=\"https:\/\/nitalabelingequipment.com\/fr\/machines\/joust\/joust-200-pour-etiquetage-dessus-dessous\/\">Dessus-dessous<\/a> &#8211; <a href=\"https:\/\/nitalabelingequipment.com\/fr\/machines\/joust\/joust-ssk-c-pour-etiquetage-en-c\/\">En forme de C<\/a> &#8211; <a href=\"https:\/\/nitalabelingequipment.com\/fr\/machines\/joust\/joust-ssk-flo-pour-sacs-et-objets-plats\/\">Objets plats<\/a><\/p>\n[\/vc_column_text][\/vc_column][\/vc_row]\n","protected":false},"excerpt":{"rendered":"<p>[vc_row fullwidth=\u00a0\u00bbtrue\u00a0\u00bb][vc_column][mk_revslider id=\u00a0\u00bbproduct-joust-360&Prime;][mk_padding_divider size=\u00a0\u00bb60&Prime;][\/vc_column][\/vc_row][vc_row][vc_column width=\u00a0\u00bb2\/3&Prime;][vc_tabs style=\u00a0\u00bbsimple\u00a0\u00bb][vc_tab title=\u00a0\u00bbDescription\u00a0\u00bb tab_id=\u00a0\u00bb1532634934-1-41&Prime;][vc_column_text css=\u00a0\u00bb.vc_custom_1588010925300{margin-bottom: 0px !important;}\u00a0\u00bb] Machine d\u2019\u00e9tiquetage Joust SSK-360 Le syst\u00e8me Nita SSK-360* est le syst\u00e8me d&rsquo;application d&rsquo;\u00e9tiquettes le plus avanc\u00e9 technologiquement de l&rsquo;industrie. Cette machine est con\u00e7ue pour appliquer efficacement une \u00e9tiquette-bandeau sur 360 degr\u00e9s sur une grande vari\u00e9t\u00e9 de contenants tels que bo\u00eetes, barquettes et plateaux. Le [&hellip;]<\/p>\n","protected":false},"author":5,"featured_media":0,"parent":1447,"menu_order":0,"comment_status":"closed","ping_status":"closed","template":"","meta":[],"yoast_head":"<!-- This site is optimized with the Yoast SEO plugin v16.7 - https:\/\/yoast.com\/wordpress\/plugins\/seo\/ -->\n<title>Joust SSK-360 pour \u00e9tiquetage sur 360&deg;<\/title>\n<meta name=\"description\" content=\"The versatile Nita SSK 360 Banding labeler is the industry\u2019s most technologically advanced band label system to apply a single full 360 degree wrap label.\" \/>\n<meta name=\"robots\" content=\"index, follow, max-snippet:-1, max-image-preview:large, max-video-preview:-1\" \/>\n<link rel=\"canonical\" href=\"https:\/\/nitalabelingequipment.com\/fr\/machines\/joust\/joust-ssk-360-pour-etiquetage-sur-360\/\" \/>\n<meta property=\"og:locale\" content=\"fr_FR\" \/>\n<meta property=\"og:type\" content=\"article\" \/>\n<meta property=\"og:title\" content=\"Joust SSK-360 pour \u00e9tiquetage sur 360&deg;\" \/>\n<meta property=\"og:description\" content=\"The versatile Nita SSK 360 Banding labeler is the industry\u2019s most technologically advanced band label system to apply a single full 360 degree wrap label.\" \/>\n<meta property=\"og:url\" content=\"https:\/\/nitalabelingequipment.com\/fr\/machines\/joust\/joust-ssk-360-pour-etiquetage-sur-360\/\" \/>\n<meta property=\"og:site_name\" content=\"Nita SENTIENT Labeling Systems\" \/>\n<meta property=\"article:publisher\" content=\"https:\/\/www.facebook.com\/NitaLabeling\/\" \/>\n<meta property=\"article:modified_time\" content=\"2023-10-10T17:38:26+00:00\" \/>\n<meta property=\"og:image\" content=\"https:\/\/nitalabelingequipment.com\/wp-content\/uploads\/2018\/10\/nita-screenshot.jpg\" \/>\n\t<meta property=\"og:image:width\" content=\"1615\" \/>\n\t<meta property=\"og:image:height\" content=\"1615\" \/>\n<meta name=\"twitter:card\" content=\"summary_large_image\" \/>\n<meta name=\"twitter:site\" content=\"@Nita_labeling\" \/>\n<meta name=\"twitter:label1\" content=\"Dur\u00e9e de lecture est.\" \/>\n\t<meta name=\"twitter:data1\" content=\"3 minutes\" \/>\n<script type=\"application\/ld+json\" class=\"yoast-schema-graph\">{\"@context\":\"https:\/\/schema.org\",\"@graph\":[{\"@type\":\"Organization\",\"@id\":\"https:\/\/nitalabelingequipment.com\/#organization\",\"name\":\"Nita Sentient Labeling Systems\",\"url\":\"https:\/\/nitalabelingequipment.com\/\",\"sameAs\":[\"https:\/\/www.facebook.com\/NitaLabeling\/\",\"https:\/\/www.linkedin.com\/company\/nita-labeling-equipment\/\",\"https:\/\/www.youtube.com\/user\/nitacn\",\"https:\/\/twitter.com\/Nita_labeling\"],\"logo\":{\"@type\":\"ImageObject\",\"@id\":\"https:\/\/nitalabelingequipment.com\/#logo\",\"inLanguage\":\"fr-FR\",\"url\":\"https:\/\/nitalabelingequipment.com\/wp-content\/uploads\/2018\/07\/logo.jpg\",\"contentUrl\":\"https:\/\/nitalabelingequipment.com\/wp-content\/uploads\/2018\/07\/logo.jpg\",\"width\":236,\"height\":127,\"caption\":\"Nita Sentient Labeling Systems\"},\"image\":{\"@id\":\"https:\/\/nitalabelingequipment.com\/#logo\"}},{\"@type\":\"WebSite\",\"@id\":\"https:\/\/nitalabelingequipment.com\/#website\",\"url\":\"https:\/\/nitalabelingequipment.com\/\",\"name\":\"Nita SENTIENT Labeling Systems\",\"description\":\"Sentient Labeling System, Automatic Labeling Equipment\",\"publisher\":{\"@id\":\"https:\/\/nitalabelingequipment.com\/#organization\"},\"potentialAction\":[{\"@type\":\"SearchAction\",\"target\":{\"@type\":\"EntryPoint\",\"urlTemplate\":\"https:\/\/nitalabelingequipment.com\/?s={search_term_string}\"},\"query-input\":\"required name=search_term_string\"}],\"inLanguage\":\"fr-FR\"},{\"@type\":\"WebPage\",\"@id\":\"https:\/\/nitalabelingequipment.com\/fr\/machines\/joust\/joust-ssk-360-pour-etiquetage-sur-360\/#webpage\",\"url\":\"https:\/\/nitalabelingequipment.com\/fr\/machines\/joust\/joust-ssk-360-pour-etiquetage-sur-360\/\",\"name\":\"Joust SSK-360 pour \\u00e9tiquetage sur 360&deg;\",\"isPartOf\":{\"@id\":\"https:\/\/nitalabelingequipment.com\/#website\"},\"datePublished\":\"2018-09-04T12:14:46+00:00\",\"dateModified\":\"2023-10-10T17:38:26+00:00\",\"description\":\"The versatile Nita SSK 360 Banding labeler is the industry\\u2019s most technologically advanced band label system to apply a single full 360 degree wrap label.\",\"breadcrumb\":{\"@id\":\"https:\/\/nitalabelingequipment.com\/fr\/machines\/joust\/joust-ssk-360-pour-etiquetage-sur-360\/#breadcrumb\"},\"inLanguage\":\"fr-FR\",\"potentialAction\":[{\"@type\":\"ReadAction\",\"target\":[\"https:\/\/nitalabelingequipment.com\/fr\/machines\/joust\/joust-ssk-360-pour-etiquetage-sur-360\/\"]}]},{\"@type\":\"BreadcrumbList\",\"@id\":\"https:\/\/nitalabelingequipment.com\/fr\/machines\/joust\/joust-ssk-360-pour-etiquetage-sur-360\/#breadcrumb\",\"itemListElement\":[{\"@type\":\"ListItem\",\"position\":1,\"name\":\"Home\",\"item\":\"https:\/\/nitalabelingequipment.com\/fr\/\"},{\"@type\":\"ListItem\",\"position\":2,\"name\":\"Machines\",\"item\":\"https:\/\/nitalabelingequipment.com\/fr\/machines\/\"},{\"@type\":\"ListItem\",\"position\":3,\"name\":\"Joust\",\"item\":\"https:\/\/nitalabelingequipment.com\/fr\/machines\/joust\/\"},{\"@type\":\"ListItem\",\"position\":4,\"name\":\"Joust SSK-360 pour \\u00e9tiquetage sur 360&deg;\"}]}]}<\/script>\n<!-- \/ Yoast SEO plugin. -->","yoast_head_json":{"title":"Joust SSK-360 pour \u00e9tiquetage sur 360&deg;","description":"The versatile Nita SSK 360 Banding labeler is the industry\u2019s most technologically advanced band label system to apply a single full 360 degree wrap label.","robots":{"index":"index","follow":"follow","max-snippet":"max-snippet:-1","max-image-preview":"max-image-preview:large","max-video-preview":"max-video-preview:-1"},"canonical":"https:\/\/nitalabelingequipment.com\/fr\/machines\/joust\/joust-ssk-360-pour-etiquetage-sur-360\/","og_locale":"fr_FR","og_type":"article","og_title":"Joust SSK-360 pour \u00e9tiquetage sur 360&deg;","og_description":"The versatile Nita SSK 360 Banding labeler is the industry\u2019s most technologically advanced band label system to apply a single full 360 degree wrap label.","og_url":"https:\/\/nitalabelingequipment.com\/fr\/machines\/joust\/joust-ssk-360-pour-etiquetage-sur-360\/","og_site_name":"Nita SENTIENT Labeling Systems","article_publisher":"https:\/\/www.facebook.com\/NitaLabeling\/","article_modified_time":"2023-10-10T17:38:26+00:00","og_image":[{"width":1615,"height":1615,"url":"https:\/\/nitalabelingequipment.com\/wp-content\/uploads\/2018\/10\/nita-screenshot.jpg","path":"\/home\/nitalabe\/public_html\/wp-content\/uploads\/2018\/10\/nita-screenshot.jpg","size":"full","id":653,"alt":"","pixels":2608225,"type":"image\/jpeg"}],"twitter_card":"summary_large_image","twitter_site":"@Nita_labeling","twitter_misc":{"Dur\u00e9e de lecture est.":"3 minutes"},"schema":{"@context":"https:\/\/schema.org","@graph":[{"@type":"Organization","@id":"https:\/\/nitalabelingequipment.com\/#organization","name":"Nita Sentient Labeling Systems","url":"https:\/\/nitalabelingequipment.com\/","sameAs":["https:\/\/www.facebook.com\/NitaLabeling\/","https:\/\/www.linkedin.com\/company\/nita-labeling-equipment\/","https:\/\/www.youtube.com\/user\/nitacn","https:\/\/twitter.com\/Nita_labeling"],"logo":{"@type":"ImageObject","@id":"https:\/\/nitalabelingequipment.com\/#logo","inLanguage":"fr-FR","url":"https:\/\/nitalabelingequipment.com\/wp-content\/uploads\/2018\/07\/logo.jpg","contentUrl":"https:\/\/nitalabelingequipment.com\/wp-content\/uploads\/2018\/07\/logo.jpg","width":236,"height":127,"caption":"Nita Sentient Labeling Systems"},"image":{"@id":"https:\/\/nitalabelingequipment.com\/#logo"}},{"@type":"WebSite","@id":"https:\/\/nitalabelingequipment.com\/#website","url":"https:\/\/nitalabelingequipment.com\/","name":"Nita SENTIENT Labeling Systems","description":"Sentient Labeling System, Automatic Labeling Equipment","publisher":{"@id":"https:\/\/nitalabelingequipment.com\/#organization"},"potentialAction":[{"@type":"SearchAction","target":{"@type":"EntryPoint","urlTemplate":"https:\/\/nitalabelingequipment.com\/?s={search_term_string}"},"query-input":"required name=search_term_string"}],"inLanguage":"fr-FR"},{"@type":"WebPage","@id":"https:\/\/nitalabelingequipment.com\/fr\/machines\/joust\/joust-ssk-360-pour-etiquetage-sur-360\/#webpage","url":"https:\/\/nitalabelingequipment.com\/fr\/machines\/joust\/joust-ssk-360-pour-etiquetage-sur-360\/","name":"Joust SSK-360 pour \u00e9tiquetage sur 360&deg;","isPartOf":{"@id":"https:\/\/nitalabelingequipment.com\/#website"},"datePublished":"2018-09-04T12:14:46+00:00","dateModified":"2023-10-10T17:38:26+00:00","description":"The versatile Nita SSK 360 Banding labeler is the industry\u2019s most technologically advanced band label system to apply a single full 360 degree wrap label.","breadcrumb":{"@id":"https:\/\/nitalabelingequipment.com\/fr\/machines\/joust\/joust-ssk-360-pour-etiquetage-sur-360\/#breadcrumb"},"inLanguage":"fr-FR","potentialAction":[{"@type":"ReadAction","target":["https:\/\/nitalabelingequipment.com\/fr\/machines\/joust\/joust-ssk-360-pour-etiquetage-sur-360\/"]}]},{"@type":"BreadcrumbList","@id":"https:\/\/nitalabelingequipment.com\/fr\/machines\/joust\/joust-ssk-360-pour-etiquetage-sur-360\/#breadcrumb","itemListElement":[{"@type":"ListItem","position":1,"name":"Home","item":"https:\/\/nitalabelingequipment.com\/fr\/"},{"@type":"ListItem","position":2,"name":"Machines","item":"https:\/\/nitalabelingequipment.com\/fr\/machines\/"},{"@type":"ListItem","position":3,"name":"Joust","item":"https:\/\/nitalabelingequipment.com\/fr\/machines\/joust\/"},{"@type":"ListItem","position":4,"name":"Joust SSK-360 pour \u00e9tiquetage sur 360&deg;"}]}]}},"_links":{"self":[{"href":"https:\/\/nitalabelingequipment.com\/fr\/wp-json\/wp\/v2\/pages\/1471"}],"collection":[{"href":"https:\/\/nitalabelingequipment.com\/fr\/wp-json\/wp\/v2\/pages"}],"about":[{"href":"https:\/\/nitalabelingequipment.com\/fr\/wp-json\/wp\/v2\/types\/page"}],"author":[{"embeddable":true,"href":"https:\/\/nitalabelingequipment.com\/fr\/wp-json\/wp\/v2\/users\/5"}],"replies":[{"embeddable":true,"href":"https:\/\/nitalabelingequipment.com\/fr\/wp-json\/wp\/v2\/comments?post=1471"}],"version-history":[{"count":11,"href":"https:\/\/nitalabelingequipment.com\/fr\/wp-json\/wp\/v2\/pages\/1471\/revisions"}],"predecessor-version":[{"id":2543,"href":"https:\/\/nitalabelingequipment.com\/fr\/wp-json\/wp\/v2\/pages\/1471\/revisions\/2543"}],"up":[{"embeddable":true,"href":"https:\/\/nitalabelingequipment.com\/fr\/wp-json\/wp\/v2\/pages\/1447"}],"wp:attachment":[{"href":"https:\/\/nitalabelingequipment.com\/fr\/wp-json\/wp\/v2\/media?parent=1471"}],"curies":[{"name":"wp","href":"https:\/\/api.w.org\/{rel}","templated":true}]}}