{"id":1473,"date":"2018-07-26T15:49:48","date_gmt":"2018-07-26T19:49:48","guid":{"rendered":"https:\/\/nitalabelingequipment.com\/xp\/label-applicator-machine-xp100t\/"},"modified":"2023-10-10T15:02:01","modified_gmt":"2023-10-10T19:02:01","slug":"xp100t-pour-etiquetage-avant","status":"publish","type":"page","link":"https:\/\/nitalabelingequipment.com\/fr\/machines\/xp\/xp100t-pour-etiquetage-avant\/","title":{"rendered":"XP100T pour \u00e9tiquetage avant"},"content":{"rendered":"[vc_row fullwidth=\u00a0\u00bbtrue\u00a0\u00bb][vc_column][mk_revslider id=\u00a0\u00bbproduct-xp100t\u00a0\u00bb][mk_padding_divider size=\u00a0\u00bb60&Prime;][\/vc_column][\/vc_row][vc_row][vc_column width=\u00a0\u00bb2\/3&Prime;][vc_tabs style=\u00a0\u00bbsimple\u00a0\u00bb][vc_tab title=\u00a0\u00bbDescription\u00a0\u00bb tab_id=\u00a0\u00bb1532634934-1-41&Prime;][vc_column_text css=\u00a0\u00bb.vc_custom_1589911882308{margin-bottom: 0px !important;}\u00a0\u00bb]\n<h2>Machine d\u2019\u00e9tiquetage XP100T<\/h2>\n<p>Extr\u00eamement populaire et incroyablement polyvalente, la machine d&rsquo;\u00e9tiquetage XP100T est dot\u00e9e du syst\u00e8me d&rsquo;application d&rsquo;\u00e9tiquettes le plus avanc\u00e9 technologiquement de l&rsquo;industrie. Nous avons con\u00e7u cette machine pour appliquer avec pr\u00e9cision et efficacit\u00e9 une \u00e9tiquette \u00e0 l\u2019avant, multi-panneaux ou enveloppante sur une vaste gamme de contenants en plastique, en verre, en m\u00e9tal ou en papier. Ceci inclut notamment, les bouteilles, les canettes et les cruches ainsi que les bo\u00eetes, les flacons pharmaceutiques, les contenants de produits chimiques, les seaux de m\u00eame que tout autre contenant droit ou conique, de forme et de format vari\u00e9s.<\/p>\n<h2>Type de machine d&rsquo;\u00e9tiquetage et sp\u00e9cifications<\/h2>\n<h3>Machine d&rsquo;\u00e9tiquetage puissante et <span style=\"color: #f37426;\">polyvalente<\/span> pour \u00e9tiquettes \u00e0 l\u2019avant, multi-panneaux ou enveloppantes<\/h3>\n<p><span style=\"color: #f37426;\"><strong>Type de machine:<\/strong><\/span> machine d\u2019\u00e9tiquetage polyvalente<br \/>\n<span style=\"color: #f37426;\"><strong>Applications:<\/strong><\/span> application d\u2019\u00e9tiquettes \u00e0 l\u2019avant, multi-panneaux, enveloppantes sur des bouteilles rondes, cannettes, seaux, bo\u00eetes et sur plusieurs autres contenants.<br \/>\n<span style=\"color: #f37426;\"><strong>Types de contenants:<\/strong><\/span> appose des \u00e9tiquettes sur le plastique, le verre, le papier, le carton, le m\u00e9tal et sur la plupart des autres mat\u00e9riaux[\/vc_column_text][\/vc_tab][vc_tab title=\u00a0\u00bbCaract\u00e9ristiques\u00a0\u00bb tab_id=\u00a0\u00bb1532634934-2-83&Prime;][vc_column_text css=\u00a0\u00bb.vc_custom_1678220177432{margin-bottom: 0px !important;}\u00a0\u00bb]B\u00e2tie pour la vitesse, la pr\u00e9cision et l&rsquo;extr\u00eame simplicit\u00e9 d&rsquo;utilisation, la machine d\u2019\u00e9tiquetage XP100T est con\u00e7ue pour maximiser la productivit\u00e9 et le temps de fonctionnement.<\/p>\n<p><strong>Nombreuses caract\u00e9ristiques et avantages de la technologie et de l&rsquo;ing\u00e9nierie de Nita<\/strong>:<\/p>\n<ul>\n<li><strong><span style=\"color: #f37426;\">Servo<\/span> <\/strong>moteurs et contr\u00f4leurs programmables seulement<\/li>\n<li>Composantes \u00e9lectroniques non propri\u00e9taires, disponibles <span style=\"color: #f37426;\"><strong>partout<\/strong><\/span><\/li>\n<li>Logiciel d&rsquo;entreprise Windows IoT sous licence libre<\/li>\n<li>Plate-forme SCADA avec rapport de taux de rendement global en direct<\/li>\n<li>\u00c9cran d&rsquo;ordinateur de 10 pouces<\/li>\n<li>Servo-\u00e9tiquetage avant et arri\u00e8re avec une <span style=\"color: #f37426;\"><strong>pr\u00e9cision<\/strong> <\/span>de 1\/32&Prime;.<\/li>\n<li>Robuste ch\u00e2ssis <strong><span style=\"color: #f37426;\">SumoFrame<\/span>\u2122<\/strong> en acier inoxydable 304 et en aluminium anodis\u00e9<\/li>\n<li>Syst\u00e8me de changement logiciel intuitif et <span style=\"color: #f37426;\"><strong>ultra-rapide<\/strong><\/span><\/li>\n<li>R\u00e9glages m\u00e9moris\u00e9s de chaque station<\/li>\n<li>Vitesse d&rsquo;application de 1570&Prime; \u00e0 la minute<\/li>\n<li>Logiciel d&rsquo;<span style=\"color: #f37426;\"><strong>autodiagnostic<\/strong><\/span><\/li>\n<li>Possibilit\u00e9 de connexion \u00e0 l\u2019internet<\/li>\n<li>Commande de <span style=\"color: #f37426;\"><strong>pi\u00e8ces<\/strong> <\/span>\u00e0 l&rsquo;\u00e9cran<\/li>\n<li>Protection anticorrosion en option<\/li>\n<li>Kit complet IP65 pour lavage \u00e0 pression en option<\/li>\n<li>Syst\u00e8mes de <span style=\"color: #f37426;\"><strong>vision<\/strong> <\/span>Cognex pour la v\u00e9rification et le rejet d\u2019\u00e9tiquettes<\/li>\n<li>Syst\u00e8me d&rsquo;<span style=\"color: #f37426;\"><strong>orientation<\/strong><\/span> par cam\u00e9ras et capteurs<\/li>\n<li>Vid\u00e9oth\u00e8que d&rsquo;aide et de d\u00e9pannage compl\u00e8te<\/li>\n<li>Impression et codage d\u2019information variable en option<\/li>\n<li>Calibrage automatique d\u2019\u00e9tiquettes avec capteurs de produits fixes<\/li>\n<li>Rouleaux standards de 16&Prime; de diam\u00e8tre &#8211; rouleaux de 18&Prime; en option<\/li>\n<li>Largeur d\u2019\u00e9tiquette standard de 6&Prime; &#8211; largeur d\u2019\u00e9tiquette de 9&Prime; et 12&Prime; en option<\/li>\n<\/ul>\n<p>Sans oublier le soutien technique sur demande <span style=\"color: #f37426;\"><strong>NitaCare<\/strong><\/span> \u00e0 l\u2019\u00e9cran ou via l\u2019application mobile. <span style=\"color: #f37426;\"><strong>Gratuit pour toujours<\/strong><\/span>. Avec chaque machine Nita!<\/p>\n<p><a class=\"orangebutton\" style=\"width: 165px;\" href=\"https:\/\/nitalabelingequipment.com\/fr\/nitacare\/\">En savoir plus<\/a>[\/vc_column_text][\/vc_tab][\/vc_tabs][\/vc_column][vc_column width=\u00a0\u00bb1\/3&Prime; css=\u00a0\u00bb.vc_custom_1532638306514{padding-left: 40px !important;}\u00a0\u00bb][vc_column_text css=\u00a0\u00bb.vc_custom_1696964515171{margin-bottom: 0px !important;}\u00a0\u00bb]\n<h2 style=\"margin-bottom: 30px;\">Passez \u00e0 la<br \/>\nprochaine \u00e9tape<\/h2>\n<p><a class=\"orangebutton\" style=\"width: 165px;\" href=\"https:\/\/nitalabelingequipment.com\/fr\/obtenir-un-devis\/\">Demandez un devis<\/a><\/p>\n<p><a class=\"orangebutton\" style=\"width: 165px;\" href=\"https:\/\/nitalabelingequipment.com\/fr\/contactez-nous\/\">Contactez-nous<\/a><\/p>\n<p><a class=\"orangebutton\" style=\"width: 165px;\" href=\"https:\/\/nitalabelingequipment.com\/fr\/demande-brochure\/\">Brochure Nita<\/a>[\/vc_column_text][\/vc_column][\/vc_row][vc_row fullwidth=\u00a0\u00bbtrue\u00a0\u00bb fullwidth_content=\u00a0\u00bbfalse\u00a0\u00bb css=\u00a0\u00bb.vc_custom_1532637501826{background-color: #f5f5f5 !important;}\u00a0\u00bb][vc_column][mk_padding_divider][vc_column_text css=\u00a0\u00bb.vc_custom_1587157253907{margin-bottom: 0px !important;padding-bottom: 20px !important;}\u00a0\u00bb]\n<h2 style=\"text-align: center;\">Voyez ce que la machine d&rsquo;\u00e9tiquetage XP100T peut faire!<\/h2>\n[\/vc_column_text][vc_row_inner][vc_column_inner width=\u00a0\u00bb1\/3&Prime;][vc_video link=\u00a0\u00bbhttps:\/\/www.youtube.com\/watch?v=J-o9OooVOE8&Prime; custom_thumbnail=\u00a0\u00bbtrue\u00a0\u00bb thumbnail_image=\u00a0\u00bb423&Prime;][vc_column_text css=\u00a0\u00bb.vc_custom_1587157273975{margin-bottom: 0px !important;padding-top: 15px !important;}\u00a0\u00bb]<strong>Application d\u2019\u00e9tiquettes \u00e0 l\u2019avant ainsi qu\u2019enveloppantes sur des bouteilles et des cruches d\u2019eau<\/strong><\/p>\n<p>Cette Nita \u00e9tiquette cette large gamme de contenants d&rsquo;eau avec une rapidit\u00e9 et une flexibilit\u00e9 incroyables. C&rsquo;est un \u00e9tiquetage parfait, sans parler de l&rsquo;efficacit\u00e9![\/vc_column_text][\/vc_column_inner][vc_column_inner width=\u00a0\u00bb1\/3&Prime;][vc_video link=\u00a0\u00bbhttps:\/\/www.youtube.com\/watch?v=yD8lNHGLk4k\u00a0\u00bb custom_thumbnail=\u00a0\u00bbtrue\u00a0\u00bb play_icon_color=\u00a0\u00bb#fe5000&Prime; thumbnail_image=\u00a0\u00bb1120&Prime;][vc_column_text css=\u00a0\u00bb.vc_custom_1587157284053{margin-bottom: 0px !important;padding-top: 15px !important;}\u00a0\u00bb]<strong>Application d\u2019\u00e9tiquettes \u00e0 l\u2019avant des bo\u00eetes de carton en utilisant une imprimante Zebra<\/strong>[\/vc_column_text][\/vc_column_inner][vc_column_inner width=\u00a0\u00bb1\/3&Prime;][vc_video link=\u00a0\u00bbhttps:\/\/www.youtube.com\/watch?v=PBBGDdsT0EA\u00a0\u00bb custom_thumbnail=\u00a0\u00bbtrue\u00a0\u00bb thumbnail_image=\u00a0\u00bb423&Prime;][vc_column_text css=\u00a0\u00bb.vc_custom_1587157296697{margin-bottom: 0px !important;padding-top: 15px !important;}\u00a0\u00bb]<strong>Application d\u2019\u00e9tiquettes multi-panneaux sur des contenants carr\u00e9s<\/strong><\/p>\n<p>Comme si ce n\u2019\u00e9tait pas assez. L&rsquo;ajout d&rsquo;un bras de fermeture arri\u00e8re enti\u00e8rement synchronis\u00e9 pour obtenir un \u00e9tiquetage sur 360\u00b0 pour les contenants \u00e0 4 c\u00f4t\u00e9s signifie que vous n&rsquo;avez aucune limite quant \u00e0 l&rsquo;endroit o\u00f9 placer l\u2019\u00e9tiquette sur votre contenant.[\/vc_column_text][\/vc_column_inner][\/vc_row_inner][mk_padding_divider][vc_column_text css=\u00a0\u00bb.vc_custom_1587157429348{margin-bottom: 0px !important;}\u00a0\u00bb]\n<p style=\"text-align: center; font-size: 24px; font-weight: Bold;\">Ce n&rsquo;est pas le type d\u2019application que vous cherchez?<br \/>\nAutres machines d&rsquo;\u00e9tiquetage de la s\u00e9rie XP<\/p>\n<p style=\"text-align: center; font-size: 18px; font-weight: bold;\"><a href=\"https:\/\/nitalabelingequipment.com\/fr\/machines\/xp\/xp200t-pour-etiquetage-avant-arriere\/\">Avant et arri\u00e8re<\/a> &#8211; <a href=\"https:\/\/nitalabelingequipment.com\/fr\/machines\/xp\/xp200t-p-pour-seaux-et-chaudieres\/\">Seau et chaudi\u00e8re<\/a> &#8211; <a href=\"https:\/\/nitalabelingequipment.com\/fr\/machines\/xp\/xp200t-ts-pour-contenants-coniques\/\">Conique<\/a> &#8211; <a href=\"https:\/\/nitalabelingequipment.com\/fr\/machines\/xp\/xp100-wrap-pour-etiquettes-enveloppantes\/\">Enveloppante<\/a> &#8211; <a href=\"https:\/\/nitalabelingequipment.com\/fr\/machines\/xp\/xp100t-m-pour-etiquetage-multi-panneaux\/\">Multi-panneaux<\/a> &#8211; <a href=\"https:\/\/nitalabelingequipment.com\/fr\/machines\/xp\/xp100-prisme-pour-etiquettes-enveloppantes-avec-module-prisme\/\">Enveloppante avec Prisme<\/a><\/p>\n[\/vc_column_text][\/vc_column][\/vc_row]\n","protected":false},"excerpt":{"rendered":"<p>[vc_row fullwidth=\u00a0\u00bbtrue\u00a0\u00bb][vc_column][mk_revslider id=\u00a0\u00bbproduct-xp100t\u00a0\u00bb][mk_padding_divider size=\u00a0\u00bb60&Prime;][\/vc_column][\/vc_row][vc_row][vc_column width=\u00a0\u00bb2\/3&Prime;][vc_tabs style=\u00a0\u00bbsimple\u00a0\u00bb][vc_tab title=\u00a0\u00bbDescription\u00a0\u00bb tab_id=\u00a0\u00bb1532634934-1-41&Prime;][vc_column_text css=\u00a0\u00bb.vc_custom_1589911882308{margin-bottom: 0px !important;}\u00a0\u00bb] Machine d\u2019\u00e9tiquetage XP100T Extr\u00eamement populaire et incroyablement polyvalente, la machine d&rsquo;\u00e9tiquetage XP100T est dot\u00e9e du syst\u00e8me d&rsquo;application d&rsquo;\u00e9tiquettes le plus avanc\u00e9 technologiquement de l&rsquo;industrie. Nous avons con\u00e7u cette machine pour appliquer avec pr\u00e9cision et efficacit\u00e9 une \u00e9tiquette \u00e0 l\u2019avant, multi-panneaux ou enveloppante sur une [&hellip;]<\/p>\n","protected":false},"author":5,"featured_media":0,"parent":1448,"menu_order":0,"comment_status":"closed","ping_status":"closed","template":"","meta":[],"yoast_head":"<!-- This site is optimized with the Yoast SEO plugin v16.7 - https:\/\/yoast.com\/wordpress\/plugins\/seo\/ -->\n<title>XP100T pour \u00e9tiquetage avant<\/title>\n<meta name=\"description\" content=\"La machine d&#039;\u00e9tiquetage XP100T est dot\u00e9e du syst\u00e8me d&#039;application d&#039;\u00e9tiquettes le plus avanc\u00e9 technologiquement de l&#039;industrie.\" \/>\n<meta name=\"robots\" content=\"index, follow, max-snippet:-1, max-image-preview:large, max-video-preview:-1\" \/>\n<link rel=\"canonical\" href=\"https:\/\/nitalabelingequipment.com\/fr\/machines\/xp\/xp100t-pour-etiquetage-avant\/\" \/>\n<meta property=\"og:locale\" content=\"fr_FR\" \/>\n<meta property=\"og:type\" content=\"article\" \/>\n<meta property=\"og:title\" content=\"XP100T pour \u00e9tiquetage avant\" \/>\n<meta property=\"og:description\" content=\"La machine d&#039;\u00e9tiquetage XP100T est dot\u00e9e du syst\u00e8me d&#039;application d&#039;\u00e9tiquettes le plus avanc\u00e9 technologiquement de l&#039;industrie.\" \/>\n<meta property=\"og:url\" content=\"https:\/\/nitalabelingequipment.com\/fr\/machines\/xp\/xp100t-pour-etiquetage-avant\/\" \/>\n<meta property=\"og:site_name\" content=\"Nita SENTIENT Labeling Systems\" \/>\n<meta property=\"article:publisher\" content=\"https:\/\/www.facebook.com\/NitaLabeling\/\" \/>\n<meta property=\"article:modified_time\" content=\"2023-10-10T19:02:01+00:00\" \/>\n<meta property=\"og:image\" content=\"https:\/\/nitalabelingequipment.com\/wp-content\/uploads\/2018\/10\/nita-screenshot.jpg\" \/>\n\t<meta property=\"og:image:width\" content=\"1615\" \/>\n\t<meta property=\"og:image:height\" content=\"1615\" \/>\n<meta name=\"twitter:card\" content=\"summary_large_image\" \/>\n<meta name=\"twitter:site\" content=\"@Nita_labeling\" \/>\n<meta name=\"twitter:label1\" content=\"Dur\u00e9e de lecture est.\" \/>\n\t<meta name=\"twitter:data1\" content=\"3 minutes\" \/>\n<script type=\"application\/ld+json\" class=\"yoast-schema-graph\">{\"@context\":\"https:\/\/schema.org\",\"@graph\":[{\"@type\":\"Organization\",\"@id\":\"https:\/\/nitalabelingequipment.com\/#organization\",\"name\":\"Nita Sentient Labeling Systems\",\"url\":\"https:\/\/nitalabelingequipment.com\/\",\"sameAs\":[\"https:\/\/www.facebook.com\/NitaLabeling\/\",\"https:\/\/www.linkedin.com\/company\/nita-labeling-equipment\/\",\"https:\/\/www.youtube.com\/user\/nitacn\",\"https:\/\/twitter.com\/Nita_labeling\"],\"logo\":{\"@type\":\"ImageObject\",\"@id\":\"https:\/\/nitalabelingequipment.com\/#logo\",\"inLanguage\":\"fr-FR\",\"url\":\"https:\/\/nitalabelingequipment.com\/wp-content\/uploads\/2018\/07\/logo.jpg\",\"contentUrl\":\"https:\/\/nitalabelingequipment.com\/wp-content\/uploads\/2018\/07\/logo.jpg\",\"width\":236,\"height\":127,\"caption\":\"Nita Sentient Labeling Systems\"},\"image\":{\"@id\":\"https:\/\/nitalabelingequipment.com\/#logo\"}},{\"@type\":\"WebSite\",\"@id\":\"https:\/\/nitalabelingequipment.com\/#website\",\"url\":\"https:\/\/nitalabelingequipment.com\/\",\"name\":\"Nita SENTIENT Labeling Systems\",\"description\":\"Sentient Labeling System, Automatic Labeling Equipment\",\"publisher\":{\"@id\":\"https:\/\/nitalabelingequipment.com\/#organization\"},\"potentialAction\":[{\"@type\":\"SearchAction\",\"target\":{\"@type\":\"EntryPoint\",\"urlTemplate\":\"https:\/\/nitalabelingequipment.com\/?s={search_term_string}\"},\"query-input\":\"required name=search_term_string\"}],\"inLanguage\":\"fr-FR\"},{\"@type\":\"WebPage\",\"@id\":\"https:\/\/nitalabelingequipment.com\/fr\/machines\/xp\/xp100t-pour-etiquetage-avant\/#webpage\",\"url\":\"https:\/\/nitalabelingequipment.com\/fr\/machines\/xp\/xp100t-pour-etiquetage-avant\/\",\"name\":\"XP100T pour \\u00e9tiquetage avant\",\"isPartOf\":{\"@id\":\"https:\/\/nitalabelingequipment.com\/#website\"},\"datePublished\":\"2018-07-26T19:49:48+00:00\",\"dateModified\":\"2023-10-10T19:02:01+00:00\",\"description\":\"La machine d'\\u00e9tiquetage XP100T est dot\\u00e9e du syst\\u00e8me d'application d'\\u00e9tiquettes le plus avanc\\u00e9 technologiquement de l'industrie.\",\"breadcrumb\":{\"@id\":\"https:\/\/nitalabelingequipment.com\/fr\/machines\/xp\/xp100t-pour-etiquetage-avant\/#breadcrumb\"},\"inLanguage\":\"fr-FR\",\"potentialAction\":[{\"@type\":\"ReadAction\",\"target\":[\"https:\/\/nitalabelingequipment.com\/fr\/machines\/xp\/xp100t-pour-etiquetage-avant\/\"]}]},{\"@type\":\"BreadcrumbList\",\"@id\":\"https:\/\/nitalabelingequipment.com\/fr\/machines\/xp\/xp100t-pour-etiquetage-avant\/#breadcrumb\",\"itemListElement\":[{\"@type\":\"ListItem\",\"position\":1,\"name\":\"Home\",\"item\":\"https:\/\/nitalabelingequipment.com\/fr\/\"},{\"@type\":\"ListItem\",\"position\":2,\"name\":\"Machines\",\"item\":\"https:\/\/nitalabelingequipment.com\/fr\/machines\/\"},{\"@type\":\"ListItem\",\"position\":3,\"name\":\"XP\",\"item\":\"https:\/\/nitalabelingequipment.com\/fr\/machines\/xp\/\"},{\"@type\":\"ListItem\",\"position\":4,\"name\":\"XP100T pour \\u00e9tiquetage avant\"}]}]}<\/script>\n<!-- \/ Yoast SEO plugin. -->","yoast_head_json":{"title":"XP100T pour \u00e9tiquetage avant","description":"La machine d'\u00e9tiquetage XP100T est dot\u00e9e du syst\u00e8me d'application d'\u00e9tiquettes le plus avanc\u00e9 technologiquement de l'industrie.","robots":{"index":"index","follow":"follow","max-snippet":"max-snippet:-1","max-image-preview":"max-image-preview:large","max-video-preview":"max-video-preview:-1"},"canonical":"https:\/\/nitalabelingequipment.com\/fr\/machines\/xp\/xp100t-pour-etiquetage-avant\/","og_locale":"fr_FR","og_type":"article","og_title":"XP100T pour \u00e9tiquetage avant","og_description":"La machine d'\u00e9tiquetage XP100T est dot\u00e9e du syst\u00e8me d'application d'\u00e9tiquettes le plus avanc\u00e9 technologiquement de l'industrie.","og_url":"https:\/\/nitalabelingequipment.com\/fr\/machines\/xp\/xp100t-pour-etiquetage-avant\/","og_site_name":"Nita SENTIENT Labeling Systems","article_publisher":"https:\/\/www.facebook.com\/NitaLabeling\/","article_modified_time":"2023-10-10T19:02:01+00:00","og_image":[{"width":1615,"height":1615,"url":"https:\/\/nitalabelingequipment.com\/wp-content\/uploads\/2018\/10\/nita-screenshot.jpg","path":"\/home\/nitalabe\/public_html\/wp-content\/uploads\/2018\/10\/nita-screenshot.jpg","size":"full","id":653,"alt":"","pixels":2608225,"type":"image\/jpeg"}],"twitter_card":"summary_large_image","twitter_site":"@Nita_labeling","twitter_misc":{"Dur\u00e9e de lecture est.":"3 minutes"},"schema":{"@context":"https:\/\/schema.org","@graph":[{"@type":"Organization","@id":"https:\/\/nitalabelingequipment.com\/#organization","name":"Nita Sentient Labeling Systems","url":"https:\/\/nitalabelingequipment.com\/","sameAs":["https:\/\/www.facebook.com\/NitaLabeling\/","https:\/\/www.linkedin.com\/company\/nita-labeling-equipment\/","https:\/\/www.youtube.com\/user\/nitacn","https:\/\/twitter.com\/Nita_labeling"],"logo":{"@type":"ImageObject","@id":"https:\/\/nitalabelingequipment.com\/#logo","inLanguage":"fr-FR","url":"https:\/\/nitalabelingequipment.com\/wp-content\/uploads\/2018\/07\/logo.jpg","contentUrl":"https:\/\/nitalabelingequipment.com\/wp-content\/uploads\/2018\/07\/logo.jpg","width":236,"height":127,"caption":"Nita Sentient Labeling Systems"},"image":{"@id":"https:\/\/nitalabelingequipment.com\/#logo"}},{"@type":"WebSite","@id":"https:\/\/nitalabelingequipment.com\/#website","url":"https:\/\/nitalabelingequipment.com\/","name":"Nita SENTIENT Labeling Systems","description":"Sentient Labeling System, Automatic Labeling Equipment","publisher":{"@id":"https:\/\/nitalabelingequipment.com\/#organization"},"potentialAction":[{"@type":"SearchAction","target":{"@type":"EntryPoint","urlTemplate":"https:\/\/nitalabelingequipment.com\/?s={search_term_string}"},"query-input":"required name=search_term_string"}],"inLanguage":"fr-FR"},{"@type":"WebPage","@id":"https:\/\/nitalabelingequipment.com\/fr\/machines\/xp\/xp100t-pour-etiquetage-avant\/#webpage","url":"https:\/\/nitalabelingequipment.com\/fr\/machines\/xp\/xp100t-pour-etiquetage-avant\/","name":"XP100T pour \u00e9tiquetage avant","isPartOf":{"@id":"https:\/\/nitalabelingequipment.com\/#website"},"datePublished":"2018-07-26T19:49:48+00:00","dateModified":"2023-10-10T19:02:01+00:00","description":"La machine d'\u00e9tiquetage XP100T est dot\u00e9e du syst\u00e8me d'application d'\u00e9tiquettes le plus avanc\u00e9 technologiquement de l'industrie.","breadcrumb":{"@id":"https:\/\/nitalabelingequipment.com\/fr\/machines\/xp\/xp100t-pour-etiquetage-avant\/#breadcrumb"},"inLanguage":"fr-FR","potentialAction":[{"@type":"ReadAction","target":["https:\/\/nitalabelingequipment.com\/fr\/machines\/xp\/xp100t-pour-etiquetage-avant\/"]}]},{"@type":"BreadcrumbList","@id":"https:\/\/nitalabelingequipment.com\/fr\/machines\/xp\/xp100t-pour-etiquetage-avant\/#breadcrumb","itemListElement":[{"@type":"ListItem","position":1,"name":"Home","item":"https:\/\/nitalabelingequipment.com\/fr\/"},{"@type":"ListItem","position":2,"name":"Machines","item":"https:\/\/nitalabelingequipment.com\/fr\/machines\/"},{"@type":"ListItem","position":3,"name":"XP","item":"https:\/\/nitalabelingequipment.com\/fr\/machines\/xp\/"},{"@type":"ListItem","position":4,"name":"XP100T pour \u00e9tiquetage avant"}]}]}},"_links":{"self":[{"href":"https:\/\/nitalabelingequipment.com\/fr\/wp-json\/wp\/v2\/pages\/1473"}],"collection":[{"href":"https:\/\/nitalabelingequipment.com\/fr\/wp-json\/wp\/v2\/pages"}],"about":[{"href":"https:\/\/nitalabelingequipment.com\/fr\/wp-json\/wp\/v2\/types\/page"}],"author":[{"embeddable":true,"href":"https:\/\/nitalabelingequipment.com\/fr\/wp-json\/wp\/v2\/users\/5"}],"replies":[{"embeddable":true,"href":"https:\/\/nitalabelingequipment.com\/fr\/wp-json\/wp\/v2\/comments?post=1473"}],"version-history":[{"count":12,"href":"https:\/\/nitalabelingequipment.com\/fr\/wp-json\/wp\/v2\/pages\/1473\/revisions"}],"predecessor-version":[{"id":2555,"href":"https:\/\/nitalabelingequipment.com\/fr\/wp-json\/wp\/v2\/pages\/1473\/revisions\/2555"}],"up":[{"embeddable":true,"href":"https:\/\/nitalabelingequipment.com\/fr\/wp-json\/wp\/v2\/pages\/1448"}],"wp:attachment":[{"href":"https:\/\/nitalabelingequipment.com\/fr\/wp-json\/wp\/v2\/media?parent=1473"}],"curies":[{"name":"wp","href":"https:\/\/api.w.org\/{rel}","templated":true}]}}